{"id":35027,"date":"2023-09-13T11:31:53","date_gmt":"2023-09-13T11:31:53","guid":{"rendered":"http:\/\/pikark.com\/?post_type=product&#038;p=35027"},"modified":"2024-11-08T22:15:08","modified_gmt":"2024-11-08T22:15:08","slug":"compatta","status":"publish","type":"product","link":"https:\/\/pikark.com\/en\/product\/compatta\/","title":{"rendered":"COMPATTA"},"content":{"rendered":"","protected":false},"excerpt":{"rendered":"<p class=\"cvGsUA direction-ltr align-start para-style-body\"><span class=\"OYPEnA text-decoration-none text-strikethrough-none\"><strong>COMPATTA<\/strong> \u00ebsht\u00eb nj\u00eb koleksion unik i<\/span> <span class=\"OYPEnA text-decoration-none text-strikethrough-none\">krijuar duke p\u00ebrdorur teknikat m\u00eb t\u00eb fundit t\u00eb produkteve qeramike, n\u00eb t\u00eb cilat kombinohen dy faktor\u00eb &#8220;thell\u00ebsisht t\u00eb lashta&#8221; me &#8220;gjendjen e artit&#8221;.<\/span><\/p>\n<p class=\"cvGsUA direction-ltr align-start para-style-body\"><span class=\"OYPEnA text-decoration-none text-strikethrough-none\">Frym\u00ebzimi i koleksonit rrjedh nga v\u00ebzhgimi i ngusht\u00eb<span style=\"color: #ff6600;\"><strong> i shtresave t\u00eb shumta brenda tok\u00ebs<\/strong><\/span> dhe p\u00ebrzierjeve t\u00eb grimcave elementare nga t\u00eb cilat p\u00ebrb\u00ebhet. Koncepti i projektimit plot\u00ebsohet duke iu referuar teknik\u00ebs s\u00eb vjet\u00ebr t\u00eb nd\u00ebrtimit t\u00eb tok\u00ebs s\u00eb p\u00ebrplasur, e p\u00ebrdorur n\u00eb Jordanin\u00eb veriore dhe n\u00eb shum\u00eb mjedise t\u00eb tjera n\u00eb shkret\u00ebtir\u00eb ose zona rurale.<\/span><\/p>\n<p class=\"cvGsUA direction-ltr align-start para-style-body\"><span class=\"OYPEnA text-decoration-none text-strikethrough-none\">Ky koleksion \u00ebsht\u00eb i disponuesh\u00ebm n\u00eb p\u00ebrmasat 60&#215;120, 120&#215;120, 120&#215;240 cm dhe 120&#215;280 cm n\u00eb trash\u00ebsi 9 mm.<\/span><\/p>\n<ul>\n<li class=\"cvGsUA direction-ltr align-start para-style-body\"><span class=\"OYPEnA text-decoration-none text-strikethrough-none\">Pis\u00e9 Melange<\/span><\/li>\n<li class=\"cvGsUA direction-ltr align-start para-style-body\"><span class=\"OYPEnA text-decoration-none text-strikethrough-none\">Pis\u00e9 Sabbia<\/span><\/li>\n<li class=\"cvGsUA direction-ltr align-start para-style-body\"><span class=\"OYPEnA text-decoration-none text-strikethrough-none\">Pis\u00e9 Limo<\/span><\/li>\n<li class=\"cvGsUA direction-ltr align-start para-style-body\"><span class=\"OYPEnA text-decoration-none text-strikethrough-none\">Pis\u00e9 Ghiaia<\/span><\/li>\n<\/ul>\n<p>Mund t\u00eb gjendet te <a href=\"https:\/\/kreativqeramika.com\/\"><strong><span style=\"color: #ff6600;\">Kreativ Qeramika<\/span><\/strong><\/a><\/p>\n","protected":false},"featured_media":35031,"comment_status":"open","ping_status":"closed","template":"","meta":[],"product_cat":[928],"product_tag":[929,924],"yoast_head":"<!-- This site is optimized with the Yoast SEO plugin v21.7 - https:\/\/yoast.com\/wordpress\/plugins\/seo\/ -->\n<title>COMPATTA - Pikark<\/title>\n<meta name=\"description\" content=\"COMPATTA \u00ebsht\u00eb nj\u00eb koleksion unik i krijuar duke p\u00ebrdorur teknikat m\u00eb t\u00eb fundit t\u00eb produkteve qeramike, n\u00eb t\u00eb cilat kombinohen dy faktor\u00eb\" \/>\n<meta name=\"robots\" content=\"index, follow, max-snippet:-1, max-image-preview:large, max-video-preview:-1\" \/>\n<link rel=\"canonical\" href=\"https:\/\/pikark.com\/en\/product\/compatta\/\" \/>\n<meta property=\"og:locale\" content=\"en_US\" \/>\n<meta property=\"og:type\" content=\"article\" \/>\n<meta property=\"og:title\" content=\"COMPATTA - Pikark\" \/>\n<meta property=\"og:description\" content=\"COMPATTA \u00ebsht\u00eb nj\u00eb koleksion unik i krijuar duke p\u00ebrdorur teknikat m\u00eb t\u00eb fundit t\u00eb produkteve qeramike, n\u00eb t\u00eb cilat kombinohen dy faktor\u00eb\" \/>\n<meta property=\"og:url\" content=\"https:\/\/pikark.com\/en\/product\/compatta\/\" \/>\n<meta property=\"og:site_name\" content=\"Pikark\" \/>\n<meta property=\"article:publisher\" content=\"https:\/\/www.facebook.com\/pikark.al\" \/>\n<meta property=\"article:modified_time\" content=\"2024-11-08T22:15:08+00:00\" \/>\n<meta property=\"og:image\" content=\"https:\/\/pikark.com\/wp-content\/uploads\/2023\/09\/kreativ.png\" \/>\n\t<meta property=\"og:image:width\" content=\"1080\" \/>\n\t<meta property=\"og:image:height\" content=\"1080\" \/>\n\t<meta property=\"og:image:type\" content=\"image\/png\" \/>\n<meta name=\"twitter:card\" content=\"summary_large_image\" \/>\n<script type=\"application\/ld+json\" class=\"yoast-schema-graph\">{\"@context\":\"https:\/\/schema.org\",\"@graph\":[{\"@type\":\"WebPage\",\"@id\":\"https:\/\/pikark.com\/en\/product\/compatta\/\",\"url\":\"https:\/\/pikark.com\/en\/product\/compatta\/\",\"name\":\"COMPATTA - Pikark\",\"isPartOf\":{\"@id\":\"https:\/\/pikark.com\/#website\"},\"datePublished\":\"2023-09-13T11:31:53+00:00\",\"dateModified\":\"2024-11-08T22:15:08+00:00\",\"description\":\"COMPATTA \u00ebsht\u00eb nj\u00eb koleksion unik i krijuar duke p\u00ebrdorur teknikat m\u00eb t\u00eb fundit t\u00eb produkteve qeramike, n\u00eb t\u00eb cilat kombinohen dy faktor\u00eb\",\"breadcrumb\":{\"@id\":\"https:\/\/pikark.com\/en\/product\/compatta\/#breadcrumb\"},\"inLanguage\":\"en-US\",\"potentialAction\":[{\"@type\":\"ReadAction\",\"target\":[\"https:\/\/pikark.com\/en\/product\/compatta\/\"]}]},{\"@type\":\"BreadcrumbList\",\"@id\":\"https:\/\/pikark.com\/en\/product\/compatta\/#breadcrumb\",\"itemListElement\":[{\"@type\":\"ListItem\",\"position\":1,\"name\":\"Home\",\"item\":\"https:\/\/pikark.com\/\"},{\"@type\":\"ListItem\",\"position\":2,\"name\":\"Shop\",\"item\":\"https:\/\/pikark.com\/en\/shop\/\"},{\"@type\":\"ListItem\",\"position\":3,\"name\":\"COMPATTA\"}]},{\"@type\":\"WebSite\",\"@id\":\"https:\/\/pikark.com\/#website\",\"url\":\"https:\/\/pikark.com\/\",\"name\":\"Pikark\",\"description\":\"Explore inspiring projects and find the right architects, brand &amp; manufacturers!\",\"publisher\":{\"@id\":\"https:\/\/pikark.com\/#organization\"},\"potentialAction\":[{\"@type\":\"SearchAction\",\"target\":{\"@type\":\"EntryPoint\",\"urlTemplate\":\"https:\/\/pikark.com\/?s={search_term_string}\"},\"query-input\":\"required name=search_term_string\"}],\"inLanguage\":\"en-US\"},{\"@type\":\"Organization\",\"@id\":\"https:\/\/pikark.com\/#organization\",\"name\":\"Pikark\",\"url\":\"https:\/\/pikark.com\/\",\"logo\":{\"@type\":\"ImageObject\",\"inLanguage\":\"en-US\",\"@id\":\"https:\/\/pikark.com\/#\/schema\/logo\/image\/\",\"url\":\"https:\/\/pikark.com\/wp-content\/uploads\/2020\/12\/LOGO_PIKARK-01-1.png\",\"contentUrl\":\"https:\/\/pikark.com\/wp-content\/uploads\/2020\/12\/LOGO_PIKARK-01-1.png\",\"width\":2362,\"height\":2362,\"caption\":\"Pikark\"},\"image\":{\"@id\":\"https:\/\/pikark.com\/#\/schema\/logo\/image\/\"},\"sameAs\":[\"https:\/\/www.facebook.com\/pikark.al\",\"https:\/\/www.instagram.com\/pik.ark\/\"]}]}<\/script>\n<!-- \/ Yoast SEO plugin. -->","yoast_head_json":{"title":"COMPATTA - Pikark","description":"COMPATTA \u00ebsht\u00eb nj\u00eb koleksion unik i krijuar duke p\u00ebrdorur teknikat m\u00eb t\u00eb fundit t\u00eb produkteve qeramike, n\u00eb t\u00eb cilat kombinohen dy faktor\u00eb","robots":{"index":"index","follow":"follow","max-snippet":"max-snippet:-1","max-image-preview":"max-image-preview:large","max-video-preview":"max-video-preview:-1"},"canonical":"https:\/\/pikark.com\/en\/product\/compatta\/","og_locale":"en_US","og_type":"article","og_title":"COMPATTA - Pikark","og_description":"COMPATTA \u00ebsht\u00eb nj\u00eb koleksion unik i krijuar duke p\u00ebrdorur teknikat m\u00eb t\u00eb fundit t\u00eb produkteve qeramike, n\u00eb t\u00eb cilat kombinohen dy faktor\u00eb","og_url":"https:\/\/pikark.com\/en\/product\/compatta\/","og_site_name":"Pikark","article_publisher":"https:\/\/www.facebook.com\/pikark.al","article_modified_time":"2024-11-08T22:15:08+00:00","og_image":[{"width":1080,"height":1080,"url":"https:\/\/pikark.com\/wp-content\/uploads\/2023\/09\/kreativ.png","type":"image\/png"}],"twitter_card":"summary_large_image","schema":{"@context":"https:\/\/schema.org","@graph":[{"@type":"WebPage","@id":"https:\/\/pikark.com\/en\/product\/compatta\/","url":"https:\/\/pikark.com\/en\/product\/compatta\/","name":"COMPATTA - Pikark","isPartOf":{"@id":"https:\/\/pikark.com\/#website"},"datePublished":"2023-09-13T11:31:53+00:00","dateModified":"2024-11-08T22:15:08+00:00","description":"COMPATTA \u00ebsht\u00eb nj\u00eb koleksion unik i krijuar duke p\u00ebrdorur teknikat m\u00eb t\u00eb fundit t\u00eb produkteve qeramike, n\u00eb t\u00eb cilat kombinohen dy faktor\u00eb","breadcrumb":{"@id":"https:\/\/pikark.com\/en\/product\/compatta\/#breadcrumb"},"inLanguage":"en-US","potentialAction":[{"@type":"ReadAction","target":["https:\/\/pikark.com\/en\/product\/compatta\/"]}]},{"@type":"BreadcrumbList","@id":"https:\/\/pikark.com\/en\/product\/compatta\/#breadcrumb","itemListElement":[{"@type":"ListItem","position":1,"name":"Home","item":"https:\/\/pikark.com\/"},{"@type":"ListItem","position":2,"name":"Shop","item":"https:\/\/pikark.com\/en\/shop\/"},{"@type":"ListItem","position":3,"name":"COMPATTA"}]},{"@type":"WebSite","@id":"https:\/\/pikark.com\/#website","url":"https:\/\/pikark.com\/","name":"Pikark","description":"Explore inspiring projects and find the right architects, brand &amp; manufacturers!","publisher":{"@id":"https:\/\/pikark.com\/#organization"},"potentialAction":[{"@type":"SearchAction","target":{"@type":"EntryPoint","urlTemplate":"https:\/\/pikark.com\/?s={search_term_string}"},"query-input":"required name=search_term_string"}],"inLanguage":"en-US"},{"@type":"Organization","@id":"https:\/\/pikark.com\/#organization","name":"Pikark","url":"https:\/\/pikark.com\/","logo":{"@type":"ImageObject","inLanguage":"en-US","@id":"https:\/\/pikark.com\/#\/schema\/logo\/image\/","url":"https:\/\/pikark.com\/wp-content\/uploads\/2020\/12\/LOGO_PIKARK-01-1.png","contentUrl":"https:\/\/pikark.com\/wp-content\/uploads\/2020\/12\/LOGO_PIKARK-01-1.png","width":2362,"height":2362,"caption":"Pikark"},"image":{"@id":"https:\/\/pikark.com\/#\/schema\/logo\/image\/"},"sameAs":["https:\/\/www.facebook.com\/pikark.al","https:\/\/www.instagram.com\/pik.ark\/"]}]}},"_links":{"self":[{"href":"https:\/\/pikark.com\/en\/wp-json\/wp\/v2\/product\/35027"}],"collection":[{"href":"https:\/\/pikark.com\/en\/wp-json\/wp\/v2\/product"}],"about":[{"href":"https:\/\/pikark.com\/en\/wp-json\/wp\/v2\/types\/product"}],"replies":[{"embeddable":true,"href":"https:\/\/pikark.com\/en\/wp-json\/wp\/v2\/comments?post=35027"}],"wp:featuredmedia":[{"embeddable":true,"href":"https:\/\/pikark.com\/en\/wp-json\/wp\/v2\/media\/35031"}],"wp:attachment":[{"href":"https:\/\/pikark.com\/en\/wp-json\/wp\/v2\/media?parent=35027"}],"wp:term":[{"taxonomy":"product_cat","embeddable":true,"href":"https:\/\/pikark.com\/en\/wp-json\/wp\/v2\/product_cat?post=35027"},{"taxonomy":"product_tag","embeddable":true,"href":"https:\/\/pikark.com\/en\/wp-json\/wp\/v2\/product_tag?post=35027"}],"curies":[{"name":"wp","href":"https:\/\/api.w.org\/{rel}","templated":true}]}}