{"id":32809,"date":"2023-02-21T10:52:36","date_gmt":"2023-02-21T10:52:36","guid":{"rendered":"http:\/\/pikark.com\/?post_type=product&#038;p=32809"},"modified":"2024-11-13T17:05:04","modified_gmt":"2024-11-13T17:05:04","slug":"vertycalia-collection","status":"publish","type":"product","link":"https:\/\/pikark.com\/en\/product\/vertycalia-collection\/","title":{"rendered":"VERTYCALIA Collection"},"content":{"rendered":"","protected":false},"excerpt":{"rendered":"<p><span class=\"S1PPyQ\">With the <strong>VERTYCALIA<\/strong> collection, <strong>Alchymia<\/strong> creates large and impressive art walls where different feelings merge to give rise to something new, ranging from classical subjects to abstract and eclectic taste, till the ever fascinating floral d\u00e9cor.<\/span><\/p>\n<p><strong>01. Riverwhite<\/strong><\/p>\n<p id=\"__a11yId79\" class=\"fFOiLQ _5Ob_nQ fM_HdA _0zQlbQ\">Artwork wall matt white lacquered with tridimensional effect, Led lighting system integrated into the composition<\/p>\n<p>&nbsp;<\/p>\n<p><strong>02. Forestrain<\/strong><\/p>\n<p id=\"__a11yId81\" class=\"fFOiLQ _5Ob_nQ fM_HdA _0zQlbQ\">Artwork wall composed of a background panel in mother of pearl resin with handmade decoration in relief and bronzed liquid metal finishing.<\/p>\n<p>&nbsp;<\/p>\n<p><strong>03. Dedalo<\/strong><\/p>\n<p id=\"__a11yId83\" class=\"fFOiLQ _5Ob_nQ fM_HdA _0zQlbQ\">Suggestive modular artwork wall composed of aluminium anodized tubes in three different bronze finishing with led lighting inside.<\/p>\n","protected":false},"featured_media":32813,"comment_status":"open","ping_status":"closed","template":"","meta":[],"product_cat":[706,711],"product_tag":[911,921],"yoast_head":"<!-- This site is optimized with the Yoast SEO plugin v21.7 - https:\/\/yoast.com\/wordpress\/plugins\/seo\/ -->\n<title>VERTYCALIA Collection - Pikark<\/title>\n<meta name=\"description\" content=\"Punim artistik n\u00eb mur, i llakuar me Mat t\u00eb bardh\u00eb por me efekt tredimensional, me sistem ndri\u00e7imi Led t\u00cb integruar n\u00eb kompozim.\" \/>\n<meta name=\"robots\" content=\"index, follow, max-snippet:-1, max-image-preview:large, max-video-preview:-1\" \/>\n<link rel=\"canonical\" href=\"https:\/\/pikark.com\/en\/product\/vertycalia-collection\/\" \/>\n<meta property=\"og:locale\" content=\"en_US\" \/>\n<meta property=\"og:type\" content=\"article\" \/>\n<meta property=\"og:title\" content=\"VERTYCALIA Collection - Pikark\" \/>\n<meta property=\"og:description\" content=\"Punim artistik n\u00eb mur, i llakuar me Mat t\u00eb bardh\u00eb por me efekt tredimensional, me sistem ndri\u00e7imi Led t\u00cb integruar n\u00eb kompozim.\" \/>\n<meta property=\"og:url\" content=\"https:\/\/pikark.com\/en\/product\/vertycalia-collection\/\" \/>\n<meta property=\"og:site_name\" content=\"Pikark\" \/>\n<meta property=\"article:publisher\" content=\"https:\/\/www.facebook.com\/pikark.al\" \/>\n<meta property=\"article:modified_time\" content=\"2024-11-13T17:05:04+00:00\" \/>\n<meta property=\"og:image\" content=\"https:\/\/pikark.com\/wp-content\/uploads\/2023\/02\/1-2.png\" \/>\n\t<meta property=\"og:image:width\" content=\"1080\" \/>\n\t<meta property=\"og:image:height\" content=\"1080\" \/>\n\t<meta property=\"og:image:type\" content=\"image\/png\" \/>\n<meta name=\"twitter:card\" content=\"summary_large_image\" \/>\n<script type=\"application\/ld+json\" class=\"yoast-schema-graph\">{\"@context\":\"https:\/\/schema.org\",\"@graph\":[{\"@type\":\"WebPage\",\"@id\":\"https:\/\/pikark.com\/en\/product\/vertycalia-collection\/\",\"url\":\"https:\/\/pikark.com\/en\/product\/vertycalia-collection\/\",\"name\":\"[:sq]Koleksioni VERTYCALIA[:en]VERTYCALIA Collection[:] - Pikark\",\"isPartOf\":{\"@id\":\"https:\/\/pikark.com\/#website\"},\"datePublished\":\"2023-02-21T10:52:36+00:00\",\"dateModified\":\"2024-11-13T17:05:04+00:00\",\"description\":\"Punim artistik n\u00eb mur, i llakuar me Mat t\u00eb bardh\u00eb por me efekt tredimensional, me sistem ndri\u00e7imi Led t\u00cb integruar n\u00eb kompozim.\",\"breadcrumb\":{\"@id\":\"https:\/\/pikark.com\/en\/product\/vertycalia-collection\/#breadcrumb\"},\"inLanguage\":\"en-US\",\"potentialAction\":[{\"@type\":\"ReadAction\",\"target\":[\"https:\/\/pikark.com\/en\/product\/vertycalia-collection\/\"]}]},{\"@type\":\"BreadcrumbList\",\"@id\":\"https:\/\/pikark.com\/en\/product\/vertycalia-collection\/#breadcrumb\",\"itemListElement\":[{\"@type\":\"ListItem\",\"position\":1,\"name\":\"Home\",\"item\":\"https:\/\/pikark.com\/\"},{\"@type\":\"ListItem\",\"position\":2,\"name\":\"Shop\",\"item\":\"https:\/\/pikark.com\/en\/shop\/\"},{\"@type\":\"ListItem\",\"position\":3,\"name\":\"VERTYCALIA Collection\"}]},{\"@type\":\"WebSite\",\"@id\":\"https:\/\/pikark.com\/#website\",\"url\":\"https:\/\/pikark.com\/\",\"name\":\"Pikark\",\"description\":\"Explore inspiring projects and find the right architects, brand &amp; manufacturers!\",\"publisher\":{\"@id\":\"https:\/\/pikark.com\/#organization\"},\"potentialAction\":[{\"@type\":\"SearchAction\",\"target\":{\"@type\":\"EntryPoint\",\"urlTemplate\":\"https:\/\/pikark.com\/?s={search_term_string}\"},\"query-input\":\"required name=search_term_string\"}],\"inLanguage\":\"en-US\"},{\"@type\":\"Organization\",\"@id\":\"https:\/\/pikark.com\/#organization\",\"name\":\"Pikark\",\"url\":\"https:\/\/pikark.com\/\",\"logo\":{\"@type\":\"ImageObject\",\"inLanguage\":\"en-US\",\"@id\":\"https:\/\/pikark.com\/#\/schema\/logo\/image\/\",\"url\":\"https:\/\/pikark.com\/wp-content\/uploads\/2020\/12\/LOGO_PIKARK-01-1.png\",\"contentUrl\":\"https:\/\/pikark.com\/wp-content\/uploads\/2020\/12\/LOGO_PIKARK-01-1.png\",\"width\":2362,\"height\":2362,\"caption\":\"Pikark\"},\"image\":{\"@id\":\"https:\/\/pikark.com\/#\/schema\/logo\/image\/\"},\"sameAs\":[\"https:\/\/www.facebook.com\/pikark.al\",\"https:\/\/www.instagram.com\/pik.ark\/\"]}]}<\/script>\n<!-- \/ Yoast SEO plugin. -->","yoast_head_json":{"title":"VERTYCALIA Collection - Pikark","description":"Punim artistik n\u00eb mur, i llakuar me Mat t\u00eb bardh\u00eb por me efekt tredimensional, me sistem ndri\u00e7imi Led t\u00cb integruar n\u00eb kompozim.","robots":{"index":"index","follow":"follow","max-snippet":"max-snippet:-1","max-image-preview":"max-image-preview:large","max-video-preview":"max-video-preview:-1"},"canonical":"https:\/\/pikark.com\/en\/product\/vertycalia-collection\/","og_locale":"en_US","og_type":"article","og_title":"VERTYCALIA Collection - Pikark","og_description":"Punim artistik n\u00eb mur, i llakuar me Mat t\u00eb bardh\u00eb por me efekt tredimensional, me sistem ndri\u00e7imi Led t\u00cb integruar n\u00eb kompozim.","og_url":"https:\/\/pikark.com\/en\/product\/vertycalia-collection\/","og_site_name":"Pikark","article_publisher":"https:\/\/www.facebook.com\/pikark.al","article_modified_time":"2024-11-13T17:05:04+00:00","og_image":[{"width":1080,"height":1080,"url":"https:\/\/pikark.com\/wp-content\/uploads\/2023\/02\/1-2.png","type":"image\/png"}],"twitter_card":"summary_large_image","schema":{"@context":"https:\/\/schema.org","@graph":[{"@type":"WebPage","@id":"https:\/\/pikark.com\/en\/product\/vertycalia-collection\/","url":"https:\/\/pikark.com\/en\/product\/vertycalia-collection\/","name":"[:sq]Koleksioni VERTYCALIA[:en]VERTYCALIA Collection[:] - Pikark","isPartOf":{"@id":"https:\/\/pikark.com\/#website"},"datePublished":"2023-02-21T10:52:36+00:00","dateModified":"2024-11-13T17:05:04+00:00","description":"Punim artistik n\u00eb mur, i llakuar me Mat t\u00eb bardh\u00eb por me efekt tredimensional, me sistem ndri\u00e7imi Led t\u00cb integruar n\u00eb kompozim.","breadcrumb":{"@id":"https:\/\/pikark.com\/en\/product\/vertycalia-collection\/#breadcrumb"},"inLanguage":"en-US","potentialAction":[{"@type":"ReadAction","target":["https:\/\/pikark.com\/en\/product\/vertycalia-collection\/"]}]},{"@type":"BreadcrumbList","@id":"https:\/\/pikark.com\/en\/product\/vertycalia-collection\/#breadcrumb","itemListElement":[{"@type":"ListItem","position":1,"name":"Home","item":"https:\/\/pikark.com\/"},{"@type":"ListItem","position":2,"name":"Shop","item":"https:\/\/pikark.com\/en\/shop\/"},{"@type":"ListItem","position":3,"name":"VERTYCALIA Collection"}]},{"@type":"WebSite","@id":"https:\/\/pikark.com\/#website","url":"https:\/\/pikark.com\/","name":"Pikark","description":"Explore inspiring projects and find the right architects, brand &amp; manufacturers!","publisher":{"@id":"https:\/\/pikark.com\/#organization"},"potentialAction":[{"@type":"SearchAction","target":{"@type":"EntryPoint","urlTemplate":"https:\/\/pikark.com\/?s={search_term_string}"},"query-input":"required name=search_term_string"}],"inLanguage":"en-US"},{"@type":"Organization","@id":"https:\/\/pikark.com\/#organization","name":"Pikark","url":"https:\/\/pikark.com\/","logo":{"@type":"ImageObject","inLanguage":"en-US","@id":"https:\/\/pikark.com\/#\/schema\/logo\/image\/","url":"https:\/\/pikark.com\/wp-content\/uploads\/2020\/12\/LOGO_PIKARK-01-1.png","contentUrl":"https:\/\/pikark.com\/wp-content\/uploads\/2020\/12\/LOGO_PIKARK-01-1.png","width":2362,"height":2362,"caption":"Pikark"},"image":{"@id":"https:\/\/pikark.com\/#\/schema\/logo\/image\/"},"sameAs":["https:\/\/www.facebook.com\/pikark.al","https:\/\/www.instagram.com\/pik.ark\/"]}]}},"_links":{"self":[{"href":"https:\/\/pikark.com\/en\/wp-json\/wp\/v2\/product\/32809"}],"collection":[{"href":"https:\/\/pikark.com\/en\/wp-json\/wp\/v2\/product"}],"about":[{"href":"https:\/\/pikark.com\/en\/wp-json\/wp\/v2\/types\/product"}],"replies":[{"embeddable":true,"href":"https:\/\/pikark.com\/en\/wp-json\/wp\/v2\/comments?post=32809"}],"wp:featuredmedia":[{"embeddable":true,"href":"https:\/\/pikark.com\/en\/wp-json\/wp\/v2\/media\/32813"}],"wp:attachment":[{"href":"https:\/\/pikark.com\/en\/wp-json\/wp\/v2\/media?parent=32809"}],"wp:term":[{"taxonomy":"product_cat","embeddable":true,"href":"https:\/\/pikark.com\/en\/wp-json\/wp\/v2\/product_cat?post=32809"},{"taxonomy":"product_tag","embeddable":true,"href":"https:\/\/pikark.com\/en\/wp-json\/wp\/v2\/product_tag?post=32809"}],"curies":[{"name":"wp","href":"https:\/\/api.w.org\/{rel}","templated":true}]}}