{"id":32708,"date":"2023-02-10T10:53:31","date_gmt":"2023-02-10T10:53:31","guid":{"rendered":"http:\/\/pikark.com\/?post_type=product&#038;p=32708"},"modified":"2024-06-28T23:49:34","modified_gmt":"2024-06-28T23:49:34","slug":"design-your-own-ilve","status":"publish","type":"product","link":"https:\/\/pikark.com\/en\/product\/design-your-own-ilve\/","title":{"rendered":"It\u2019s time to Design Your Own ILVE"},"content":{"rendered":"<p><strong>Width<\/strong><br \/>\nFirst you need to choose the width of your cooker to suit your kitchen. Ilve has a wide range of widths including 60cm, 70cm, 80cm, 90cm, 100cm, 110cm, 120c and 150cm.<\/p>\n<p><strong>Hob Configurations<\/strong><br \/>\nYou are able to choose your hob configuration based on your style of cooking. Ilve has 5 available choices of hob configurations including: Burners, Fry Top, Full Induction Hob, Coup De Feu and the possibility of combination Gas and Hob.<\/p>\n<p><strong>Finish<\/strong><br \/>\nFinally complete your custom cooker by choosing from the beautiful range of traditional oven handles and control knobs to suit the style of your kitchen.<\/p>\n<p><strong>Ilve<\/strong> offers three options available including <em><strong>Brass<\/strong><\/em>, <em><strong>Chrome<\/strong> <\/em>and <em><strong>Bronze<\/strong><\/em>.<\/p>","protected":false},"excerpt":{"rendered":"<p><strong>ILVE<\/strong> has long stood as a brand that\u2019s passionate about creating the best cooking environment for home cooks since 1952. Cooking is about individual expression, and the team at <strong>ILVE<\/strong> are giving more customisability and design freedom than ever. The Design Your Own <strong>ILVE<\/strong> process allows design loving cooks to create an entirely bespoke oven to match their kitchen exactingly.<\/p>\n<p>Customers can create 60,711 different combinations of models, sizes, cooktops, colours styling options, accessory trims and even add rangehoods, to build the perfect oven.<\/p>\n<p>It\u2019s like having your very own <em><strong>Picasso<\/strong> <\/em>in your cooking space!<\/p>\n<p>&nbsp;<\/p>\n<p><span class=\"Y2IQFc\" lang=\"en\">You can find <strong>ILVE<\/strong><\/span> <span class=\"Y2IQFc\" lang=\"en\">in <strong><a href=\"https:\/\/pikark.com\/members\/vanto-home\/\">Vanto<\/a><\/strong>, an indisputable name in Albania in terms of quality. <\/span><strong><a href=\"https:\/\/vanto.al\/\">Vanto Showroom<\/a><\/strong> is located at Delijorgji Residential Complex.<\/p>\n","protected":false},"featured_media":32709,"comment_status":"open","ping_status":"closed","template":"","meta":[],"product_cat":[778,771,776],"product_tag":[850,906,866,892],"yoast_head":"<!-- This site is optimized with the Yoast SEO plugin v21.7 - https:\/\/yoast.com\/wordpress\/plugins\/seo\/ -->\n<title>It\u2019s time to Design Your Own ILVE - Pikark<\/title>\n<meta name=\"description\" content=\"ILVE has long stood as a brand that\u2019s passionate about creating the best cooking environment for home cooks since 1952. Cooking is\" \/>\n<meta name=\"robots\" content=\"index, follow, max-snippet:-1, max-image-preview:large, max-video-preview:-1\" \/>\n<link rel=\"canonical\" href=\"https:\/\/pikark.com\/product\/design-your-own-ilve\/\" \/>\n<meta property=\"og:locale\" content=\"en_US\" \/>\n<meta property=\"og:type\" content=\"article\" \/>\n<meta property=\"og:title\" content=\"It\u2019s time to Design Your Own ILVE - Pikark\" \/>\n<meta property=\"og:description\" content=\"ILVE has long stood as a brand that\u2019s passionate about creating the best cooking environment for home cooks since 1952. Cooking is\" \/>\n<meta property=\"og:url\" content=\"https:\/\/pikark.com\/product\/design-your-own-ilve\/\" \/>\n<meta property=\"og:site_name\" content=\"Pikark\" \/>\n<meta property=\"article:publisher\" content=\"https:\/\/www.facebook.com\/pikark.al\" \/>\n<meta property=\"article:modified_time\" content=\"2024-06-28T23:49:34+00:00\" \/>\n<meta property=\"og:image\" content=\"https:\/\/pikark.com\/wp-content\/uploads\/2023\/02\/1.jpg\" \/>\n\t<meta property=\"og:image:width\" content=\"1929\" \/>\n\t<meta property=\"og:image:height\" content=\"2700\" \/>\n\t<meta property=\"og:image:type\" content=\"image\/jpeg\" \/>\n<meta name=\"twitter:card\" content=\"summary_large_image\" \/>\n<meta name=\"twitter:label1\" content=\"Est. reading time\" \/>\n\t<meta name=\"twitter:data1\" content=\"1 minute\" \/>\n<script type=\"application\/ld+json\" class=\"yoast-schema-graph\">{\"@context\":\"https:\/\/schema.org\",\"@graph\":[{\"@type\":\"WebPage\",\"@id\":\"https:\/\/pikark.com\/product\/design-your-own-ilve\/\",\"url\":\"https:\/\/pikark.com\/product\/design-your-own-ilve\/\",\"name\":\"[:sq]Koha p\u00ebr t\u00eb personalizuar sob\u00ebn tuaj ILVE[:en]It\u2019s time to Design Your Own ILVE[:] - Pikark\",\"isPartOf\":{\"@id\":\"https:\/\/pikark.com\/#website\"},\"datePublished\":\"2023-02-10T10:53:31+00:00\",\"dateModified\":\"2024-06-28T23:49:34+00:00\",\"description\":\"ILVE has long stood as a brand that\u2019s passionate about creating the best cooking environment for home cooks since 1952. Cooking is\",\"breadcrumb\":{\"@id\":\"https:\/\/pikark.com\/product\/design-your-own-ilve\/#breadcrumb\"},\"inLanguage\":\"en-US\",\"potentialAction\":[{\"@type\":\"ReadAction\",\"target\":[\"https:\/\/pikark.com\/product\/design-your-own-ilve\/\"]}]},{\"@type\":\"BreadcrumbList\",\"@id\":\"https:\/\/pikark.com\/product\/design-your-own-ilve\/#breadcrumb\",\"itemListElement\":[{\"@type\":\"ListItem\",\"position\":1,\"name\":\"Home\",\"item\":\"https:\/\/pikark.com\/\"},{\"@type\":\"ListItem\",\"position\":2,\"name\":\"Shop\",\"item\":\"https:\/\/pikark.com\/en\/shop\/\"},{\"@type\":\"ListItem\",\"position\":3,\"name\":\"Koha p\u00ebr t\u00eb personalizuar sob\u00ebn tuaj ILVE\"}]},{\"@type\":\"WebSite\",\"@id\":\"https:\/\/pikark.com\/#website\",\"url\":\"https:\/\/pikark.com\/\",\"name\":\"Pikark\",\"description\":\"Explore inspiring projects and find the right architects, brand &amp; manufacturers!\",\"publisher\":{\"@id\":\"https:\/\/pikark.com\/#organization\"},\"potentialAction\":[{\"@type\":\"SearchAction\",\"target\":{\"@type\":\"EntryPoint\",\"urlTemplate\":\"https:\/\/pikark.com\/?s={search_term_string}\"},\"query-input\":\"required name=search_term_string\"}],\"inLanguage\":\"en-US\"},{\"@type\":\"Organization\",\"@id\":\"https:\/\/pikark.com\/#organization\",\"name\":\"Pikark\",\"url\":\"https:\/\/pikark.com\/\",\"logo\":{\"@type\":\"ImageObject\",\"inLanguage\":\"en-US\",\"@id\":\"https:\/\/pikark.com\/#\/schema\/logo\/image\/\",\"url\":\"https:\/\/pikark.com\/wp-content\/uploads\/2020\/12\/LOGO_PIKARK-01-1.png\",\"contentUrl\":\"https:\/\/pikark.com\/wp-content\/uploads\/2020\/12\/LOGO_PIKARK-01-1.png\",\"width\":2362,\"height\":2362,\"caption\":\"Pikark\"},\"image\":{\"@id\":\"https:\/\/pikark.com\/#\/schema\/logo\/image\/\"},\"sameAs\":[\"https:\/\/www.facebook.com\/pikark.al\",\"https:\/\/www.instagram.com\/pik.ark\/\"]}]}<\/script>\n<!-- \/ Yoast SEO plugin. -->","yoast_head_json":{"title":"It\u2019s time to Design Your Own ILVE - Pikark","description":"ILVE has long stood as a brand that\u2019s passionate about creating the best cooking environment for home cooks since 1952. Cooking is","robots":{"index":"index","follow":"follow","max-snippet":"max-snippet:-1","max-image-preview":"max-image-preview:large","max-video-preview":"max-video-preview:-1"},"canonical":"https:\/\/pikark.com\/product\/design-your-own-ilve\/","og_locale":"en_US","og_type":"article","og_title":"It\u2019s time to Design Your Own ILVE - Pikark","og_description":"ILVE has long stood as a brand that\u2019s passionate about creating the best cooking environment for home cooks since 1952. Cooking is","og_url":"https:\/\/pikark.com\/product\/design-your-own-ilve\/","og_site_name":"Pikark","article_publisher":"https:\/\/www.facebook.com\/pikark.al","article_modified_time":"2024-06-28T23:49:34+00:00","og_image":[{"width":1929,"height":2700,"url":"https:\/\/pikark.com\/wp-content\/uploads\/2023\/02\/1.jpg","type":"image\/jpeg"}],"twitter_card":"summary_large_image","twitter_misc":{"Est. reading time":"1 minute"},"schema":{"@context":"https:\/\/schema.org","@graph":[{"@type":"WebPage","@id":"https:\/\/pikark.com\/product\/design-your-own-ilve\/","url":"https:\/\/pikark.com\/product\/design-your-own-ilve\/","name":"[:sq]Koha p\u00ebr t\u00eb personalizuar sob\u00ebn tuaj ILVE[:en]It\u2019s time to Design Your Own ILVE[:] - Pikark","isPartOf":{"@id":"https:\/\/pikark.com\/#website"},"datePublished":"2023-02-10T10:53:31+00:00","dateModified":"2024-06-28T23:49:34+00:00","description":"ILVE has long stood as a brand that\u2019s passionate about creating the best cooking environment for home cooks since 1952. Cooking is","breadcrumb":{"@id":"https:\/\/pikark.com\/product\/design-your-own-ilve\/#breadcrumb"},"inLanguage":"en-US","potentialAction":[{"@type":"ReadAction","target":["https:\/\/pikark.com\/product\/design-your-own-ilve\/"]}]},{"@type":"BreadcrumbList","@id":"https:\/\/pikark.com\/product\/design-your-own-ilve\/#breadcrumb","itemListElement":[{"@type":"ListItem","position":1,"name":"Home","item":"https:\/\/pikark.com\/"},{"@type":"ListItem","position":2,"name":"Shop","item":"https:\/\/pikark.com\/en\/shop\/"},{"@type":"ListItem","position":3,"name":"Koha p\u00ebr t\u00eb personalizuar sob\u00ebn tuaj ILVE"}]},{"@type":"WebSite","@id":"https:\/\/pikark.com\/#website","url":"https:\/\/pikark.com\/","name":"Pikark","description":"Explore inspiring projects and find the right architects, brand &amp; manufacturers!","publisher":{"@id":"https:\/\/pikark.com\/#organization"},"potentialAction":[{"@type":"SearchAction","target":{"@type":"EntryPoint","urlTemplate":"https:\/\/pikark.com\/?s={search_term_string}"},"query-input":"required name=search_term_string"}],"inLanguage":"en-US"},{"@type":"Organization","@id":"https:\/\/pikark.com\/#organization","name":"Pikark","url":"https:\/\/pikark.com\/","logo":{"@type":"ImageObject","inLanguage":"en-US","@id":"https:\/\/pikark.com\/#\/schema\/logo\/image\/","url":"https:\/\/pikark.com\/wp-content\/uploads\/2020\/12\/LOGO_PIKARK-01-1.png","contentUrl":"https:\/\/pikark.com\/wp-content\/uploads\/2020\/12\/LOGO_PIKARK-01-1.png","width":2362,"height":2362,"caption":"Pikark"},"image":{"@id":"https:\/\/pikark.com\/#\/schema\/logo\/image\/"},"sameAs":["https:\/\/www.facebook.com\/pikark.al","https:\/\/www.instagram.com\/pik.ark\/"]}]}},"_links":{"self":[{"href":"https:\/\/pikark.com\/en\/wp-json\/wp\/v2\/product\/32708"}],"collection":[{"href":"https:\/\/pikark.com\/en\/wp-json\/wp\/v2\/product"}],"about":[{"href":"https:\/\/pikark.com\/en\/wp-json\/wp\/v2\/types\/product"}],"replies":[{"embeddable":true,"href":"https:\/\/pikark.com\/en\/wp-json\/wp\/v2\/comments?post=32708"}],"wp:featuredmedia":[{"embeddable":true,"href":"https:\/\/pikark.com\/en\/wp-json\/wp\/v2\/media\/32709"}],"wp:attachment":[{"href":"https:\/\/pikark.com\/en\/wp-json\/wp\/v2\/media?parent=32708"}],"wp:term":[{"taxonomy":"product_cat","embeddable":true,"href":"https:\/\/pikark.com\/en\/wp-json\/wp\/v2\/product_cat?post=32708"},{"taxonomy":"product_tag","embeddable":true,"href":"https:\/\/pikark.com\/en\/wp-json\/wp\/v2\/product_tag?post=32708"}],"curies":[{"name":"wp","href":"https:\/\/api.w.org\/{rel}","templated":true}]}}