{"id":32548,"date":"2023-01-19T10:40:02","date_gmt":"2023-01-19T10:40:02","guid":{"rendered":"http:\/\/pikark.com\/?post_type=product&#038;p=32548"},"modified":"2023-01-19T11:36:07","modified_gmt":"2023-01-19T11:36:07","slug":"discovery","status":"publish","type":"product","link":"https:\/\/pikark.com\/en\/product\/discovery\/","title":{"rendered":"Discovery"},"content":{"rendered":"","protected":false},"excerpt":{"rendered":"<p><span class=\"Y2IQFc\" lang=\"en\"> <strong><a href=\"https:\/\/www.abiesse.al\/\">Discovery<\/a> <\/strong>is an unobtrusive, utterly absent and immaterial element. Its volume is only perceived when switched on, thanks to the light that outlines the central emitting surface. The result is a uniform light, ideal for working environments. The company\u2019s great optoelectronic skills, combined with a thorough culture of design and with technological know-how, produces a perfectly all-purpose and surprising solution, which translates innovation into emotional perception.\u00a0<\/span><\/p>\n<div id=\"tw-target-text-container\" class=\"tw-ta-container F0azHf tw-nfl\" tabindex=\"0\">\n<p id=\"tw-target-text\" class=\"tw-data-text tw-text-large tw-ta\" dir=\"ltr\" data-placeholder=\"Translation\"><span class=\"Y2IQFc\" lang=\"en\"> The <strong><a href=\"https:\/\/pikark.com\/en\/members\/abiesse\/store\/\">Discovery<\/a> <\/strong>lamp from Artemide, you can only find at Studio Luce by Abiesse!<\/span><\/p>\n<\/div>\n","protected":false},"featured_media":32550,"comment_status":"open","ping_status":"closed","template":"","meta":[],"product_cat":[648,649],"product_tag":[878,866,816],"yoast_head":"<!-- This site is optimized with the Yoast SEO plugin v21.7 - https:\/\/yoast.com\/wordpress\/plugins\/seo\/ -->\n<title>Discovery - Pikark<\/title>\n<meta name=\"description\" content=\"Discovery \u00ebsht\u00eb nj\u00eb element modest, i heshtur dhe aspak material. V\u00ebllimi i tij perceptohet vet\u00ebm kur ndizet, fal\u00eb drit\u00ebs q\u00eb konturon\" \/>\n<meta name=\"robots\" content=\"index, follow, max-snippet:-1, max-image-preview:large, max-video-preview:-1\" \/>\n<link rel=\"canonical\" href=\"https:\/\/pikark.com\/product\/discovery\/\" \/>\n<meta property=\"og:locale\" content=\"en_US\" \/>\n<meta property=\"og:type\" content=\"article\" \/>\n<meta property=\"og:title\" content=\"Discovery - Pikark\" \/>\n<meta property=\"og:description\" content=\"Discovery \u00ebsht\u00eb nj\u00eb element modest, i heshtur dhe aspak material. V\u00ebllimi i tij perceptohet vet\u00ebm kur ndizet, fal\u00eb drit\u00ebs q\u00eb konturon\" \/>\n<meta property=\"og:url\" content=\"https:\/\/pikark.com\/product\/discovery\/\" \/>\n<meta property=\"og:site_name\" content=\"Pikark\" \/>\n<meta property=\"article:publisher\" content=\"https:\/\/www.facebook.com\/pikark.al\" \/>\n<meta property=\"article:modified_time\" content=\"2023-01-19T11:36:07+00:00\" \/>\n<meta property=\"og:image\" content=\"https:\/\/pikark.com\/wp-content\/uploads\/2023\/01\/Picture1.jpg\" \/>\n\t<meta property=\"og:image:width\" content=\"507\" \/>\n\t<meta property=\"og:image:height\" content=\"506\" \/>\n\t<meta property=\"og:image:type\" content=\"image\/jpeg\" \/>\n<meta name=\"twitter:card\" content=\"summary_large_image\" \/>\n<script type=\"application\/ld+json\" class=\"yoast-schema-graph\">{\"@context\":\"https:\/\/schema.org\",\"@graph\":[{\"@type\":\"WebPage\",\"@id\":\"https:\/\/pikark.com\/product\/discovery\/\",\"url\":\"https:\/\/pikark.com\/product\/discovery\/\",\"name\":\"Discovery - Pikark\",\"isPartOf\":{\"@id\":\"https:\/\/pikark.com\/#website\"},\"datePublished\":\"2023-01-19T10:40:02+00:00\",\"dateModified\":\"2023-01-19T11:36:07+00:00\",\"description\":\"Discovery \u00ebsht\u00eb nj\u00eb element modest, i heshtur dhe aspak material. V\u00ebllimi i tij perceptohet vet\u00ebm kur ndizet, fal\u00eb drit\u00ebs q\u00eb konturon\",\"breadcrumb\":{\"@id\":\"https:\/\/pikark.com\/product\/discovery\/#breadcrumb\"},\"inLanguage\":\"en-US\",\"potentialAction\":[{\"@type\":\"ReadAction\",\"target\":[\"https:\/\/pikark.com\/product\/discovery\/\"]}]},{\"@type\":\"BreadcrumbList\",\"@id\":\"https:\/\/pikark.com\/product\/discovery\/#breadcrumb\",\"itemListElement\":[{\"@type\":\"ListItem\",\"position\":1,\"name\":\"Home\",\"item\":\"https:\/\/pikark.com\/\"},{\"@type\":\"ListItem\",\"position\":2,\"name\":\"Shop\",\"item\":\"https:\/\/pikark.com\/en\/shop\/\"},{\"@type\":\"ListItem\",\"position\":3,\"name\":\"Discovery\"}]},{\"@type\":\"WebSite\",\"@id\":\"https:\/\/pikark.com\/#website\",\"url\":\"https:\/\/pikark.com\/\",\"name\":\"Pikark\",\"description\":\"Explore inspiring projects and find the right architects, brand &amp; manufacturers!\",\"publisher\":{\"@id\":\"https:\/\/pikark.com\/#organization\"},\"potentialAction\":[{\"@type\":\"SearchAction\",\"target\":{\"@type\":\"EntryPoint\",\"urlTemplate\":\"https:\/\/pikark.com\/?s={search_term_string}\"},\"query-input\":\"required name=search_term_string\"}],\"inLanguage\":\"en-US\"},{\"@type\":\"Organization\",\"@id\":\"https:\/\/pikark.com\/#organization\",\"name\":\"Pikark\",\"url\":\"https:\/\/pikark.com\/\",\"logo\":{\"@type\":\"ImageObject\",\"inLanguage\":\"en-US\",\"@id\":\"https:\/\/pikark.com\/#\/schema\/logo\/image\/\",\"url\":\"https:\/\/pikark.com\/wp-content\/uploads\/2020\/12\/LOGO_PIKARK-01-1.png\",\"contentUrl\":\"https:\/\/pikark.com\/wp-content\/uploads\/2020\/12\/LOGO_PIKARK-01-1.png\",\"width\":2362,\"height\":2362,\"caption\":\"Pikark\"},\"image\":{\"@id\":\"https:\/\/pikark.com\/#\/schema\/logo\/image\/\"},\"sameAs\":[\"https:\/\/www.facebook.com\/pikark.al\",\"https:\/\/www.instagram.com\/pik.ark\/\"]}]}<\/script>\n<!-- \/ Yoast SEO plugin. -->","yoast_head_json":{"title":"Discovery - Pikark","description":"Discovery \u00ebsht\u00eb nj\u00eb element modest, i heshtur dhe aspak material. V\u00ebllimi i tij perceptohet vet\u00ebm kur ndizet, fal\u00eb drit\u00ebs q\u00eb konturon","robots":{"index":"index","follow":"follow","max-snippet":"max-snippet:-1","max-image-preview":"max-image-preview:large","max-video-preview":"max-video-preview:-1"},"canonical":"https:\/\/pikark.com\/product\/discovery\/","og_locale":"en_US","og_type":"article","og_title":"Discovery - Pikark","og_description":"Discovery \u00ebsht\u00eb nj\u00eb element modest, i heshtur dhe aspak material. V\u00ebllimi i tij perceptohet vet\u00ebm kur ndizet, fal\u00eb drit\u00ebs q\u00eb konturon","og_url":"https:\/\/pikark.com\/product\/discovery\/","og_site_name":"Pikark","article_publisher":"https:\/\/www.facebook.com\/pikark.al","article_modified_time":"2023-01-19T11:36:07+00:00","og_image":[{"width":507,"height":506,"url":"https:\/\/pikark.com\/wp-content\/uploads\/2023\/01\/Picture1.jpg","type":"image\/jpeg"}],"twitter_card":"summary_large_image","schema":{"@context":"https:\/\/schema.org","@graph":[{"@type":"WebPage","@id":"https:\/\/pikark.com\/product\/discovery\/","url":"https:\/\/pikark.com\/product\/discovery\/","name":"Discovery - Pikark","isPartOf":{"@id":"https:\/\/pikark.com\/#website"},"datePublished":"2023-01-19T10:40:02+00:00","dateModified":"2023-01-19T11:36:07+00:00","description":"Discovery \u00ebsht\u00eb nj\u00eb element modest, i heshtur dhe aspak material. V\u00ebllimi i tij perceptohet vet\u00ebm kur ndizet, fal\u00eb drit\u00ebs q\u00eb konturon","breadcrumb":{"@id":"https:\/\/pikark.com\/product\/discovery\/#breadcrumb"},"inLanguage":"en-US","potentialAction":[{"@type":"ReadAction","target":["https:\/\/pikark.com\/product\/discovery\/"]}]},{"@type":"BreadcrumbList","@id":"https:\/\/pikark.com\/product\/discovery\/#breadcrumb","itemListElement":[{"@type":"ListItem","position":1,"name":"Home","item":"https:\/\/pikark.com\/"},{"@type":"ListItem","position":2,"name":"Shop","item":"https:\/\/pikark.com\/en\/shop\/"},{"@type":"ListItem","position":3,"name":"Discovery"}]},{"@type":"WebSite","@id":"https:\/\/pikark.com\/#website","url":"https:\/\/pikark.com\/","name":"Pikark","description":"Explore inspiring projects and find the right architects, brand &amp; manufacturers!","publisher":{"@id":"https:\/\/pikark.com\/#organization"},"potentialAction":[{"@type":"SearchAction","target":{"@type":"EntryPoint","urlTemplate":"https:\/\/pikark.com\/?s={search_term_string}"},"query-input":"required name=search_term_string"}],"inLanguage":"en-US"},{"@type":"Organization","@id":"https:\/\/pikark.com\/#organization","name":"Pikark","url":"https:\/\/pikark.com\/","logo":{"@type":"ImageObject","inLanguage":"en-US","@id":"https:\/\/pikark.com\/#\/schema\/logo\/image\/","url":"https:\/\/pikark.com\/wp-content\/uploads\/2020\/12\/LOGO_PIKARK-01-1.png","contentUrl":"https:\/\/pikark.com\/wp-content\/uploads\/2020\/12\/LOGO_PIKARK-01-1.png","width":2362,"height":2362,"caption":"Pikark"},"image":{"@id":"https:\/\/pikark.com\/#\/schema\/logo\/image\/"},"sameAs":["https:\/\/www.facebook.com\/pikark.al","https:\/\/www.instagram.com\/pik.ark\/"]}]}},"_links":{"self":[{"href":"https:\/\/pikark.com\/en\/wp-json\/wp\/v2\/product\/32548"}],"collection":[{"href":"https:\/\/pikark.com\/en\/wp-json\/wp\/v2\/product"}],"about":[{"href":"https:\/\/pikark.com\/en\/wp-json\/wp\/v2\/types\/product"}],"replies":[{"embeddable":true,"href":"https:\/\/pikark.com\/en\/wp-json\/wp\/v2\/comments?post=32548"}],"wp:featuredmedia":[{"embeddable":true,"href":"https:\/\/pikark.com\/en\/wp-json\/wp\/v2\/media\/32550"}],"wp:attachment":[{"href":"https:\/\/pikark.com\/en\/wp-json\/wp\/v2\/media?parent=32548"}],"wp:term":[{"taxonomy":"product_cat","embeddable":true,"href":"https:\/\/pikark.com\/en\/wp-json\/wp\/v2\/product_cat?post=32548"},{"taxonomy":"product_tag","embeddable":true,"href":"https:\/\/pikark.com\/en\/wp-json\/wp\/v2\/product_tag?post=32548"}],"curies":[{"name":"wp","href":"https:\/\/api.w.org\/{rel}","templated":true}]}}