{"id":31924,"date":"2022-12-01T12:52:34","date_gmt":"2022-12-01T12:52:34","guid":{"rendered":"http:\/\/pikark.com\/?post_type=product&#038;p=31924"},"modified":"2024-11-03T01:47:35","modified_gmt":"2024-11-03T01:47:35","slug":"plynto-atmosfere","status":"publish","type":"product","link":"https:\/\/pikark.com\/en\/product\/plynto-atmosfere\/","title":{"rendered":"Plynto nga Henge"},"content":{"rendered":"","protected":false},"excerpt":{"rendered":"<p class=\"_04xlpA direction-ltr align-start para-style-body\"><span class=\"JsGRdQ\"><strong><a href=\"https:\/\/atmosfere.al\/\">Plynto<\/a> <\/strong>e projektuar nga Ugo Cacciatori p\u00ebr Henge \u00ebsht\u00eb nj\u00eb tavolin\u00eb an\u00ebsore e p\u00ebrb\u00ebr\u00eb nga bazamenti prej guri dhe pjesa e sip\u00ebrme prej xhami.<\/span><\/p>\n<p class=\"_04xlpA direction-ltr align-start para-style-body\"><span class=\"JsGRdQ\">Nj\u00eb tipar dallues i k\u00ebsaj tavoline \u00ebsht\u00eb bashkimi i materialeve t\u00eb ndryshme: bazamenti i fort\u00eb dhe pothuajse cilindrik prej guri dhe syprina e parregullt prej xhami. Baza \u00ebsht\u00eb prej guri t\u00eb rafinuar q\u00eb tregon nuanca v\u00ebrtet sugjestive t\u00eb ngjyrave. Tavolina e kafes\u00eb Plynto \u00ebsht\u00eb padyshim nj\u00eb mobilje jasht\u00ebzakonisht origjinale, e aft\u00eb p\u00ebr t\u00eb zbukuruar \u00e7do dhom\u00eb ndenjeje.<\/span><\/p>\n<p class=\"_04xlpA direction-ltr align-start para-style-body\"><span class=\"JsGRdQ\"><strong><a href=\"https:\/\/pikark.com\/en\/listing\/atmosfere-showroom\/\">Plynto nga Henge<\/a><\/strong> \u00ebsht\u00eb nj\u00eb vep\u00ebr jasht\u00eb limiteve te tregut, stileve dhe trajtave standarte. <\/span><span class=\"JsGRdQ\">Ato \u00e7ka na rrethojn\u00eb n\u00eb sht\u00ebpit\u00eb tona jan\u00eb m\u00eb shum\u00eb se nj\u00eb mobilje, jan\u00eb bashk\u00ebudh\u00ebtaret tona n\u00eb koh\u00eb me t\u00eb cilat formojm\u00eb nj\u00eb lidhje e cila reflekton iden\u00eb ton\u00eb mbi t\u00eb bukur\u00ebn. Duhet t\u00eb zgjdhim me zgjuarsi duke ruajtur nj\u00eb ekuiliber mbi funksionin, zemr\u00ebn dhe mendjen. Zgjedhje t\u00eb cilat reflektojn\u00eb personalitetin ton\u00eb dhe jan\u00eb nj\u00ebkoh\u00ebsisht estetikisht dhe psikologjikisht t\u00eb k\u00ebnaqshme.<\/span><\/p>\n<p>K<span class=\"JsGRdQ\">\u00eb<\/span>t<span class=\"JsGRdQ\">\u00eb<\/span> produkt e gjeni n<span class=\"JsGRdQ\">\u00eb<\/span> showroomin e <strong><a href=\"https:\/\/atmosfere.al\/\">Atmosfere<\/a><\/strong>, te Kompleksi Delijorgji.<\/p>\n","protected":false},"featured_media":31929,"comment_status":"open","ping_status":"closed","template":"","meta":[],"product_cat":[639],"product_tag":[911,912,913,843],"yoast_head":"<!-- This site is optimized with the Yoast SEO plugin v21.7 - https:\/\/yoast.com\/wordpress\/plugins\/seo\/ -->\n<title>Plynto nga Henge - Pikark<\/title>\n<meta name=\"description\" content=\"Plynto e projektuar nga Ugo Cacciatori p\u00ebr Henge \u00ebsht\u00eb nj\u00eb tavolin\u00eb an\u00ebsore e p\u00ebrb\u00ebr\u00eb nga bazamenti prej guri dhe pjesa e sip\u00ebrme prej xhami.\" \/>\n<meta name=\"robots\" content=\"index, follow, max-snippet:-1, max-image-preview:large, max-video-preview:-1\" \/>\n<link rel=\"canonical\" href=\"https:\/\/pikark.com\/product\/plynto-atmosfere\/\" \/>\n<meta property=\"og:locale\" content=\"en_US\" \/>\n<meta property=\"og:type\" content=\"article\" \/>\n<meta property=\"og:title\" content=\"Plynto nga Henge - Pikark\" \/>\n<meta property=\"og:description\" content=\"Plynto e projektuar nga Ugo Cacciatori p\u00ebr Henge \u00ebsht\u00eb nj\u00eb tavolin\u00eb an\u00ebsore e p\u00ebrb\u00ebr\u00eb nga bazamenti prej guri dhe pjesa e sip\u00ebrme prej xhami.\" \/>\n<meta property=\"og:url\" content=\"https:\/\/pikark.com\/product\/plynto-atmosfere\/\" \/>\n<meta property=\"og:site_name\" content=\"Pikark\" \/>\n<meta property=\"article:publisher\" content=\"https:\/\/www.facebook.com\/pikark.al\" \/>\n<meta property=\"article:modified_time\" content=\"2024-11-03T01:47:35+00:00\" \/>\n<meta property=\"og:image\" content=\"https:\/\/pikark.com\/wp-content\/uploads\/2022\/12\/image3.jpeg\" \/>\n\t<meta property=\"og:image:width\" content=\"1201\" \/>\n\t<meta property=\"og:image:height\" content=\"1246\" \/>\n\t<meta property=\"og:image:type\" content=\"image\/jpeg\" \/>\n<meta name=\"twitter:card\" content=\"summary_large_image\" \/>\n<script type=\"application\/ld+json\" class=\"yoast-schema-graph\">{\"@context\":\"https:\/\/schema.org\",\"@graph\":[{\"@type\":\"WebPage\",\"@id\":\"https:\/\/pikark.com\/product\/plynto-atmosfere\/\",\"url\":\"https:\/\/pikark.com\/product\/plynto-atmosfere\/\",\"name\":\"Plynto nga Henge - Pikark\",\"isPartOf\":{\"@id\":\"https:\/\/pikark.com\/#website\"},\"datePublished\":\"2022-12-01T12:52:34+00:00\",\"dateModified\":\"2024-11-03T01:47:35+00:00\",\"description\":\"Plynto e projektuar nga Ugo Cacciatori p\u00ebr Henge \u00ebsht\u00eb nj\u00eb tavolin\u00eb an\u00ebsore e p\u00ebrb\u00ebr\u00eb nga bazamenti prej guri dhe pjesa e sip\u00ebrme prej xhami.\",\"breadcrumb\":{\"@id\":\"https:\/\/pikark.com\/product\/plynto-atmosfere\/#breadcrumb\"},\"inLanguage\":\"en-US\",\"potentialAction\":[{\"@type\":\"ReadAction\",\"target\":[\"https:\/\/pikark.com\/product\/plynto-atmosfere\/\"]}]},{\"@type\":\"BreadcrumbList\",\"@id\":\"https:\/\/pikark.com\/product\/plynto-atmosfere\/#breadcrumb\",\"itemListElement\":[{\"@type\":\"ListItem\",\"position\":1,\"name\":\"Home\",\"item\":\"https:\/\/pikark.com\/\"},{\"@type\":\"ListItem\",\"position\":2,\"name\":\"Shop\",\"item\":\"https:\/\/pikark.com\/en\/shop\/\"},{\"@type\":\"ListItem\",\"position\":3,\"name\":\"Plynto nga Henge\"}]},{\"@type\":\"WebSite\",\"@id\":\"https:\/\/pikark.com\/#website\",\"url\":\"https:\/\/pikark.com\/\",\"name\":\"Pikark\",\"description\":\"Explore inspiring projects and find the right architects, brand &amp; manufacturers!\",\"publisher\":{\"@id\":\"https:\/\/pikark.com\/#organization\"},\"potentialAction\":[{\"@type\":\"SearchAction\",\"target\":{\"@type\":\"EntryPoint\",\"urlTemplate\":\"https:\/\/pikark.com\/?s={search_term_string}\"},\"query-input\":\"required name=search_term_string\"}],\"inLanguage\":\"en-US\"},{\"@type\":\"Organization\",\"@id\":\"https:\/\/pikark.com\/#organization\",\"name\":\"Pikark\",\"url\":\"https:\/\/pikark.com\/\",\"logo\":{\"@type\":\"ImageObject\",\"inLanguage\":\"en-US\",\"@id\":\"https:\/\/pikark.com\/#\/schema\/logo\/image\/\",\"url\":\"https:\/\/pikark.com\/wp-content\/uploads\/2020\/12\/LOGO_PIKARK-01-1.png\",\"contentUrl\":\"https:\/\/pikark.com\/wp-content\/uploads\/2020\/12\/LOGO_PIKARK-01-1.png\",\"width\":2362,\"height\":2362,\"caption\":\"Pikark\"},\"image\":{\"@id\":\"https:\/\/pikark.com\/#\/schema\/logo\/image\/\"},\"sameAs\":[\"https:\/\/www.facebook.com\/pikark.al\",\"https:\/\/www.instagram.com\/pik.ark\/\"]}]}<\/script>\n<!-- \/ Yoast SEO plugin. -->","yoast_head_json":{"title":"Plynto nga Henge - Pikark","description":"Plynto e projektuar nga Ugo Cacciatori p\u00ebr Henge \u00ebsht\u00eb nj\u00eb tavolin\u00eb an\u00ebsore e p\u00ebrb\u00ebr\u00eb nga bazamenti prej guri dhe pjesa e sip\u00ebrme prej xhami.","robots":{"index":"index","follow":"follow","max-snippet":"max-snippet:-1","max-image-preview":"max-image-preview:large","max-video-preview":"max-video-preview:-1"},"canonical":"https:\/\/pikark.com\/product\/plynto-atmosfere\/","og_locale":"en_US","og_type":"article","og_title":"Plynto nga Henge - Pikark","og_description":"Plynto e projektuar nga Ugo Cacciatori p\u00ebr Henge \u00ebsht\u00eb nj\u00eb tavolin\u00eb an\u00ebsore e p\u00ebrb\u00ebr\u00eb nga bazamenti prej guri dhe pjesa e sip\u00ebrme prej xhami.","og_url":"https:\/\/pikark.com\/product\/plynto-atmosfere\/","og_site_name":"Pikark","article_publisher":"https:\/\/www.facebook.com\/pikark.al","article_modified_time":"2024-11-03T01:47:35+00:00","og_image":[{"width":1201,"height":1246,"url":"https:\/\/pikark.com\/wp-content\/uploads\/2022\/12\/image3.jpeg","type":"image\/jpeg"}],"twitter_card":"summary_large_image","schema":{"@context":"https:\/\/schema.org","@graph":[{"@type":"WebPage","@id":"https:\/\/pikark.com\/product\/plynto-atmosfere\/","url":"https:\/\/pikark.com\/product\/plynto-atmosfere\/","name":"Plynto nga Henge - Pikark","isPartOf":{"@id":"https:\/\/pikark.com\/#website"},"datePublished":"2022-12-01T12:52:34+00:00","dateModified":"2024-11-03T01:47:35+00:00","description":"Plynto e projektuar nga Ugo Cacciatori p\u00ebr Henge \u00ebsht\u00eb nj\u00eb tavolin\u00eb an\u00ebsore e p\u00ebrb\u00ebr\u00eb nga bazamenti prej guri dhe pjesa e sip\u00ebrme prej xhami.","breadcrumb":{"@id":"https:\/\/pikark.com\/product\/plynto-atmosfere\/#breadcrumb"},"inLanguage":"en-US","potentialAction":[{"@type":"ReadAction","target":["https:\/\/pikark.com\/product\/plynto-atmosfere\/"]}]},{"@type":"BreadcrumbList","@id":"https:\/\/pikark.com\/product\/plynto-atmosfere\/#breadcrumb","itemListElement":[{"@type":"ListItem","position":1,"name":"Home","item":"https:\/\/pikark.com\/"},{"@type":"ListItem","position":2,"name":"Shop","item":"https:\/\/pikark.com\/en\/shop\/"},{"@type":"ListItem","position":3,"name":"Plynto nga Henge"}]},{"@type":"WebSite","@id":"https:\/\/pikark.com\/#website","url":"https:\/\/pikark.com\/","name":"Pikark","description":"Explore inspiring projects and find the right architects, brand &amp; manufacturers!","publisher":{"@id":"https:\/\/pikark.com\/#organization"},"potentialAction":[{"@type":"SearchAction","target":{"@type":"EntryPoint","urlTemplate":"https:\/\/pikark.com\/?s={search_term_string}"},"query-input":"required name=search_term_string"}],"inLanguage":"en-US"},{"@type":"Organization","@id":"https:\/\/pikark.com\/#organization","name":"Pikark","url":"https:\/\/pikark.com\/","logo":{"@type":"ImageObject","inLanguage":"en-US","@id":"https:\/\/pikark.com\/#\/schema\/logo\/image\/","url":"https:\/\/pikark.com\/wp-content\/uploads\/2020\/12\/LOGO_PIKARK-01-1.png","contentUrl":"https:\/\/pikark.com\/wp-content\/uploads\/2020\/12\/LOGO_PIKARK-01-1.png","width":2362,"height":2362,"caption":"Pikark"},"image":{"@id":"https:\/\/pikark.com\/#\/schema\/logo\/image\/"},"sameAs":["https:\/\/www.facebook.com\/pikark.al","https:\/\/www.instagram.com\/pik.ark\/"]}]}},"_links":{"self":[{"href":"https:\/\/pikark.com\/en\/wp-json\/wp\/v2\/product\/31924"}],"collection":[{"href":"https:\/\/pikark.com\/en\/wp-json\/wp\/v2\/product"}],"about":[{"href":"https:\/\/pikark.com\/en\/wp-json\/wp\/v2\/types\/product"}],"replies":[{"embeddable":true,"href":"https:\/\/pikark.com\/en\/wp-json\/wp\/v2\/comments?post=31924"}],"wp:featuredmedia":[{"embeddable":true,"href":"https:\/\/pikark.com\/en\/wp-json\/wp\/v2\/media\/31929"}],"wp:attachment":[{"href":"https:\/\/pikark.com\/en\/wp-json\/wp\/v2\/media?parent=31924"}],"wp:term":[{"taxonomy":"product_cat","embeddable":true,"href":"https:\/\/pikark.com\/en\/wp-json\/wp\/v2\/product_cat?post=31924"},{"taxonomy":"product_tag","embeddable":true,"href":"https:\/\/pikark.com\/en\/wp-json\/wp\/v2\/product_tag?post=31924"}],"curies":[{"name":"wp","href":"https:\/\/api.w.org\/{rel}","templated":true}]}}