{"id":31861,"date":"2022-11-25T10:45:11","date_gmt":"2022-11-25T10:45:11","guid":{"rendered":"http:\/\/pikark.com\/?post_type=product&#038;p=31861"},"modified":"2022-11-25T11:17:54","modified_gmt":"2022-11-25T11:17:54","slug":"smartia-m65","status":"publish","type":"product","link":"https:\/\/pikark.com\/en\/product\/smartia-m65\/","title":{"rendered":"Smartia M65 (facade system for maximal natural light)"},"content":{"rendered":"","protected":false},"excerpt":{"rendered":"<div class=\"col-sm-12 hover\">\n<p class=\"subtitle hover\"><span class=\"Y2IQFc\" lang=\"en\"><strong><a href=\"https:\/\/www.alumil.com\/albania\/homeowners\">SMARTIA M65<\/a><\/strong> is an ideal facade system for tall buildings, offering freedom in architectural design. The construction of the building is done by assembling large panels consisting of many glass frames, either with structure or with visible <a href=\"https:\/\/pikark.com\/en\/members\/alumil\/\">aluminum<\/a> covers. Each unit can be freely designed by the architect, while the system guarantees an easy and safe application.<\/span><\/p>\n<\/div>\n<div>\n<h2 class=\"subtitle\">Advantages<\/h2>\n<div class=\"alumil-list hover\">\n<ul class=\"hover\">\n<li class=\"\"><span class=\"Y2IQFc\" lang=\"en\">Increased natural light penetration thanks to the minimal design of the system<\/span><\/li>\n<li class=\"\"><span class=\"Y2IQFc\" lang=\"en\">High energy savings thanks to high energy efficiency in the system<\/span><\/li>\n<li class=\"\">Increased security level<\/li>\n<li class=\"\"><span class=\"Y2IQFc\" lang=\"en\">Guaranteed quality with certified performance<\/span><\/li>\n<li class=\"hover\"><span class=\"Y2IQFc\" lang=\"en\">Increased static loads and functionality in case of severe weather conditions<\/span><\/li>\n<li class=\"\"><span class=\"Y2IQFc\" lang=\"en\">Ability to provide customized solutions for the building<\/span><\/li>\n<li class=\"\"><span class=\"Y2IQFc\" lang=\"en\">Ease of use thanks to optional electric window movement<\/span><\/li>\n<\/ul>\n<\/div>\n<\/div>\n","protected":false},"featured_media":31865,"comment_status":"open","ping_status":"closed","template":"","meta":[],"product_cat":[709],"product_tag":[805,806,807,866,823],"yoast_head":"<!-- This site is optimized with the Yoast SEO plugin v21.7 - https:\/\/yoast.com\/wordpress\/plugins\/seo\/ -->\n<title>Smartia M65 (facade system for maximal natural light) - Pikark<\/title>\n<meta name=\"description\" content=\"SMARTIA M65 \u00ebsht\u00eb nj\u00eb sistem fasade ideal p\u00ebr nd\u00ebrtesa t\u00eb larta, q\u00eb ofron liri n\u00eb dizenjimin arkitekturor. Nd\u00ebrtimi i nd\u00ebrtes\u00ebs b\u00ebhet\" \/>\n<meta name=\"robots\" content=\"index, follow, max-snippet:-1, max-image-preview:large, max-video-preview:-1\" \/>\n<link rel=\"canonical\" href=\"https:\/\/pikark.com\/en\/product\/smartia-m65\/\" \/>\n<meta property=\"og:locale\" content=\"en_US\" \/>\n<meta property=\"og:type\" content=\"article\" \/>\n<meta property=\"og:title\" content=\"Smartia M65 (facade system for maximal natural light) - Pikark\" \/>\n<meta property=\"og:description\" content=\"SMARTIA M65 \u00ebsht\u00eb nj\u00eb sistem fasade ideal p\u00ebr nd\u00ebrtesa t\u00eb larta, q\u00eb ofron liri n\u00eb dizenjimin arkitekturor. Nd\u00ebrtimi i nd\u00ebrtes\u00ebs b\u00ebhet\" \/>\n<meta property=\"og:url\" content=\"https:\/\/pikark.com\/en\/product\/smartia-m65\/\" \/>\n<meta property=\"og:site_name\" content=\"Pikark\" \/>\n<meta property=\"article:publisher\" content=\"https:\/\/www.facebook.com\/pikark.al\" \/>\n<meta property=\"article:modified_time\" content=\"2022-11-25T11:17:54+00:00\" \/>\n<meta property=\"og:image\" content=\"https:\/\/pikark.com\/wp-content\/uploads\/2022\/11\/Untitled-design.png\" \/>\n\t<meta property=\"og:image:width\" content=\"1080\" \/>\n\t<meta property=\"og:image:height\" content=\"1080\" \/>\n\t<meta property=\"og:image:type\" content=\"image\/png\" \/>\n<meta name=\"twitter:card\" content=\"summary_large_image\" \/>\n<script type=\"application\/ld+json\" class=\"yoast-schema-graph\">{\"@context\":\"https:\/\/schema.org\",\"@graph\":[{\"@type\":\"WebPage\",\"@id\":\"https:\/\/pikark.com\/en\/product\/smartia-m65\/\",\"url\":\"https:\/\/pikark.com\/en\/product\/smartia-m65\/\",\"name\":\"[:sq]Smartia M65 (sistem fasade p\u00ebr dep\u00ebrtimin maksimal t\u00eb drit\u00ebs)[:en]Smartia M65 (facade system for maximal natural light)[:] - Pikark\",\"isPartOf\":{\"@id\":\"https:\/\/pikark.com\/#website\"},\"datePublished\":\"2022-11-25T10:45:11+00:00\",\"dateModified\":\"2022-11-25T11:17:54+00:00\",\"description\":\"SMARTIA M65 \u00ebsht\u00eb nj\u00eb sistem fasade ideal p\u00ebr nd\u00ebrtesa t\u00eb larta, q\u00eb ofron liri n\u00eb dizenjimin arkitekturor. Nd\u00ebrtimi i nd\u00ebrtes\u00ebs b\u00ebhet\",\"breadcrumb\":{\"@id\":\"https:\/\/pikark.com\/en\/product\/smartia-m65\/#breadcrumb\"},\"inLanguage\":\"en-US\",\"potentialAction\":[{\"@type\":\"ReadAction\",\"target\":[\"https:\/\/pikark.com\/en\/product\/smartia-m65\/\"]}]},{\"@type\":\"BreadcrumbList\",\"@id\":\"https:\/\/pikark.com\/en\/product\/smartia-m65\/#breadcrumb\",\"itemListElement\":[{\"@type\":\"ListItem\",\"position\":1,\"name\":\"Home\",\"item\":\"https:\/\/pikark.com\/\"},{\"@type\":\"ListItem\",\"position\":2,\"name\":\"Shop\",\"item\":\"https:\/\/pikark.com\/en\/shop\/\"},{\"@type\":\"ListItem\",\"position\":3,\"name\":\"Smartia M65 (facade system for maximal natural light)\"}]},{\"@type\":\"WebSite\",\"@id\":\"https:\/\/pikark.com\/#website\",\"url\":\"https:\/\/pikark.com\/\",\"name\":\"Pikark\",\"description\":\"Explore inspiring projects and find the right architects, brand &amp; manufacturers!\",\"publisher\":{\"@id\":\"https:\/\/pikark.com\/#organization\"},\"potentialAction\":[{\"@type\":\"SearchAction\",\"target\":{\"@type\":\"EntryPoint\",\"urlTemplate\":\"https:\/\/pikark.com\/?s={search_term_string}\"},\"query-input\":\"required name=search_term_string\"}],\"inLanguage\":\"en-US\"},{\"@type\":\"Organization\",\"@id\":\"https:\/\/pikark.com\/#organization\",\"name\":\"Pikark\",\"url\":\"https:\/\/pikark.com\/\",\"logo\":{\"@type\":\"ImageObject\",\"inLanguage\":\"en-US\",\"@id\":\"https:\/\/pikark.com\/#\/schema\/logo\/image\/\",\"url\":\"https:\/\/pikark.com\/wp-content\/uploads\/2020\/12\/LOGO_PIKARK-01-1.png\",\"contentUrl\":\"https:\/\/pikark.com\/wp-content\/uploads\/2020\/12\/LOGO_PIKARK-01-1.png\",\"width\":2362,\"height\":2362,\"caption\":\"Pikark\"},\"image\":{\"@id\":\"https:\/\/pikark.com\/#\/schema\/logo\/image\/\"},\"sameAs\":[\"https:\/\/www.facebook.com\/pikark.al\",\"https:\/\/www.instagram.com\/pik.ark\/\"]}]}<\/script>\n<!-- \/ Yoast SEO plugin. -->","yoast_head_json":{"title":"Smartia M65 (facade system for maximal natural light) - Pikark","description":"SMARTIA M65 \u00ebsht\u00eb nj\u00eb sistem fasade ideal p\u00ebr nd\u00ebrtesa t\u00eb larta, q\u00eb ofron liri n\u00eb dizenjimin arkitekturor. Nd\u00ebrtimi i nd\u00ebrtes\u00ebs b\u00ebhet","robots":{"index":"index","follow":"follow","max-snippet":"max-snippet:-1","max-image-preview":"max-image-preview:large","max-video-preview":"max-video-preview:-1"},"canonical":"https:\/\/pikark.com\/en\/product\/smartia-m65\/","og_locale":"en_US","og_type":"article","og_title":"Smartia M65 (facade system for maximal natural light) - Pikark","og_description":"SMARTIA M65 \u00ebsht\u00eb nj\u00eb sistem fasade ideal p\u00ebr nd\u00ebrtesa t\u00eb larta, q\u00eb ofron liri n\u00eb dizenjimin arkitekturor. Nd\u00ebrtimi i nd\u00ebrtes\u00ebs b\u00ebhet","og_url":"https:\/\/pikark.com\/en\/product\/smartia-m65\/","og_site_name":"Pikark","article_publisher":"https:\/\/www.facebook.com\/pikark.al","article_modified_time":"2022-11-25T11:17:54+00:00","og_image":[{"width":1080,"height":1080,"url":"https:\/\/pikark.com\/wp-content\/uploads\/2022\/11\/Untitled-design.png","type":"image\/png"}],"twitter_card":"summary_large_image","schema":{"@context":"https:\/\/schema.org","@graph":[{"@type":"WebPage","@id":"https:\/\/pikark.com\/en\/product\/smartia-m65\/","url":"https:\/\/pikark.com\/en\/product\/smartia-m65\/","name":"[:sq]Smartia M65 (sistem fasade p\u00ebr dep\u00ebrtimin maksimal t\u00eb drit\u00ebs)[:en]Smartia M65 (facade system for maximal natural light)[:] - Pikark","isPartOf":{"@id":"https:\/\/pikark.com\/#website"},"datePublished":"2022-11-25T10:45:11+00:00","dateModified":"2022-11-25T11:17:54+00:00","description":"SMARTIA M65 \u00ebsht\u00eb nj\u00eb sistem fasade ideal p\u00ebr nd\u00ebrtesa t\u00eb larta, q\u00eb ofron liri n\u00eb dizenjimin arkitekturor. Nd\u00ebrtimi i nd\u00ebrtes\u00ebs b\u00ebhet","breadcrumb":{"@id":"https:\/\/pikark.com\/en\/product\/smartia-m65\/#breadcrumb"},"inLanguage":"en-US","potentialAction":[{"@type":"ReadAction","target":["https:\/\/pikark.com\/en\/product\/smartia-m65\/"]}]},{"@type":"BreadcrumbList","@id":"https:\/\/pikark.com\/en\/product\/smartia-m65\/#breadcrumb","itemListElement":[{"@type":"ListItem","position":1,"name":"Home","item":"https:\/\/pikark.com\/"},{"@type":"ListItem","position":2,"name":"Shop","item":"https:\/\/pikark.com\/en\/shop\/"},{"@type":"ListItem","position":3,"name":"Smartia M65 (facade system for maximal natural light)"}]},{"@type":"WebSite","@id":"https:\/\/pikark.com\/#website","url":"https:\/\/pikark.com\/","name":"Pikark","description":"Explore inspiring projects and find the right architects, brand &amp; manufacturers!","publisher":{"@id":"https:\/\/pikark.com\/#organization"},"potentialAction":[{"@type":"SearchAction","target":{"@type":"EntryPoint","urlTemplate":"https:\/\/pikark.com\/?s={search_term_string}"},"query-input":"required name=search_term_string"}],"inLanguage":"en-US"},{"@type":"Organization","@id":"https:\/\/pikark.com\/#organization","name":"Pikark","url":"https:\/\/pikark.com\/","logo":{"@type":"ImageObject","inLanguage":"en-US","@id":"https:\/\/pikark.com\/#\/schema\/logo\/image\/","url":"https:\/\/pikark.com\/wp-content\/uploads\/2020\/12\/LOGO_PIKARK-01-1.png","contentUrl":"https:\/\/pikark.com\/wp-content\/uploads\/2020\/12\/LOGO_PIKARK-01-1.png","width":2362,"height":2362,"caption":"Pikark"},"image":{"@id":"https:\/\/pikark.com\/#\/schema\/logo\/image\/"},"sameAs":["https:\/\/www.facebook.com\/pikark.al","https:\/\/www.instagram.com\/pik.ark\/"]}]}},"_links":{"self":[{"href":"https:\/\/pikark.com\/en\/wp-json\/wp\/v2\/product\/31861"}],"collection":[{"href":"https:\/\/pikark.com\/en\/wp-json\/wp\/v2\/product"}],"about":[{"href":"https:\/\/pikark.com\/en\/wp-json\/wp\/v2\/types\/product"}],"replies":[{"embeddable":true,"href":"https:\/\/pikark.com\/en\/wp-json\/wp\/v2\/comments?post=31861"}],"wp:featuredmedia":[{"embeddable":true,"href":"https:\/\/pikark.com\/en\/wp-json\/wp\/v2\/media\/31865"}],"wp:attachment":[{"href":"https:\/\/pikark.com\/en\/wp-json\/wp\/v2\/media?parent=31861"}],"wp:term":[{"taxonomy":"product_cat","embeddable":true,"href":"https:\/\/pikark.com\/en\/wp-json\/wp\/v2\/product_cat?post=31861"},{"taxonomy":"product_tag","embeddable":true,"href":"https:\/\/pikark.com\/en\/wp-json\/wp\/v2\/product_tag?post=31861"}],"curies":[{"name":"wp","href":"https:\/\/api.w.org\/{rel}","templated":true}]}}