{"id":31373,"date":"2022-10-20T10:24:19","date_gmt":"2022-10-20T10:24:19","guid":{"rendered":"http:\/\/pikark.com\/?post_type=product&#038;p=31373"},"modified":"2024-03-16T20:51:07","modified_gmt":"2024-03-16T20:51:07","slug":"lavastovilja-asko","status":"publish","type":"product","link":"https:\/\/pikark.com\/en\/product\/lavastovilja-asko\/","title":{"rendered":"ASKO Dishwasher"},"content":{"rendered":"<p>-Mbrojtje nga rrjedhjet<\/p>\n<p>&#8211; Identifikim i rrjedhjeve kur pajisja \u00ebsht\u00eb e fikur.<\/p>\n<p>-Nuk \u00ebsht\u00eb e nevojshme t\u00eb shp\u00ebrlani en\u00ebt fal\u00eb Super Cleaning System\u2122<\/p>\n<p>-Jet Spray\u2122 &#8211; Fuqi e shtuarp\u00ebr larjen e vazove, shisheve dhe shisheve t\u00eb bebeve.<\/p>\n<p>-Numri i koshave: 4<\/p>\n<p>-Ergonomi perfekte me shina teleskopike me rr\u00ebshqitje t\u00eb leht\u00eb p\u00ebr koshin e sip\u00ebrm<\/p>\n<p>-Personalizimi i programeve: Program memorizues<\/p>\n<p>-Numri i programeve: 12<\/p>\n<p>-Treguesi i p\u00ebrfundimit t\u00eb procesit t\u00eb\\ larjes: Sinjal akustik dhe vizual<\/p>\n<p>-Program ekologjik Green &#8211; P\u00ebrdoret m\u00eb pak energji dhe uj\u00eb. Koh\u00ebzgjatja e programit \u00ebsht\u00eb m\u00eb e madhe<\/p>\n<p>-Programi i larjes nat\u00ebn &#8211; Niveli m\u00eb i ul\u00ebt i zhurm\u00ebs. Koh\u00ebzgjatja e programit \u00ebsht\u00eb m\u00eb e madhe.<\/p>\n<p>-Larje internsive &#8211; Lavastovilja p\u00ebrdor tempetura m\u00eb t\u00eb larta dhe m\u00eb shum\u00eb uj\u00eb. Koh\u00ebzgjatja e programit \u00ebsht\u00eb m\u00eb e madhe.<\/p>\n<p>-Super Rinse\u2122 &#8211; Dy shp\u00ebrlarje shtes\u00eb.<\/p>\n<p>-Sust\u00eb e rregullueshme e der\u00ebs nga p\u00ebrpara<\/p>\n","protected":false},"excerpt":{"rendered":"<div id=\"tw-target-text-container\" class=\"tw-ta-container F0azHf tw-nfl\" tabindex=\"0\">\n<p id=\"tw-target-text\" class=\"tw-data-text tw-text-large tw-ta\" dir=\"ltr\" data-placeholder=\"Translation\"><span class=\"Y2IQFc\" lang=\"en\">Over time, our days have gotten busier. This is when <strong>ASKO<\/strong> comes to the rescue with an innovative line of devices that use advanced technology, thus ensuring a personalized experience while using them. Great importance is given to the design of the device, so that it fits perfectly in every family.<\/span><\/p>\n<\/div>\n<p><span class=\"Y2IQFc\" lang=\"en\">Today we present to you the <em><strong><a href=\"https:\/\/pikark.com\/en\/members\/vanto-home\/news\/\">ASKO<\/a><\/strong><\/em> dishwasher.<\/span><\/p>\n<div id=\"tw-target-text-container\" class=\"tw-ta-container F0azHf tw-nfl\" tabindex=\"0\">\n<p class=\"tw-data-text tw-text-large tw-ta\" dir=\"ltr\" data-placeholder=\"Translation\"><span class=\"Y2IQFc\" lang=\"en\">This dishwasher is different from the others, it has 4 spray levels, <\/span><span class=\"Y2IQFc\" lang=\"en\">adequate <\/span><span class=\"Y2IQFc\" lang=\"en\">space for 15 sets and there is no need to wash the dishes in advance before putting them through the washing process in the dishwasher.<\/span><\/p>\n<\/div>\n<p>&nbsp;<\/p>\n<p><span class=\"Y2IQFc\" lang=\"en\">Vanto is the official and sole partner of <a href=\"https:\/\/www.asko.com\/al\/sq\/\"><strong>ASKO<\/strong> <\/a>in Albania.<\/span><\/p>\n<p><strong>Vanto Showroom,<\/strong><span class=\"Y2IQFc\" lang=\"en\"> Gjergj Fishta Boulevard, Delijorgji Complex, Tirana<\/span><\/p>\n","protected":false},"featured_media":31378,"comment_status":"open","ping_status":"closed","template":"","meta":[],"product_cat":[639],"product_tag":[898,866,848,892],"yoast_head":"<!-- This site is optimized with the Yoast SEO plugin v21.7 - https:\/\/yoast.com\/wordpress\/plugins\/seo\/ -->\n<title>ASKO Dishwasher - Pikark<\/title>\n<meta name=\"description\" content=\"Me kalimin e koh\u00ebs, dit\u00ebt tona jan\u00eb b\u00ebr\u00eb m\u00eb t\u00eb ngjeshura. Ky \u00ebsht\u00eb momenti kur ASKO vjen n\u00eb ndihm\u00eb me nj\u00eb linj\u00eb inovative t\u00eb pajisjeve q\u00eb\" \/>\n<meta name=\"robots\" content=\"index, follow, max-snippet:-1, max-image-preview:large, max-video-preview:-1\" \/>\n<link rel=\"canonical\" href=\"https:\/\/pikark.com\/en\/product\/lavastovilja-asko\/\" \/>\n<meta property=\"og:locale\" content=\"en_US\" \/>\n<meta property=\"og:type\" content=\"article\" \/>\n<meta property=\"og:title\" content=\"ASKO Dishwasher - Pikark\" \/>\n<meta property=\"og:description\" content=\"Me kalimin e koh\u00ebs, dit\u00ebt tona jan\u00eb b\u00ebr\u00eb m\u00eb t\u00eb ngjeshura. Ky \u00ebsht\u00eb momenti kur ASKO vjen n\u00eb ndihm\u00eb me nj\u00eb linj\u00eb inovative t\u00eb pajisjeve q\u00eb\" \/>\n<meta property=\"og:url\" content=\"https:\/\/pikark.com\/en\/product\/lavastovilja-asko\/\" \/>\n<meta property=\"og:site_name\" content=\"Pikark\" \/>\n<meta property=\"article:publisher\" content=\"https:\/\/www.facebook.com\/pikark.al\" \/>\n<meta property=\"article:modified_time\" content=\"2024-03-16T20:51:07+00:00\" \/>\n<meta property=\"og:image\" content=\"https:\/\/pikark.com\/wp-content\/uploads\/2022\/10\/efa2ddf5c8b7c875f9c2ca0df450068f_174845_fpng.jpg\" \/>\n\t<meta property=\"og:image:width\" content=\"1200\" \/>\n\t<meta property=\"og:image:height\" content=\"1200\" \/>\n\t<meta property=\"og:image:type\" content=\"image\/jpeg\" \/>\n<meta name=\"twitter:card\" content=\"summary_large_image\" \/>\n<meta name=\"twitter:label1\" content=\"Est. reading time\" \/>\n\t<meta name=\"twitter:data1\" content=\"1 minute\" \/>\n<script type=\"application\/ld+json\" class=\"yoast-schema-graph\">{\"@context\":\"https:\/\/schema.org\",\"@graph\":[{\"@type\":\"WebPage\",\"@id\":\"https:\/\/pikark.com\/en\/product\/lavastovilja-asko\/\",\"url\":\"https:\/\/pikark.com\/en\/product\/lavastovilja-asko\/\",\"name\":\"[:sq]Lavastovilja ASKO[:en]ASKO Dishwasher[:] - Pikark\",\"isPartOf\":{\"@id\":\"https:\/\/pikark.com\/#website\"},\"datePublished\":\"2022-10-20T10:24:19+00:00\",\"dateModified\":\"2024-03-16T20:51:07+00:00\",\"description\":\"Me kalimin e koh\u00ebs, dit\u00ebt tona jan\u00eb b\u00ebr\u00eb m\u00eb t\u00eb ngjeshura. Ky \u00ebsht\u00eb momenti kur ASKO vjen n\u00eb ndihm\u00eb me nj\u00eb linj\u00eb inovative t\u00eb pajisjeve q\u00eb\",\"breadcrumb\":{\"@id\":\"https:\/\/pikark.com\/en\/product\/lavastovilja-asko\/#breadcrumb\"},\"inLanguage\":\"en-US\",\"potentialAction\":[{\"@type\":\"ReadAction\",\"target\":[\"https:\/\/pikark.com\/en\/product\/lavastovilja-asko\/\"]}]},{\"@type\":\"BreadcrumbList\",\"@id\":\"https:\/\/pikark.com\/en\/product\/lavastovilja-asko\/#breadcrumb\",\"itemListElement\":[{\"@type\":\"ListItem\",\"position\":1,\"name\":\"Home\",\"item\":\"https:\/\/pikark.com\/\"},{\"@type\":\"ListItem\",\"position\":2,\"name\":\"Shop\",\"item\":\"https:\/\/pikark.com\/en\/shop\/\"},{\"@type\":\"ListItem\",\"position\":3,\"name\":\"ASKO Dishwasher\"}]},{\"@type\":\"WebSite\",\"@id\":\"https:\/\/pikark.com\/#website\",\"url\":\"https:\/\/pikark.com\/\",\"name\":\"Pikark\",\"description\":\"Explore inspiring projects and find the right architects, brand &amp; manufacturers!\",\"publisher\":{\"@id\":\"https:\/\/pikark.com\/#organization\"},\"potentialAction\":[{\"@type\":\"SearchAction\",\"target\":{\"@type\":\"EntryPoint\",\"urlTemplate\":\"https:\/\/pikark.com\/?s={search_term_string}\"},\"query-input\":\"required name=search_term_string\"}],\"inLanguage\":\"en-US\"},{\"@type\":\"Organization\",\"@id\":\"https:\/\/pikark.com\/#organization\",\"name\":\"Pikark\",\"url\":\"https:\/\/pikark.com\/\",\"logo\":{\"@type\":\"ImageObject\",\"inLanguage\":\"en-US\",\"@id\":\"https:\/\/pikark.com\/#\/schema\/logo\/image\/\",\"url\":\"https:\/\/pikark.com\/wp-content\/uploads\/2020\/12\/LOGO_PIKARK-01-1.png\",\"contentUrl\":\"https:\/\/pikark.com\/wp-content\/uploads\/2020\/12\/LOGO_PIKARK-01-1.png\",\"width\":2362,\"height\":2362,\"caption\":\"Pikark\"},\"image\":{\"@id\":\"https:\/\/pikark.com\/#\/schema\/logo\/image\/\"},\"sameAs\":[\"https:\/\/www.facebook.com\/pikark.al\",\"https:\/\/www.instagram.com\/pik.ark\/\"]}]}<\/script>\n<!-- \/ Yoast SEO plugin. -->","yoast_head_json":{"title":"ASKO Dishwasher - Pikark","description":"Me kalimin e koh\u00ebs, dit\u00ebt tona jan\u00eb b\u00ebr\u00eb m\u00eb t\u00eb ngjeshura. Ky \u00ebsht\u00eb momenti kur ASKO vjen n\u00eb ndihm\u00eb me nj\u00eb linj\u00eb inovative t\u00eb pajisjeve q\u00eb","robots":{"index":"index","follow":"follow","max-snippet":"max-snippet:-1","max-image-preview":"max-image-preview:large","max-video-preview":"max-video-preview:-1"},"canonical":"https:\/\/pikark.com\/en\/product\/lavastovilja-asko\/","og_locale":"en_US","og_type":"article","og_title":"ASKO Dishwasher - Pikark","og_description":"Me kalimin e koh\u00ebs, dit\u00ebt tona jan\u00eb b\u00ebr\u00eb m\u00eb t\u00eb ngjeshura. Ky \u00ebsht\u00eb momenti kur ASKO vjen n\u00eb ndihm\u00eb me nj\u00eb linj\u00eb inovative t\u00eb pajisjeve q\u00eb","og_url":"https:\/\/pikark.com\/en\/product\/lavastovilja-asko\/","og_site_name":"Pikark","article_publisher":"https:\/\/www.facebook.com\/pikark.al","article_modified_time":"2024-03-16T20:51:07+00:00","og_image":[{"width":1200,"height":1200,"url":"https:\/\/pikark.com\/wp-content\/uploads\/2022\/10\/efa2ddf5c8b7c875f9c2ca0df450068f_174845_fpng.jpg","type":"image\/jpeg"}],"twitter_card":"summary_large_image","twitter_misc":{"Est. reading time":"1 minute"},"schema":{"@context":"https:\/\/schema.org","@graph":[{"@type":"WebPage","@id":"https:\/\/pikark.com\/en\/product\/lavastovilja-asko\/","url":"https:\/\/pikark.com\/en\/product\/lavastovilja-asko\/","name":"[:sq]Lavastovilja ASKO[:en]ASKO Dishwasher[:] - Pikark","isPartOf":{"@id":"https:\/\/pikark.com\/#website"},"datePublished":"2022-10-20T10:24:19+00:00","dateModified":"2024-03-16T20:51:07+00:00","description":"Me kalimin e koh\u00ebs, dit\u00ebt tona jan\u00eb b\u00ebr\u00eb m\u00eb t\u00eb ngjeshura. Ky \u00ebsht\u00eb momenti kur ASKO vjen n\u00eb ndihm\u00eb me nj\u00eb linj\u00eb inovative t\u00eb pajisjeve q\u00eb","breadcrumb":{"@id":"https:\/\/pikark.com\/en\/product\/lavastovilja-asko\/#breadcrumb"},"inLanguage":"en-US","potentialAction":[{"@type":"ReadAction","target":["https:\/\/pikark.com\/en\/product\/lavastovilja-asko\/"]}]},{"@type":"BreadcrumbList","@id":"https:\/\/pikark.com\/en\/product\/lavastovilja-asko\/#breadcrumb","itemListElement":[{"@type":"ListItem","position":1,"name":"Home","item":"https:\/\/pikark.com\/"},{"@type":"ListItem","position":2,"name":"Shop","item":"https:\/\/pikark.com\/en\/shop\/"},{"@type":"ListItem","position":3,"name":"ASKO Dishwasher"}]},{"@type":"WebSite","@id":"https:\/\/pikark.com\/#website","url":"https:\/\/pikark.com\/","name":"Pikark","description":"Explore inspiring projects and find the right architects, brand &amp; manufacturers!","publisher":{"@id":"https:\/\/pikark.com\/#organization"},"potentialAction":[{"@type":"SearchAction","target":{"@type":"EntryPoint","urlTemplate":"https:\/\/pikark.com\/?s={search_term_string}"},"query-input":"required name=search_term_string"}],"inLanguage":"en-US"},{"@type":"Organization","@id":"https:\/\/pikark.com\/#organization","name":"Pikark","url":"https:\/\/pikark.com\/","logo":{"@type":"ImageObject","inLanguage":"en-US","@id":"https:\/\/pikark.com\/#\/schema\/logo\/image\/","url":"https:\/\/pikark.com\/wp-content\/uploads\/2020\/12\/LOGO_PIKARK-01-1.png","contentUrl":"https:\/\/pikark.com\/wp-content\/uploads\/2020\/12\/LOGO_PIKARK-01-1.png","width":2362,"height":2362,"caption":"Pikark"},"image":{"@id":"https:\/\/pikark.com\/#\/schema\/logo\/image\/"},"sameAs":["https:\/\/www.facebook.com\/pikark.al","https:\/\/www.instagram.com\/pik.ark\/"]}]}},"_links":{"self":[{"href":"https:\/\/pikark.com\/en\/wp-json\/wp\/v2\/product\/31373"}],"collection":[{"href":"https:\/\/pikark.com\/en\/wp-json\/wp\/v2\/product"}],"about":[{"href":"https:\/\/pikark.com\/en\/wp-json\/wp\/v2\/types\/product"}],"replies":[{"embeddable":true,"href":"https:\/\/pikark.com\/en\/wp-json\/wp\/v2\/comments?post=31373"}],"wp:featuredmedia":[{"embeddable":true,"href":"https:\/\/pikark.com\/en\/wp-json\/wp\/v2\/media\/31378"}],"wp:attachment":[{"href":"https:\/\/pikark.com\/en\/wp-json\/wp\/v2\/media?parent=31373"}],"wp:term":[{"taxonomy":"product_cat","embeddable":true,"href":"https:\/\/pikark.com\/en\/wp-json\/wp\/v2\/product_cat?post=31373"},{"taxonomy":"product_tag","embeddable":true,"href":"https:\/\/pikark.com\/en\/wp-json\/wp\/v2\/product_tag?post=31373"}],"curies":[{"name":"wp","href":"https:\/\/api.w.org\/{rel}","templated":true}]}}