{"id":31212,"date":"2022-10-07T10:25:05","date_gmt":"2022-10-07T10:25:05","guid":{"rendered":"http:\/\/pikark.com\/?post_type=product&#038;p=31212"},"modified":"2022-10-07T11:33:32","modified_gmt":"2022-10-07T11:33:32","slug":"ilve-nostalgie-series","status":"publish","type":"product","link":"https:\/\/pikark.com\/en\/product\/ilve-nostalgie-series\/","title":{"rendered":"Ilve Nostalgie Series"},"content":{"rendered":"<p>-Precise electronic temperature control<\/p>\n<p>-One control for both ovens<\/p>\n<p>-Steam discharge<\/p>\n<p>&#8211;<span class=\"Y2IQFc\" lang=\"sq\">Door and drawer with soft-closing system<\/span><\/p>\n<p>-Highly specialised hobs<\/p>","protected":false},"excerpt":{"rendered":"<p><span class=\"Y2IQFc\" lang=\"en\">At the inauguration day, this <a href=\"https:\/\/vanto.al\/\">stove<\/a> received a lot of attention. Its design takes you back in time, to your grandmother&#8217;s house and her delicious cooking. <\/span><span class=\"Y2IQFc\" lang=\"en\">The special feature of this stove is that every part can be assembled, modified, and the color changed. <\/span><span class=\"Y2IQFc\" lang=\"en\">It&#8217;s a stove that it&#8217;s easy to adapt when you change the house interior.<\/span><\/p>\n<p><span class=\"Y2IQFc\" lang=\"en\">It comes in 5 <a href=\"https:\/\/pikark.com\/en\/members\/vanto-home\/news\/\">versions<\/a>, with a double induction electric oven.<\/span><\/p>\n","protected":false},"featured_media":31213,"comment_status":"open","ping_status":"closed","template":"","meta":[],"product_cat":[778,896,771,776],"product_tag":[906,908,907,892],"yoast_head":"<!-- This site is optimized with the Yoast SEO plugin v21.7 - https:\/\/yoast.com\/wordpress\/plugins\/seo\/ -->\n<title>Ilve Nostalgie Series - Pikark<\/title>\n<meta name=\"description\" content=\"N\u00eb inagurimin q\u00eb showroomi i Vantos pati, kjo sob\u00eb mori v\u00ebmendjen e shum\u00eb njer\u00ebzve. Dizajni i saj t\u00eb kthen pas n\u00eb koh\u00eb, drejt e te sht\u00ebpia\" \/>\n<meta name=\"robots\" content=\"index, follow, max-snippet:-1, max-image-preview:large, max-video-preview:-1\" \/>\n<link rel=\"canonical\" href=\"https:\/\/pikark.com\/en\/product\/ilve-nostalgie-series\/\" \/>\n<meta property=\"og:locale\" content=\"en_US\" \/>\n<meta property=\"og:type\" content=\"article\" \/>\n<meta property=\"og:title\" content=\"Ilve Nostalgie Series - Pikark\" \/>\n<meta property=\"og:description\" content=\"N\u00eb inagurimin q\u00eb showroomi i Vantos pati, kjo sob\u00eb mori v\u00ebmendjen e shum\u00eb njer\u00ebzve. Dizajni i saj t\u00eb kthen pas n\u00eb koh\u00eb, drejt e te sht\u00ebpia\" \/>\n<meta property=\"og:url\" content=\"https:\/\/pikark.com\/en\/product\/ilve-nostalgie-series\/\" \/>\n<meta property=\"og:site_name\" content=\"Pikark\" \/>\n<meta property=\"article:publisher\" content=\"https:\/\/www.facebook.com\/pikark.al\" \/>\n<meta property=\"article:modified_time\" content=\"2022-10-07T11:33:32+00:00\" \/>\n<meta property=\"og:image\" content=\"https:\/\/pikark.com\/wp-content\/uploads\/2022\/10\/008.jpg\" \/>\n\t<meta property=\"og:image:width\" content=\"2507\" \/>\n\t<meta property=\"og:image:height\" content=\"3761\" \/>\n\t<meta property=\"og:image:type\" content=\"image\/jpeg\" \/>\n<meta name=\"twitter:card\" content=\"summary_large_image\" \/>\n<meta name=\"twitter:label1\" content=\"Est. reading time\" \/>\n\t<meta name=\"twitter:data1\" content=\"1 minute\" \/>\n<script type=\"application\/ld+json\" class=\"yoast-schema-graph\">{\"@context\":\"https:\/\/schema.org\",\"@graph\":[{\"@type\":\"WebPage\",\"@id\":\"https:\/\/pikark.com\/en\/product\/ilve-nostalgie-series\/\",\"url\":\"https:\/\/pikark.com\/en\/product\/ilve-nostalgie-series\/\",\"name\":\"Ilve Nostalgie Series - Pikark\",\"isPartOf\":{\"@id\":\"https:\/\/pikark.com\/#website\"},\"datePublished\":\"2022-10-07T10:25:05+00:00\",\"dateModified\":\"2022-10-07T11:33:32+00:00\",\"description\":\"N\u00eb inagurimin q\u00eb showroomi i Vantos pati, kjo sob\u00eb mori v\u00ebmendjen e shum\u00eb njer\u00ebzve. Dizajni i saj t\u00eb kthen pas n\u00eb koh\u00eb, drejt e te sht\u00ebpia\",\"breadcrumb\":{\"@id\":\"https:\/\/pikark.com\/en\/product\/ilve-nostalgie-series\/#breadcrumb\"},\"inLanguage\":\"en-US\",\"potentialAction\":[{\"@type\":\"ReadAction\",\"target\":[\"https:\/\/pikark.com\/en\/product\/ilve-nostalgie-series\/\"]}]},{\"@type\":\"BreadcrumbList\",\"@id\":\"https:\/\/pikark.com\/en\/product\/ilve-nostalgie-series\/#breadcrumb\",\"itemListElement\":[{\"@type\":\"ListItem\",\"position\":1,\"name\":\"Home\",\"item\":\"https:\/\/pikark.com\/\"},{\"@type\":\"ListItem\",\"position\":2,\"name\":\"Shop\",\"item\":\"https:\/\/pikark.com\/en\/shop\/\"},{\"@type\":\"ListItem\",\"position\":3,\"name\":\"Ilve Nostalgie Series\"}]},{\"@type\":\"WebSite\",\"@id\":\"https:\/\/pikark.com\/#website\",\"url\":\"https:\/\/pikark.com\/\",\"name\":\"Pikark\",\"description\":\"Explore inspiring projects and find the right architects, brand &amp; manufacturers!\",\"publisher\":{\"@id\":\"https:\/\/pikark.com\/#organization\"},\"potentialAction\":[{\"@type\":\"SearchAction\",\"target\":{\"@type\":\"EntryPoint\",\"urlTemplate\":\"https:\/\/pikark.com\/?s={search_term_string}\"},\"query-input\":\"required name=search_term_string\"}],\"inLanguage\":\"en-US\"},{\"@type\":\"Organization\",\"@id\":\"https:\/\/pikark.com\/#organization\",\"name\":\"Pikark\",\"url\":\"https:\/\/pikark.com\/\",\"logo\":{\"@type\":\"ImageObject\",\"inLanguage\":\"en-US\",\"@id\":\"https:\/\/pikark.com\/#\/schema\/logo\/image\/\",\"url\":\"https:\/\/pikark.com\/wp-content\/uploads\/2020\/12\/LOGO_PIKARK-01-1.png\",\"contentUrl\":\"https:\/\/pikark.com\/wp-content\/uploads\/2020\/12\/LOGO_PIKARK-01-1.png\",\"width\":2362,\"height\":2362,\"caption\":\"Pikark\"},\"image\":{\"@id\":\"https:\/\/pikark.com\/#\/schema\/logo\/image\/\"},\"sameAs\":[\"https:\/\/www.facebook.com\/pikark.al\",\"https:\/\/www.instagram.com\/pik.ark\/\"]}]}<\/script>\n<!-- \/ Yoast SEO plugin. -->","yoast_head_json":{"title":"Ilve Nostalgie Series - Pikark","description":"N\u00eb inagurimin q\u00eb showroomi i Vantos pati, kjo sob\u00eb mori v\u00ebmendjen e shum\u00eb njer\u00ebzve. Dizajni i saj t\u00eb kthen pas n\u00eb koh\u00eb, drejt e te sht\u00ebpia","robots":{"index":"index","follow":"follow","max-snippet":"max-snippet:-1","max-image-preview":"max-image-preview:large","max-video-preview":"max-video-preview:-1"},"canonical":"https:\/\/pikark.com\/en\/product\/ilve-nostalgie-series\/","og_locale":"en_US","og_type":"article","og_title":"Ilve Nostalgie Series - Pikark","og_description":"N\u00eb inagurimin q\u00eb showroomi i Vantos pati, kjo sob\u00eb mori v\u00ebmendjen e shum\u00eb njer\u00ebzve. Dizajni i saj t\u00eb kthen pas n\u00eb koh\u00eb, drejt e te sht\u00ebpia","og_url":"https:\/\/pikark.com\/en\/product\/ilve-nostalgie-series\/","og_site_name":"Pikark","article_publisher":"https:\/\/www.facebook.com\/pikark.al","article_modified_time":"2022-10-07T11:33:32+00:00","og_image":[{"width":2507,"height":3761,"url":"https:\/\/pikark.com\/wp-content\/uploads\/2022\/10\/008.jpg","type":"image\/jpeg"}],"twitter_card":"summary_large_image","twitter_misc":{"Est. reading time":"1 minute"},"schema":{"@context":"https:\/\/schema.org","@graph":[{"@type":"WebPage","@id":"https:\/\/pikark.com\/en\/product\/ilve-nostalgie-series\/","url":"https:\/\/pikark.com\/en\/product\/ilve-nostalgie-series\/","name":"Ilve Nostalgie Series - Pikark","isPartOf":{"@id":"https:\/\/pikark.com\/#website"},"datePublished":"2022-10-07T10:25:05+00:00","dateModified":"2022-10-07T11:33:32+00:00","description":"N\u00eb inagurimin q\u00eb showroomi i Vantos pati, kjo sob\u00eb mori v\u00ebmendjen e shum\u00eb njer\u00ebzve. Dizajni i saj t\u00eb kthen pas n\u00eb koh\u00eb, drejt e te sht\u00ebpia","breadcrumb":{"@id":"https:\/\/pikark.com\/en\/product\/ilve-nostalgie-series\/#breadcrumb"},"inLanguage":"en-US","potentialAction":[{"@type":"ReadAction","target":["https:\/\/pikark.com\/en\/product\/ilve-nostalgie-series\/"]}]},{"@type":"BreadcrumbList","@id":"https:\/\/pikark.com\/en\/product\/ilve-nostalgie-series\/#breadcrumb","itemListElement":[{"@type":"ListItem","position":1,"name":"Home","item":"https:\/\/pikark.com\/"},{"@type":"ListItem","position":2,"name":"Shop","item":"https:\/\/pikark.com\/en\/shop\/"},{"@type":"ListItem","position":3,"name":"Ilve Nostalgie Series"}]},{"@type":"WebSite","@id":"https:\/\/pikark.com\/#website","url":"https:\/\/pikark.com\/","name":"Pikark","description":"Explore inspiring projects and find the right architects, brand &amp; manufacturers!","publisher":{"@id":"https:\/\/pikark.com\/#organization"},"potentialAction":[{"@type":"SearchAction","target":{"@type":"EntryPoint","urlTemplate":"https:\/\/pikark.com\/?s={search_term_string}"},"query-input":"required name=search_term_string"}],"inLanguage":"en-US"},{"@type":"Organization","@id":"https:\/\/pikark.com\/#organization","name":"Pikark","url":"https:\/\/pikark.com\/","logo":{"@type":"ImageObject","inLanguage":"en-US","@id":"https:\/\/pikark.com\/#\/schema\/logo\/image\/","url":"https:\/\/pikark.com\/wp-content\/uploads\/2020\/12\/LOGO_PIKARK-01-1.png","contentUrl":"https:\/\/pikark.com\/wp-content\/uploads\/2020\/12\/LOGO_PIKARK-01-1.png","width":2362,"height":2362,"caption":"Pikark"},"image":{"@id":"https:\/\/pikark.com\/#\/schema\/logo\/image\/"},"sameAs":["https:\/\/www.facebook.com\/pikark.al","https:\/\/www.instagram.com\/pik.ark\/"]}]}},"_links":{"self":[{"href":"https:\/\/pikark.com\/en\/wp-json\/wp\/v2\/product\/31212"}],"collection":[{"href":"https:\/\/pikark.com\/en\/wp-json\/wp\/v2\/product"}],"about":[{"href":"https:\/\/pikark.com\/en\/wp-json\/wp\/v2\/types\/product"}],"replies":[{"embeddable":true,"href":"https:\/\/pikark.com\/en\/wp-json\/wp\/v2\/comments?post=31212"}],"wp:featuredmedia":[{"embeddable":true,"href":"https:\/\/pikark.com\/en\/wp-json\/wp\/v2\/media\/31213"}],"wp:attachment":[{"href":"https:\/\/pikark.com\/en\/wp-json\/wp\/v2\/media?parent=31212"}],"wp:term":[{"taxonomy":"product_cat","embeddable":true,"href":"https:\/\/pikark.com\/en\/wp-json\/wp\/v2\/product_cat?post=31212"},{"taxonomy":"product_tag","embeddable":true,"href":"https:\/\/pikark.com\/en\/wp-json\/wp\/v2\/product_tag?post=31212"}],"curies":[{"name":"wp","href":"https:\/\/api.w.org\/{rel}","templated":true}]}}