{"id":30760,"date":"2022-08-29T10:13:17","date_gmt":"2022-08-29T10:13:17","guid":{"rendered":"http:\/\/pikark.com\/?post_type=product&#038;p=30760"},"modified":"2022-08-29T10:23:50","modified_gmt":"2022-08-29T10:23:50","slug":"key-west","status":"publish","type":"product","link":"https:\/\/pikark.com\/en\/product\/key-west\/","title":{"rendered":"Key West"},"content":{"rendered":"","protected":false},"excerpt":{"rendered":"<div class=\"current-comment js-friendly-links js-open-card\">\n<p><span class=\"Y2IQFc\" lang=\"sq\"><strong><a href=\"https:\/\/pikark.com\/en\/members\/almex-contract-furniture\/store\/\">Key West<\/a><\/strong><\/span> fits within a collection featuring harmonious shapes. Its profile is marked by an alternation of straight and curved lines, creating a connection between the artificial world and the soft forms of the human body. Steel armchair characterised by a large and welcoming shell woven with a flat rope in weather-resistant polypropylene. <span class=\"Y2IQFc\" lang=\"sq\"><strong><a href=\"https:\/\/almex.al\/\">Key West<\/a><\/strong><\/span> distinguishing feature is the combination of a woven body and a tubular steel frame with slats for the seat. These are screwed, making them easy to disassemble and recycle. A comfortable cushion made from dry-feel polyurethane foam that dries quickly, is covered in fabric for outdoor use.<\/p>\n<\/div>\n<p><span class=\"Y2IQFc\" lang=\"sq\">\u00a0<\/span><\/p>\n","protected":false},"featured_media":30764,"comment_status":"open","ping_status":"closed","template":"","meta":[],"product_cat":[656],"product_tag":[822,658,657,833],"yoast_head":"<!-- This site is optimized with the Yoast SEO plugin v21.7 - https:\/\/yoast.com\/wordpress\/plugins\/seo\/ -->\n<title>Key West - Pikark<\/title>\n<meta name=\"description\" content=\"Key West \u00ebsht\u00eb nj\u00eb koleksion me forma harmonike. Profili i saj sh\u00ebnohet nga nj\u00eb alternim i vijave t\u00eb drejta dhe t\u00eb lakuara, duke\" \/>\n<meta name=\"robots\" content=\"index, follow, max-snippet:-1, max-image-preview:large, max-video-preview:-1\" \/>\n<link rel=\"canonical\" href=\"https:\/\/pikark.com\/product\/key-west\/\" \/>\n<meta property=\"og:locale\" content=\"en_US\" \/>\n<meta property=\"og:type\" content=\"article\" \/>\n<meta property=\"og:title\" content=\"Key West - Pikark\" \/>\n<meta property=\"og:description\" content=\"Key West \u00ebsht\u00eb nj\u00eb koleksion me forma harmonike. Profili i saj sh\u00ebnohet nga nj\u00eb alternim i vijave t\u00eb drejta dhe t\u00eb lakuara, duke\" \/>\n<meta property=\"og:url\" content=\"https:\/\/pikark.com\/product\/key-west\/\" \/>\n<meta property=\"og:site_name\" content=\"Pikark\" \/>\n<meta property=\"article:publisher\" content=\"https:\/\/www.facebook.com\/pikark.al\" \/>\n<meta property=\"article:modified_time\" content=\"2022-08-29T10:23:50+00:00\" \/>\n<meta property=\"og:image\" content=\"https:\/\/pikark.com\/wp-content\/uploads\/2022\/08\/LUNGHE-key-west2.jpg\" \/>\n\t<meta property=\"og:image:width\" content=\"2000\" \/>\n\t<meta property=\"og:image:height\" content=\"907\" \/>\n\t<meta property=\"og:image:type\" content=\"image\/jpeg\" \/>\n<meta name=\"twitter:card\" content=\"summary_large_image\" \/>\n<script type=\"application\/ld+json\" class=\"yoast-schema-graph\">{\"@context\":\"https:\/\/schema.org\",\"@graph\":[{\"@type\":\"WebPage\",\"@id\":\"https:\/\/pikark.com\/product\/key-west\/\",\"url\":\"https:\/\/pikark.com\/product\/key-west\/\",\"name\":\"Key West - Pikark\",\"isPartOf\":{\"@id\":\"https:\/\/pikark.com\/#website\"},\"datePublished\":\"2022-08-29T10:13:17+00:00\",\"dateModified\":\"2022-08-29T10:23:50+00:00\",\"description\":\"Key West \u00ebsht\u00eb nj\u00eb koleksion me forma harmonike. Profili i saj sh\u00ebnohet nga nj\u00eb alternim i vijave t\u00eb drejta dhe t\u00eb lakuara, duke\",\"breadcrumb\":{\"@id\":\"https:\/\/pikark.com\/product\/key-west\/#breadcrumb\"},\"inLanguage\":\"en-US\",\"potentialAction\":[{\"@type\":\"ReadAction\",\"target\":[\"https:\/\/pikark.com\/product\/key-west\/\"]}]},{\"@type\":\"BreadcrumbList\",\"@id\":\"https:\/\/pikark.com\/product\/key-west\/#breadcrumb\",\"itemListElement\":[{\"@type\":\"ListItem\",\"position\":1,\"name\":\"Home\",\"item\":\"https:\/\/pikark.com\/\"},{\"@type\":\"ListItem\",\"position\":2,\"name\":\"Shop\",\"item\":\"https:\/\/pikark.com\/en\/shop\/\"},{\"@type\":\"ListItem\",\"position\":3,\"name\":\"Key West\"}]},{\"@type\":\"WebSite\",\"@id\":\"https:\/\/pikark.com\/#website\",\"url\":\"https:\/\/pikark.com\/\",\"name\":\"Pikark\",\"description\":\"Explore inspiring projects and find the right architects, brand &amp; manufacturers!\",\"publisher\":{\"@id\":\"https:\/\/pikark.com\/#organization\"},\"potentialAction\":[{\"@type\":\"SearchAction\",\"target\":{\"@type\":\"EntryPoint\",\"urlTemplate\":\"https:\/\/pikark.com\/?s={search_term_string}\"},\"query-input\":\"required name=search_term_string\"}],\"inLanguage\":\"en-US\"},{\"@type\":\"Organization\",\"@id\":\"https:\/\/pikark.com\/#organization\",\"name\":\"Pikark\",\"url\":\"https:\/\/pikark.com\/\",\"logo\":{\"@type\":\"ImageObject\",\"inLanguage\":\"en-US\",\"@id\":\"https:\/\/pikark.com\/#\/schema\/logo\/image\/\",\"url\":\"https:\/\/pikark.com\/wp-content\/uploads\/2020\/12\/LOGO_PIKARK-01-1.png\",\"contentUrl\":\"https:\/\/pikark.com\/wp-content\/uploads\/2020\/12\/LOGO_PIKARK-01-1.png\",\"width\":2362,\"height\":2362,\"caption\":\"Pikark\"},\"image\":{\"@id\":\"https:\/\/pikark.com\/#\/schema\/logo\/image\/\"},\"sameAs\":[\"https:\/\/www.facebook.com\/pikark.al\",\"https:\/\/www.instagram.com\/pik.ark\/\"]}]}<\/script>\n<!-- \/ Yoast SEO plugin. -->","yoast_head_json":{"title":"Key West - Pikark","description":"Key West \u00ebsht\u00eb nj\u00eb koleksion me forma harmonike. Profili i saj sh\u00ebnohet nga nj\u00eb alternim i vijave t\u00eb drejta dhe t\u00eb lakuara, duke","robots":{"index":"index","follow":"follow","max-snippet":"max-snippet:-1","max-image-preview":"max-image-preview:large","max-video-preview":"max-video-preview:-1"},"canonical":"https:\/\/pikark.com\/product\/key-west\/","og_locale":"en_US","og_type":"article","og_title":"Key West - Pikark","og_description":"Key West \u00ebsht\u00eb nj\u00eb koleksion me forma harmonike. Profili i saj sh\u00ebnohet nga nj\u00eb alternim i vijave t\u00eb drejta dhe t\u00eb lakuara, duke","og_url":"https:\/\/pikark.com\/product\/key-west\/","og_site_name":"Pikark","article_publisher":"https:\/\/www.facebook.com\/pikark.al","article_modified_time":"2022-08-29T10:23:50+00:00","og_image":[{"width":2000,"height":907,"url":"https:\/\/pikark.com\/wp-content\/uploads\/2022\/08\/LUNGHE-key-west2.jpg","type":"image\/jpeg"}],"twitter_card":"summary_large_image","schema":{"@context":"https:\/\/schema.org","@graph":[{"@type":"WebPage","@id":"https:\/\/pikark.com\/product\/key-west\/","url":"https:\/\/pikark.com\/product\/key-west\/","name":"Key West - Pikark","isPartOf":{"@id":"https:\/\/pikark.com\/#website"},"datePublished":"2022-08-29T10:13:17+00:00","dateModified":"2022-08-29T10:23:50+00:00","description":"Key West \u00ebsht\u00eb nj\u00eb koleksion me forma harmonike. Profili i saj sh\u00ebnohet nga nj\u00eb alternim i vijave t\u00eb drejta dhe t\u00eb lakuara, duke","breadcrumb":{"@id":"https:\/\/pikark.com\/product\/key-west\/#breadcrumb"},"inLanguage":"en-US","potentialAction":[{"@type":"ReadAction","target":["https:\/\/pikark.com\/product\/key-west\/"]}]},{"@type":"BreadcrumbList","@id":"https:\/\/pikark.com\/product\/key-west\/#breadcrumb","itemListElement":[{"@type":"ListItem","position":1,"name":"Home","item":"https:\/\/pikark.com\/"},{"@type":"ListItem","position":2,"name":"Shop","item":"https:\/\/pikark.com\/en\/shop\/"},{"@type":"ListItem","position":3,"name":"Key West"}]},{"@type":"WebSite","@id":"https:\/\/pikark.com\/#website","url":"https:\/\/pikark.com\/","name":"Pikark","description":"Explore inspiring projects and find the right architects, brand &amp; manufacturers!","publisher":{"@id":"https:\/\/pikark.com\/#organization"},"potentialAction":[{"@type":"SearchAction","target":{"@type":"EntryPoint","urlTemplate":"https:\/\/pikark.com\/?s={search_term_string}"},"query-input":"required name=search_term_string"}],"inLanguage":"en-US"},{"@type":"Organization","@id":"https:\/\/pikark.com\/#organization","name":"Pikark","url":"https:\/\/pikark.com\/","logo":{"@type":"ImageObject","inLanguage":"en-US","@id":"https:\/\/pikark.com\/#\/schema\/logo\/image\/","url":"https:\/\/pikark.com\/wp-content\/uploads\/2020\/12\/LOGO_PIKARK-01-1.png","contentUrl":"https:\/\/pikark.com\/wp-content\/uploads\/2020\/12\/LOGO_PIKARK-01-1.png","width":2362,"height":2362,"caption":"Pikark"},"image":{"@id":"https:\/\/pikark.com\/#\/schema\/logo\/image\/"},"sameAs":["https:\/\/www.facebook.com\/pikark.al","https:\/\/www.instagram.com\/pik.ark\/"]}]}},"_links":{"self":[{"href":"https:\/\/pikark.com\/en\/wp-json\/wp\/v2\/product\/30760"}],"collection":[{"href":"https:\/\/pikark.com\/en\/wp-json\/wp\/v2\/product"}],"about":[{"href":"https:\/\/pikark.com\/en\/wp-json\/wp\/v2\/types\/product"}],"replies":[{"embeddable":true,"href":"https:\/\/pikark.com\/en\/wp-json\/wp\/v2\/comments?post=30760"}],"wp:featuredmedia":[{"embeddable":true,"href":"https:\/\/pikark.com\/en\/wp-json\/wp\/v2\/media\/30764"}],"wp:attachment":[{"href":"https:\/\/pikark.com\/en\/wp-json\/wp\/v2\/media?parent=30760"}],"wp:term":[{"taxonomy":"product_cat","embeddable":true,"href":"https:\/\/pikark.com\/en\/wp-json\/wp\/v2\/product_cat?post=30760"},{"taxonomy":"product_tag","embeddable":true,"href":"https:\/\/pikark.com\/en\/wp-json\/wp\/v2\/product_tag?post=30760"}],"curies":[{"name":"wp","href":"https:\/\/api.w.org\/{rel}","templated":true}]}}