{"id":30723,"date":"2022-08-26T08:05:10","date_gmt":"2022-08-26T08:05:10","guid":{"rendered":"http:\/\/pikark.com\/?post_type=product&#038;p=30723"},"modified":"2022-08-26T08:42:07","modified_gmt":"2022-08-26T08:42:07","slug":"aspiratori-falmec-sophie","status":"publish","type":"product","link":"https:\/\/pikark.com\/en\/product\/aspiratori-falmec-sophie\/","title":{"rendered":"Aspiratori Falmec &#8211; \u2018Sophie\u2019"},"content":{"rendered":"","protected":false},"excerpt":{"rendered":"<p><a href=\"https:\/\/pikark.com\/en\/members\/vanto-home\/store\/\"><strong>Falmec<\/strong> <\/a><span class=\"Y2IQFc\" lang=\"en\">has always worked with experienced designers to create unique products. EMO DESIGN, founded by Lukasz Bertoli and Carlo Ciciliot, is a team of designers and specialists who believe in innovation as a competitive advantage for companies. This studio has designed one of Falmec&#8217;s most successful aspirators, &#8216;Sophie&#8217; &#8211; Circle Tech, awarded with the &#8216;Red Dot Design&#8217; award in 2010 as representative of a contemporary and attractive design.<\/span><\/p>\n<div id=\"tw-target-text-container\" class=\"tw-ta-container F0azHf tw-nfl\" tabindex=\"0\">\n<p id=\"tw-target-text\" class=\"tw-data-text tw-text-large tw-ta\" dir=\"ltr\" data-placeholder=\"Translation\"><span class=\"Y2IQFc\" lang=\"en\">Falmec has successfully developed the style and identity of each product, combining elegance, attention to detail and offers ideal solutions for every environment, taste and desire.<\/span><\/p>\n<\/div>\n<div id=\"tw-target-text-container\" class=\"tw-ta-container F0azHf tw-nfl\" tabindex=\"0\">\n<p id=\"tw-target-text\" class=\"tw-data-text tw-text-large tw-ta\" dir=\"ltr\" data-placeholder=\"Translation\"><span class=\"Y2IQFc\" lang=\"en\">-Circle Tech, is a new form of aspiration powered by Falmec, equipped with an innovative system that integrates suction and filtration in a single body.<\/span><\/p>\n<\/div>\n<p><span class=\"Y2IQFc\" lang=\"en\">You can find the special collection of Falmec aspirators in the <a href=\"https:\/\/vanto.al\/\"><strong>Vanto<\/strong><\/a> showroom, as an exclusive partner for Albania.<\/span><\/p>\n","protected":false},"featured_media":30724,"comment_status":"open","ping_status":"closed","template":"","meta":[],"product_cat":[778],"product_tag":[903,893,892],"yoast_head":"<!-- This site is optimized with the Yoast SEO plugin v21.7 - https:\/\/yoast.com\/wordpress\/plugins\/seo\/ -->\n<title>Aspiratori Falmec - \u2018Sophie\u2019 - Pikark<\/title>\n<meta name=\"description\" content=\"Falmec ka punuar gjithmon\u00eb me dizenjues me p\u00ebrvoj\u00eb, p\u00ebr t\u00eb krijuar produkte unike. EMO DESIGN, i themeluar nga Lukasz Bertoli dhe\" \/>\n<meta name=\"robots\" content=\"index, follow, max-snippet:-1, max-image-preview:large, max-video-preview:-1\" \/>\n<link rel=\"canonical\" href=\"https:\/\/pikark.com\/en\/product\/aspiratori-falmec-sophie\/\" \/>\n<meta property=\"og:locale\" content=\"en_US\" \/>\n<meta property=\"og:type\" content=\"article\" \/>\n<meta property=\"og:title\" content=\"Aspiratori Falmec - \u2018Sophie\u2019 - Pikark\" \/>\n<meta property=\"og:description\" content=\"Falmec ka punuar gjithmon\u00eb me dizenjues me p\u00ebrvoj\u00eb, p\u00ebr t\u00eb krijuar produkte unike. EMO DESIGN, i themeluar nga Lukasz Bertoli dhe\" \/>\n<meta property=\"og:url\" content=\"https:\/\/pikark.com\/en\/product\/aspiratori-falmec-sophie\/\" \/>\n<meta property=\"og:site_name\" content=\"Pikark\" \/>\n<meta property=\"article:publisher\" content=\"https:\/\/www.facebook.com\/pikark.al\" \/>\n<meta property=\"article:modified_time\" content=\"2022-08-26T08:42:07+00:00\" \/>\n<meta property=\"og:image\" content=\"https:\/\/pikark.com\/wp-content\/uploads\/2022\/08\/Sophie-by-Falmec-2.jpg\" \/>\n\t<meta property=\"og:image:width\" content=\"1000\" \/>\n\t<meta property=\"og:image:height\" content=\"1000\" \/>\n\t<meta property=\"og:image:type\" content=\"image\/jpeg\" \/>\n<meta name=\"twitter:card\" content=\"summary_large_image\" \/>\n<script type=\"application\/ld+json\" class=\"yoast-schema-graph\">{\"@context\":\"https:\/\/schema.org\",\"@graph\":[{\"@type\":\"WebPage\",\"@id\":\"https:\/\/pikark.com\/en\/product\/aspiratori-falmec-sophie\/\",\"url\":\"https:\/\/pikark.com\/en\/product\/aspiratori-falmec-sophie\/\",\"name\":\"Aspiratori Falmec - \u2018Sophie\u2019 - Pikark\",\"isPartOf\":{\"@id\":\"https:\/\/pikark.com\/#website\"},\"datePublished\":\"2022-08-26T08:05:10+00:00\",\"dateModified\":\"2022-08-26T08:42:07+00:00\",\"description\":\"Falmec ka punuar gjithmon\u00eb me dizenjues me p\u00ebrvoj\u00eb, p\u00ebr t\u00eb krijuar produkte unike. EMO DESIGN, i themeluar nga Lukasz Bertoli dhe\",\"breadcrumb\":{\"@id\":\"https:\/\/pikark.com\/en\/product\/aspiratori-falmec-sophie\/#breadcrumb\"},\"inLanguage\":\"en-US\",\"potentialAction\":[{\"@type\":\"ReadAction\",\"target\":[\"https:\/\/pikark.com\/en\/product\/aspiratori-falmec-sophie\/\"]}]},{\"@type\":\"BreadcrumbList\",\"@id\":\"https:\/\/pikark.com\/en\/product\/aspiratori-falmec-sophie\/#breadcrumb\",\"itemListElement\":[{\"@type\":\"ListItem\",\"position\":1,\"name\":\"Home\",\"item\":\"https:\/\/pikark.com\/\"},{\"@type\":\"ListItem\",\"position\":2,\"name\":\"Shop\",\"item\":\"https:\/\/pikark.com\/en\/shop\/\"},{\"@type\":\"ListItem\",\"position\":3,\"name\":\"Aspiratori Falmec &#8211; \u2018Sophie\u2019\"}]},{\"@type\":\"WebSite\",\"@id\":\"https:\/\/pikark.com\/#website\",\"url\":\"https:\/\/pikark.com\/\",\"name\":\"Pikark\",\"description\":\"Explore inspiring projects and find the right architects, brand &amp; manufacturers!\",\"publisher\":{\"@id\":\"https:\/\/pikark.com\/#organization\"},\"potentialAction\":[{\"@type\":\"SearchAction\",\"target\":{\"@type\":\"EntryPoint\",\"urlTemplate\":\"https:\/\/pikark.com\/?s={search_term_string}\"},\"query-input\":\"required name=search_term_string\"}],\"inLanguage\":\"en-US\"},{\"@type\":\"Organization\",\"@id\":\"https:\/\/pikark.com\/#organization\",\"name\":\"Pikark\",\"url\":\"https:\/\/pikark.com\/\",\"logo\":{\"@type\":\"ImageObject\",\"inLanguage\":\"en-US\",\"@id\":\"https:\/\/pikark.com\/#\/schema\/logo\/image\/\",\"url\":\"https:\/\/pikark.com\/wp-content\/uploads\/2020\/12\/LOGO_PIKARK-01-1.png\",\"contentUrl\":\"https:\/\/pikark.com\/wp-content\/uploads\/2020\/12\/LOGO_PIKARK-01-1.png\",\"width\":2362,\"height\":2362,\"caption\":\"Pikark\"},\"image\":{\"@id\":\"https:\/\/pikark.com\/#\/schema\/logo\/image\/\"},\"sameAs\":[\"https:\/\/www.facebook.com\/pikark.al\",\"https:\/\/www.instagram.com\/pik.ark\/\"]}]}<\/script>\n<!-- \/ Yoast SEO plugin. -->","yoast_head_json":{"title":"Aspiratori Falmec - \u2018Sophie\u2019 - Pikark","description":"Falmec ka punuar gjithmon\u00eb me dizenjues me p\u00ebrvoj\u00eb, p\u00ebr t\u00eb krijuar produkte unike. EMO DESIGN, i themeluar nga Lukasz Bertoli dhe","robots":{"index":"index","follow":"follow","max-snippet":"max-snippet:-1","max-image-preview":"max-image-preview:large","max-video-preview":"max-video-preview:-1"},"canonical":"https:\/\/pikark.com\/en\/product\/aspiratori-falmec-sophie\/","og_locale":"en_US","og_type":"article","og_title":"Aspiratori Falmec - \u2018Sophie\u2019 - Pikark","og_description":"Falmec ka punuar gjithmon\u00eb me dizenjues me p\u00ebrvoj\u00eb, p\u00ebr t\u00eb krijuar produkte unike. EMO DESIGN, i themeluar nga Lukasz Bertoli dhe","og_url":"https:\/\/pikark.com\/en\/product\/aspiratori-falmec-sophie\/","og_site_name":"Pikark","article_publisher":"https:\/\/www.facebook.com\/pikark.al","article_modified_time":"2022-08-26T08:42:07+00:00","og_image":[{"width":1000,"height":1000,"url":"https:\/\/pikark.com\/wp-content\/uploads\/2022\/08\/Sophie-by-Falmec-2.jpg","type":"image\/jpeg"}],"twitter_card":"summary_large_image","schema":{"@context":"https:\/\/schema.org","@graph":[{"@type":"WebPage","@id":"https:\/\/pikark.com\/en\/product\/aspiratori-falmec-sophie\/","url":"https:\/\/pikark.com\/en\/product\/aspiratori-falmec-sophie\/","name":"Aspiratori Falmec - \u2018Sophie\u2019 - Pikark","isPartOf":{"@id":"https:\/\/pikark.com\/#website"},"datePublished":"2022-08-26T08:05:10+00:00","dateModified":"2022-08-26T08:42:07+00:00","description":"Falmec ka punuar gjithmon\u00eb me dizenjues me p\u00ebrvoj\u00eb, p\u00ebr t\u00eb krijuar produkte unike. EMO DESIGN, i themeluar nga Lukasz Bertoli dhe","breadcrumb":{"@id":"https:\/\/pikark.com\/en\/product\/aspiratori-falmec-sophie\/#breadcrumb"},"inLanguage":"en-US","potentialAction":[{"@type":"ReadAction","target":["https:\/\/pikark.com\/en\/product\/aspiratori-falmec-sophie\/"]}]},{"@type":"BreadcrumbList","@id":"https:\/\/pikark.com\/en\/product\/aspiratori-falmec-sophie\/#breadcrumb","itemListElement":[{"@type":"ListItem","position":1,"name":"Home","item":"https:\/\/pikark.com\/"},{"@type":"ListItem","position":2,"name":"Shop","item":"https:\/\/pikark.com\/en\/shop\/"},{"@type":"ListItem","position":3,"name":"Aspiratori Falmec &#8211; \u2018Sophie\u2019"}]},{"@type":"WebSite","@id":"https:\/\/pikark.com\/#website","url":"https:\/\/pikark.com\/","name":"Pikark","description":"Explore inspiring projects and find the right architects, brand &amp; manufacturers!","publisher":{"@id":"https:\/\/pikark.com\/#organization"},"potentialAction":[{"@type":"SearchAction","target":{"@type":"EntryPoint","urlTemplate":"https:\/\/pikark.com\/?s={search_term_string}"},"query-input":"required name=search_term_string"}],"inLanguage":"en-US"},{"@type":"Organization","@id":"https:\/\/pikark.com\/#organization","name":"Pikark","url":"https:\/\/pikark.com\/","logo":{"@type":"ImageObject","inLanguage":"en-US","@id":"https:\/\/pikark.com\/#\/schema\/logo\/image\/","url":"https:\/\/pikark.com\/wp-content\/uploads\/2020\/12\/LOGO_PIKARK-01-1.png","contentUrl":"https:\/\/pikark.com\/wp-content\/uploads\/2020\/12\/LOGO_PIKARK-01-1.png","width":2362,"height":2362,"caption":"Pikark"},"image":{"@id":"https:\/\/pikark.com\/#\/schema\/logo\/image\/"},"sameAs":["https:\/\/www.facebook.com\/pikark.al","https:\/\/www.instagram.com\/pik.ark\/"]}]}},"_links":{"self":[{"href":"https:\/\/pikark.com\/en\/wp-json\/wp\/v2\/product\/30723"}],"collection":[{"href":"https:\/\/pikark.com\/en\/wp-json\/wp\/v2\/product"}],"about":[{"href":"https:\/\/pikark.com\/en\/wp-json\/wp\/v2\/types\/product"}],"replies":[{"embeddable":true,"href":"https:\/\/pikark.com\/en\/wp-json\/wp\/v2\/comments?post=30723"}],"wp:featuredmedia":[{"embeddable":true,"href":"https:\/\/pikark.com\/en\/wp-json\/wp\/v2\/media\/30724"}],"wp:attachment":[{"href":"https:\/\/pikark.com\/en\/wp-json\/wp\/v2\/media?parent=30723"}],"wp:term":[{"taxonomy":"product_cat","embeddable":true,"href":"https:\/\/pikark.com\/en\/wp-json\/wp\/v2\/product_cat?post=30723"},{"taxonomy":"product_tag","embeddable":true,"href":"https:\/\/pikark.com\/en\/wp-json\/wp\/v2\/product_tag?post=30723"}],"curies":[{"name":"wp","href":"https:\/\/api.w.org\/{rel}","templated":true}]}}