{"id":30636,"date":"2022-08-19T09:06:03","date_gmt":"2022-08-19T09:06:03","guid":{"rendered":"http:\/\/pikark.com\/?post_type=product&#038;p=30636"},"modified":"2022-08-19T09:40:20","modified_gmt":"2022-08-19T09:40:20","slug":"furra-avull-asko","status":"publish","type":"product","link":"https:\/\/pikark.com\/en\/product\/furra-avull-asko\/","title":{"rendered":"Steam oven by ASKO"},"content":{"rendered":"","protected":false},"excerpt":{"rendered":"<p class=\"paragraph paragraph- paragraph-normal gridLimited\"><strong><a href=\"https:\/\/www.asko.com\/al\/sq\/kuzhina\/furra\/combi-me-avull\/507874\">ASKO<\/a><\/strong> combi steam <a href=\"https:\/\/pikark.com\/en\/listing\/asko-vanto\/\">ovens<\/a> use the Pure Steam System to separate condensed water from steam. The water is then re-circulated into the steaming process ensuring proper steaming of the food.<\/p>\n<ul>\n<li>Steam clean<\/li>\n<li>Dual-Soft close<\/li>\n<li>Healthy steam<\/li>\n<li>Sous-vide program<\/li>\n<li>Temperature probe<\/li>\n<li>Telescopic slides with locking function<\/li>\n<\/ul>\n","protected":false},"featured_media":30637,"comment_status":"open","ping_status":"closed","template":"","meta":[],"product_cat":[778,896,897],"product_tag":[898,899,772,892],"yoast_head":"<!-- This site is optimized with the Yoast SEO plugin v21.7 - https:\/\/yoast.com\/wordpress\/plugins\/seo\/ -->\n<title>Steam oven by ASKO - Pikark<\/title>\n<meta name=\"description\" content=\"Furrat e kombinuara me avull t\u00eb ASKO-s p\u00ebrdorin sistemin e avullit t\u00eb past\u00ebr p\u00ebr t\u00eb ndar\u00eb ujin e kondensuar nga avulli.\" \/>\n<meta name=\"robots\" content=\"index, follow, max-snippet:-1, max-image-preview:large, max-video-preview:-1\" \/>\n<link rel=\"canonical\" href=\"https:\/\/pikark.com\/product\/furra-avull-asko\/\" \/>\n<meta property=\"og:locale\" content=\"en_US\" \/>\n<meta property=\"og:type\" content=\"article\" \/>\n<meta property=\"og:title\" content=\"Steam oven by ASKO - Pikark\" \/>\n<meta property=\"og:description\" content=\"Furrat e kombinuara me avull t\u00eb ASKO-s p\u00ebrdorin sistemin e avullit t\u00eb past\u00ebr p\u00ebr t\u00eb ndar\u00eb ujin e kondensuar nga avulli.\" \/>\n<meta property=\"og:url\" content=\"https:\/\/pikark.com\/product\/furra-avull-asko\/\" \/>\n<meta property=\"og:site_name\" content=\"Pikark\" \/>\n<meta property=\"article:publisher\" content=\"https:\/\/www.facebook.com\/pikark.al\" \/>\n<meta property=\"article:modified_time\" content=\"2022-08-19T09:40:20+00:00\" \/>\n<meta property=\"og:image\" content=\"https:\/\/pikark.com\/wp-content\/uploads\/2022\/08\/f8cd305219ca6038401ee131c2af0e42_135381_1.jpg\" \/>\n\t<meta property=\"og:image:width\" content=\"1500\" \/>\n\t<meta property=\"og:image:height\" content=\"1122\" \/>\n\t<meta property=\"og:image:type\" content=\"image\/jpeg\" \/>\n<meta name=\"twitter:card\" content=\"summary_large_image\" \/>\n<script type=\"application\/ld+json\" class=\"yoast-schema-graph\">{\"@context\":\"https:\/\/schema.org\",\"@graph\":[{\"@type\":\"WebPage\",\"@id\":\"https:\/\/pikark.com\/product\/furra-avull-asko\/\",\"url\":\"https:\/\/pikark.com\/product\/furra-avull-asko\/\",\"name\":\"[:sq]Furra me avull nga ASKO[:en]Steam oven by ASKO[:] - Pikark\",\"isPartOf\":{\"@id\":\"https:\/\/pikark.com\/#website\"},\"datePublished\":\"2022-08-19T09:06:03+00:00\",\"dateModified\":\"2022-08-19T09:40:20+00:00\",\"description\":\"Furrat e kombinuara me avull t\u00eb ASKO-s p\u00ebrdorin sistemin e avullit t\u00eb past\u00ebr p\u00ebr t\u00eb ndar\u00eb ujin e kondensuar nga avulli.\",\"breadcrumb\":{\"@id\":\"https:\/\/pikark.com\/product\/furra-avull-asko\/#breadcrumb\"},\"inLanguage\":\"en-US\",\"potentialAction\":[{\"@type\":\"ReadAction\",\"target\":[\"https:\/\/pikark.com\/product\/furra-avull-asko\/\"]}]},{\"@type\":\"BreadcrumbList\",\"@id\":\"https:\/\/pikark.com\/product\/furra-avull-asko\/#breadcrumb\",\"itemListElement\":[{\"@type\":\"ListItem\",\"position\":1,\"name\":\"Home\",\"item\":\"https:\/\/pikark.com\/\"},{\"@type\":\"ListItem\",\"position\":2,\"name\":\"Shop\",\"item\":\"https:\/\/pikark.com\/en\/shop\/\"},{\"@type\":\"ListItem\",\"position\":3,\"name\":\"Furra me avull nga ASKO\"}]},{\"@type\":\"WebSite\",\"@id\":\"https:\/\/pikark.com\/#website\",\"url\":\"https:\/\/pikark.com\/\",\"name\":\"Pikark\",\"description\":\"Explore inspiring projects and find the right architects, brand &amp; manufacturers!\",\"publisher\":{\"@id\":\"https:\/\/pikark.com\/#organization\"},\"potentialAction\":[{\"@type\":\"SearchAction\",\"target\":{\"@type\":\"EntryPoint\",\"urlTemplate\":\"https:\/\/pikark.com\/?s={search_term_string}\"},\"query-input\":\"required name=search_term_string\"}],\"inLanguage\":\"en-US\"},{\"@type\":\"Organization\",\"@id\":\"https:\/\/pikark.com\/#organization\",\"name\":\"Pikark\",\"url\":\"https:\/\/pikark.com\/\",\"logo\":{\"@type\":\"ImageObject\",\"inLanguage\":\"en-US\",\"@id\":\"https:\/\/pikark.com\/#\/schema\/logo\/image\/\",\"url\":\"https:\/\/pikark.com\/wp-content\/uploads\/2020\/12\/LOGO_PIKARK-01-1.png\",\"contentUrl\":\"https:\/\/pikark.com\/wp-content\/uploads\/2020\/12\/LOGO_PIKARK-01-1.png\",\"width\":2362,\"height\":2362,\"caption\":\"Pikark\"},\"image\":{\"@id\":\"https:\/\/pikark.com\/#\/schema\/logo\/image\/\"},\"sameAs\":[\"https:\/\/www.facebook.com\/pikark.al\",\"https:\/\/www.instagram.com\/pik.ark\/\"]}]}<\/script>\n<!-- \/ Yoast SEO plugin. -->","yoast_head_json":{"title":"Steam oven by ASKO - Pikark","description":"Furrat e kombinuara me avull t\u00eb ASKO-s p\u00ebrdorin sistemin e avullit t\u00eb past\u00ebr p\u00ebr t\u00eb ndar\u00eb ujin e kondensuar nga avulli.","robots":{"index":"index","follow":"follow","max-snippet":"max-snippet:-1","max-image-preview":"max-image-preview:large","max-video-preview":"max-video-preview:-1"},"canonical":"https:\/\/pikark.com\/product\/furra-avull-asko\/","og_locale":"en_US","og_type":"article","og_title":"Steam oven by ASKO - Pikark","og_description":"Furrat e kombinuara me avull t\u00eb ASKO-s p\u00ebrdorin sistemin e avullit t\u00eb past\u00ebr p\u00ebr t\u00eb ndar\u00eb ujin e kondensuar nga avulli.","og_url":"https:\/\/pikark.com\/product\/furra-avull-asko\/","og_site_name":"Pikark","article_publisher":"https:\/\/www.facebook.com\/pikark.al","article_modified_time":"2022-08-19T09:40:20+00:00","og_image":[{"width":1500,"height":1122,"url":"https:\/\/pikark.com\/wp-content\/uploads\/2022\/08\/f8cd305219ca6038401ee131c2af0e42_135381_1.jpg","type":"image\/jpeg"}],"twitter_card":"summary_large_image","schema":{"@context":"https:\/\/schema.org","@graph":[{"@type":"WebPage","@id":"https:\/\/pikark.com\/product\/furra-avull-asko\/","url":"https:\/\/pikark.com\/product\/furra-avull-asko\/","name":"[:sq]Furra me avull nga ASKO[:en]Steam oven by ASKO[:] - Pikark","isPartOf":{"@id":"https:\/\/pikark.com\/#website"},"datePublished":"2022-08-19T09:06:03+00:00","dateModified":"2022-08-19T09:40:20+00:00","description":"Furrat e kombinuara me avull t\u00eb ASKO-s p\u00ebrdorin sistemin e avullit t\u00eb past\u00ebr p\u00ebr t\u00eb ndar\u00eb ujin e kondensuar nga avulli.","breadcrumb":{"@id":"https:\/\/pikark.com\/product\/furra-avull-asko\/#breadcrumb"},"inLanguage":"en-US","potentialAction":[{"@type":"ReadAction","target":["https:\/\/pikark.com\/product\/furra-avull-asko\/"]}]},{"@type":"BreadcrumbList","@id":"https:\/\/pikark.com\/product\/furra-avull-asko\/#breadcrumb","itemListElement":[{"@type":"ListItem","position":1,"name":"Home","item":"https:\/\/pikark.com\/"},{"@type":"ListItem","position":2,"name":"Shop","item":"https:\/\/pikark.com\/en\/shop\/"},{"@type":"ListItem","position":3,"name":"Furra me avull nga ASKO"}]},{"@type":"WebSite","@id":"https:\/\/pikark.com\/#website","url":"https:\/\/pikark.com\/","name":"Pikark","description":"Explore inspiring projects and find the right architects, brand &amp; manufacturers!","publisher":{"@id":"https:\/\/pikark.com\/#organization"},"potentialAction":[{"@type":"SearchAction","target":{"@type":"EntryPoint","urlTemplate":"https:\/\/pikark.com\/?s={search_term_string}"},"query-input":"required name=search_term_string"}],"inLanguage":"en-US"},{"@type":"Organization","@id":"https:\/\/pikark.com\/#organization","name":"Pikark","url":"https:\/\/pikark.com\/","logo":{"@type":"ImageObject","inLanguage":"en-US","@id":"https:\/\/pikark.com\/#\/schema\/logo\/image\/","url":"https:\/\/pikark.com\/wp-content\/uploads\/2020\/12\/LOGO_PIKARK-01-1.png","contentUrl":"https:\/\/pikark.com\/wp-content\/uploads\/2020\/12\/LOGO_PIKARK-01-1.png","width":2362,"height":2362,"caption":"Pikark"},"image":{"@id":"https:\/\/pikark.com\/#\/schema\/logo\/image\/"},"sameAs":["https:\/\/www.facebook.com\/pikark.al","https:\/\/www.instagram.com\/pik.ark\/"]}]}},"_links":{"self":[{"href":"https:\/\/pikark.com\/en\/wp-json\/wp\/v2\/product\/30636"}],"collection":[{"href":"https:\/\/pikark.com\/en\/wp-json\/wp\/v2\/product"}],"about":[{"href":"https:\/\/pikark.com\/en\/wp-json\/wp\/v2\/types\/product"}],"replies":[{"embeddable":true,"href":"https:\/\/pikark.com\/en\/wp-json\/wp\/v2\/comments?post=30636"}],"wp:featuredmedia":[{"embeddable":true,"href":"https:\/\/pikark.com\/en\/wp-json\/wp\/v2\/media\/30637"}],"wp:attachment":[{"href":"https:\/\/pikark.com\/en\/wp-json\/wp\/v2\/media?parent=30636"}],"wp:term":[{"taxonomy":"product_cat","embeddable":true,"href":"https:\/\/pikark.com\/en\/wp-json\/wp\/v2\/product_cat?post=30636"},{"taxonomy":"product_tag","embeddable":true,"href":"https:\/\/pikark.com\/en\/wp-json\/wp\/v2\/product_tag?post=30636"}],"curies":[{"name":"wp","href":"https:\/\/api.w.org\/{rel}","templated":true}]}}