{"id":30200,"date":"2022-07-19T08:32:47","date_gmt":"2022-07-19T08:32:47","guid":{"rendered":"http:\/\/pikark.com\/?post_type=product&#038;p=30200"},"modified":"2022-07-19T08:45:09","modified_gmt":"2022-07-19T08:45:09","slug":"supreme-sd95","status":"publish","type":"product","link":"https:\/\/pikark.com\/en\/product\/supreme-sd95\/","title":{"rendered":"SUPREME SD95"},"content":{"rendered":"<p><\/p>\n<div class=\"alumil-list\">\n<ul class=\"\">\n<li class=\"\">Modern design<\/li>\n<li class=\"\">High level of security<\/li>\n<li class=\"\">Wide variety of typologies<\/li>\n<li class=\"\">Energy savings<\/li>\n<li class=\"\">Soundproof<\/li>\n<li class=\"\">Ease of use and high functionality<\/li>\n<li class=\"\">High quality product<\/li>\n<\/ul>\n<\/div>\n<p><\/p>","protected":false},"excerpt":{"rendered":"<p><span class=\"Y2IQFc\" lang=\"en\">The <strong><a href=\"https:\/\/www.alumil.com\/albania\/specifiers\/products\/entrance-doors\/entrance-door's-insulated-system-supreme-sd95\">SUPREME SD95<\/a><\/strong> system belongs to ALUMIL&#8217;s series of entrance doors with high quality standards. The system includes a complete thermal range of straight design profiles for a complete line of constructions that offer high functionality. Guaranteeing many infill options including aluminum or glass panels, the <strong><a href=\"https:\/\/pikark.com\/en\/members\/alumil\/store\/\">SD95 SUPREME<\/a><\/strong> can meet the most demanding architectural trends and aesthetics.<\/span><\/p>\n","protected":false},"featured_media":30203,"comment_status":"open","ping_status":"closed","template":"","meta":[],"product_cat":[15],"product_tag":[805,807,866,844],"yoast_head":"<!-- This site is optimized with the Yoast SEO plugin v21.7 - https:\/\/yoast.com\/wordpress\/plugins\/seo\/ -->\n<title>SUPREME SD95 - Pikark<\/title>\n<meta name=\"description\" content=\"Sistemi SUPREME SD95 i p\u00ebrket serive t\u00eb ALUMIL-it p\u00ebr dyer hyr\u00ebse me standarde t\u00eb kualitetit t\u00eb lart\u00eb. Sistemi p\u00ebrfshin nj\u00eb gam\u00eb t\u00eb\" \/>\n<meta name=\"robots\" content=\"index, follow, max-snippet:-1, max-image-preview:large, max-video-preview:-1\" \/>\n<link rel=\"canonical\" href=\"https:\/\/pikark.com\/product\/supreme-sd95\/\" \/>\n<meta property=\"og:locale\" content=\"en_US\" \/>\n<meta property=\"og:type\" content=\"article\" \/>\n<meta property=\"og:title\" content=\"SUPREME SD95 - Pikark\" \/>\n<meta property=\"og:description\" content=\"Sistemi SUPREME SD95 i p\u00ebrket serive t\u00eb ALUMIL-it p\u00ebr dyer hyr\u00ebse me standarde t\u00eb kualitetit t\u00eb lart\u00eb. Sistemi p\u00ebrfshin nj\u00eb gam\u00eb t\u00eb\" \/>\n<meta property=\"og:url\" content=\"https:\/\/pikark.com\/product\/supreme-sd95\/\" \/>\n<meta property=\"og:site_name\" content=\"Pikark\" \/>\n<meta property=\"article:publisher\" content=\"https:\/\/www.facebook.com\/pikark.al\" \/>\n<meta property=\"article:modified_time\" content=\"2022-07-19T08:45:09+00:00\" \/>\n<meta property=\"og:image\" content=\"https:\/\/pikark.com\/wp-content\/uploads\/2022\/07\/sd95-front-door.tmb-864x468-1.jpg\" \/>\n\t<meta property=\"og:image:width\" content=\"882\" \/>\n\t<meta property=\"og:image:height\" content=\"496\" \/>\n\t<meta property=\"og:image:type\" content=\"image\/jpeg\" \/>\n<meta name=\"twitter:card\" content=\"summary_large_image\" \/>\n<meta name=\"twitter:label1\" content=\"Est. reading time\" \/>\n\t<meta name=\"twitter:data1\" content=\"1 minute\" \/>\n<script type=\"application\/ld+json\" class=\"yoast-schema-graph\">{\"@context\":\"https:\/\/schema.org\",\"@graph\":[{\"@type\":\"WebPage\",\"@id\":\"https:\/\/pikark.com\/product\/supreme-sd95\/\",\"url\":\"https:\/\/pikark.com\/product\/supreme-sd95\/\",\"name\":\"SUPREME SD95 - Pikark\",\"isPartOf\":{\"@id\":\"https:\/\/pikark.com\/#website\"},\"datePublished\":\"2022-07-19T08:32:47+00:00\",\"dateModified\":\"2022-07-19T08:45:09+00:00\",\"description\":\"Sistemi SUPREME SD95 i p\u00ebrket serive t\u00eb ALUMIL-it p\u00ebr dyer hyr\u00ebse me standarde t\u00eb kualitetit t\u00eb lart\u00eb. Sistemi p\u00ebrfshin nj\u00eb gam\u00eb t\u00eb\",\"breadcrumb\":{\"@id\":\"https:\/\/pikark.com\/product\/supreme-sd95\/#breadcrumb\"},\"inLanguage\":\"en-US\",\"potentialAction\":[{\"@type\":\"ReadAction\",\"target\":[\"https:\/\/pikark.com\/product\/supreme-sd95\/\"]}]},{\"@type\":\"BreadcrumbList\",\"@id\":\"https:\/\/pikark.com\/product\/supreme-sd95\/#breadcrumb\",\"itemListElement\":[{\"@type\":\"ListItem\",\"position\":1,\"name\":\"Home\",\"item\":\"https:\/\/pikark.com\/\"},{\"@type\":\"ListItem\",\"position\":2,\"name\":\"Shop\",\"item\":\"https:\/\/pikark.com\/en\/shop\/\"},{\"@type\":\"ListItem\",\"position\":3,\"name\":\"SUPREME SD95\"}]},{\"@type\":\"WebSite\",\"@id\":\"https:\/\/pikark.com\/#website\",\"url\":\"https:\/\/pikark.com\/\",\"name\":\"Pikark\",\"description\":\"Explore inspiring projects and find the right architects, brand &amp; manufacturers!\",\"publisher\":{\"@id\":\"https:\/\/pikark.com\/#organization\"},\"potentialAction\":[{\"@type\":\"SearchAction\",\"target\":{\"@type\":\"EntryPoint\",\"urlTemplate\":\"https:\/\/pikark.com\/?s={search_term_string}\"},\"query-input\":\"required name=search_term_string\"}],\"inLanguage\":\"en-US\"},{\"@type\":\"Organization\",\"@id\":\"https:\/\/pikark.com\/#organization\",\"name\":\"Pikark\",\"url\":\"https:\/\/pikark.com\/\",\"logo\":{\"@type\":\"ImageObject\",\"inLanguage\":\"en-US\",\"@id\":\"https:\/\/pikark.com\/#\/schema\/logo\/image\/\",\"url\":\"https:\/\/pikark.com\/wp-content\/uploads\/2020\/12\/LOGO_PIKARK-01-1.png\",\"contentUrl\":\"https:\/\/pikark.com\/wp-content\/uploads\/2020\/12\/LOGO_PIKARK-01-1.png\",\"width\":2362,\"height\":2362,\"caption\":\"Pikark\"},\"image\":{\"@id\":\"https:\/\/pikark.com\/#\/schema\/logo\/image\/\"},\"sameAs\":[\"https:\/\/www.facebook.com\/pikark.al\",\"https:\/\/www.instagram.com\/pik.ark\/\"]}]}<\/script>\n<!-- \/ Yoast SEO plugin. -->","yoast_head_json":{"title":"SUPREME SD95 - Pikark","description":"Sistemi SUPREME SD95 i p\u00ebrket serive t\u00eb ALUMIL-it p\u00ebr dyer hyr\u00ebse me standarde t\u00eb kualitetit t\u00eb lart\u00eb. Sistemi p\u00ebrfshin nj\u00eb gam\u00eb t\u00eb","robots":{"index":"index","follow":"follow","max-snippet":"max-snippet:-1","max-image-preview":"max-image-preview:large","max-video-preview":"max-video-preview:-1"},"canonical":"https:\/\/pikark.com\/product\/supreme-sd95\/","og_locale":"en_US","og_type":"article","og_title":"SUPREME SD95 - Pikark","og_description":"Sistemi SUPREME SD95 i p\u00ebrket serive t\u00eb ALUMIL-it p\u00ebr dyer hyr\u00ebse me standarde t\u00eb kualitetit t\u00eb lart\u00eb. Sistemi p\u00ebrfshin nj\u00eb gam\u00eb t\u00eb","og_url":"https:\/\/pikark.com\/product\/supreme-sd95\/","og_site_name":"Pikark","article_publisher":"https:\/\/www.facebook.com\/pikark.al","article_modified_time":"2022-07-19T08:45:09+00:00","og_image":[{"width":882,"height":496,"url":"https:\/\/pikark.com\/wp-content\/uploads\/2022\/07\/sd95-front-door.tmb-864x468-1.jpg","type":"image\/jpeg"}],"twitter_card":"summary_large_image","twitter_misc":{"Est. reading time":"1 minute"},"schema":{"@context":"https:\/\/schema.org","@graph":[{"@type":"WebPage","@id":"https:\/\/pikark.com\/product\/supreme-sd95\/","url":"https:\/\/pikark.com\/product\/supreme-sd95\/","name":"SUPREME SD95 - Pikark","isPartOf":{"@id":"https:\/\/pikark.com\/#website"},"datePublished":"2022-07-19T08:32:47+00:00","dateModified":"2022-07-19T08:45:09+00:00","description":"Sistemi SUPREME SD95 i p\u00ebrket serive t\u00eb ALUMIL-it p\u00ebr dyer hyr\u00ebse me standarde t\u00eb kualitetit t\u00eb lart\u00eb. Sistemi p\u00ebrfshin nj\u00eb gam\u00eb t\u00eb","breadcrumb":{"@id":"https:\/\/pikark.com\/product\/supreme-sd95\/#breadcrumb"},"inLanguage":"en-US","potentialAction":[{"@type":"ReadAction","target":["https:\/\/pikark.com\/product\/supreme-sd95\/"]}]},{"@type":"BreadcrumbList","@id":"https:\/\/pikark.com\/product\/supreme-sd95\/#breadcrumb","itemListElement":[{"@type":"ListItem","position":1,"name":"Home","item":"https:\/\/pikark.com\/"},{"@type":"ListItem","position":2,"name":"Shop","item":"https:\/\/pikark.com\/en\/shop\/"},{"@type":"ListItem","position":3,"name":"SUPREME SD95"}]},{"@type":"WebSite","@id":"https:\/\/pikark.com\/#website","url":"https:\/\/pikark.com\/","name":"Pikark","description":"Explore inspiring projects and find the right architects, brand &amp; manufacturers!","publisher":{"@id":"https:\/\/pikark.com\/#organization"},"potentialAction":[{"@type":"SearchAction","target":{"@type":"EntryPoint","urlTemplate":"https:\/\/pikark.com\/?s={search_term_string}"},"query-input":"required name=search_term_string"}],"inLanguage":"en-US"},{"@type":"Organization","@id":"https:\/\/pikark.com\/#organization","name":"Pikark","url":"https:\/\/pikark.com\/","logo":{"@type":"ImageObject","inLanguage":"en-US","@id":"https:\/\/pikark.com\/#\/schema\/logo\/image\/","url":"https:\/\/pikark.com\/wp-content\/uploads\/2020\/12\/LOGO_PIKARK-01-1.png","contentUrl":"https:\/\/pikark.com\/wp-content\/uploads\/2020\/12\/LOGO_PIKARK-01-1.png","width":2362,"height":2362,"caption":"Pikark"},"image":{"@id":"https:\/\/pikark.com\/#\/schema\/logo\/image\/"},"sameAs":["https:\/\/www.facebook.com\/pikark.al","https:\/\/www.instagram.com\/pik.ark\/"]}]}},"_links":{"self":[{"href":"https:\/\/pikark.com\/en\/wp-json\/wp\/v2\/product\/30200"}],"collection":[{"href":"https:\/\/pikark.com\/en\/wp-json\/wp\/v2\/product"}],"about":[{"href":"https:\/\/pikark.com\/en\/wp-json\/wp\/v2\/types\/product"}],"replies":[{"embeddable":true,"href":"https:\/\/pikark.com\/en\/wp-json\/wp\/v2\/comments?post=30200"}],"wp:featuredmedia":[{"embeddable":true,"href":"https:\/\/pikark.com\/en\/wp-json\/wp\/v2\/media\/30203"}],"wp:attachment":[{"href":"https:\/\/pikark.com\/en\/wp-json\/wp\/v2\/media?parent=30200"}],"wp:term":[{"taxonomy":"product_cat","embeddable":true,"href":"https:\/\/pikark.com\/en\/wp-json\/wp\/v2\/product_cat?post=30200"},{"taxonomy":"product_tag","embeddable":true,"href":"https:\/\/pikark.com\/en\/wp-json\/wp\/v2\/product_tag?post=30200"}],"curies":[{"name":"wp","href":"https:\/\/api.w.org\/{rel}","templated":true}]}}