{"id":30190,"date":"2022-07-18T08:28:58","date_gmt":"2022-07-18T08:28:58","guid":{"rendered":"http:\/\/pikark.com\/?post_type=product&#038;p=30190"},"modified":"2022-07-18T08:33:04","modified_gmt":"2022-07-18T08:33:04","slug":"xenia","status":"publish","type":"product","link":"https:\/\/pikark.com\/en\/product\/xenia\/","title":{"rendered":"Xenia"},"content":{"rendered":"","protected":false},"excerpt":{"rendered":"<div class=\"current-comment js-friendly-links js-open-card\">\n<p><strong><a href=\"https:\/\/pikark.com\/en\/members\/almex-contract-furniture\/store\/\">Xenia<\/a> <\/strong>is a lounge armchair, designed for your comfort, for your offices or homes! Lounge means to relax and relax is exactly what this armchair offers.<br \/>\nRefined details and welcoming shapes are the distinguishing features of the <strong><a href=\"https:\/\/almex.al\/\">Xenia<\/a> <\/strong>armchair. Made in wood structure harmoniously combined with the seated in textile, comes altogether with its proper cushion for a higher comfort. Thanks to the elegance of the design, it is suitable for a variety of projects typology!<\/p>\n<\/div>\n","protected":false},"featured_media":30192,"comment_status":"open","ping_status":"closed","template":"","meta":[],"product_cat":[656,641,639],"product_tag":[822,658,657,833,825,832],"yoast_head":"<!-- This site is optimized with the Yoast SEO plugin v21.7 - https:\/\/yoast.com\/wordpress\/plugins\/seo\/ -->\n<title>Xenia - Pikark<\/title>\n<meta name=\"description\" content=\"Nj\u00eb poltron\u00eb p\u00ebr t\u2019u qet\u00ebsuar qoft\u00eb n\u00eb zyr\u00eb apo sht\u00ebpit\u00eb tuaja! Detajet e rafinuar dhe forma mik\u00ebprit\u00ebse jan\u00eb tiparet dalluese t\u00eb poltron\u00ebs\" \/>\n<meta name=\"robots\" content=\"index, follow, max-snippet:-1, max-image-preview:large, max-video-preview:-1\" \/>\n<link rel=\"canonical\" href=\"https:\/\/pikark.com\/product\/xenia\/\" \/>\n<meta property=\"og:locale\" content=\"en_US\" \/>\n<meta property=\"og:type\" content=\"article\" \/>\n<meta property=\"og:title\" content=\"Xenia - Pikark\" \/>\n<meta property=\"og:description\" content=\"Nj\u00eb poltron\u00eb p\u00ebr t\u2019u qet\u00ebsuar qoft\u00eb n\u00eb zyr\u00eb apo sht\u00ebpit\u00eb tuaja! Detajet e rafinuar dhe forma mik\u00ebprit\u00ebse jan\u00eb tiparet dalluese t\u00eb poltron\u00ebs\" \/>\n<meta property=\"og:url\" content=\"https:\/\/pikark.com\/product\/xenia\/\" \/>\n<meta property=\"og:site_name\" content=\"Pikark\" \/>\n<meta property=\"article:publisher\" content=\"https:\/\/www.facebook.com\/pikark.al\" \/>\n<meta property=\"article:modified_time\" content=\"2022-07-18T08:33:04+00:00\" \/>\n<meta property=\"og:image\" content=\"https:\/\/pikark.com\/wp-content\/uploads\/2022\/07\/6dc9a41d7ede20860a1744ac7eb18b63.png\" \/>\n\t<meta property=\"og:image:width\" content=\"247\" \/>\n\t<meta property=\"og:image:height\" content=\"384\" \/>\n\t<meta property=\"og:image:type\" content=\"image\/png\" \/>\n<meta name=\"twitter:card\" content=\"summary_large_image\" \/>\n<script type=\"application\/ld+json\" class=\"yoast-schema-graph\">{\"@context\":\"https:\/\/schema.org\",\"@graph\":[{\"@type\":\"WebPage\",\"@id\":\"https:\/\/pikark.com\/product\/xenia\/\",\"url\":\"https:\/\/pikark.com\/product\/xenia\/\",\"name\":\"Xenia - Pikark\",\"isPartOf\":{\"@id\":\"https:\/\/pikark.com\/#website\"},\"datePublished\":\"2022-07-18T08:28:58+00:00\",\"dateModified\":\"2022-07-18T08:33:04+00:00\",\"description\":\"Nj\u00eb poltron\u00eb p\u00ebr t\u2019u qet\u00ebsuar qoft\u00eb n\u00eb zyr\u00eb apo sht\u00ebpit\u00eb tuaja! Detajet e rafinuar dhe forma mik\u00ebprit\u00ebse jan\u00eb tiparet dalluese t\u00eb poltron\u00ebs\",\"breadcrumb\":{\"@id\":\"https:\/\/pikark.com\/product\/xenia\/#breadcrumb\"},\"inLanguage\":\"en-US\",\"potentialAction\":[{\"@type\":\"ReadAction\",\"target\":[\"https:\/\/pikark.com\/product\/xenia\/\"]}]},{\"@type\":\"BreadcrumbList\",\"@id\":\"https:\/\/pikark.com\/product\/xenia\/#breadcrumb\",\"itemListElement\":[{\"@type\":\"ListItem\",\"position\":1,\"name\":\"Home\",\"item\":\"https:\/\/pikark.com\/\"},{\"@type\":\"ListItem\",\"position\":2,\"name\":\"Shop\",\"item\":\"https:\/\/pikark.com\/en\/shop\/\"},{\"@type\":\"ListItem\",\"position\":3,\"name\":\"Xenia\"}]},{\"@type\":\"WebSite\",\"@id\":\"https:\/\/pikark.com\/#website\",\"url\":\"https:\/\/pikark.com\/\",\"name\":\"Pikark\",\"description\":\"Explore inspiring projects and find the right architects, brand &amp; manufacturers!\",\"publisher\":{\"@id\":\"https:\/\/pikark.com\/#organization\"},\"potentialAction\":[{\"@type\":\"SearchAction\",\"target\":{\"@type\":\"EntryPoint\",\"urlTemplate\":\"https:\/\/pikark.com\/?s={search_term_string}\"},\"query-input\":\"required name=search_term_string\"}],\"inLanguage\":\"en-US\"},{\"@type\":\"Organization\",\"@id\":\"https:\/\/pikark.com\/#organization\",\"name\":\"Pikark\",\"url\":\"https:\/\/pikark.com\/\",\"logo\":{\"@type\":\"ImageObject\",\"inLanguage\":\"en-US\",\"@id\":\"https:\/\/pikark.com\/#\/schema\/logo\/image\/\",\"url\":\"https:\/\/pikark.com\/wp-content\/uploads\/2020\/12\/LOGO_PIKARK-01-1.png\",\"contentUrl\":\"https:\/\/pikark.com\/wp-content\/uploads\/2020\/12\/LOGO_PIKARK-01-1.png\",\"width\":2362,\"height\":2362,\"caption\":\"Pikark\"},\"image\":{\"@id\":\"https:\/\/pikark.com\/#\/schema\/logo\/image\/\"},\"sameAs\":[\"https:\/\/www.facebook.com\/pikark.al\",\"https:\/\/www.instagram.com\/pik.ark\/\"]}]}<\/script>\n<!-- \/ Yoast SEO plugin. -->","yoast_head_json":{"title":"Xenia - Pikark","description":"Nj\u00eb poltron\u00eb p\u00ebr t\u2019u qet\u00ebsuar qoft\u00eb n\u00eb zyr\u00eb apo sht\u00ebpit\u00eb tuaja! Detajet e rafinuar dhe forma mik\u00ebprit\u00ebse jan\u00eb tiparet dalluese t\u00eb poltron\u00ebs","robots":{"index":"index","follow":"follow","max-snippet":"max-snippet:-1","max-image-preview":"max-image-preview:large","max-video-preview":"max-video-preview:-1"},"canonical":"https:\/\/pikark.com\/product\/xenia\/","og_locale":"en_US","og_type":"article","og_title":"Xenia - Pikark","og_description":"Nj\u00eb poltron\u00eb p\u00ebr t\u2019u qet\u00ebsuar qoft\u00eb n\u00eb zyr\u00eb apo sht\u00ebpit\u00eb tuaja! Detajet e rafinuar dhe forma mik\u00ebprit\u00ebse jan\u00eb tiparet dalluese t\u00eb poltron\u00ebs","og_url":"https:\/\/pikark.com\/product\/xenia\/","og_site_name":"Pikark","article_publisher":"https:\/\/www.facebook.com\/pikark.al","article_modified_time":"2022-07-18T08:33:04+00:00","og_image":[{"width":247,"height":384,"url":"https:\/\/pikark.com\/wp-content\/uploads\/2022\/07\/6dc9a41d7ede20860a1744ac7eb18b63.png","type":"image\/png"}],"twitter_card":"summary_large_image","schema":{"@context":"https:\/\/schema.org","@graph":[{"@type":"WebPage","@id":"https:\/\/pikark.com\/product\/xenia\/","url":"https:\/\/pikark.com\/product\/xenia\/","name":"Xenia - Pikark","isPartOf":{"@id":"https:\/\/pikark.com\/#website"},"datePublished":"2022-07-18T08:28:58+00:00","dateModified":"2022-07-18T08:33:04+00:00","description":"Nj\u00eb poltron\u00eb p\u00ebr t\u2019u qet\u00ebsuar qoft\u00eb n\u00eb zyr\u00eb apo sht\u00ebpit\u00eb tuaja! Detajet e rafinuar dhe forma mik\u00ebprit\u00ebse jan\u00eb tiparet dalluese t\u00eb poltron\u00ebs","breadcrumb":{"@id":"https:\/\/pikark.com\/product\/xenia\/#breadcrumb"},"inLanguage":"en-US","potentialAction":[{"@type":"ReadAction","target":["https:\/\/pikark.com\/product\/xenia\/"]}]},{"@type":"BreadcrumbList","@id":"https:\/\/pikark.com\/product\/xenia\/#breadcrumb","itemListElement":[{"@type":"ListItem","position":1,"name":"Home","item":"https:\/\/pikark.com\/"},{"@type":"ListItem","position":2,"name":"Shop","item":"https:\/\/pikark.com\/en\/shop\/"},{"@type":"ListItem","position":3,"name":"Xenia"}]},{"@type":"WebSite","@id":"https:\/\/pikark.com\/#website","url":"https:\/\/pikark.com\/","name":"Pikark","description":"Explore inspiring projects and find the right architects, brand &amp; manufacturers!","publisher":{"@id":"https:\/\/pikark.com\/#organization"},"potentialAction":[{"@type":"SearchAction","target":{"@type":"EntryPoint","urlTemplate":"https:\/\/pikark.com\/?s={search_term_string}"},"query-input":"required name=search_term_string"}],"inLanguage":"en-US"},{"@type":"Organization","@id":"https:\/\/pikark.com\/#organization","name":"Pikark","url":"https:\/\/pikark.com\/","logo":{"@type":"ImageObject","inLanguage":"en-US","@id":"https:\/\/pikark.com\/#\/schema\/logo\/image\/","url":"https:\/\/pikark.com\/wp-content\/uploads\/2020\/12\/LOGO_PIKARK-01-1.png","contentUrl":"https:\/\/pikark.com\/wp-content\/uploads\/2020\/12\/LOGO_PIKARK-01-1.png","width":2362,"height":2362,"caption":"Pikark"},"image":{"@id":"https:\/\/pikark.com\/#\/schema\/logo\/image\/"},"sameAs":["https:\/\/www.facebook.com\/pikark.al","https:\/\/www.instagram.com\/pik.ark\/"]}]}},"_links":{"self":[{"href":"https:\/\/pikark.com\/en\/wp-json\/wp\/v2\/product\/30190"}],"collection":[{"href":"https:\/\/pikark.com\/en\/wp-json\/wp\/v2\/product"}],"about":[{"href":"https:\/\/pikark.com\/en\/wp-json\/wp\/v2\/types\/product"}],"replies":[{"embeddable":true,"href":"https:\/\/pikark.com\/en\/wp-json\/wp\/v2\/comments?post=30190"}],"wp:featuredmedia":[{"embeddable":true,"href":"https:\/\/pikark.com\/en\/wp-json\/wp\/v2\/media\/30192"}],"wp:attachment":[{"href":"https:\/\/pikark.com\/en\/wp-json\/wp\/v2\/media?parent=30190"}],"wp:term":[{"taxonomy":"product_cat","embeddable":true,"href":"https:\/\/pikark.com\/en\/wp-json\/wp\/v2\/product_cat?post=30190"},{"taxonomy":"product_tag","embeddable":true,"href":"https:\/\/pikark.com\/en\/wp-json\/wp\/v2\/product_tag?post=30190"}],"curies":[{"name":"wp","href":"https:\/\/api.w.org\/{rel}","templated":true}]}}