{"id":30053,"date":"2022-07-07T08:40:04","date_gmt":"2022-07-07T08:40:04","guid":{"rendered":"http:\/\/pikark.com\/?post_type=product&#038;p=30053"},"modified":"2024-11-09T13:27:21","modified_gmt":"2024-11-09T13:27:21","slug":"kabinet-vere-asko","status":"publish","type":"product","link":"https:\/\/pikark.com\/en\/product\/kabinet-vere-asko\/","title":{"rendered":"Asko Wine Cabinet"},"content":{"rendered":"<p><strong>ASKO ELEMENTS FREESTANDING WINE CLIMATE CABINET<\/strong> is an innovative way to take care of wines. By using cutting-edge design and technology, it offers the ideal conditions, as perfected over the centuries, in which to preserve, age or serve up to 190 wine bottles \u2013 in three individual, controllable temperature zones. One incredible feature is the cabinet&#8217;s companion app, which is connected to Vivino and its vast database of wine information. Each bottle can be digitally scanned and logged so that the wine collection can be managed perfectly, and information about tasting, storage, readiness to drink and way more can be accessed immediately. The serving area has a colour-adjustable light system, while the wooden shelves and the chalk boards provide a balance between craftmanship and advanced technology. The cabinet\u2019s design, with its glass door and elegant handle, lets it blend perfectly into a living space.<\/p>\n<p><em>The jury of 98 international independent design experts placed the ASKO Elements wine climate cabinet among the highest of all achievements within the creative industries in 2021, awarding it with an iF GOLD AWARD 2021. The awards pay tribute to ASKO\u2019s commitment to craftsmanship, durable construction, passion for details, excellent quality, advanced technology, smart functionality, sustainable innovations and carefully designed products.<\/em><\/p>\n<p id=\"tw-target-text\" class=\"tw-data-text tw-text-large tw-ta\" dir=\"ltr\" data-placeholder=\"Translation\"><span class=\"Y2IQFc\" lang=\"en\">Vanto is the official partner of ASKO in Albania.<\/span><\/p>\n<p class=\"tw-data-text tw-text-large tw-ta\" dir=\"ltr\" data-placeholder=\"Translation\"><strong>Vanto Showroom,<\/strong> Gjergj Fishta Boulevard, Residential Complex, Tirana<\/p>\n<p><a href=\"https:\/\/www.instagram.com\/vanto.al\/\"><em>Vanto <\/em><strong>Instagram<\/strong><\/a><\/p>\n<p><a href=\"https:\/\/www.facebook.com\/vantoexperience\"><em>Vanto <\/em><strong>Facebook<\/strong><\/a><\/p>\n<p><a href=\"https:\/\/vanto.al\"><em>Vanto <\/em><strong>Website<\/strong><\/a><\/p>\n<p><a href=\"https:\/\/www.facebook.com\/asko.albania\"><em>Asko Albania<\/em> <strong>Facebook<\/strong><\/a><\/p>\n<p><a href=\"https:\/\/www.instagram.com\/asko.al\/\"><em>Asko Albania<\/em> <strong>Instagram<\/strong><\/a><\/p>\n<p><a href=\"https:\/\/www.asko.com\/al\/sq\/\"><em>Asko Albania <\/em><strong>Website<\/strong><\/a><\/p>","protected":false},"excerpt":{"rendered":"<ul>\n<li><span class=\"Y2IQFc\" lang=\"en\">The <strong>ASKO Elements Wine Cabinet<\/strong>, awarded the <strong>iF DESIGN AWARD 2021<\/strong>, as one of the most unique and accomplished products of exceptional quality and design.<\/span><\/li>\n<li><span class=\"Y2IQFc\" lang=\"en\">The wine cabinet is designed with exquisite craftsmanship, precisely planned, to create a stunning showcase that wine lovers will love.<\/span><\/li>\n<li>The<span class=\"Y2IQFc\" lang=\"en\"> wine cabinet offers ideal conditions for storing wine over the years<\/span><\/li>\n<li>Capacity <span class=\"Y2IQFc\" lang=\"en\">up to 190 bottles of wine<\/span><\/li>\n<li><span class=\"Y2IQFc\" lang=\"en\">Built in three individually controllable temperature zones<\/span><\/li>\n<li><span class=\"Y2IQFc\" lang=\"en\">A distinctive feature is the cabinet&#8217;s companion app, which is linked to Vivino, a program that collects wine information through image scanning.<\/span><\/li>\n<li>Each bottle can be digitally scaned <span class=\"Y2IQFc\" lang=\"en\">and recorded so that the wine collection, in terms of quantity and data, is perfectly managed<\/span><\/li>\n<li>Glass door and elegant handle<\/li>\n<\/ul>\n","protected":false},"featured_media":30056,"comment_status":"open","ping_status":"closed","template":"","meta":[],"product_cat":[810,708],"product_tag":[866,844,892],"yoast_head":"<!-- This site is optimized with the Yoast SEO plugin v21.7 - https:\/\/yoast.com\/wordpress\/plugins\/seo\/ -->\n<title>Asko Wine Cabinet - Pikark<\/title>\n<meta name=\"description\" content=\"\u2022 Kabineti i Ver\u00ebs ASKO Elements, vler\u00ebsuar me \u00e7mimin iF DESIGN AWARD 2021, si nj\u00eb nga produktet m\u00eb t\u00eb ve\u00e7anta dhe m\u00eb t\u00eb arrira t\u00eb nj\u00eb cil\u00ebsi\" \/>\n<meta name=\"robots\" content=\"index, follow, max-snippet:-1, max-image-preview:large, max-video-preview:-1\" \/>\n<link rel=\"canonical\" href=\"https:\/\/pikark.com\/product\/kabinet-vere-asko\/\" \/>\n<meta property=\"og:locale\" content=\"en_US\" \/>\n<meta property=\"og:type\" content=\"article\" \/>\n<meta property=\"og:title\" content=\"Asko Wine Cabinet - Pikark\" \/>\n<meta property=\"og:description\" content=\"\u2022 Kabineti i Ver\u00ebs ASKO Elements, vler\u00ebsuar me \u00e7mimin iF DESIGN AWARD 2021, si nj\u00eb nga produktet m\u00eb t\u00eb ve\u00e7anta dhe m\u00eb t\u00eb arrira t\u00eb nj\u00eb cil\u00ebsi\" \/>\n<meta property=\"og:url\" content=\"https:\/\/pikark.com\/product\/kabinet-vere-asko\/\" \/>\n<meta property=\"og:site_name\" content=\"Pikark\" \/>\n<meta property=\"article:publisher\" content=\"https:\/\/www.facebook.com\/pikark.al\" \/>\n<meta property=\"article:modified_time\" content=\"2024-11-09T13:27:21+00:00\" \/>\n<meta property=\"og:image\" content=\"https:\/\/pikark.com\/wp-content\/uploads\/2022\/07\/Image-3-e1657705592258.jpg\" \/>\n\t<meta property=\"og:image:width\" content=\"1666\" \/>\n\t<meta property=\"og:image:height\" content=\"1000\" \/>\n\t<meta property=\"og:image:type\" content=\"image\/jpeg\" \/>\n<meta name=\"twitter:card\" content=\"summary_large_image\" \/>\n<meta name=\"twitter:label1\" content=\"Est. reading time\" \/>\n\t<meta name=\"twitter:data1\" content=\"2 minutes\" \/>\n<script type=\"application\/ld+json\" class=\"yoast-schema-graph\">{\"@context\":\"https:\/\/schema.org\",\"@graph\":[{\"@type\":\"WebPage\",\"@id\":\"https:\/\/pikark.com\/product\/kabinet-vere-asko\/\",\"url\":\"https:\/\/pikark.com\/product\/kabinet-vere-asko\/\",\"name\":\"[:sq]Kabinet Vere Asko[:en]Asko Wine Cabinet[:] - Pikark\",\"isPartOf\":{\"@id\":\"https:\/\/pikark.com\/#website\"},\"datePublished\":\"2022-07-07T08:40:04+00:00\",\"dateModified\":\"2024-11-09T13:27:21+00:00\",\"description\":\"\u2022 Kabineti i Ver\u00ebs ASKO Elements, vler\u00ebsuar me \u00e7mimin iF DESIGN AWARD 2021, si nj\u00eb nga produktet m\u00eb t\u00eb ve\u00e7anta dhe m\u00eb t\u00eb arrira t\u00eb nj\u00eb cil\u00ebsi\",\"breadcrumb\":{\"@id\":\"https:\/\/pikark.com\/product\/kabinet-vere-asko\/#breadcrumb\"},\"inLanguage\":\"en-US\",\"potentialAction\":[{\"@type\":\"ReadAction\",\"target\":[\"https:\/\/pikark.com\/product\/kabinet-vere-asko\/\"]}]},{\"@type\":\"BreadcrumbList\",\"@id\":\"https:\/\/pikark.com\/product\/kabinet-vere-asko\/#breadcrumb\",\"itemListElement\":[{\"@type\":\"ListItem\",\"position\":1,\"name\":\"Home\",\"item\":\"https:\/\/pikark.com\/\"},{\"@type\":\"ListItem\",\"position\":2,\"name\":\"Shop\",\"item\":\"https:\/\/pikark.com\/en\/shop\/\"},{\"@type\":\"ListItem\",\"position\":3,\"name\":\"Kabinet Vere Asko\"}]},{\"@type\":\"WebSite\",\"@id\":\"https:\/\/pikark.com\/#website\",\"url\":\"https:\/\/pikark.com\/\",\"name\":\"Pikark\",\"description\":\"Explore inspiring projects and find the right architects, brand &amp; manufacturers!\",\"publisher\":{\"@id\":\"https:\/\/pikark.com\/#organization\"},\"potentialAction\":[{\"@type\":\"SearchAction\",\"target\":{\"@type\":\"EntryPoint\",\"urlTemplate\":\"https:\/\/pikark.com\/?s={search_term_string}\"},\"query-input\":\"required name=search_term_string\"}],\"inLanguage\":\"en-US\"},{\"@type\":\"Organization\",\"@id\":\"https:\/\/pikark.com\/#organization\",\"name\":\"Pikark\",\"url\":\"https:\/\/pikark.com\/\",\"logo\":{\"@type\":\"ImageObject\",\"inLanguage\":\"en-US\",\"@id\":\"https:\/\/pikark.com\/#\/schema\/logo\/image\/\",\"url\":\"https:\/\/pikark.com\/wp-content\/uploads\/2020\/12\/LOGO_PIKARK-01-1.png\",\"contentUrl\":\"https:\/\/pikark.com\/wp-content\/uploads\/2020\/12\/LOGO_PIKARK-01-1.png\",\"width\":2362,\"height\":2362,\"caption\":\"Pikark\"},\"image\":{\"@id\":\"https:\/\/pikark.com\/#\/schema\/logo\/image\/\"},\"sameAs\":[\"https:\/\/www.facebook.com\/pikark.al\",\"https:\/\/www.instagram.com\/pik.ark\/\"]}]}<\/script>\n<!-- \/ Yoast SEO plugin. -->","yoast_head_json":{"title":"Asko Wine Cabinet - Pikark","description":"\u2022 Kabineti i Ver\u00ebs ASKO Elements, vler\u00ebsuar me \u00e7mimin iF DESIGN AWARD 2021, si nj\u00eb nga produktet m\u00eb t\u00eb ve\u00e7anta dhe m\u00eb t\u00eb arrira t\u00eb nj\u00eb cil\u00ebsi","robots":{"index":"index","follow":"follow","max-snippet":"max-snippet:-1","max-image-preview":"max-image-preview:large","max-video-preview":"max-video-preview:-1"},"canonical":"https:\/\/pikark.com\/product\/kabinet-vere-asko\/","og_locale":"en_US","og_type":"article","og_title":"Asko Wine Cabinet - Pikark","og_description":"\u2022 Kabineti i Ver\u00ebs ASKO Elements, vler\u00ebsuar me \u00e7mimin iF DESIGN AWARD 2021, si nj\u00eb nga produktet m\u00eb t\u00eb ve\u00e7anta dhe m\u00eb t\u00eb arrira t\u00eb nj\u00eb cil\u00ebsi","og_url":"https:\/\/pikark.com\/product\/kabinet-vere-asko\/","og_site_name":"Pikark","article_publisher":"https:\/\/www.facebook.com\/pikark.al","article_modified_time":"2024-11-09T13:27:21+00:00","og_image":[{"width":1666,"height":1000,"url":"https:\/\/pikark.com\/wp-content\/uploads\/2022\/07\/Image-3-e1657705592258.jpg","type":"image\/jpeg"}],"twitter_card":"summary_large_image","twitter_misc":{"Est. reading time":"2 minutes"},"schema":{"@context":"https:\/\/schema.org","@graph":[{"@type":"WebPage","@id":"https:\/\/pikark.com\/product\/kabinet-vere-asko\/","url":"https:\/\/pikark.com\/product\/kabinet-vere-asko\/","name":"[:sq]Kabinet Vere Asko[:en]Asko Wine Cabinet[:] - Pikark","isPartOf":{"@id":"https:\/\/pikark.com\/#website"},"datePublished":"2022-07-07T08:40:04+00:00","dateModified":"2024-11-09T13:27:21+00:00","description":"\u2022 Kabineti i Ver\u00ebs ASKO Elements, vler\u00ebsuar me \u00e7mimin iF DESIGN AWARD 2021, si nj\u00eb nga produktet m\u00eb t\u00eb ve\u00e7anta dhe m\u00eb t\u00eb arrira t\u00eb nj\u00eb cil\u00ebsi","breadcrumb":{"@id":"https:\/\/pikark.com\/product\/kabinet-vere-asko\/#breadcrumb"},"inLanguage":"en-US","potentialAction":[{"@type":"ReadAction","target":["https:\/\/pikark.com\/product\/kabinet-vere-asko\/"]}]},{"@type":"BreadcrumbList","@id":"https:\/\/pikark.com\/product\/kabinet-vere-asko\/#breadcrumb","itemListElement":[{"@type":"ListItem","position":1,"name":"Home","item":"https:\/\/pikark.com\/"},{"@type":"ListItem","position":2,"name":"Shop","item":"https:\/\/pikark.com\/en\/shop\/"},{"@type":"ListItem","position":3,"name":"Kabinet Vere Asko"}]},{"@type":"WebSite","@id":"https:\/\/pikark.com\/#website","url":"https:\/\/pikark.com\/","name":"Pikark","description":"Explore inspiring projects and find the right architects, brand &amp; manufacturers!","publisher":{"@id":"https:\/\/pikark.com\/#organization"},"potentialAction":[{"@type":"SearchAction","target":{"@type":"EntryPoint","urlTemplate":"https:\/\/pikark.com\/?s={search_term_string}"},"query-input":"required name=search_term_string"}],"inLanguage":"en-US"},{"@type":"Organization","@id":"https:\/\/pikark.com\/#organization","name":"Pikark","url":"https:\/\/pikark.com\/","logo":{"@type":"ImageObject","inLanguage":"en-US","@id":"https:\/\/pikark.com\/#\/schema\/logo\/image\/","url":"https:\/\/pikark.com\/wp-content\/uploads\/2020\/12\/LOGO_PIKARK-01-1.png","contentUrl":"https:\/\/pikark.com\/wp-content\/uploads\/2020\/12\/LOGO_PIKARK-01-1.png","width":2362,"height":2362,"caption":"Pikark"},"image":{"@id":"https:\/\/pikark.com\/#\/schema\/logo\/image\/"},"sameAs":["https:\/\/www.facebook.com\/pikark.al","https:\/\/www.instagram.com\/pik.ark\/"]}]}},"_links":{"self":[{"href":"https:\/\/pikark.com\/en\/wp-json\/wp\/v2\/product\/30053"}],"collection":[{"href":"https:\/\/pikark.com\/en\/wp-json\/wp\/v2\/product"}],"about":[{"href":"https:\/\/pikark.com\/en\/wp-json\/wp\/v2\/types\/product"}],"replies":[{"embeddable":true,"href":"https:\/\/pikark.com\/en\/wp-json\/wp\/v2\/comments?post=30053"}],"wp:featuredmedia":[{"embeddable":true,"href":"https:\/\/pikark.com\/en\/wp-json\/wp\/v2\/media\/30056"}],"wp:attachment":[{"href":"https:\/\/pikark.com\/en\/wp-json\/wp\/v2\/media?parent=30053"}],"wp:term":[{"taxonomy":"product_cat","embeddable":true,"href":"https:\/\/pikark.com\/en\/wp-json\/wp\/v2\/product_cat?post=30053"},{"taxonomy":"product_tag","embeddable":true,"href":"https:\/\/pikark.com\/en\/wp-json\/wp\/v2\/product_tag?post=30053"}],"curies":[{"name":"wp","href":"https:\/\/api.w.org\/{rel}","templated":true}]}}