{"id":29097,"date":"2022-05-09T13:30:16","date_gmt":"2022-05-09T13:30:16","guid":{"rendered":"http:\/\/pikark.com\/?post_type=product&#038;p=29097"},"modified":"2022-05-09T13:56:22","modified_gmt":"2022-05-09T13:56:22","slug":"pergola-bioklimatike","status":"publish","type":"product","link":"https:\/\/pikark.com\/en\/product\/pergola-bioklimatike\/","title":{"rendered":"Bioclimatic Pergola SMARTIA PG 160 P SANTORINI"},"content":{"rendered":"<p><strong>Advantages<\/strong><\/p>\n<div id=\"tw-target-text-container\" class=\"tw-ta-container F0azHf tw-nfl\" tabindex=\"0\">\n<ul>\n<li id=\"tw-target-text\" class=\"tw-data-text tw-text-large tw-ta\" dir=\"ltr\" data-placeholder=\"Translation\"><span class=\"Y2IQFc\" lang=\"en\">Effective protection against sunlight, rain, snow and other weather conditions<\/span><\/li>\n<li class=\"tw-data-text tw-text-large tw-ta\" dir=\"ltr\" data-placeholder=\"Translation\"><span class=\"Y2IQFc\" lang=\"en\">Controlled living conditions due to the bioclimatic philosophy and integration of side elements, such as sliding glass system, rotating shading panels, lids, LEDs, etc.<\/span><\/li>\n<li class=\"tw-data-text tw-text-large tw-ta\" dir=\"ltr\" data-placeholder=\"Translation\"><span class=\"Y2IQFc\" lang=\"en\">Extremely durable constructions, allowing very wide dimensions up to 7.5 x 7.5 m with only four columns<\/span><\/li>\n<li class=\"tw-data-text tw-text-large tw-ta\" dir=\"ltr\" data-placeholder=\"Translation\"><span class=\"Y2IQFc\" lang=\"en\">High-end equipment, such as: patented concealed noise-canceling mechanism and integrated automation systems<\/span><\/li>\n<li class=\"tw-data-text tw-text-large tw-ta\" dir=\"ltr\" data-placeholder=\"Translation\"><span class=\"Y2IQFc\" lang=\"en\">High aesthetics and minimal design with a focus on detail, e.g. with invisible fixing pointsLarge range of solutions and the ability to fully adapt and expand to meet any need<\/span><\/li>\n<\/ul>\n<\/div>\n<p><\/p>","protected":false},"excerpt":{"rendered":"<p><span class=\"Y2IQFc\" lang=\"en\"><strong><a href=\"https:\/\/pikark.com\/product\/pergola-bioklimatike\/\">SMARTIA<\/a> <\/strong>PG160P Santorini, a <a href=\"https:\/\/www.alumil.com\/albania\/corporate\/careers\/careers-@-alumil\/albania\">system<\/a> for excellent bioclimatic pergolas, is characterized by high durability and innovations that it incorporates together, offering ideal light protection solutions for outdoor applications. It is probably the only system of pergolas that can cover the typologies of free residence (without wall mounting) surface up to 50 m2 with only four columns. The covered area can be doubled by adding only two more columns (ie 100 m2 with only 6 columns), without affecting the elegant and minimal design of the pergola.<\/span><\/p>\n<div id=\"tw-target-text-container\" class=\"tw-ta-container F0azHf tw-nfl\" tabindex=\"0\">\n<p id=\"tw-target-text\" class=\"tw-data-text tw-text-large tw-ta\" dir=\"ltr\" data-placeholder=\"Translation\"><span class=\"Y2IQFc\" lang=\"en\">Recordable filler profiles for protection from light and bad weather conditions, as well as the range of equipment available, reflect the bioclimatic philosophy of the system and provide excellent living conditions throughout the year.<\/span><\/p>\n<\/div>\n","protected":false},"featured_media":29103,"comment_status":"open","ping_status":"closed","template":"","meta":[],"product_cat":[715],"product_tag":[805,863],"yoast_head":"<!-- This site is optimized with the Yoast SEO plugin v21.7 - https:\/\/yoast.com\/wordpress\/plugins\/seo\/ -->\n<title>Bioclimatic Pergola SMARTIA PG 160 P SANTORINI - Pikark<\/title>\n<meta name=\"description\" content=\"SMARTIA PG160P Santorini, nj\u00eb sistem p\u00ebr pergolash t\u00eb shk\u00eblqyera bioklimatike, karakterizohet nga q\u00ebndrueshm\u00ebria e lart\u00eb dhe risit\u00eb q\u00eb\" \/>\n<meta name=\"robots\" content=\"index, follow, max-snippet:-1, max-image-preview:large, max-video-preview:-1\" \/>\n<link rel=\"canonical\" href=\"https:\/\/pikark.com\/product\/pergola-bioklimatike\/\" \/>\n<meta property=\"og:locale\" content=\"en_US\" \/>\n<meta property=\"og:type\" content=\"article\" \/>\n<meta property=\"og:title\" content=\"Bioclimatic Pergola SMARTIA PG 160 P SANTORINI - Pikark\" \/>\n<meta property=\"og:description\" content=\"SMARTIA PG160P Santorini, nj\u00eb sistem p\u00ebr pergolash t\u00eb shk\u00eblqyera bioklimatike, karakterizohet nga q\u00ebndrueshm\u00ebria e lart\u00eb dhe risit\u00eb q\u00eb\" \/>\n<meta property=\"og:url\" content=\"https:\/\/pikark.com\/product\/pergola-bioklimatike\/\" \/>\n<meta property=\"og:site_name\" content=\"Pikark\" \/>\n<meta property=\"article:publisher\" content=\"https:\/\/www.facebook.com\/pikark.al\" \/>\n<meta property=\"article:modified_time\" content=\"2022-05-09T13:56:22+00:00\" \/>\n<meta property=\"og:image\" content=\"https:\/\/pikark.com\/wp-content\/uploads\/2022\/05\/pg120p-detail_termansi-ixos-priza_ultra-hd.tmb-864x468-1.jpg\" \/>\n\t<meta property=\"og:image:width\" content=\"882\" \/>\n\t<meta property=\"og:image:height\" content=\"496\" \/>\n\t<meta property=\"og:image:type\" content=\"image\/jpeg\" \/>\n<meta name=\"twitter:card\" content=\"summary_large_image\" \/>\n<meta name=\"twitter:label1\" content=\"Est. reading time\" \/>\n\t<meta name=\"twitter:data1\" content=\"1 minute\" \/>\n<script type=\"application\/ld+json\" class=\"yoast-schema-graph\">{\"@context\":\"https:\/\/schema.org\",\"@graph\":[{\"@type\":\"WebPage\",\"@id\":\"https:\/\/pikark.com\/product\/pergola-bioklimatike\/\",\"url\":\"https:\/\/pikark.com\/product\/pergola-bioklimatike\/\",\"name\":\"[:sq]Pergola Bioklimatike SMARTIA PG 160 P SANTORINI[:en]Bioclimatic Pergola SMARTIA PG 160 P SANTORINI[:] - Pikark\",\"isPartOf\":{\"@id\":\"https:\/\/pikark.com\/#website\"},\"datePublished\":\"2022-05-09T13:30:16+00:00\",\"dateModified\":\"2022-05-09T13:56:22+00:00\",\"description\":\"SMARTIA PG160P Santorini, nj\u00eb sistem p\u00ebr pergolash t\u00eb shk\u00eblqyera bioklimatike, karakterizohet nga q\u00ebndrueshm\u00ebria e lart\u00eb dhe risit\u00eb q\u00eb\",\"breadcrumb\":{\"@id\":\"https:\/\/pikark.com\/product\/pergola-bioklimatike\/#breadcrumb\"},\"inLanguage\":\"en-US\",\"potentialAction\":[{\"@type\":\"ReadAction\",\"target\":[\"https:\/\/pikark.com\/product\/pergola-bioklimatike\/\"]}]},{\"@type\":\"BreadcrumbList\",\"@id\":\"https:\/\/pikark.com\/product\/pergola-bioklimatike\/#breadcrumb\",\"itemListElement\":[{\"@type\":\"ListItem\",\"position\":1,\"name\":\"Home\",\"item\":\"https:\/\/pikark.com\/\"},{\"@type\":\"ListItem\",\"position\":2,\"name\":\"Shop\",\"item\":\"https:\/\/pikark.com\/en\/shop\/\"},{\"@type\":\"ListItem\",\"position\":3,\"name\":\"Pergola Bioklimatike SMARTIA PG 160 P SANTORINI\"}]},{\"@type\":\"WebSite\",\"@id\":\"https:\/\/pikark.com\/#website\",\"url\":\"https:\/\/pikark.com\/\",\"name\":\"Pikark\",\"description\":\"Explore inspiring projects and find the right architects, brand &amp; manufacturers!\",\"publisher\":{\"@id\":\"https:\/\/pikark.com\/#organization\"},\"potentialAction\":[{\"@type\":\"SearchAction\",\"target\":{\"@type\":\"EntryPoint\",\"urlTemplate\":\"https:\/\/pikark.com\/?s={search_term_string}\"},\"query-input\":\"required name=search_term_string\"}],\"inLanguage\":\"en-US\"},{\"@type\":\"Organization\",\"@id\":\"https:\/\/pikark.com\/#organization\",\"name\":\"Pikark\",\"url\":\"https:\/\/pikark.com\/\",\"logo\":{\"@type\":\"ImageObject\",\"inLanguage\":\"en-US\",\"@id\":\"https:\/\/pikark.com\/#\/schema\/logo\/image\/\",\"url\":\"https:\/\/pikark.com\/wp-content\/uploads\/2020\/12\/LOGO_PIKARK-01-1.png\",\"contentUrl\":\"https:\/\/pikark.com\/wp-content\/uploads\/2020\/12\/LOGO_PIKARK-01-1.png\",\"width\":2362,\"height\":2362,\"caption\":\"Pikark\"},\"image\":{\"@id\":\"https:\/\/pikark.com\/#\/schema\/logo\/image\/\"},\"sameAs\":[\"https:\/\/www.facebook.com\/pikark.al\",\"https:\/\/www.instagram.com\/pik.ark\/\"]}]}<\/script>\n<!-- \/ Yoast SEO plugin. -->","yoast_head_json":{"title":"Bioclimatic Pergola SMARTIA PG 160 P SANTORINI - Pikark","description":"SMARTIA PG160P Santorini, nj\u00eb sistem p\u00ebr pergolash t\u00eb shk\u00eblqyera bioklimatike, karakterizohet nga q\u00ebndrueshm\u00ebria e lart\u00eb dhe risit\u00eb q\u00eb","robots":{"index":"index","follow":"follow","max-snippet":"max-snippet:-1","max-image-preview":"max-image-preview:large","max-video-preview":"max-video-preview:-1"},"canonical":"https:\/\/pikark.com\/product\/pergola-bioklimatike\/","og_locale":"en_US","og_type":"article","og_title":"Bioclimatic Pergola SMARTIA PG 160 P SANTORINI - Pikark","og_description":"SMARTIA PG160P Santorini, nj\u00eb sistem p\u00ebr pergolash t\u00eb shk\u00eblqyera bioklimatike, karakterizohet nga q\u00ebndrueshm\u00ebria e lart\u00eb dhe risit\u00eb q\u00eb","og_url":"https:\/\/pikark.com\/product\/pergola-bioklimatike\/","og_site_name":"Pikark","article_publisher":"https:\/\/www.facebook.com\/pikark.al","article_modified_time":"2022-05-09T13:56:22+00:00","og_image":[{"width":882,"height":496,"url":"https:\/\/pikark.com\/wp-content\/uploads\/2022\/05\/pg120p-detail_termansi-ixos-priza_ultra-hd.tmb-864x468-1.jpg","type":"image\/jpeg"}],"twitter_card":"summary_large_image","twitter_misc":{"Est. reading time":"1 minute"},"schema":{"@context":"https:\/\/schema.org","@graph":[{"@type":"WebPage","@id":"https:\/\/pikark.com\/product\/pergola-bioklimatike\/","url":"https:\/\/pikark.com\/product\/pergola-bioklimatike\/","name":"[:sq]Pergola Bioklimatike SMARTIA PG 160 P SANTORINI[:en]Bioclimatic Pergola SMARTIA PG 160 P SANTORINI[:] - Pikark","isPartOf":{"@id":"https:\/\/pikark.com\/#website"},"datePublished":"2022-05-09T13:30:16+00:00","dateModified":"2022-05-09T13:56:22+00:00","description":"SMARTIA PG160P Santorini, nj\u00eb sistem p\u00ebr pergolash t\u00eb shk\u00eblqyera bioklimatike, karakterizohet nga q\u00ebndrueshm\u00ebria e lart\u00eb dhe risit\u00eb q\u00eb","breadcrumb":{"@id":"https:\/\/pikark.com\/product\/pergola-bioklimatike\/#breadcrumb"},"inLanguage":"en-US","potentialAction":[{"@type":"ReadAction","target":["https:\/\/pikark.com\/product\/pergola-bioklimatike\/"]}]},{"@type":"BreadcrumbList","@id":"https:\/\/pikark.com\/product\/pergola-bioklimatike\/#breadcrumb","itemListElement":[{"@type":"ListItem","position":1,"name":"Home","item":"https:\/\/pikark.com\/"},{"@type":"ListItem","position":2,"name":"Shop","item":"https:\/\/pikark.com\/en\/shop\/"},{"@type":"ListItem","position":3,"name":"Pergola Bioklimatike SMARTIA PG 160 P SANTORINI"}]},{"@type":"WebSite","@id":"https:\/\/pikark.com\/#website","url":"https:\/\/pikark.com\/","name":"Pikark","description":"Explore inspiring projects and find the right architects, brand &amp; manufacturers!","publisher":{"@id":"https:\/\/pikark.com\/#organization"},"potentialAction":[{"@type":"SearchAction","target":{"@type":"EntryPoint","urlTemplate":"https:\/\/pikark.com\/?s={search_term_string}"},"query-input":"required name=search_term_string"}],"inLanguage":"en-US"},{"@type":"Organization","@id":"https:\/\/pikark.com\/#organization","name":"Pikark","url":"https:\/\/pikark.com\/","logo":{"@type":"ImageObject","inLanguage":"en-US","@id":"https:\/\/pikark.com\/#\/schema\/logo\/image\/","url":"https:\/\/pikark.com\/wp-content\/uploads\/2020\/12\/LOGO_PIKARK-01-1.png","contentUrl":"https:\/\/pikark.com\/wp-content\/uploads\/2020\/12\/LOGO_PIKARK-01-1.png","width":2362,"height":2362,"caption":"Pikark"},"image":{"@id":"https:\/\/pikark.com\/#\/schema\/logo\/image\/"},"sameAs":["https:\/\/www.facebook.com\/pikark.al","https:\/\/www.instagram.com\/pik.ark\/"]}]}},"_links":{"self":[{"href":"https:\/\/pikark.com\/en\/wp-json\/wp\/v2\/product\/29097"}],"collection":[{"href":"https:\/\/pikark.com\/en\/wp-json\/wp\/v2\/product"}],"about":[{"href":"https:\/\/pikark.com\/en\/wp-json\/wp\/v2\/types\/product"}],"replies":[{"embeddable":true,"href":"https:\/\/pikark.com\/en\/wp-json\/wp\/v2\/comments?post=29097"}],"wp:featuredmedia":[{"embeddable":true,"href":"https:\/\/pikark.com\/en\/wp-json\/wp\/v2\/media\/29103"}],"wp:attachment":[{"href":"https:\/\/pikark.com\/en\/wp-json\/wp\/v2\/media?parent=29097"}],"wp:term":[{"taxonomy":"product_cat","embeddable":true,"href":"https:\/\/pikark.com\/en\/wp-json\/wp\/v2\/product_cat?post=29097"},{"taxonomy":"product_tag","embeddable":true,"href":"https:\/\/pikark.com\/en\/wp-json\/wp\/v2\/product_tag?post=29097"}],"curies":[{"name":"wp","href":"https:\/\/api.w.org\/{rel}","templated":true}]}}