{"id":28524,"date":"2022-04-07T16:33:44","date_gmt":"2022-04-07T16:33:44","guid":{"rendered":"http:\/\/pikark.com\/?post_type=product&#038;p=28524"},"modified":"2022-05-11T10:38:22","modified_gmt":"2022-05-11T10:38:22","slug":"tirana-1920-2020-permes-arkitektures","status":"publish","type":"product","link":"https:\/\/pikark.com\/en\/product\/tirana-1920-2020-permes-arkitektures\/","title":{"rendered":"TIRANA 1920-2020 THROUGH ARCHITECTURE"},"content":{"rendered":"<p><span class=\"JsGRdQ\"><strong>Tirana<\/strong> is my most beloved city. It is the place where I was born, and where I grew up. It is a real fact that today Tirana oneis is one of the newest, most dynamic and most interesting <strong>European Mediterranean<\/strong> cities. The favourable geographical position has put Tirana, over the centuries, as a connector city between the significant events that have taken place between the <strong>East and West<\/strong>, in that part of the <strong>Western Balkans.<\/strong> This position has identified it as the place where different religions, extreme ideologies, heartless wars, great empires, ancient traditions, and exotic cooking tastes were crucified. Dynamic contemporary developments following the communist dictatorship have turned the city of <strong>Tirana<\/strong> into a fashion catwalk, with special architectures designed by the most popular international and local architects. Tirana is facing a strong renewal of its urban DNA, so much so that every urban and architectural component is fluid and is undergoing transformation, almost in an unstoppable way.<\/span><\/p>\n<p>&nbsp;<\/p>\n<div class=\"page\" title=\"Page 1\">\n<div class=\"section\">\n<div class=\"layoutArea\">\n<div class=\"column\">\n<p><strong>Prof. Dr. Armand Vokshi<\/strong> is the <strong>Dean of the Faculty of Architecture and Urbanism, at UPT<\/strong>. He graduated from the<strong> University of Florence<\/strong> with a degree in <strong>Architecture<\/strong> and has completed his PhD studies at this same faculty. He has authored various publications and monographs in the field of architecture and is the author of and participant in many thematic exhibitions, and professional and academic conferences on architecture. Since 2016 &#8211; 2021, he has been the elected president of Shash (Albanian Association of Architects). In 2018, he was awarded the Honorary Title of the Knight, \u201cOrdine della Stella d\u2019Italia nel grado di Cavaliere\u201d, awarded by Italian president.<\/p>\n<p>&nbsp;<\/p>\n<\/div>\n<div dir=\"auto\">\n<p><em>Shipping for\u00a0 Kosovo &amp; North Republic of Macedonia\u00a0 <strong>6.5 euro<\/strong><\/em><\/p>\n<p><em>Tirane: <strong>150 \u2013 200 Leke<\/strong><\/em><\/p>\n<\/div>\n<\/div>\n<\/div>\n<\/div>\n<p><\/p>","protected":false},"excerpt":{"rendered":"<p>Tirana is my most beloved city. It is the place where I was born, and where I grew up. It is a real fact that today Tirana oneis is one of the newest, most dynamic and most interesting European Mediterranean cities. The favourable geographical position has put Tirana, over the centuries, as a connector city [&hellip;]<\/p>\n","protected":false},"featured_media":29124,"comment_status":"open","ping_status":"closed","template":"","meta":[],"product_cat":[817],"product_tag":[883,886,819,885,887,884],"yoast_head":"<!-- This site is optimized with the Yoast SEO plugin v21.7 - https:\/\/yoast.com\/wordpress\/plugins\/seo\/ -->\n<title>TIRANA 1920-2020 THROUGH ARCHITECTURE - Pikark<\/title>\n<meta name=\"description\" content=\"Nj\u00eb udh\u00ebtim i Tiran\u00ebs n\u00eb 100-vjetorin e saj n\u00ebp\u00ebrmjet arkitketur\u00ebs nga Prof.Dr. Armand Vokshi. Tirana e\u0308shte\u0308 qyteti me\u0308 i dashur pe\u0308r mua,\" \/>\n<meta name=\"robots\" content=\"index, follow, max-snippet:-1, max-image-preview:large, max-video-preview:-1\" \/>\n<link rel=\"canonical\" href=\"https:\/\/pikark.com\/product\/tirana-1920-2020-permes-arkitektures\/\" \/>\n<meta property=\"og:locale\" content=\"en_US\" \/>\n<meta property=\"og:type\" content=\"article\" \/>\n<meta property=\"og:title\" content=\"TIRANA 1920-2020 THROUGH ARCHITECTURE - Pikark\" \/>\n<meta property=\"og:description\" content=\"Nj\u00eb udh\u00ebtim i Tiran\u00ebs n\u00eb 100-vjetorin e saj n\u00ebp\u00ebrmjet arkitketur\u00ebs nga Prof.Dr. Armand Vokshi. Tirana e\u0308shte\u0308 qyteti me\u0308 i dashur pe\u0308r mua,\" \/>\n<meta property=\"og:url\" content=\"https:\/\/pikark.com\/product\/tirana-1920-2020-permes-arkitektures\/\" \/>\n<meta property=\"og:site_name\" content=\"Pikark\" \/>\n<meta property=\"article:publisher\" content=\"https:\/\/www.facebook.com\/pikark.al\" \/>\n<meta property=\"article:modified_time\" content=\"2022-05-11T10:38:22+00:00\" \/>\n<meta property=\"og:image\" content=\"https:\/\/pikark.com\/wp-content\/uploads\/2022\/04\/1.png\" \/>\n\t<meta property=\"og:image:width\" content=\"1080\" \/>\n\t<meta property=\"og:image:height\" content=\"1080\" \/>\n\t<meta property=\"og:image:type\" content=\"image\/png\" \/>\n<meta name=\"twitter:card\" content=\"summary_large_image\" \/>\n<meta name=\"twitter:label1\" content=\"Est. reading time\" \/>\n\t<meta name=\"twitter:data1\" content=\"2 minutes\" \/>\n<script type=\"application\/ld+json\" class=\"yoast-schema-graph\">{\"@context\":\"https:\/\/schema.org\",\"@graph\":[{\"@type\":\"WebPage\",\"@id\":\"https:\/\/pikark.com\/product\/tirana-1920-2020-permes-arkitektures\/\",\"url\":\"https:\/\/pikark.com\/product\/tirana-1920-2020-permes-arkitektures\/\",\"name\":\"[:sq]TIRANA 1920-2020 P\u00cbRMES ARKITEKTUR\u00cbS[:en]TIRANA 1920-2020 THROUGH ARCHITECTURE[:] - Pikark\",\"isPartOf\":{\"@id\":\"https:\/\/pikark.com\/#website\"},\"datePublished\":\"2022-04-07T16:33:44+00:00\",\"dateModified\":\"2022-05-11T10:38:22+00:00\",\"description\":\"Nj\u00eb udh\u00ebtim i Tiran\u00ebs n\u00eb 100-vjetorin e saj n\u00ebp\u00ebrmjet arkitketur\u00ebs nga Prof.Dr. Armand Vokshi. Tirana e\u0308shte\u0308 qyteti me\u0308 i dashur pe\u0308r mua,\",\"breadcrumb\":{\"@id\":\"https:\/\/pikark.com\/product\/tirana-1920-2020-permes-arkitektures\/#breadcrumb\"},\"inLanguage\":\"en-US\",\"potentialAction\":[{\"@type\":\"ReadAction\",\"target\":[\"https:\/\/pikark.com\/product\/tirana-1920-2020-permes-arkitektures\/\"]}]},{\"@type\":\"BreadcrumbList\",\"@id\":\"https:\/\/pikark.com\/product\/tirana-1920-2020-permes-arkitektures\/#breadcrumb\",\"itemListElement\":[{\"@type\":\"ListItem\",\"position\":1,\"name\":\"Home\",\"item\":\"https:\/\/pikark.com\/\"},{\"@type\":\"ListItem\",\"position\":2,\"name\":\"Shop\",\"item\":\"https:\/\/pikark.com\/en\/shop\/\"},{\"@type\":\"ListItem\",\"position\":3,\"name\":\"TIRANA 1920-2020 P\u00cbRMES ARKITEKTUR\u00cbS\"}]},{\"@type\":\"WebSite\",\"@id\":\"https:\/\/pikark.com\/#website\",\"url\":\"https:\/\/pikark.com\/\",\"name\":\"Pikark\",\"description\":\"Explore inspiring projects and find the right architects, brand &amp; manufacturers!\",\"publisher\":{\"@id\":\"https:\/\/pikark.com\/#organization\"},\"potentialAction\":[{\"@type\":\"SearchAction\",\"target\":{\"@type\":\"EntryPoint\",\"urlTemplate\":\"https:\/\/pikark.com\/?s={search_term_string}\"},\"query-input\":\"required name=search_term_string\"}],\"inLanguage\":\"en-US\"},{\"@type\":\"Organization\",\"@id\":\"https:\/\/pikark.com\/#organization\",\"name\":\"Pikark\",\"url\":\"https:\/\/pikark.com\/\",\"logo\":{\"@type\":\"ImageObject\",\"inLanguage\":\"en-US\",\"@id\":\"https:\/\/pikark.com\/#\/schema\/logo\/image\/\",\"url\":\"https:\/\/pikark.com\/wp-content\/uploads\/2020\/12\/LOGO_PIKARK-01-1.png\",\"contentUrl\":\"https:\/\/pikark.com\/wp-content\/uploads\/2020\/12\/LOGO_PIKARK-01-1.png\",\"width\":2362,\"height\":2362,\"caption\":\"Pikark\"},\"image\":{\"@id\":\"https:\/\/pikark.com\/#\/schema\/logo\/image\/\"},\"sameAs\":[\"https:\/\/www.facebook.com\/pikark.al\",\"https:\/\/www.instagram.com\/pik.ark\/\"]}]}<\/script>\n<!-- \/ Yoast SEO plugin. -->","yoast_head_json":{"title":"TIRANA 1920-2020 THROUGH ARCHITECTURE - Pikark","description":"Nj\u00eb udh\u00ebtim i Tiran\u00ebs n\u00eb 100-vjetorin e saj n\u00ebp\u00ebrmjet arkitketur\u00ebs nga Prof.Dr. Armand Vokshi. Tirana e\u0308shte\u0308 qyteti me\u0308 i dashur pe\u0308r mua,","robots":{"index":"index","follow":"follow","max-snippet":"max-snippet:-1","max-image-preview":"max-image-preview:large","max-video-preview":"max-video-preview:-1"},"canonical":"https:\/\/pikark.com\/product\/tirana-1920-2020-permes-arkitektures\/","og_locale":"en_US","og_type":"article","og_title":"TIRANA 1920-2020 THROUGH ARCHITECTURE - Pikark","og_description":"Nj\u00eb udh\u00ebtim i Tiran\u00ebs n\u00eb 100-vjetorin e saj n\u00ebp\u00ebrmjet arkitketur\u00ebs nga Prof.Dr. Armand Vokshi. Tirana e\u0308shte\u0308 qyteti me\u0308 i dashur pe\u0308r mua,","og_url":"https:\/\/pikark.com\/product\/tirana-1920-2020-permes-arkitektures\/","og_site_name":"Pikark","article_publisher":"https:\/\/www.facebook.com\/pikark.al","article_modified_time":"2022-05-11T10:38:22+00:00","og_image":[{"width":1080,"height":1080,"url":"https:\/\/pikark.com\/wp-content\/uploads\/2022\/04\/1.png","type":"image\/png"}],"twitter_card":"summary_large_image","twitter_misc":{"Est. reading time":"2 minutes"},"schema":{"@context":"https:\/\/schema.org","@graph":[{"@type":"WebPage","@id":"https:\/\/pikark.com\/product\/tirana-1920-2020-permes-arkitektures\/","url":"https:\/\/pikark.com\/product\/tirana-1920-2020-permes-arkitektures\/","name":"[:sq]TIRANA 1920-2020 P\u00cbRMES ARKITEKTUR\u00cbS[:en]TIRANA 1920-2020 THROUGH ARCHITECTURE[:] - Pikark","isPartOf":{"@id":"https:\/\/pikark.com\/#website"},"datePublished":"2022-04-07T16:33:44+00:00","dateModified":"2022-05-11T10:38:22+00:00","description":"Nj\u00eb udh\u00ebtim i Tiran\u00ebs n\u00eb 100-vjetorin e saj n\u00ebp\u00ebrmjet arkitketur\u00ebs nga Prof.Dr. Armand Vokshi. Tirana e\u0308shte\u0308 qyteti me\u0308 i dashur pe\u0308r mua,","breadcrumb":{"@id":"https:\/\/pikark.com\/product\/tirana-1920-2020-permes-arkitektures\/#breadcrumb"},"inLanguage":"en-US","potentialAction":[{"@type":"ReadAction","target":["https:\/\/pikark.com\/product\/tirana-1920-2020-permes-arkitektures\/"]}]},{"@type":"BreadcrumbList","@id":"https:\/\/pikark.com\/product\/tirana-1920-2020-permes-arkitektures\/#breadcrumb","itemListElement":[{"@type":"ListItem","position":1,"name":"Home","item":"https:\/\/pikark.com\/"},{"@type":"ListItem","position":2,"name":"Shop","item":"https:\/\/pikark.com\/en\/shop\/"},{"@type":"ListItem","position":3,"name":"TIRANA 1920-2020 P\u00cbRMES ARKITEKTUR\u00cbS"}]},{"@type":"WebSite","@id":"https:\/\/pikark.com\/#website","url":"https:\/\/pikark.com\/","name":"Pikark","description":"Explore inspiring projects and find the right architects, brand &amp; manufacturers!","publisher":{"@id":"https:\/\/pikark.com\/#organization"},"potentialAction":[{"@type":"SearchAction","target":{"@type":"EntryPoint","urlTemplate":"https:\/\/pikark.com\/?s={search_term_string}"},"query-input":"required name=search_term_string"}],"inLanguage":"en-US"},{"@type":"Organization","@id":"https:\/\/pikark.com\/#organization","name":"Pikark","url":"https:\/\/pikark.com\/","logo":{"@type":"ImageObject","inLanguage":"en-US","@id":"https:\/\/pikark.com\/#\/schema\/logo\/image\/","url":"https:\/\/pikark.com\/wp-content\/uploads\/2020\/12\/LOGO_PIKARK-01-1.png","contentUrl":"https:\/\/pikark.com\/wp-content\/uploads\/2020\/12\/LOGO_PIKARK-01-1.png","width":2362,"height":2362,"caption":"Pikark"},"image":{"@id":"https:\/\/pikark.com\/#\/schema\/logo\/image\/"},"sameAs":["https:\/\/www.facebook.com\/pikark.al","https:\/\/www.instagram.com\/pik.ark\/"]}]}},"_links":{"self":[{"href":"https:\/\/pikark.com\/en\/wp-json\/wp\/v2\/product\/28524"}],"collection":[{"href":"https:\/\/pikark.com\/en\/wp-json\/wp\/v2\/product"}],"about":[{"href":"https:\/\/pikark.com\/en\/wp-json\/wp\/v2\/types\/product"}],"replies":[{"embeddable":true,"href":"https:\/\/pikark.com\/en\/wp-json\/wp\/v2\/comments?post=28524"}],"wp:featuredmedia":[{"embeddable":true,"href":"https:\/\/pikark.com\/en\/wp-json\/wp\/v2\/media\/29124"}],"wp:attachment":[{"href":"https:\/\/pikark.com\/en\/wp-json\/wp\/v2\/media?parent=28524"}],"wp:term":[{"taxonomy":"product_cat","embeddable":true,"href":"https:\/\/pikark.com\/en\/wp-json\/wp\/v2\/product_cat?post=28524"},{"taxonomy":"product_tag","embeddable":true,"href":"https:\/\/pikark.com\/en\/wp-json\/wp\/v2\/product_tag?post=28524"}],"curies":[{"name":"wp","href":"https:\/\/api.w.org\/{rel}","templated":true}]}}