{"id":27922,"date":"2022-03-09T09:12:37","date_gmt":"2022-03-09T09:12:37","guid":{"rendered":"http:\/\/pikark.com\/?post_type=product&#038;p=27922"},"modified":"2022-03-09T09:32:46","modified_gmt":"2022-03-09T09:32:46","slug":"smartia-m78-2","status":"publish","type":"product","link":"https:\/\/pikark.com\/en\/product\/smartia-m78-2\/","title":{"rendered":"SMARTIA M78 a unified facade system for maximum transparency"},"content":{"rendered":"<p><\/p>\n<section class=\"benefits container hover\">\n<div class=\"row hover\">\n<div class=\"col-md-6 hover\">\n<h2 class=\"subtitle hover\">Advantages<\/h2>\n<div class=\"alumil-list\">\n<ul class=\"\">\n<li class=\"\">\n<p id=\"tw-target-text\" class=\"tw-data-text tw-text-large tw-ta\" dir=\"ltr\" data-placeholder=\"Translation\"><span class=\"Y2IQFc\" lang=\"en\">Improving natural light <\/span><\/p>\n<\/li>\n<li class=\"\">\n<p id=\"tw-target-text\" class=\"tw-data-text tw-text-large tw-ta\" dir=\"ltr\" data-placeholder=\"Translation\"><span class=\"Y2IQFc\" lang=\"en\">Increase comfort level Increasing the level of security <\/span><\/p>\n<\/li>\n<li class=\"\">\n<p id=\"tw-target-text\" class=\"tw-data-text tw-text-large tw-ta\" dir=\"ltr\" data-placeholder=\"Translation\"><span class=\"Y2IQFc\" lang=\"en\">Certified performance in terms of air, water and wind pressure <\/span><\/p>\n<\/li>\n<li class=\"\">\n<p id=\"tw-target-text\" class=\"tw-data-text tw-text-large tw-ta\" dir=\"ltr\" data-placeholder=\"Translation\"><span class=\"Y2IQFc\" lang=\"en\">Personalized solutions, adjusted according to the specifications of each building Increased static power, in extreme natural phenomena <\/span><\/p>\n<\/li>\n<li class=\"\">\n<p id=\"tw-target-text\" class=\"tw-data-text tw-text-large tw-ta\" dir=\"ltr\" data-placeholder=\"Translation\"><span class=\"Y2IQFc\" lang=\"en\">Ease of use due to electrical movement<\/span><\/p>\n<\/li>\n<li class=\"\">\n<p id=\"tw-target-text\" class=\"tw-data-text tw-text-large tw-ta\" dir=\"ltr\" data-placeholder=\"Translation\"><span class=\"Y2IQFc\" lang=\"en\">Product with cost-effectiveness compared to the competition<\/span><\/p>\n<\/li>\n<\/ul>\n<\/div>\n<\/div>\n<\/div>\n<\/section>\n<p><\/p>","protected":false},"excerpt":{"rendered":"<div id=\"tw-target-text-container\" class=\"tw-ta-container F0azHf tw-nfl\" tabindex=\"0\">\n<p id=\"tw-target-text\" class=\"tw-data-text tw-text-large tw-ta\" dir=\"ltr\" data-placeholder=\"Translation\"><span class=\"Y2IQFc\" lang=\"en\"><strong><a href=\"https:\/\/www.alumil.com\/albania\/homeowners\">SMARTIA M78<\/a><\/strong> is a cost-effective single facade that combines minimal aesthetics with structural strength. Its Structural Construction with Silicone Polishing offers maximum transparency on the outer surface of the facade. Modular units, including windows, are prefabricated in the conditions of a workshop and this results in a fast and economical installation with minimization of human labor and tool requirements. This way of construction makes the <a href=\"https:\/\/pikark.com\/members\/alumil\/store\/\"><strong>M78 system<\/strong><\/a> an ideal system for multi-storey buildings, where meeting the required deadlines is a prerequisite.<\/span><\/p>\n<\/div>\n","protected":false},"featured_media":27925,"comment_status":"open","ping_status":"closed","template":"","meta":[],"product_cat":[745],"product_tag":[805,863],"yoast_head":"<!-- This site is optimized with the Yoast SEO plugin v21.7 - https:\/\/yoast.com\/wordpress\/plugins\/seo\/ -->\n<title>SMARTIA M78 a unified facade system for maximum transparency - Pikark<\/title>\n<meta name=\"description\" content=\"SMARTIA M78 \u00ebsht\u00eb nj\u00eb fasad\u00eb e nj\u00ebsuar me efektshm\u00ebri n\u00eb kosto, e cila kombinon estetik\u00ebn minimale me fuqin\u00eb strukturale. Nd\u00ebrtimi\" \/>\n<meta name=\"robots\" content=\"index, follow, max-snippet:-1, max-image-preview:large, max-video-preview:-1\" \/>\n<link rel=\"canonical\" href=\"https:\/\/pikark.com\/product\/smartia-m78-2\/\" \/>\n<meta property=\"og:locale\" content=\"en_US\" \/>\n<meta property=\"og:type\" content=\"article\" \/>\n<meta property=\"og:title\" content=\"SMARTIA M78 a unified facade system for maximum transparency - Pikark\" \/>\n<meta property=\"og:description\" content=\"SMARTIA M78 \u00ebsht\u00eb nj\u00eb fasad\u00eb e nj\u00ebsuar me efektshm\u00ebri n\u00eb kosto, e cila kombinon estetik\u00ebn minimale me fuqin\u00eb strukturale. Nd\u00ebrtimi\" \/>\n<meta property=\"og:url\" content=\"https:\/\/pikark.com\/product\/smartia-m78-2\/\" \/>\n<meta property=\"og:site_name\" content=\"Pikark\" \/>\n<meta property=\"article:publisher\" content=\"https:\/\/www.facebook.com\/pikark.al\" \/>\n<meta property=\"article:modified_time\" content=\"2022-03-09T09:32:46+00:00\" \/>\n<meta property=\"og:image\" content=\"https:\/\/pikark.com\/wp-content\/uploads\/2022\/03\/m78-1802ffcd1-f789-4f10-bb35-cb4c8a994a05.tmb-864x468-1.jpg\" \/>\n\t<meta property=\"og:image:width\" content=\"882\" \/>\n\t<meta property=\"og:image:height\" content=\"496\" \/>\n\t<meta property=\"og:image:type\" content=\"image\/jpeg\" \/>\n<meta name=\"twitter:card\" content=\"summary_large_image\" \/>\n<meta name=\"twitter:label1\" content=\"Est. reading time\" \/>\n\t<meta name=\"twitter:data1\" content=\"1 minute\" \/>\n<script type=\"application\/ld+json\" class=\"yoast-schema-graph\">{\"@context\":\"https:\/\/schema.org\",\"@graph\":[{\"@type\":\"WebPage\",\"@id\":\"https:\/\/pikark.com\/product\/smartia-m78-2\/\",\"url\":\"https:\/\/pikark.com\/product\/smartia-m78-2\/\",\"name\":\"[:sq]SMARTIA M78 nj\u00eb sistem fasade i nj\u00ebsuar p\u00ebr transparenc\u00eb maksimale[:en]SMARTIA M78 a unified facade system for maximum transparency[:] - Pikark\",\"isPartOf\":{\"@id\":\"https:\/\/pikark.com\/#website\"},\"datePublished\":\"2022-03-09T09:12:37+00:00\",\"dateModified\":\"2022-03-09T09:32:46+00:00\",\"description\":\"SMARTIA M78 \u00ebsht\u00eb nj\u00eb fasad\u00eb e nj\u00ebsuar me efektshm\u00ebri n\u00eb kosto, e cila kombinon estetik\u00ebn minimale me fuqin\u00eb strukturale. Nd\u00ebrtimi\",\"breadcrumb\":{\"@id\":\"https:\/\/pikark.com\/product\/smartia-m78-2\/#breadcrumb\"},\"inLanguage\":\"en-US\",\"potentialAction\":[{\"@type\":\"ReadAction\",\"target\":[\"https:\/\/pikark.com\/product\/smartia-m78-2\/\"]}]},{\"@type\":\"BreadcrumbList\",\"@id\":\"https:\/\/pikark.com\/product\/smartia-m78-2\/#breadcrumb\",\"itemListElement\":[{\"@type\":\"ListItem\",\"position\":1,\"name\":\"Home\",\"item\":\"https:\/\/pikark.com\/\"},{\"@type\":\"ListItem\",\"position\":2,\"name\":\"Shop\",\"item\":\"https:\/\/pikark.com\/en\/shop\/\"},{\"@type\":\"ListItem\",\"position\":3,\"name\":\"SMARTIA M78 nj\u00eb sistem fasade i nj\u00ebsuar p\u00ebr transparenc\u00eb maksimale\"}]},{\"@type\":\"WebSite\",\"@id\":\"https:\/\/pikark.com\/#website\",\"url\":\"https:\/\/pikark.com\/\",\"name\":\"Pikark\",\"description\":\"Explore inspiring projects and find the right architects, brand &amp; manufacturers!\",\"publisher\":{\"@id\":\"https:\/\/pikark.com\/#organization\"},\"potentialAction\":[{\"@type\":\"SearchAction\",\"target\":{\"@type\":\"EntryPoint\",\"urlTemplate\":\"https:\/\/pikark.com\/?s={search_term_string}\"},\"query-input\":\"required name=search_term_string\"}],\"inLanguage\":\"en-US\"},{\"@type\":\"Organization\",\"@id\":\"https:\/\/pikark.com\/#organization\",\"name\":\"Pikark\",\"url\":\"https:\/\/pikark.com\/\",\"logo\":{\"@type\":\"ImageObject\",\"inLanguage\":\"en-US\",\"@id\":\"https:\/\/pikark.com\/#\/schema\/logo\/image\/\",\"url\":\"https:\/\/pikark.com\/wp-content\/uploads\/2020\/12\/LOGO_PIKARK-01-1.png\",\"contentUrl\":\"https:\/\/pikark.com\/wp-content\/uploads\/2020\/12\/LOGO_PIKARK-01-1.png\",\"width\":2362,\"height\":2362,\"caption\":\"Pikark\"},\"image\":{\"@id\":\"https:\/\/pikark.com\/#\/schema\/logo\/image\/\"},\"sameAs\":[\"https:\/\/www.facebook.com\/pikark.al\",\"https:\/\/www.instagram.com\/pik.ark\/\"]}]}<\/script>\n<!-- \/ Yoast SEO plugin. -->","yoast_head_json":{"title":"SMARTIA M78 a unified facade system for maximum transparency - Pikark","description":"SMARTIA M78 \u00ebsht\u00eb nj\u00eb fasad\u00eb e nj\u00ebsuar me efektshm\u00ebri n\u00eb kosto, e cila kombinon estetik\u00ebn minimale me fuqin\u00eb strukturale. Nd\u00ebrtimi","robots":{"index":"index","follow":"follow","max-snippet":"max-snippet:-1","max-image-preview":"max-image-preview:large","max-video-preview":"max-video-preview:-1"},"canonical":"https:\/\/pikark.com\/product\/smartia-m78-2\/","og_locale":"en_US","og_type":"article","og_title":"SMARTIA M78 a unified facade system for maximum transparency - Pikark","og_description":"SMARTIA M78 \u00ebsht\u00eb nj\u00eb fasad\u00eb e nj\u00ebsuar me efektshm\u00ebri n\u00eb kosto, e cila kombinon estetik\u00ebn minimale me fuqin\u00eb strukturale. Nd\u00ebrtimi","og_url":"https:\/\/pikark.com\/product\/smartia-m78-2\/","og_site_name":"Pikark","article_publisher":"https:\/\/www.facebook.com\/pikark.al","article_modified_time":"2022-03-09T09:32:46+00:00","og_image":[{"width":882,"height":496,"url":"https:\/\/pikark.com\/wp-content\/uploads\/2022\/03\/m78-1802ffcd1-f789-4f10-bb35-cb4c8a994a05.tmb-864x468-1.jpg","type":"image\/jpeg"}],"twitter_card":"summary_large_image","twitter_misc":{"Est. reading time":"1 minute"},"schema":{"@context":"https:\/\/schema.org","@graph":[{"@type":"WebPage","@id":"https:\/\/pikark.com\/product\/smartia-m78-2\/","url":"https:\/\/pikark.com\/product\/smartia-m78-2\/","name":"[:sq]SMARTIA M78 nj\u00eb sistem fasade i nj\u00ebsuar p\u00ebr transparenc\u00eb maksimale[:en]SMARTIA M78 a unified facade system for maximum transparency[:] - Pikark","isPartOf":{"@id":"https:\/\/pikark.com\/#website"},"datePublished":"2022-03-09T09:12:37+00:00","dateModified":"2022-03-09T09:32:46+00:00","description":"SMARTIA M78 \u00ebsht\u00eb nj\u00eb fasad\u00eb e nj\u00ebsuar me efektshm\u00ebri n\u00eb kosto, e cila kombinon estetik\u00ebn minimale me fuqin\u00eb strukturale. Nd\u00ebrtimi","breadcrumb":{"@id":"https:\/\/pikark.com\/product\/smartia-m78-2\/#breadcrumb"},"inLanguage":"en-US","potentialAction":[{"@type":"ReadAction","target":["https:\/\/pikark.com\/product\/smartia-m78-2\/"]}]},{"@type":"BreadcrumbList","@id":"https:\/\/pikark.com\/product\/smartia-m78-2\/#breadcrumb","itemListElement":[{"@type":"ListItem","position":1,"name":"Home","item":"https:\/\/pikark.com\/"},{"@type":"ListItem","position":2,"name":"Shop","item":"https:\/\/pikark.com\/en\/shop\/"},{"@type":"ListItem","position":3,"name":"SMARTIA M78 nj\u00eb sistem fasade i nj\u00ebsuar p\u00ebr transparenc\u00eb maksimale"}]},{"@type":"WebSite","@id":"https:\/\/pikark.com\/#website","url":"https:\/\/pikark.com\/","name":"Pikark","description":"Explore inspiring projects and find the right architects, brand &amp; manufacturers!","publisher":{"@id":"https:\/\/pikark.com\/#organization"},"potentialAction":[{"@type":"SearchAction","target":{"@type":"EntryPoint","urlTemplate":"https:\/\/pikark.com\/?s={search_term_string}"},"query-input":"required name=search_term_string"}],"inLanguage":"en-US"},{"@type":"Organization","@id":"https:\/\/pikark.com\/#organization","name":"Pikark","url":"https:\/\/pikark.com\/","logo":{"@type":"ImageObject","inLanguage":"en-US","@id":"https:\/\/pikark.com\/#\/schema\/logo\/image\/","url":"https:\/\/pikark.com\/wp-content\/uploads\/2020\/12\/LOGO_PIKARK-01-1.png","contentUrl":"https:\/\/pikark.com\/wp-content\/uploads\/2020\/12\/LOGO_PIKARK-01-1.png","width":2362,"height":2362,"caption":"Pikark"},"image":{"@id":"https:\/\/pikark.com\/#\/schema\/logo\/image\/"},"sameAs":["https:\/\/www.facebook.com\/pikark.al","https:\/\/www.instagram.com\/pik.ark\/"]}]}},"_links":{"self":[{"href":"https:\/\/pikark.com\/en\/wp-json\/wp\/v2\/product\/27922"}],"collection":[{"href":"https:\/\/pikark.com\/en\/wp-json\/wp\/v2\/product"}],"about":[{"href":"https:\/\/pikark.com\/en\/wp-json\/wp\/v2\/types\/product"}],"replies":[{"embeddable":true,"href":"https:\/\/pikark.com\/en\/wp-json\/wp\/v2\/comments?post=27922"}],"wp:featuredmedia":[{"embeddable":true,"href":"https:\/\/pikark.com\/en\/wp-json\/wp\/v2\/media\/27925"}],"wp:attachment":[{"href":"https:\/\/pikark.com\/en\/wp-json\/wp\/v2\/media?parent=27922"}],"wp:term":[{"taxonomy":"product_cat","embeddable":true,"href":"https:\/\/pikark.com\/en\/wp-json\/wp\/v2\/product_cat?post=27922"},{"taxonomy":"product_tag","embeddable":true,"href":"https:\/\/pikark.com\/en\/wp-json\/wp\/v2\/product_tag?post=27922"}],"curies":[{"name":"wp","href":"https:\/\/api.w.org\/{rel}","templated":true}]}}