{"id":27230,"date":"2022-01-11T13:53:46","date_gmt":"2022-01-11T13:53:46","guid":{"rendered":"http:\/\/pikark.com\/?post_type=product&#038;p=27230"},"modified":"2024-03-17T01:11:48","modified_gmt":"2024-03-17T01:11:48","slug":"ndricuesi-calvino","status":"publish","type":"product","link":"https:\/\/pikark.com\/en\/product\/ndricuesi-calvino\/","title":{"rendered":"Calvino Light"},"content":{"rendered":"","protected":false},"excerpt":{"rendered":"<div id=\"tw-target-text-container\" class=\"tw-ta-container F0azHf tw-nfl\" tabindex=\"0\">\n<div id=\"tw-target-text-container\" class=\"tw-ta-container F0azHf tw-nfl\" tabindex=\"0\">\n<p id=\"tw-target-text\" class=\"tw-data-text tw-text-large tw-ta\" dir=\"ltr\" data-placeholder=\"Translation\"><span class=\"Y2IQFc\" lang=\"en\"><a href=\"https:\/\/www.abiesse.al\/\">Calvino lamp<\/a> designed in 2018 by<a href=\"https:\/\/pikark.com\/en\/members\/abiesse\/store\/\"> Davide Groppi<\/a>. A work on plans and two-dimensionality.<\/span><\/p>\n<\/div>\n<p class=\"tw-data-text tw-text-large tw-ta\" dir=\"ltr\" data-placeholder=\"Translation\"><span class=\"Y2IQFc\" lang=\"en\">Thinness and lightness are the fundamental design components of this lamp. A circular mirror can be oriented at will to illuminate and at the same time capture the surrounding space.<\/span><\/p>\n<\/div>\n","protected":false},"featured_media":27231,"comment_status":"open","ping_status":"closed","template":"","meta":[],"product_cat":[648,649,669],"product_tag":[878,816],"yoast_head":"<!-- This site is optimized with the Yoast SEO plugin v21.7 - https:\/\/yoast.com\/wordpress\/plugins\/seo\/ -->\n<title>Calvino Light - Pikark<\/title>\n<meta name=\"description\" content=\"Nj\u00eb pun\u00eb mbi plane dhe dydimensionale.Holl\u00ebsia dhe leht\u00ebsia jan\u00eb komponent\u00ebt themelor\u00eb t\u00eb dizajnit t\u00eb k\u00ebsaj llamb\u00eb.\" \/>\n<meta name=\"robots\" content=\"index, follow, max-snippet:-1, max-image-preview:large, max-video-preview:-1\" \/>\n<link rel=\"canonical\" href=\"https:\/\/pikark.com\/product\/ndricuesi-calvino\/\" \/>\n<meta property=\"og:locale\" content=\"en_US\" \/>\n<meta property=\"og:type\" content=\"article\" \/>\n<meta property=\"og:title\" content=\"Calvino Light - Pikark\" \/>\n<meta property=\"og:description\" content=\"Nj\u00eb pun\u00eb mbi plane dhe dydimensionale.Holl\u00ebsia dhe leht\u00ebsia jan\u00eb komponent\u00ebt themelor\u00eb t\u00eb dizajnit t\u00eb k\u00ebsaj llamb\u00eb.\" \/>\n<meta property=\"og:url\" content=\"https:\/\/pikark.com\/product\/ndricuesi-calvino\/\" \/>\n<meta property=\"og:site_name\" content=\"Pikark\" \/>\n<meta property=\"article:publisher\" content=\"https:\/\/www.facebook.com\/pikark.al\" \/>\n<meta property=\"article:modified_time\" content=\"2024-03-17T01:11:48+00:00\" \/>\n<meta property=\"og:image\" content=\"https:\/\/pikark.com\/wp-content\/uploads\/2022\/01\/1-1.jpg\" \/>\n\t<meta property=\"og:image:width\" content=\"1080\" \/>\n\t<meta property=\"og:image:height\" content=\"1080\" \/>\n\t<meta property=\"og:image:type\" content=\"image\/jpeg\" \/>\n<meta name=\"twitter:card\" content=\"summary_large_image\" \/>\n<script type=\"application\/ld+json\" class=\"yoast-schema-graph\">{\"@context\":\"https:\/\/schema.org\",\"@graph\":[{\"@type\":\"WebPage\",\"@id\":\"https:\/\/pikark.com\/product\/ndricuesi-calvino\/\",\"url\":\"https:\/\/pikark.com\/product\/ndricuesi-calvino\/\",\"name\":\"[:sq]Ndri\u00e7uesi Calvino[:en]Calvino Light[:] - Pikark\",\"isPartOf\":{\"@id\":\"https:\/\/pikark.com\/#website\"},\"datePublished\":\"2022-01-11T13:53:46+00:00\",\"dateModified\":\"2024-03-17T01:11:48+00:00\",\"description\":\"Nj\u00eb pun\u00eb mbi plane dhe dydimensionale.Holl\u00ebsia dhe leht\u00ebsia jan\u00eb komponent\u00ebt themelor\u00eb t\u00eb dizajnit t\u00eb k\u00ebsaj llamb\u00eb.\",\"breadcrumb\":{\"@id\":\"https:\/\/pikark.com\/product\/ndricuesi-calvino\/#breadcrumb\"},\"inLanguage\":\"en-US\",\"potentialAction\":[{\"@type\":\"ReadAction\",\"target\":[\"https:\/\/pikark.com\/product\/ndricuesi-calvino\/\"]}]},{\"@type\":\"BreadcrumbList\",\"@id\":\"https:\/\/pikark.com\/product\/ndricuesi-calvino\/#breadcrumb\",\"itemListElement\":[{\"@type\":\"ListItem\",\"position\":1,\"name\":\"Home\",\"item\":\"https:\/\/pikark.com\/\"},{\"@type\":\"ListItem\",\"position\":2,\"name\":\"Shop\",\"item\":\"https:\/\/pikark.com\/en\/shop\/\"},{\"@type\":\"ListItem\",\"position\":3,\"name\":\"Ndri\u00e7uesi Calvino\"}]},{\"@type\":\"WebSite\",\"@id\":\"https:\/\/pikark.com\/#website\",\"url\":\"https:\/\/pikark.com\/\",\"name\":\"Pikark\",\"description\":\"Explore inspiring projects and find the right architects, brand &amp; manufacturers!\",\"publisher\":{\"@id\":\"https:\/\/pikark.com\/#organization\"},\"potentialAction\":[{\"@type\":\"SearchAction\",\"target\":{\"@type\":\"EntryPoint\",\"urlTemplate\":\"https:\/\/pikark.com\/?s={search_term_string}\"},\"query-input\":\"required name=search_term_string\"}],\"inLanguage\":\"en-US\"},{\"@type\":\"Organization\",\"@id\":\"https:\/\/pikark.com\/#organization\",\"name\":\"Pikark\",\"url\":\"https:\/\/pikark.com\/\",\"logo\":{\"@type\":\"ImageObject\",\"inLanguage\":\"en-US\",\"@id\":\"https:\/\/pikark.com\/#\/schema\/logo\/image\/\",\"url\":\"https:\/\/pikark.com\/wp-content\/uploads\/2020\/12\/LOGO_PIKARK-01-1.png\",\"contentUrl\":\"https:\/\/pikark.com\/wp-content\/uploads\/2020\/12\/LOGO_PIKARK-01-1.png\",\"width\":2362,\"height\":2362,\"caption\":\"Pikark\"},\"image\":{\"@id\":\"https:\/\/pikark.com\/#\/schema\/logo\/image\/\"},\"sameAs\":[\"https:\/\/www.facebook.com\/pikark.al\",\"https:\/\/www.instagram.com\/pik.ark\/\"]}]}<\/script>\n<!-- \/ Yoast SEO plugin. -->","yoast_head_json":{"title":"Calvino Light - Pikark","description":"Nj\u00eb pun\u00eb mbi plane dhe dydimensionale.Holl\u00ebsia dhe leht\u00ebsia jan\u00eb komponent\u00ebt themelor\u00eb t\u00eb dizajnit t\u00eb k\u00ebsaj llamb\u00eb.","robots":{"index":"index","follow":"follow","max-snippet":"max-snippet:-1","max-image-preview":"max-image-preview:large","max-video-preview":"max-video-preview:-1"},"canonical":"https:\/\/pikark.com\/product\/ndricuesi-calvino\/","og_locale":"en_US","og_type":"article","og_title":"Calvino Light - Pikark","og_description":"Nj\u00eb pun\u00eb mbi plane dhe dydimensionale.Holl\u00ebsia dhe leht\u00ebsia jan\u00eb komponent\u00ebt themelor\u00eb t\u00eb dizajnit t\u00eb k\u00ebsaj llamb\u00eb.","og_url":"https:\/\/pikark.com\/product\/ndricuesi-calvino\/","og_site_name":"Pikark","article_publisher":"https:\/\/www.facebook.com\/pikark.al","article_modified_time":"2024-03-17T01:11:48+00:00","og_image":[{"width":1080,"height":1080,"url":"https:\/\/pikark.com\/wp-content\/uploads\/2022\/01\/1-1.jpg","type":"image\/jpeg"}],"twitter_card":"summary_large_image","schema":{"@context":"https:\/\/schema.org","@graph":[{"@type":"WebPage","@id":"https:\/\/pikark.com\/product\/ndricuesi-calvino\/","url":"https:\/\/pikark.com\/product\/ndricuesi-calvino\/","name":"[:sq]Ndri\u00e7uesi Calvino[:en]Calvino Light[:] - Pikark","isPartOf":{"@id":"https:\/\/pikark.com\/#website"},"datePublished":"2022-01-11T13:53:46+00:00","dateModified":"2024-03-17T01:11:48+00:00","description":"Nj\u00eb pun\u00eb mbi plane dhe dydimensionale.Holl\u00ebsia dhe leht\u00ebsia jan\u00eb komponent\u00ebt themelor\u00eb t\u00eb dizajnit t\u00eb k\u00ebsaj llamb\u00eb.","breadcrumb":{"@id":"https:\/\/pikark.com\/product\/ndricuesi-calvino\/#breadcrumb"},"inLanguage":"en-US","potentialAction":[{"@type":"ReadAction","target":["https:\/\/pikark.com\/product\/ndricuesi-calvino\/"]}]},{"@type":"BreadcrumbList","@id":"https:\/\/pikark.com\/product\/ndricuesi-calvino\/#breadcrumb","itemListElement":[{"@type":"ListItem","position":1,"name":"Home","item":"https:\/\/pikark.com\/"},{"@type":"ListItem","position":2,"name":"Shop","item":"https:\/\/pikark.com\/en\/shop\/"},{"@type":"ListItem","position":3,"name":"Ndri\u00e7uesi Calvino"}]},{"@type":"WebSite","@id":"https:\/\/pikark.com\/#website","url":"https:\/\/pikark.com\/","name":"Pikark","description":"Explore inspiring projects and find the right architects, brand &amp; manufacturers!","publisher":{"@id":"https:\/\/pikark.com\/#organization"},"potentialAction":[{"@type":"SearchAction","target":{"@type":"EntryPoint","urlTemplate":"https:\/\/pikark.com\/?s={search_term_string}"},"query-input":"required name=search_term_string"}],"inLanguage":"en-US"},{"@type":"Organization","@id":"https:\/\/pikark.com\/#organization","name":"Pikark","url":"https:\/\/pikark.com\/","logo":{"@type":"ImageObject","inLanguage":"en-US","@id":"https:\/\/pikark.com\/#\/schema\/logo\/image\/","url":"https:\/\/pikark.com\/wp-content\/uploads\/2020\/12\/LOGO_PIKARK-01-1.png","contentUrl":"https:\/\/pikark.com\/wp-content\/uploads\/2020\/12\/LOGO_PIKARK-01-1.png","width":2362,"height":2362,"caption":"Pikark"},"image":{"@id":"https:\/\/pikark.com\/#\/schema\/logo\/image\/"},"sameAs":["https:\/\/www.facebook.com\/pikark.al","https:\/\/www.instagram.com\/pik.ark\/"]}]}},"_links":{"self":[{"href":"https:\/\/pikark.com\/en\/wp-json\/wp\/v2\/product\/27230"}],"collection":[{"href":"https:\/\/pikark.com\/en\/wp-json\/wp\/v2\/product"}],"about":[{"href":"https:\/\/pikark.com\/en\/wp-json\/wp\/v2\/types\/product"}],"replies":[{"embeddable":true,"href":"https:\/\/pikark.com\/en\/wp-json\/wp\/v2\/comments?post=27230"}],"wp:featuredmedia":[{"embeddable":true,"href":"https:\/\/pikark.com\/en\/wp-json\/wp\/v2\/media\/27231"}],"wp:attachment":[{"href":"https:\/\/pikark.com\/en\/wp-json\/wp\/v2\/media?parent=27230"}],"wp:term":[{"taxonomy":"product_cat","embeddable":true,"href":"https:\/\/pikark.com\/en\/wp-json\/wp\/v2\/product_cat?post=27230"},{"taxonomy":"product_tag","embeddable":true,"href":"https:\/\/pikark.com\/en\/wp-json\/wp\/v2\/product_tag?post=27230"}],"curies":[{"name":"wp","href":"https:\/\/api.w.org\/{rel}","templated":true}]}}