{"id":27017,"date":"2022-12-20T11:39:54","date_gmt":"2022-12-20T11:39:54","guid":{"rendered":"http:\/\/pikark.com\/?post_type=product&#038;p=27017"},"modified":"2022-12-21T09:52:20","modified_gmt":"2022-12-21T09:52:20","slug":"smartia-m450","status":"publish","type":"product","link":"https:\/\/pikark.com\/en\/product\/smartia-m450\/","title":{"rendered":"SMARTIA M450"},"content":{"rendered":"","protected":false},"excerpt":{"rendered":"<h3 class=\"margin-top-30 hover\"><span class=\"Y2IQFc\" lang=\"en\">Sliding and lifting &amp; sliding insulated system <strong><a href=\"https:\/\/pikark.com\/members\/alumil\/store\/\">SMARTIA M450<\/a><\/strong><\/span><\/h3>\n<div class=\"col-sm-12\">\n<h3 class=\"subtitle\">Description<\/h3>\n<\/div>\n<p><span class=\"Y2IQFc\" lang=\"en\">The <strong><a href=\"https:\/\/www.alumil.com\/albania\/homeowners\/products\/all-products\/sliding-lifting-sliding-insulated-system-smartia-m450\">SMARTIA M450<\/a><\/strong> represents the next generation of advanced systems for sliding and sliding doors with minimal design and regular sliding doors. It meets the requirements of contemporary residences for high thermal insulation and modern aesthetics.<\/span><\/p>\n<section class=\"description margin-bottom-20\">\n<div class=\"container\">\n<div class=\"row\"><\/div>\n<\/div>\n<\/section>\n<section class=\"benefits container hover\">\n<div class=\"row hover\">\n<div class=\"col-md-6 hover\">\n<h3 class=\"subtitle\">Advantages<\/h3>\n<ul>\n<li id=\"tw-target-text\" class=\"tw-data-text tw-text-large tw-ta\" dir=\"ltr\" data-placeholder=\"Translation\"><span class=\"Y2IQFc\" lang=\"en\">Minimal and innovative design with only 25 mm width of visible aluminum in the intermediate profile, both for lifting &amp; sliding typologies and those with sliding only<\/span><\/li>\n<li class=\"tw-data-text tw-text-large tw-ta\" dir=\"ltr\" data-placeholder=\"Translation\"><span class=\"Y2IQFc\" lang=\"en\">High energy savings thanks to exceptional energy efficiency<\/span><\/li>\n<li class=\"tw-data-text tw-text-large tw-ta\" dir=\"ltr\" data-placeholder=\"Translation\"><span class=\"Y2IQFc\" lang=\"en\">Great ease of use and high functionality<\/span><\/li>\n<li class=\"tw-data-text tw-text-large tw-ta\" dir=\"ltr\" data-placeholder=\"Translation\"><span class=\"Y2IQFc\" lang=\"en\">Easy frame to clean<\/span><\/li>\n<li class=\"tw-data-text tw-text-large tw-ta\" dir=\"ltr\" data-placeholder=\"Translation\"><span class=\"Y2IQFc\" lang=\"en\">Wide variety of typologies<\/span><\/li>\n<li class=\"tw-data-text tw-text-large tw-ta\" dir=\"ltr\" data-placeholder=\"Translation\"><span class=\"Y2IQFc\" lang=\"en\">Exceptional quality with certified performance<\/span><\/li>\n<\/ul>\n<\/div>\n<\/div>\n<\/section>\n","protected":false},"featured_media":27019,"comment_status":"open","ping_status":"closed","template":"","meta":[],"product_cat":[715,709],"product_tag":[805,806,807],"yoast_head":"<!-- This site is optimized with the Yoast SEO plugin v21.7 - https:\/\/yoast.com\/wordpress\/plugins\/seo\/ -->\n<title>SMARTIA M450 - Pikark<\/title>\n<meta name=\"description\" content=\"SMARTIA M450 p\u00ebrfaq\u00ebson gjenerat\u00ebn e ardhshme t\u00eb sistemeve t\u00eb avancuara p\u00ebr dyer me ngritje dhe rr\u00ebshqitje me dizajn minimal dhe dyer\" \/>\n<meta name=\"robots\" content=\"index, follow, max-snippet:-1, max-image-preview:large, max-video-preview:-1\" \/>\n<link rel=\"canonical\" href=\"https:\/\/pikark.com\/product\/smartia-m450\/\" \/>\n<meta property=\"og:locale\" content=\"en_US\" \/>\n<meta property=\"og:type\" content=\"article\" \/>\n<meta property=\"og:title\" content=\"SMARTIA M450 - Pikark\" \/>\n<meta property=\"og:description\" content=\"SMARTIA M450 p\u00ebrfaq\u00ebson gjenerat\u00ebn e ardhshme t\u00eb sistemeve t\u00eb avancuara p\u00ebr dyer me ngritje dhe rr\u00ebshqitje me dizajn minimal dhe dyer\" \/>\n<meta property=\"og:url\" content=\"https:\/\/pikark.com\/product\/smartia-m450\/\" \/>\n<meta property=\"og:site_name\" content=\"Pikark\" \/>\n<meta property=\"article:publisher\" content=\"https:\/\/www.facebook.com\/pikark.al\" \/>\n<meta property=\"article:modified_time\" content=\"2022-12-21T09:52:20+00:00\" \/>\n<meta property=\"og:image\" content=\"https:\/\/pikark.com\/wp-content\/uploads\/2022\/01\/m450-pool-view.tmb-864x468-1.jpg\" \/>\n\t<meta property=\"og:image:width\" content=\"882\" \/>\n\t<meta property=\"og:image:height\" content=\"496\" \/>\n\t<meta property=\"og:image:type\" content=\"image\/jpeg\" \/>\n<meta name=\"twitter:card\" content=\"summary_large_image\" \/>\n<script type=\"application\/ld+json\" class=\"yoast-schema-graph\">{\"@context\":\"https:\/\/schema.org\",\"@graph\":[{\"@type\":\"WebPage\",\"@id\":\"https:\/\/pikark.com\/product\/smartia-m450\/\",\"url\":\"https:\/\/pikark.com\/product\/smartia-m450\/\",\"name\":\"SMARTIA M450 - Pikark\",\"isPartOf\":{\"@id\":\"https:\/\/pikark.com\/#website\"},\"datePublished\":\"2022-12-20T11:39:54+00:00\",\"dateModified\":\"2022-12-21T09:52:20+00:00\",\"description\":\"SMARTIA M450 p\u00ebrfaq\u00ebson gjenerat\u00ebn e ardhshme t\u00eb sistemeve t\u00eb avancuara p\u00ebr dyer me ngritje dhe rr\u00ebshqitje me dizajn minimal dhe dyer\",\"breadcrumb\":{\"@id\":\"https:\/\/pikark.com\/product\/smartia-m450\/#breadcrumb\"},\"inLanguage\":\"en-US\",\"potentialAction\":[{\"@type\":\"ReadAction\",\"target\":[\"https:\/\/pikark.com\/product\/smartia-m450\/\"]}]},{\"@type\":\"BreadcrumbList\",\"@id\":\"https:\/\/pikark.com\/product\/smartia-m450\/#breadcrumb\",\"itemListElement\":[{\"@type\":\"ListItem\",\"position\":1,\"name\":\"Home\",\"item\":\"https:\/\/pikark.com\/\"},{\"@type\":\"ListItem\",\"position\":2,\"name\":\"Shop\",\"item\":\"https:\/\/pikark.com\/en\/shop\/\"},{\"@type\":\"ListItem\",\"position\":3,\"name\":\"SMARTIA M450\"}]},{\"@type\":\"WebSite\",\"@id\":\"https:\/\/pikark.com\/#website\",\"url\":\"https:\/\/pikark.com\/\",\"name\":\"Pikark\",\"description\":\"Explore inspiring projects and find the right architects, brand &amp; manufacturers!\",\"publisher\":{\"@id\":\"https:\/\/pikark.com\/#organization\"},\"potentialAction\":[{\"@type\":\"SearchAction\",\"target\":{\"@type\":\"EntryPoint\",\"urlTemplate\":\"https:\/\/pikark.com\/?s={search_term_string}\"},\"query-input\":\"required name=search_term_string\"}],\"inLanguage\":\"en-US\"},{\"@type\":\"Organization\",\"@id\":\"https:\/\/pikark.com\/#organization\",\"name\":\"Pikark\",\"url\":\"https:\/\/pikark.com\/\",\"logo\":{\"@type\":\"ImageObject\",\"inLanguage\":\"en-US\",\"@id\":\"https:\/\/pikark.com\/#\/schema\/logo\/image\/\",\"url\":\"https:\/\/pikark.com\/wp-content\/uploads\/2020\/12\/LOGO_PIKARK-01-1.png\",\"contentUrl\":\"https:\/\/pikark.com\/wp-content\/uploads\/2020\/12\/LOGO_PIKARK-01-1.png\",\"width\":2362,\"height\":2362,\"caption\":\"Pikark\"},\"image\":{\"@id\":\"https:\/\/pikark.com\/#\/schema\/logo\/image\/\"},\"sameAs\":[\"https:\/\/www.facebook.com\/pikark.al\",\"https:\/\/www.instagram.com\/pik.ark\/\"]}]}<\/script>\n<!-- \/ Yoast SEO plugin. -->","yoast_head_json":{"title":"SMARTIA M450 - Pikark","description":"SMARTIA M450 p\u00ebrfaq\u00ebson gjenerat\u00ebn e ardhshme t\u00eb sistemeve t\u00eb avancuara p\u00ebr dyer me ngritje dhe rr\u00ebshqitje me dizajn minimal dhe dyer","robots":{"index":"index","follow":"follow","max-snippet":"max-snippet:-1","max-image-preview":"max-image-preview:large","max-video-preview":"max-video-preview:-1"},"canonical":"https:\/\/pikark.com\/product\/smartia-m450\/","og_locale":"en_US","og_type":"article","og_title":"SMARTIA M450 - Pikark","og_description":"SMARTIA M450 p\u00ebrfaq\u00ebson gjenerat\u00ebn e ardhshme t\u00eb sistemeve t\u00eb avancuara p\u00ebr dyer me ngritje dhe rr\u00ebshqitje me dizajn minimal dhe dyer","og_url":"https:\/\/pikark.com\/product\/smartia-m450\/","og_site_name":"Pikark","article_publisher":"https:\/\/www.facebook.com\/pikark.al","article_modified_time":"2022-12-21T09:52:20+00:00","og_image":[{"width":882,"height":496,"url":"https:\/\/pikark.com\/wp-content\/uploads\/2022\/01\/m450-pool-view.tmb-864x468-1.jpg","type":"image\/jpeg"}],"twitter_card":"summary_large_image","schema":{"@context":"https:\/\/schema.org","@graph":[{"@type":"WebPage","@id":"https:\/\/pikark.com\/product\/smartia-m450\/","url":"https:\/\/pikark.com\/product\/smartia-m450\/","name":"SMARTIA M450 - Pikark","isPartOf":{"@id":"https:\/\/pikark.com\/#website"},"datePublished":"2022-12-20T11:39:54+00:00","dateModified":"2022-12-21T09:52:20+00:00","description":"SMARTIA M450 p\u00ebrfaq\u00ebson gjenerat\u00ebn e ardhshme t\u00eb sistemeve t\u00eb avancuara p\u00ebr dyer me ngritje dhe rr\u00ebshqitje me dizajn minimal dhe dyer","breadcrumb":{"@id":"https:\/\/pikark.com\/product\/smartia-m450\/#breadcrumb"},"inLanguage":"en-US","potentialAction":[{"@type":"ReadAction","target":["https:\/\/pikark.com\/product\/smartia-m450\/"]}]},{"@type":"BreadcrumbList","@id":"https:\/\/pikark.com\/product\/smartia-m450\/#breadcrumb","itemListElement":[{"@type":"ListItem","position":1,"name":"Home","item":"https:\/\/pikark.com\/"},{"@type":"ListItem","position":2,"name":"Shop","item":"https:\/\/pikark.com\/en\/shop\/"},{"@type":"ListItem","position":3,"name":"SMARTIA M450"}]},{"@type":"WebSite","@id":"https:\/\/pikark.com\/#website","url":"https:\/\/pikark.com\/","name":"Pikark","description":"Explore inspiring projects and find the right architects, brand &amp; manufacturers!","publisher":{"@id":"https:\/\/pikark.com\/#organization"},"potentialAction":[{"@type":"SearchAction","target":{"@type":"EntryPoint","urlTemplate":"https:\/\/pikark.com\/?s={search_term_string}"},"query-input":"required name=search_term_string"}],"inLanguage":"en-US"},{"@type":"Organization","@id":"https:\/\/pikark.com\/#organization","name":"Pikark","url":"https:\/\/pikark.com\/","logo":{"@type":"ImageObject","inLanguage":"en-US","@id":"https:\/\/pikark.com\/#\/schema\/logo\/image\/","url":"https:\/\/pikark.com\/wp-content\/uploads\/2020\/12\/LOGO_PIKARK-01-1.png","contentUrl":"https:\/\/pikark.com\/wp-content\/uploads\/2020\/12\/LOGO_PIKARK-01-1.png","width":2362,"height":2362,"caption":"Pikark"},"image":{"@id":"https:\/\/pikark.com\/#\/schema\/logo\/image\/"},"sameAs":["https:\/\/www.facebook.com\/pikark.al","https:\/\/www.instagram.com\/pik.ark\/"]}]}},"_links":{"self":[{"href":"https:\/\/pikark.com\/en\/wp-json\/wp\/v2\/product\/27017"}],"collection":[{"href":"https:\/\/pikark.com\/en\/wp-json\/wp\/v2\/product"}],"about":[{"href":"https:\/\/pikark.com\/en\/wp-json\/wp\/v2\/types\/product"}],"replies":[{"embeddable":true,"href":"https:\/\/pikark.com\/en\/wp-json\/wp\/v2\/comments?post=27017"}],"wp:featuredmedia":[{"embeddable":true,"href":"https:\/\/pikark.com\/en\/wp-json\/wp\/v2\/media\/27019"}],"wp:attachment":[{"href":"https:\/\/pikark.com\/en\/wp-json\/wp\/v2\/media?parent=27017"}],"wp:term":[{"taxonomy":"product_cat","embeddable":true,"href":"https:\/\/pikark.com\/en\/wp-json\/wp\/v2\/product_cat?post=27017"},{"taxonomy":"product_tag","embeddable":true,"href":"https:\/\/pikark.com\/en\/wp-json\/wp\/v2\/product_tag?post=27017"}],"curies":[{"name":"wp","href":"https:\/\/api.w.org\/{rel}","templated":true}]}}