{"id":26891,"date":"2021-05-03T12:26:08","date_gmt":"2021-05-03T12:26:08","guid":{"rendered":"http:\/\/pikark.com\/?post_type=product&#038;p=26891"},"modified":"2022-05-04T09:41:34","modified_gmt":"2022-05-04T09:41:34","slug":"smartia-p200-slim","status":"publish","type":"product","link":"https:\/\/pikark.com\/en\/product\/smartia-p200-slim\/","title":{"rendered":"SMARTIA P200 Slim office partition system"},"content":{"rendered":"","protected":false},"excerpt":{"rendered":"<div class=\"col-md-7 col-lg-9\">\n<div id=\"tw-target-text-container\" class=\"tw-ta-container F0azHf tw-nfl\" tabindex=\"0\">\n<p id=\"tw-target-text\" class=\"tw-data-text tw-text-large tw-ta\" dir=\"ltr\" data-placeholder=\"Translation\"><span class=\"Y2IQFc\" lang=\"en\"><a href=\"https:\/\/pikark.com\/members\/alumil\/store\/\">SMARTIA P200 Slim<\/a> is a structural partition system with minimal width of visible aluminum and large glass panels caught in the hidden aluminum frame, on both sides. The series offers space concentration, rich lighting and definitely modern aesthetics.<\/span><\/p>\n<\/div>\n<\/div>\n","protected":false},"featured_media":26892,"comment_status":"open","ping_status":"closed","template":"","meta":[],"product_cat":[719],"product_tag":[805],"yoast_head":"<!-- This site is optimized with the Yoast SEO plugin v21.7 - https:\/\/yoast.com\/wordpress\/plugins\/seo\/ -->\n<title>SMARTIA P200 Slim office partition system - Pikark<\/title>\n<meta name=\"description\" content=\"P\u00ebrshkrimSMARTIA P200 Slim \u00ebsht\u00eb nj\u00eb sistem ndar\u00ebs struktural me gjer\u00ebsi minimale t\u00eb aluminit t\u00eb duksh\u00ebm dhe panele t\u00eb m\u00ebdha\" \/>\n<meta name=\"robots\" content=\"index, follow, max-snippet:-1, max-image-preview:large, max-video-preview:-1\" \/>\n<link rel=\"canonical\" href=\"https:\/\/pikark.com\/product\/smartia-p200-slim\/\" \/>\n<meta property=\"og:locale\" content=\"en_US\" \/>\n<meta property=\"og:type\" content=\"article\" \/>\n<meta property=\"og:title\" content=\"SMARTIA P200 Slim office partition system - Pikark\" \/>\n<meta property=\"og:description\" content=\"P\u00ebrshkrimSMARTIA P200 Slim \u00ebsht\u00eb nj\u00eb sistem ndar\u00ebs struktural me gjer\u00ebsi minimale t\u00eb aluminit t\u00eb duksh\u00ebm dhe panele t\u00eb m\u00ebdha\" \/>\n<meta property=\"og:url\" content=\"https:\/\/pikark.com\/product\/smartia-p200-slim\/\" \/>\n<meta property=\"og:site_name\" content=\"Pikark\" \/>\n<meta property=\"article:publisher\" content=\"https:\/\/www.facebook.com\/pikark.al\" \/>\n<meta property=\"article:modified_time\" content=\"2022-05-04T09:41:34+00:00\" \/>\n<meta property=\"og:image\" content=\"https:\/\/pikark.com\/wp-content\/uploads\/2021\/12\/ALUMIL-partition-p200-slim-office-space.jpg\" \/>\n\t<meta property=\"og:image:width\" content=\"620\" \/>\n\t<meta property=\"og:image:height\" content=\"380\" \/>\n\t<meta property=\"og:image:type\" content=\"image\/jpeg\" \/>\n<meta name=\"twitter:card\" content=\"summary_large_image\" \/>\n<script type=\"application\/ld+json\" class=\"yoast-schema-graph\">{\"@context\":\"https:\/\/schema.org\",\"@graph\":[{\"@type\":\"WebPage\",\"@id\":\"https:\/\/pikark.com\/product\/smartia-p200-slim\/\",\"url\":\"https:\/\/pikark.com\/product\/smartia-p200-slim\/\",\"name\":\"[:sq]SMARTIA P200 Slim Sistem i holl\u00eb ndar\u00ebs zyrash[:en]SMARTIA P200 Slim office partition system[:] - Pikark\",\"isPartOf\":{\"@id\":\"https:\/\/pikark.com\/#website\"},\"datePublished\":\"2021-05-03T12:26:08+00:00\",\"dateModified\":\"2022-05-04T09:41:34+00:00\",\"description\":\"P\u00ebrshkrimSMARTIA P200 Slim \u00ebsht\u00eb nj\u00eb sistem ndar\u00ebs struktural me gjer\u00ebsi minimale t\u00eb aluminit t\u00eb duksh\u00ebm dhe panele t\u00eb m\u00ebdha\",\"breadcrumb\":{\"@id\":\"https:\/\/pikark.com\/product\/smartia-p200-slim\/#breadcrumb\"},\"inLanguage\":\"en-US\",\"potentialAction\":[{\"@type\":\"ReadAction\",\"target\":[\"https:\/\/pikark.com\/product\/smartia-p200-slim\/\"]}]},{\"@type\":\"BreadcrumbList\",\"@id\":\"https:\/\/pikark.com\/product\/smartia-p200-slim\/#breadcrumb\",\"itemListElement\":[{\"@type\":\"ListItem\",\"position\":1,\"name\":\"Home\",\"item\":\"https:\/\/pikark.com\/\"},{\"@type\":\"ListItem\",\"position\":2,\"name\":\"Shop\",\"item\":\"https:\/\/pikark.com\/en\/shop\/\"},{\"@type\":\"ListItem\",\"position\":3,\"name\":\"SMARTIA P200 Slim Sistem i holl\u00eb ndar\u00ebs zyrash\"}]},{\"@type\":\"WebSite\",\"@id\":\"https:\/\/pikark.com\/#website\",\"url\":\"https:\/\/pikark.com\/\",\"name\":\"Pikark\",\"description\":\"Explore inspiring projects and find the right architects, brand &amp; manufacturers!\",\"publisher\":{\"@id\":\"https:\/\/pikark.com\/#organization\"},\"potentialAction\":[{\"@type\":\"SearchAction\",\"target\":{\"@type\":\"EntryPoint\",\"urlTemplate\":\"https:\/\/pikark.com\/?s={search_term_string}\"},\"query-input\":\"required name=search_term_string\"}],\"inLanguage\":\"en-US\"},{\"@type\":\"Organization\",\"@id\":\"https:\/\/pikark.com\/#organization\",\"name\":\"Pikark\",\"url\":\"https:\/\/pikark.com\/\",\"logo\":{\"@type\":\"ImageObject\",\"inLanguage\":\"en-US\",\"@id\":\"https:\/\/pikark.com\/#\/schema\/logo\/image\/\",\"url\":\"https:\/\/pikark.com\/wp-content\/uploads\/2020\/12\/LOGO_PIKARK-01-1.png\",\"contentUrl\":\"https:\/\/pikark.com\/wp-content\/uploads\/2020\/12\/LOGO_PIKARK-01-1.png\",\"width\":2362,\"height\":2362,\"caption\":\"Pikark\"},\"image\":{\"@id\":\"https:\/\/pikark.com\/#\/schema\/logo\/image\/\"},\"sameAs\":[\"https:\/\/www.facebook.com\/pikark.al\",\"https:\/\/www.instagram.com\/pik.ark\/\"]}]}<\/script>\n<!-- \/ Yoast SEO plugin. -->","yoast_head_json":{"title":"SMARTIA P200 Slim office partition system - Pikark","description":"P\u00ebrshkrimSMARTIA P200 Slim \u00ebsht\u00eb nj\u00eb sistem ndar\u00ebs struktural me gjer\u00ebsi minimale t\u00eb aluminit t\u00eb duksh\u00ebm dhe panele t\u00eb m\u00ebdha","robots":{"index":"index","follow":"follow","max-snippet":"max-snippet:-1","max-image-preview":"max-image-preview:large","max-video-preview":"max-video-preview:-1"},"canonical":"https:\/\/pikark.com\/product\/smartia-p200-slim\/","og_locale":"en_US","og_type":"article","og_title":"SMARTIA P200 Slim office partition system - Pikark","og_description":"P\u00ebrshkrimSMARTIA P200 Slim \u00ebsht\u00eb nj\u00eb sistem ndar\u00ebs struktural me gjer\u00ebsi minimale t\u00eb aluminit t\u00eb duksh\u00ebm dhe panele t\u00eb m\u00ebdha","og_url":"https:\/\/pikark.com\/product\/smartia-p200-slim\/","og_site_name":"Pikark","article_publisher":"https:\/\/www.facebook.com\/pikark.al","article_modified_time":"2022-05-04T09:41:34+00:00","og_image":[{"width":620,"height":380,"url":"https:\/\/pikark.com\/wp-content\/uploads\/2021\/12\/ALUMIL-partition-p200-slim-office-space.jpg","type":"image\/jpeg"}],"twitter_card":"summary_large_image","schema":{"@context":"https:\/\/schema.org","@graph":[{"@type":"WebPage","@id":"https:\/\/pikark.com\/product\/smartia-p200-slim\/","url":"https:\/\/pikark.com\/product\/smartia-p200-slim\/","name":"[:sq]SMARTIA P200 Slim Sistem i holl\u00eb ndar\u00ebs zyrash[:en]SMARTIA P200 Slim office partition system[:] - Pikark","isPartOf":{"@id":"https:\/\/pikark.com\/#website"},"datePublished":"2021-05-03T12:26:08+00:00","dateModified":"2022-05-04T09:41:34+00:00","description":"P\u00ebrshkrimSMARTIA P200 Slim \u00ebsht\u00eb nj\u00eb sistem ndar\u00ebs struktural me gjer\u00ebsi minimale t\u00eb aluminit t\u00eb duksh\u00ebm dhe panele t\u00eb m\u00ebdha","breadcrumb":{"@id":"https:\/\/pikark.com\/product\/smartia-p200-slim\/#breadcrumb"},"inLanguage":"en-US","potentialAction":[{"@type":"ReadAction","target":["https:\/\/pikark.com\/product\/smartia-p200-slim\/"]}]},{"@type":"BreadcrumbList","@id":"https:\/\/pikark.com\/product\/smartia-p200-slim\/#breadcrumb","itemListElement":[{"@type":"ListItem","position":1,"name":"Home","item":"https:\/\/pikark.com\/"},{"@type":"ListItem","position":2,"name":"Shop","item":"https:\/\/pikark.com\/en\/shop\/"},{"@type":"ListItem","position":3,"name":"SMARTIA P200 Slim Sistem i holl\u00eb ndar\u00ebs zyrash"}]},{"@type":"WebSite","@id":"https:\/\/pikark.com\/#website","url":"https:\/\/pikark.com\/","name":"Pikark","description":"Explore inspiring projects and find the right architects, brand &amp; manufacturers!","publisher":{"@id":"https:\/\/pikark.com\/#organization"},"potentialAction":[{"@type":"SearchAction","target":{"@type":"EntryPoint","urlTemplate":"https:\/\/pikark.com\/?s={search_term_string}"},"query-input":"required name=search_term_string"}],"inLanguage":"en-US"},{"@type":"Organization","@id":"https:\/\/pikark.com\/#organization","name":"Pikark","url":"https:\/\/pikark.com\/","logo":{"@type":"ImageObject","inLanguage":"en-US","@id":"https:\/\/pikark.com\/#\/schema\/logo\/image\/","url":"https:\/\/pikark.com\/wp-content\/uploads\/2020\/12\/LOGO_PIKARK-01-1.png","contentUrl":"https:\/\/pikark.com\/wp-content\/uploads\/2020\/12\/LOGO_PIKARK-01-1.png","width":2362,"height":2362,"caption":"Pikark"},"image":{"@id":"https:\/\/pikark.com\/#\/schema\/logo\/image\/"},"sameAs":["https:\/\/www.facebook.com\/pikark.al","https:\/\/www.instagram.com\/pik.ark\/"]}]}},"_links":{"self":[{"href":"https:\/\/pikark.com\/en\/wp-json\/wp\/v2\/product\/26891"}],"collection":[{"href":"https:\/\/pikark.com\/en\/wp-json\/wp\/v2\/product"}],"about":[{"href":"https:\/\/pikark.com\/en\/wp-json\/wp\/v2\/types\/product"}],"replies":[{"embeddable":true,"href":"https:\/\/pikark.com\/en\/wp-json\/wp\/v2\/comments?post=26891"}],"wp:featuredmedia":[{"embeddable":true,"href":"https:\/\/pikark.com\/en\/wp-json\/wp\/v2\/media\/26892"}],"wp:attachment":[{"href":"https:\/\/pikark.com\/en\/wp-json\/wp\/v2\/media?parent=26891"}],"wp:term":[{"taxonomy":"product_cat","embeddable":true,"href":"https:\/\/pikark.com\/en\/wp-json\/wp\/v2\/product_cat?post=26891"},{"taxonomy":"product_tag","embeddable":true,"href":"https:\/\/pikark.com\/en\/wp-json\/wp\/v2\/product_tag?post=26891"}],"curies":[{"name":"wp","href":"https:\/\/api.w.org\/{rel}","templated":true}]}}