{"id":26563,"date":"2021-11-24T08:00:47","date_gmt":"2021-11-24T08:00:47","guid":{"rendered":"http:\/\/pikark.com\/?post_type=product&#038;p=26563"},"modified":"2021-11-24T08:08:54","modified_gmt":"2021-11-24T08:08:54","slug":"sistem-smartia-s440","status":"publish","type":"product","link":"https:\/\/pikark.com\/en\/product\/sistem-smartia-s440\/","title":{"rendered":"Insulated sliding system SMARTIA S440"},"content":{"rendered":"<p><\/p>\n<div id=\"tw-target-text-container\" class=\"tw-ta-container F0azHf tw-nfl\" tabindex=\"0\">\n<h3 id=\"tw-target-text\" class=\"tw-data-text tw-text-large tw-ta\" dir=\"ltr\" data-placeholder=\"Translation\"><span class=\"Y2IQFc\" lang=\"en\">Advantages <\/span><\/h3>\n<p class=\"tw-data-text tw-text-large tw-ta\" dir=\"ltr\" data-placeholder=\"Translation\"><span class=\"Y2IQFc\" lang=\"en\">-Excellent value for money <\/span><\/p>\n<p class=\"tw-data-text tw-text-large tw-ta\" dir=\"ltr\" data-placeholder=\"Translation\"><span class=\"Y2IQFc\" lang=\"en\">-High energy savings due to high energy efficiency in the system Ease of use and high functionality <\/span><\/p>\n<p class=\"tw-data-text tw-text-large tw-ta\" dir=\"ltr\" data-placeholder=\"Translation\"><span class=\"Y2IQFc\" lang=\"en\">-Sensitive natural lighting enhanced thanks to product design and large window frames -Increasing the level of security <\/span><\/p>\n<p class=\"tw-data-text tw-text-large tw-ta\" dir=\"ltr\" data-placeholder=\"Translation\"><span class=\"Y2IQFc\" lang=\"en\">-High level of sound insulation <\/span><\/p>\n<p class=\"tw-data-text tw-text-large tw-ta\" dir=\"ltr\" data-placeholder=\"Translation\"><span class=\"Y2IQFc\" lang=\"en\">-Design modern <\/span><\/p>\n<p class=\"tw-data-text tw-text-large tw-ta\" dir=\"ltr\" data-placeholder=\"Translation\"><span class=\"Y2IQFc\" lang=\"en\">-High quality with certified performance <\/span><\/p>\n<p class=\"tw-data-text tw-text-large tw-ta\" dir=\"ltr\" data-placeholder=\"Translation\"><span class=\"Y2IQFc\" lang=\"en\">-Increased static loads and functionality in case of severe weather conditions<\/span><\/p>\n<\/div>\n<h3 id=\"tw-target-text\" class=\"tw-data-text tw-text-large tw-ta\" dir=\"ltr\" data-placeholder=\"Translation\"><span class=\"Y2IQFc\" lang=\"en\">Generic <\/span><\/h3>\n<p class=\"tw-data-text tw-text-large tw-ta\" dir=\"ltr\" data-placeholder=\"Translation\"><span class=\"Y2IQFc\" lang=\"en\">TYPES OF WINDOWS <\/span><\/p>\n<p class=\"tw-data-text tw-text-large tw-ta\" dir=\"ltr\" data-placeholder=\"Translation\"><span class=\"Y2IQFc\" lang=\"en\">With Sliding <\/span><\/p>\n<p class=\"tw-data-text tw-text-large tw-ta\" dir=\"ltr\" data-placeholder=\"Translation\"><span class=\"Y2IQFc\" lang=\"en\">THERMAL INSULATION <\/span><\/p>\n<p class=\"tw-data-text tw-text-large tw-ta\" dir=\"ltr\" data-placeholder=\"Translation\"><span class=\"Y2IQFc\" lang=\"en\">yes <\/span><\/p>\n<p class=\"tw-data-text tw-text-large tw-ta\" dir=\"ltr\" data-placeholder=\"Translation\"><span class=\"Y2IQFc\" lang=\"en\">EXTERNAL FORMS <\/span><\/p>\n<p class=\"tw-data-text tw-text-large tw-ta\" dir=\"ltr\" data-placeholder=\"Translation\"><span class=\"Y2IQFc\" lang=\"en\">Apartment<\/span><\/p>\n<p dir=\"ltr\" data-placeholder=\"Translation\">\n<div id=\"tw-target-text-container\" class=\"tw-ta-container F0azHf tw-nfl\" tabindex=\"0\">\n<p dir=\"ltr\" data-placeholder=\"Translation\">\n<\/div>\n<div id=\"tw-target-rmn-container\" class=\"tw-target-rmn tw-ta-container F0azHf tw-nfl\">\n<p id=\"tw-target-rmn\" class=\"tw-data-placeholder tw-text-small tw-ta\" dir=\"ltr\">\n<\/div>\n<p><\/p>","protected":false},"excerpt":{"rendered":"<div id=\"tw-target-text-container\" class=\"tw-ta-container F0azHf tw-nfl\" tabindex=\"0\">\n<p id=\"tw-target-text\" class=\"tw-data-text tw-text-large tw-ta\" dir=\"ltr\" data-placeholder=\"Translation\"><span class=\"Y2IQFc\" lang=\"en\"><a href=\"https:\/\/pikark.com\/members\/alumil\/store\/\">SMARTIA S440<\/a> is an innovative insulated sliding system which incorporates all modern architectural trends and requirements for high energy efficiency. This is an <a href=\"https:\/\/www.alumil.com\/albania\/homeowners\">ideal option<\/a> for the highly sought after European market.<\/span><\/p>\n<\/div>\n","protected":false},"featured_media":26564,"comment_status":"open","ping_status":"closed","template":"","meta":[],"product_cat":[715,709],"product_tag":[805,806,848,808],"yoast_head":"<!-- This site is optimized with the Yoast SEO plugin v21.7 - https:\/\/yoast.com\/wordpress\/plugins\/seo\/ -->\n<title>Insulated sliding system SMARTIA S440 - Pikark<\/title>\n<meta name=\"description\" content=\"SMARTIA S440 \u00ebsht\u00eb nj\u00eb sistem me rr\u00ebshkitje inovativ i izoluar i cili p\u00ebrfshin t\u00eb gjitha tendencat moderne arkitekturore dhe k\u00ebrkesat\" \/>\n<meta name=\"robots\" content=\"index, follow, max-snippet:-1, max-image-preview:large, max-video-preview:-1\" \/>\n<link rel=\"canonical\" href=\"https:\/\/pikark.com\/product\/sistem-smartia-s440\/\" \/>\n<meta property=\"og:locale\" content=\"en_US\" \/>\n<meta property=\"og:type\" content=\"article\" \/>\n<meta property=\"og:title\" content=\"Insulated sliding system SMARTIA S440 - Pikark\" \/>\n<meta property=\"og:description\" content=\"SMARTIA S440 \u00ebsht\u00eb nj\u00eb sistem me rr\u00ebshkitje inovativ i izoluar i cili p\u00ebrfshin t\u00eb gjitha tendencat moderne arkitekturore dhe k\u00ebrkesat\" \/>\n<meta property=\"og:url\" content=\"https:\/\/pikark.com\/product\/sistem-smartia-s440\/\" \/>\n<meta property=\"og:site_name\" content=\"Pikark\" \/>\n<meta property=\"article:publisher\" content=\"https:\/\/www.facebook.com\/pikark.al\" \/>\n<meta property=\"article:modified_time\" content=\"2021-11-24T08:08:54+00:00\" \/>\n<meta property=\"og:image\" content=\"https:\/\/pikark.com\/wp-content\/uploads\/2021\/11\/s440-view.tmb-864x468-1.jpg\" \/>\n\t<meta property=\"og:image:width\" content=\"882\" \/>\n\t<meta property=\"og:image:height\" content=\"496\" \/>\n\t<meta property=\"og:image:type\" content=\"image\/jpeg\" \/>\n<meta name=\"twitter:card\" content=\"summary_large_image\" \/>\n<meta name=\"twitter:label1\" content=\"Est. reading time\" \/>\n\t<meta name=\"twitter:data1\" content=\"1 minute\" \/>\n<script type=\"application\/ld+json\" class=\"yoast-schema-graph\">{\"@context\":\"https:\/\/schema.org\",\"@graph\":[{\"@type\":\"WebPage\",\"@id\":\"https:\/\/pikark.com\/product\/sistem-smartia-s440\/\",\"url\":\"https:\/\/pikark.com\/product\/sistem-smartia-s440\/\",\"name\":\"[:sq]Sistem me rr\u00ebshqitje i izoluar SMARTIA S440[:en]Insulated sliding system SMARTIA S440[:] - Pikark\",\"isPartOf\":{\"@id\":\"https:\/\/pikark.com\/#website\"},\"datePublished\":\"2021-11-24T08:00:47+00:00\",\"dateModified\":\"2021-11-24T08:08:54+00:00\",\"description\":\"SMARTIA S440 \u00ebsht\u00eb nj\u00eb sistem me rr\u00ebshkitje inovativ i izoluar i cili p\u00ebrfshin t\u00eb gjitha tendencat moderne arkitekturore dhe k\u00ebrkesat\",\"breadcrumb\":{\"@id\":\"https:\/\/pikark.com\/product\/sistem-smartia-s440\/#breadcrumb\"},\"inLanguage\":\"en-US\",\"potentialAction\":[{\"@type\":\"ReadAction\",\"target\":[\"https:\/\/pikark.com\/product\/sistem-smartia-s440\/\"]}]},{\"@type\":\"BreadcrumbList\",\"@id\":\"https:\/\/pikark.com\/product\/sistem-smartia-s440\/#breadcrumb\",\"itemListElement\":[{\"@type\":\"ListItem\",\"position\":1,\"name\":\"Home\",\"item\":\"https:\/\/pikark.com\/\"},{\"@type\":\"ListItem\",\"position\":2,\"name\":\"Shop\",\"item\":\"https:\/\/pikark.com\/en\/shop\/\"},{\"@type\":\"ListItem\",\"position\":3,\"name\":\"Sistem me rr\u00ebshqitje i izoluar SMARTIA S440\"}]},{\"@type\":\"WebSite\",\"@id\":\"https:\/\/pikark.com\/#website\",\"url\":\"https:\/\/pikark.com\/\",\"name\":\"Pikark\",\"description\":\"Explore inspiring projects and find the right architects, brand &amp; manufacturers!\",\"publisher\":{\"@id\":\"https:\/\/pikark.com\/#organization\"},\"potentialAction\":[{\"@type\":\"SearchAction\",\"target\":{\"@type\":\"EntryPoint\",\"urlTemplate\":\"https:\/\/pikark.com\/?s={search_term_string}\"},\"query-input\":\"required name=search_term_string\"}],\"inLanguage\":\"en-US\"},{\"@type\":\"Organization\",\"@id\":\"https:\/\/pikark.com\/#organization\",\"name\":\"Pikark\",\"url\":\"https:\/\/pikark.com\/\",\"logo\":{\"@type\":\"ImageObject\",\"inLanguage\":\"en-US\",\"@id\":\"https:\/\/pikark.com\/#\/schema\/logo\/image\/\",\"url\":\"https:\/\/pikark.com\/wp-content\/uploads\/2020\/12\/LOGO_PIKARK-01-1.png\",\"contentUrl\":\"https:\/\/pikark.com\/wp-content\/uploads\/2020\/12\/LOGO_PIKARK-01-1.png\",\"width\":2362,\"height\":2362,\"caption\":\"Pikark\"},\"image\":{\"@id\":\"https:\/\/pikark.com\/#\/schema\/logo\/image\/\"},\"sameAs\":[\"https:\/\/www.facebook.com\/pikark.al\",\"https:\/\/www.instagram.com\/pik.ark\/\"]}]}<\/script>\n<!-- \/ Yoast SEO plugin. -->","yoast_head_json":{"title":"Insulated sliding system SMARTIA S440 - Pikark","description":"SMARTIA S440 \u00ebsht\u00eb nj\u00eb sistem me rr\u00ebshkitje inovativ i izoluar i cili p\u00ebrfshin t\u00eb gjitha tendencat moderne arkitekturore dhe k\u00ebrkesat","robots":{"index":"index","follow":"follow","max-snippet":"max-snippet:-1","max-image-preview":"max-image-preview:large","max-video-preview":"max-video-preview:-1"},"canonical":"https:\/\/pikark.com\/product\/sistem-smartia-s440\/","og_locale":"en_US","og_type":"article","og_title":"Insulated sliding system SMARTIA S440 - Pikark","og_description":"SMARTIA S440 \u00ebsht\u00eb nj\u00eb sistem me rr\u00ebshkitje inovativ i izoluar i cili p\u00ebrfshin t\u00eb gjitha tendencat moderne arkitekturore dhe k\u00ebrkesat","og_url":"https:\/\/pikark.com\/product\/sistem-smartia-s440\/","og_site_name":"Pikark","article_publisher":"https:\/\/www.facebook.com\/pikark.al","article_modified_time":"2021-11-24T08:08:54+00:00","og_image":[{"width":882,"height":496,"url":"https:\/\/pikark.com\/wp-content\/uploads\/2021\/11\/s440-view.tmb-864x468-1.jpg","type":"image\/jpeg"}],"twitter_card":"summary_large_image","twitter_misc":{"Est. reading time":"1 minute"},"schema":{"@context":"https:\/\/schema.org","@graph":[{"@type":"WebPage","@id":"https:\/\/pikark.com\/product\/sistem-smartia-s440\/","url":"https:\/\/pikark.com\/product\/sistem-smartia-s440\/","name":"[:sq]Sistem me rr\u00ebshqitje i izoluar SMARTIA S440[:en]Insulated sliding system SMARTIA S440[:] - Pikark","isPartOf":{"@id":"https:\/\/pikark.com\/#website"},"datePublished":"2021-11-24T08:00:47+00:00","dateModified":"2021-11-24T08:08:54+00:00","description":"SMARTIA S440 \u00ebsht\u00eb nj\u00eb sistem me rr\u00ebshkitje inovativ i izoluar i cili p\u00ebrfshin t\u00eb gjitha tendencat moderne arkitekturore dhe k\u00ebrkesat","breadcrumb":{"@id":"https:\/\/pikark.com\/product\/sistem-smartia-s440\/#breadcrumb"},"inLanguage":"en-US","potentialAction":[{"@type":"ReadAction","target":["https:\/\/pikark.com\/product\/sistem-smartia-s440\/"]}]},{"@type":"BreadcrumbList","@id":"https:\/\/pikark.com\/product\/sistem-smartia-s440\/#breadcrumb","itemListElement":[{"@type":"ListItem","position":1,"name":"Home","item":"https:\/\/pikark.com\/"},{"@type":"ListItem","position":2,"name":"Shop","item":"https:\/\/pikark.com\/en\/shop\/"},{"@type":"ListItem","position":3,"name":"Sistem me rr\u00ebshqitje i izoluar SMARTIA S440"}]},{"@type":"WebSite","@id":"https:\/\/pikark.com\/#website","url":"https:\/\/pikark.com\/","name":"Pikark","description":"Explore inspiring projects and find the right architects, brand &amp; manufacturers!","publisher":{"@id":"https:\/\/pikark.com\/#organization"},"potentialAction":[{"@type":"SearchAction","target":{"@type":"EntryPoint","urlTemplate":"https:\/\/pikark.com\/?s={search_term_string}"},"query-input":"required name=search_term_string"}],"inLanguage":"en-US"},{"@type":"Organization","@id":"https:\/\/pikark.com\/#organization","name":"Pikark","url":"https:\/\/pikark.com\/","logo":{"@type":"ImageObject","inLanguage":"en-US","@id":"https:\/\/pikark.com\/#\/schema\/logo\/image\/","url":"https:\/\/pikark.com\/wp-content\/uploads\/2020\/12\/LOGO_PIKARK-01-1.png","contentUrl":"https:\/\/pikark.com\/wp-content\/uploads\/2020\/12\/LOGO_PIKARK-01-1.png","width":2362,"height":2362,"caption":"Pikark"},"image":{"@id":"https:\/\/pikark.com\/#\/schema\/logo\/image\/"},"sameAs":["https:\/\/www.facebook.com\/pikark.al","https:\/\/www.instagram.com\/pik.ark\/"]}]}},"_links":{"self":[{"href":"https:\/\/pikark.com\/en\/wp-json\/wp\/v2\/product\/26563"}],"collection":[{"href":"https:\/\/pikark.com\/en\/wp-json\/wp\/v2\/product"}],"about":[{"href":"https:\/\/pikark.com\/en\/wp-json\/wp\/v2\/types\/product"}],"replies":[{"embeddable":true,"href":"https:\/\/pikark.com\/en\/wp-json\/wp\/v2\/comments?post=26563"}],"wp:featuredmedia":[{"embeddable":true,"href":"https:\/\/pikark.com\/en\/wp-json\/wp\/v2\/media\/26564"}],"wp:attachment":[{"href":"https:\/\/pikark.com\/en\/wp-json\/wp\/v2\/media?parent=26563"}],"wp:term":[{"taxonomy":"product_cat","embeddable":true,"href":"https:\/\/pikark.com\/en\/wp-json\/wp\/v2\/product_cat?post=26563"},{"taxonomy":"product_tag","embeddable":true,"href":"https:\/\/pikark.com\/en\/wp-json\/wp\/v2\/product_tag?post=26563"}],"curies":[{"name":"wp","href":"https:\/\/api.w.org\/{rel}","templated":true}]}}