{"id":26478,"date":"2021-11-18T10:27:56","date_gmt":"2021-11-18T10:27:56","guid":{"rendered":"http:\/\/pikark.com\/?post_type=product&#038;p=26478"},"modified":"2021-11-18T15:44:30","modified_gmt":"2021-11-18T15:44:30","slug":"tabakaja-ovale","status":"publish","type":"product","link":"https:\/\/pikark.com\/en\/product\/tabakaja-ovale\/","title":{"rendered":"Tabakaja ovale nga DreamLand"},"content":{"rendered":"","protected":false},"excerpt":{"rendered":"<p><a href=\"https:\/\/www.instagram.com\/dreamland.al\/\">Tabakaja ovale<\/a> \u00ebsht\u00eb perfekte p\u00ebr mbajtur gjith\u00e7ka t\u00eb vog\u00ebl t\u00eb organizuar. <a href=\"https:\/\/pikark.com\/en\/members\/dreamland-al\/store\/\">Pjata minimaliste<\/a> e betonit \u00ebsht\u00eb e disponueshme n\u00eb disa ngjyra t\u00eb ndryshme dhe terrazzo gjithashtu k\u00ebshtu q\u00eb mund t\u00eb kombinohet leht\u00ebsisht me dekorimin e brendsh\u00ebm. Ka disa m\u00ebnyra t\u00eb ndryshme se si mund t\u00eb p\u00ebrdoret nj\u00eb tabaka ovale. Kjo pjat\u00eb \u00ebsht\u00eb mjaft e p\u00ebrshtatshme p\u00ebr t&#8217;u p\u00ebrdorur si nj\u00eb mbajt\u00ebse bizhuterish, mbajt\u00ebse qirinjsh, e p\u00ebrsosur si mbajt\u00ebse monedhash ose portofol\u00ebsh. P\u00ebrmban skajet e ngritura n\u00eb m\u00ebnyr\u00eb qe sendet t\u00eb mos reshqasin. E p\u00ebrshtatsh\u00ebme si nj\u00eb mjet organizues ose thjesht nj\u00eb tabaka dekorative minimaliste. \u00cbsht\u00eb gjithashtu e p\u00ebrsosur p\u00ebr vendosjen n\u00eb nj\u00eb raft ose tavolin\u00eb, mund t\u00eb q\u00ebndroje shum\u00eb mir\u00eb edhe n\u00eb ambjentet e tualetit.<\/p>\n<ul>\n<li>Permasat: Gjat\u00ebsia 18cm x Lart\u00ebsia 1.5cm x Gjer\u00ebsia 9.5cm<\/li>\n<li>Permasat e brendshme: Gjat\u00ebsia 16.5cm x Gjer\u00ebsia 8.2cm<\/li>\n<li>E pajisur me tapa p\u00ebr t\u00eb mbrojtur sip\u00ebrfaqet<\/li>\n<li>E punuar me beton t\u00eb pigmentuar, \u00e7do pjes\u00eb \u00ebsht\u00eb unike n\u00eb pamjen e saj me modele dhe ngjyra q\u00eb nuk mund t\u00eb rikrijohen asnjehere n\u00eb t\u00eb nj\u00ebjt\u00ebn m\u00ebnyr\u00eb.<\/li>\n<li>Karakteristika t\u00eb tilla si flluskat e ajrit, deformime te lehta ose gunga mund t\u00eb ndodhin n\u00eb procesin e prodhimit dhe jan\u00eb t\u00eb pashmangshme p\u00ebr shkak t\u00eb natyr\u00ebs s\u00eb betonit. K\u00ebto nuk konsiderohen defekte n\u00ebse nuk ndikojn\u00eb n\u00eb funksionimin e produktit.<\/li>\n<\/ul>\n<p>&nbsp;<\/p>\n<p><strong>SH\u00cbNIM<\/strong>-Edhe pse t\u00eb\u00a0 gjitha produktet tona t\u00eb betonit jan\u00eb rezistente ndaj ujit, ato mund t\u00eb thithin ende l\u00ebngje duke shkaktuar njolla\/shenja.<\/p>\n","protected":false},"featured_media":26457,"comment_status":"open","ping_status":"closed","template":"","meta":[],"product_cat":[705,706],"product_tag":[841,850,844,867],"yoast_head":"<!-- This site is optimized with the Yoast SEO plugin v21.7 - https:\/\/yoast.com\/wordpress\/plugins\/seo\/ -->\n<title>Tabakaja ovale nga DreamLand - Pikark<\/title>\n<meta name=\"description\" content=\"Tabakaja ovale \u00ebsht\u00eb perfekte p\u00ebr mbajtur gjith\u00e7ka t\u00eb vog\u00ebl t\u00eb organizuar. Pjata minimaliste e betonit \u00ebsht\u00eb e disponueshme n\u00eb\" \/>\n<meta name=\"robots\" content=\"index, follow, max-snippet:-1, max-image-preview:large, max-video-preview:-1\" \/>\n<link rel=\"canonical\" href=\"https:\/\/pikark.com\/product\/tabakaja-ovale\/\" \/>\n<meta property=\"og:locale\" content=\"en_US\" \/>\n<meta property=\"og:type\" content=\"article\" \/>\n<meta property=\"og:title\" content=\"Tabakaja ovale nga DreamLand - Pikark\" \/>\n<meta property=\"og:description\" content=\"Tabakaja ovale \u00ebsht\u00eb perfekte p\u00ebr mbajtur gjith\u00e7ka t\u00eb vog\u00ebl t\u00eb organizuar. Pjata minimaliste e betonit \u00ebsht\u00eb e disponueshme n\u00eb\" \/>\n<meta property=\"og:url\" content=\"https:\/\/pikark.com\/product\/tabakaja-ovale\/\" \/>\n<meta property=\"og:site_name\" content=\"Pikark\" \/>\n<meta property=\"article:publisher\" content=\"https:\/\/www.facebook.com\/pikark.al\" \/>\n<meta property=\"article:modified_time\" content=\"2021-11-18T15:44:30+00:00\" \/>\n<meta property=\"og:image\" content=\"https:\/\/pikark.com\/wp-content\/uploads\/2021\/11\/1-ok.jpg\" \/>\n\t<meta property=\"og:image:width\" content=\"1080\" \/>\n\t<meta property=\"og:image:height\" content=\"1080\" \/>\n\t<meta property=\"og:image:type\" content=\"image\/jpeg\" \/>\n<meta name=\"twitter:card\" content=\"summary_large_image\" \/>\n<script type=\"application\/ld+json\" class=\"yoast-schema-graph\">{\"@context\":\"https:\/\/schema.org\",\"@graph\":[{\"@type\":\"WebPage\",\"@id\":\"https:\/\/pikark.com\/product\/tabakaja-ovale\/\",\"url\":\"https:\/\/pikark.com\/product\/tabakaja-ovale\/\",\"name\":\"Tabakaja ovale nga DreamLand - Pikark\",\"isPartOf\":{\"@id\":\"https:\/\/pikark.com\/#website\"},\"datePublished\":\"2021-11-18T10:27:56+00:00\",\"dateModified\":\"2021-11-18T15:44:30+00:00\",\"description\":\"Tabakaja ovale \u00ebsht\u00eb perfekte p\u00ebr mbajtur gjith\u00e7ka t\u00eb vog\u00ebl t\u00eb organizuar. Pjata minimaliste e betonit \u00ebsht\u00eb e disponueshme n\u00eb\",\"breadcrumb\":{\"@id\":\"https:\/\/pikark.com\/product\/tabakaja-ovale\/#breadcrumb\"},\"inLanguage\":\"en-US\",\"potentialAction\":[{\"@type\":\"ReadAction\",\"target\":[\"https:\/\/pikark.com\/product\/tabakaja-ovale\/\"]}]},{\"@type\":\"BreadcrumbList\",\"@id\":\"https:\/\/pikark.com\/product\/tabakaja-ovale\/#breadcrumb\",\"itemListElement\":[{\"@type\":\"ListItem\",\"position\":1,\"name\":\"Home\",\"item\":\"https:\/\/pikark.com\/\"},{\"@type\":\"ListItem\",\"position\":2,\"name\":\"Shop\",\"item\":\"https:\/\/pikark.com\/en\/shop\/\"},{\"@type\":\"ListItem\",\"position\":3,\"name\":\"Tabakaja ovale nga DreamLand\"}]},{\"@type\":\"WebSite\",\"@id\":\"https:\/\/pikark.com\/#website\",\"url\":\"https:\/\/pikark.com\/\",\"name\":\"Pikark\",\"description\":\"Explore inspiring projects and find the right architects, brand &amp; manufacturers!\",\"publisher\":{\"@id\":\"https:\/\/pikark.com\/#organization\"},\"potentialAction\":[{\"@type\":\"SearchAction\",\"target\":{\"@type\":\"EntryPoint\",\"urlTemplate\":\"https:\/\/pikark.com\/?s={search_term_string}\"},\"query-input\":\"required name=search_term_string\"}],\"inLanguage\":\"en-US\"},{\"@type\":\"Organization\",\"@id\":\"https:\/\/pikark.com\/#organization\",\"name\":\"Pikark\",\"url\":\"https:\/\/pikark.com\/\",\"logo\":{\"@type\":\"ImageObject\",\"inLanguage\":\"en-US\",\"@id\":\"https:\/\/pikark.com\/#\/schema\/logo\/image\/\",\"url\":\"https:\/\/pikark.com\/wp-content\/uploads\/2020\/12\/LOGO_PIKARK-01-1.png\",\"contentUrl\":\"https:\/\/pikark.com\/wp-content\/uploads\/2020\/12\/LOGO_PIKARK-01-1.png\",\"width\":2362,\"height\":2362,\"caption\":\"Pikark\"},\"image\":{\"@id\":\"https:\/\/pikark.com\/#\/schema\/logo\/image\/\"},\"sameAs\":[\"https:\/\/www.facebook.com\/pikark.al\",\"https:\/\/www.instagram.com\/pik.ark\/\"]}]}<\/script>\n<!-- \/ Yoast SEO plugin. -->","yoast_head_json":{"title":"Tabakaja ovale nga DreamLand - Pikark","description":"Tabakaja ovale \u00ebsht\u00eb perfekte p\u00ebr mbajtur gjith\u00e7ka t\u00eb vog\u00ebl t\u00eb organizuar. Pjata minimaliste e betonit \u00ebsht\u00eb e disponueshme n\u00eb","robots":{"index":"index","follow":"follow","max-snippet":"max-snippet:-1","max-image-preview":"max-image-preview:large","max-video-preview":"max-video-preview:-1"},"canonical":"https:\/\/pikark.com\/product\/tabakaja-ovale\/","og_locale":"en_US","og_type":"article","og_title":"Tabakaja ovale nga DreamLand - Pikark","og_description":"Tabakaja ovale \u00ebsht\u00eb perfekte p\u00ebr mbajtur gjith\u00e7ka t\u00eb vog\u00ebl t\u00eb organizuar. Pjata minimaliste e betonit \u00ebsht\u00eb e disponueshme n\u00eb","og_url":"https:\/\/pikark.com\/product\/tabakaja-ovale\/","og_site_name":"Pikark","article_publisher":"https:\/\/www.facebook.com\/pikark.al","article_modified_time":"2021-11-18T15:44:30+00:00","og_image":[{"width":1080,"height":1080,"url":"https:\/\/pikark.com\/wp-content\/uploads\/2021\/11\/1-ok.jpg","type":"image\/jpeg"}],"twitter_card":"summary_large_image","schema":{"@context":"https:\/\/schema.org","@graph":[{"@type":"WebPage","@id":"https:\/\/pikark.com\/product\/tabakaja-ovale\/","url":"https:\/\/pikark.com\/product\/tabakaja-ovale\/","name":"Tabakaja ovale nga DreamLand - Pikark","isPartOf":{"@id":"https:\/\/pikark.com\/#website"},"datePublished":"2021-11-18T10:27:56+00:00","dateModified":"2021-11-18T15:44:30+00:00","description":"Tabakaja ovale \u00ebsht\u00eb perfekte p\u00ebr mbajtur gjith\u00e7ka t\u00eb vog\u00ebl t\u00eb organizuar. Pjata minimaliste e betonit \u00ebsht\u00eb e disponueshme n\u00eb","breadcrumb":{"@id":"https:\/\/pikark.com\/product\/tabakaja-ovale\/#breadcrumb"},"inLanguage":"en-US","potentialAction":[{"@type":"ReadAction","target":["https:\/\/pikark.com\/product\/tabakaja-ovale\/"]}]},{"@type":"BreadcrumbList","@id":"https:\/\/pikark.com\/product\/tabakaja-ovale\/#breadcrumb","itemListElement":[{"@type":"ListItem","position":1,"name":"Home","item":"https:\/\/pikark.com\/"},{"@type":"ListItem","position":2,"name":"Shop","item":"https:\/\/pikark.com\/en\/shop\/"},{"@type":"ListItem","position":3,"name":"Tabakaja ovale nga DreamLand"}]},{"@type":"WebSite","@id":"https:\/\/pikark.com\/#website","url":"https:\/\/pikark.com\/","name":"Pikark","description":"Explore inspiring projects and find the right architects, brand &amp; manufacturers!","publisher":{"@id":"https:\/\/pikark.com\/#organization"},"potentialAction":[{"@type":"SearchAction","target":{"@type":"EntryPoint","urlTemplate":"https:\/\/pikark.com\/?s={search_term_string}"},"query-input":"required name=search_term_string"}],"inLanguage":"en-US"},{"@type":"Organization","@id":"https:\/\/pikark.com\/#organization","name":"Pikark","url":"https:\/\/pikark.com\/","logo":{"@type":"ImageObject","inLanguage":"en-US","@id":"https:\/\/pikark.com\/#\/schema\/logo\/image\/","url":"https:\/\/pikark.com\/wp-content\/uploads\/2020\/12\/LOGO_PIKARK-01-1.png","contentUrl":"https:\/\/pikark.com\/wp-content\/uploads\/2020\/12\/LOGO_PIKARK-01-1.png","width":2362,"height":2362,"caption":"Pikark"},"image":{"@id":"https:\/\/pikark.com\/#\/schema\/logo\/image\/"},"sameAs":["https:\/\/www.facebook.com\/pikark.al","https:\/\/www.instagram.com\/pik.ark\/"]}]}},"_links":{"self":[{"href":"https:\/\/pikark.com\/en\/wp-json\/wp\/v2\/product\/26478"}],"collection":[{"href":"https:\/\/pikark.com\/en\/wp-json\/wp\/v2\/product"}],"about":[{"href":"https:\/\/pikark.com\/en\/wp-json\/wp\/v2\/types\/product"}],"replies":[{"embeddable":true,"href":"https:\/\/pikark.com\/en\/wp-json\/wp\/v2\/comments?post=26478"}],"wp:featuredmedia":[{"embeddable":true,"href":"https:\/\/pikark.com\/en\/wp-json\/wp\/v2\/media\/26457"}],"wp:attachment":[{"href":"https:\/\/pikark.com\/en\/wp-json\/wp\/v2\/media?parent=26478"}],"wp:term":[{"taxonomy":"product_cat","embeddable":true,"href":"https:\/\/pikark.com\/en\/wp-json\/wp\/v2\/product_cat?post=26478"},{"taxonomy":"product_tag","embeddable":true,"href":"https:\/\/pikark.com\/en\/wp-json\/wp\/v2\/product_tag?post=26478"}],"curies":[{"name":"wp","href":"https:\/\/api.w.org\/{rel}","templated":true}]}}