{"id":26111,"date":"2021-10-25T14:41:15","date_gmt":"2021-10-25T14:41:15","guid":{"rendered":"http:\/\/pikark.com\/?post_type=product&#038;p=26111"},"modified":"2021-10-25T15:30:30","modified_gmt":"2021-10-25T15:30:30","slug":"poltroni-nadia","status":"publish","type":"product","link":"https:\/\/pikark.com\/en\/product\/poltroni-nadia\/","title":{"rendered":"Nadia Chair"},"content":{"rendered":"","protected":false},"excerpt":{"rendered":"<div id=\"tw-target-text-container\" class=\"tw-ta-container F0azHf tw-nfl\" tabindex=\"0\">\n<p id=\"tw-target-text\" class=\"tw-data-text tw-text-large XcVN5d tw-ta\" dir=\"ltr\" data-placeholder=\"Translation\"><span class=\"Y2IQFc\" lang=\"en\"><a href=\"https:\/\/pikark.com\/en\/members\/almex-contract-furniture\/store\/\">Modern outdoor<\/a> <a href=\"https:\/\/almex.al\/\">armchair<\/a> Bamboo Look, made of brown aluminum frame, lined with rope woven into the seat and gray back.<\/span><\/p>\n<p class=\"tw-data-text tw-text-large XcVN5d tw-ta\" dir=\"ltr\" data-placeholder=\"Translation\"><span class=\"Y2IQFc\" lang=\"en\">An excellent quality armchair and handmade wicker construction in its seat. <\/span><\/p>\n<p class=\"tw-data-text tw-text-large XcVN5d tw-ta\" dir=\"ltr\" data-placeholder=\"Translation\"><span class=\"Y2IQFc\" lang=\"en\">Ideal for dining areas, but also for your home, it will give you comfort and rest. <\/span><\/p>\n<p class=\"tw-data-text tw-text-large XcVN5d tw-ta\" dir=\"ltr\" data-placeholder=\"Translation\"><span class=\"Y2IQFc\" lang=\"en\">Dimensions: 56x60x78 cm.<\/span><\/p>\n<\/div>\n","protected":false},"featured_media":26116,"comment_status":"open","ping_status":"closed","template":"","meta":[],"product_cat":[656],"product_tag":[822,658,657,833,844],"yoast_head":"<!-- This site is optimized with the Yoast SEO plugin v21.7 - https:\/\/yoast.com\/wordpress\/plugins\/seo\/ -->\n<title>Nadia Chair - Pikark<\/title>\n<meta name=\"description\" content=\"Poltron modern n\u00eb natyr\u00eb Bamboo Look, e b\u00ebr\u00eb nga korniz\u00eb alumini n\u00eb ngjyr\u00eb kafe, t\u00eb veshur me litar t\u00eb thurur ne sedilje dhe\" \/>\n<meta name=\"robots\" content=\"index, follow, max-snippet:-1, max-image-preview:large, max-video-preview:-1\" \/>\n<link rel=\"canonical\" href=\"https:\/\/pikark.com\/en\/product\/poltroni-nadia\/\" \/>\n<meta property=\"og:locale\" content=\"en_US\" \/>\n<meta property=\"og:type\" content=\"article\" \/>\n<meta property=\"og:title\" content=\"Nadia Chair - Pikark\" \/>\n<meta property=\"og:description\" content=\"Poltron modern n\u00eb natyr\u00eb Bamboo Look, e b\u00ebr\u00eb nga korniz\u00eb alumini n\u00eb ngjyr\u00eb kafe, t\u00eb veshur me litar t\u00eb thurur ne sedilje dhe\" \/>\n<meta property=\"og:url\" content=\"https:\/\/pikark.com\/en\/product\/poltroni-nadia\/\" \/>\n<meta property=\"og:site_name\" content=\"Pikark\" \/>\n<meta property=\"article:publisher\" content=\"https:\/\/www.facebook.com\/pikark.al\" \/>\n<meta property=\"article:modified_time\" content=\"2021-10-25T15:30:30+00:00\" \/>\n<meta property=\"og:image\" content=\"https:\/\/pikark.com\/wp-content\/uploads\/2021\/10\/1-11.jpg\" \/>\n\t<meta property=\"og:image:width\" content=\"1080\" \/>\n\t<meta property=\"og:image:height\" content=\"1080\" \/>\n\t<meta property=\"og:image:type\" content=\"image\/jpeg\" \/>\n<meta name=\"twitter:card\" content=\"summary_large_image\" \/>\n<script type=\"application\/ld+json\" class=\"yoast-schema-graph\">{\"@context\":\"https:\/\/schema.org\",\"@graph\":[{\"@type\":\"WebPage\",\"@id\":\"https:\/\/pikark.com\/en\/product\/poltroni-nadia\/\",\"url\":\"https:\/\/pikark.com\/en\/product\/poltroni-nadia\/\",\"name\":\"[:sq]Poltrona Nadia[:en]Nadia Chair[:] - Pikark\",\"isPartOf\":{\"@id\":\"https:\/\/pikark.com\/#website\"},\"datePublished\":\"2021-10-25T14:41:15+00:00\",\"dateModified\":\"2021-10-25T15:30:30+00:00\",\"description\":\"Poltron modern n\u00eb natyr\u00eb Bamboo Look, e b\u00ebr\u00eb nga korniz\u00eb alumini n\u00eb ngjyr\u00eb kafe, t\u00eb veshur me litar t\u00eb thurur ne sedilje dhe\",\"breadcrumb\":{\"@id\":\"https:\/\/pikark.com\/en\/product\/poltroni-nadia\/#breadcrumb\"},\"inLanguage\":\"en-US\",\"potentialAction\":[{\"@type\":\"ReadAction\",\"target\":[\"https:\/\/pikark.com\/en\/product\/poltroni-nadia\/\"]}]},{\"@type\":\"BreadcrumbList\",\"@id\":\"https:\/\/pikark.com\/en\/product\/poltroni-nadia\/#breadcrumb\",\"itemListElement\":[{\"@type\":\"ListItem\",\"position\":1,\"name\":\"Home\",\"item\":\"https:\/\/pikark.com\/\"},{\"@type\":\"ListItem\",\"position\":2,\"name\":\"Shop\",\"item\":\"https:\/\/pikark.com\/en\/shop\/\"},{\"@type\":\"ListItem\",\"position\":3,\"name\":\"Nadia Chair\"}]},{\"@type\":\"WebSite\",\"@id\":\"https:\/\/pikark.com\/#website\",\"url\":\"https:\/\/pikark.com\/\",\"name\":\"Pikark\",\"description\":\"Explore inspiring projects and find the right architects, brand &amp; manufacturers!\",\"publisher\":{\"@id\":\"https:\/\/pikark.com\/#organization\"},\"potentialAction\":[{\"@type\":\"SearchAction\",\"target\":{\"@type\":\"EntryPoint\",\"urlTemplate\":\"https:\/\/pikark.com\/?s={search_term_string}\"},\"query-input\":\"required name=search_term_string\"}],\"inLanguage\":\"en-US\"},{\"@type\":\"Organization\",\"@id\":\"https:\/\/pikark.com\/#organization\",\"name\":\"Pikark\",\"url\":\"https:\/\/pikark.com\/\",\"logo\":{\"@type\":\"ImageObject\",\"inLanguage\":\"en-US\",\"@id\":\"https:\/\/pikark.com\/#\/schema\/logo\/image\/\",\"url\":\"https:\/\/pikark.com\/wp-content\/uploads\/2020\/12\/LOGO_PIKARK-01-1.png\",\"contentUrl\":\"https:\/\/pikark.com\/wp-content\/uploads\/2020\/12\/LOGO_PIKARK-01-1.png\",\"width\":2362,\"height\":2362,\"caption\":\"Pikark\"},\"image\":{\"@id\":\"https:\/\/pikark.com\/#\/schema\/logo\/image\/\"},\"sameAs\":[\"https:\/\/www.facebook.com\/pikark.al\",\"https:\/\/www.instagram.com\/pik.ark\/\"]}]}<\/script>\n<!-- \/ Yoast SEO plugin. -->","yoast_head_json":{"title":"Nadia Chair - Pikark","description":"Poltron modern n\u00eb natyr\u00eb Bamboo Look, e b\u00ebr\u00eb nga korniz\u00eb alumini n\u00eb ngjyr\u00eb kafe, t\u00eb veshur me litar t\u00eb thurur ne sedilje dhe","robots":{"index":"index","follow":"follow","max-snippet":"max-snippet:-1","max-image-preview":"max-image-preview:large","max-video-preview":"max-video-preview:-1"},"canonical":"https:\/\/pikark.com\/en\/product\/poltroni-nadia\/","og_locale":"en_US","og_type":"article","og_title":"Nadia Chair - Pikark","og_description":"Poltron modern n\u00eb natyr\u00eb Bamboo Look, e b\u00ebr\u00eb nga korniz\u00eb alumini n\u00eb ngjyr\u00eb kafe, t\u00eb veshur me litar t\u00eb thurur ne sedilje dhe","og_url":"https:\/\/pikark.com\/en\/product\/poltroni-nadia\/","og_site_name":"Pikark","article_publisher":"https:\/\/www.facebook.com\/pikark.al","article_modified_time":"2021-10-25T15:30:30+00:00","og_image":[{"width":1080,"height":1080,"url":"https:\/\/pikark.com\/wp-content\/uploads\/2021\/10\/1-11.jpg","type":"image\/jpeg"}],"twitter_card":"summary_large_image","schema":{"@context":"https:\/\/schema.org","@graph":[{"@type":"WebPage","@id":"https:\/\/pikark.com\/en\/product\/poltroni-nadia\/","url":"https:\/\/pikark.com\/en\/product\/poltroni-nadia\/","name":"[:sq]Poltrona Nadia[:en]Nadia Chair[:] - Pikark","isPartOf":{"@id":"https:\/\/pikark.com\/#website"},"datePublished":"2021-10-25T14:41:15+00:00","dateModified":"2021-10-25T15:30:30+00:00","description":"Poltron modern n\u00eb natyr\u00eb Bamboo Look, e b\u00ebr\u00eb nga korniz\u00eb alumini n\u00eb ngjyr\u00eb kafe, t\u00eb veshur me litar t\u00eb thurur ne sedilje dhe","breadcrumb":{"@id":"https:\/\/pikark.com\/en\/product\/poltroni-nadia\/#breadcrumb"},"inLanguage":"en-US","potentialAction":[{"@type":"ReadAction","target":["https:\/\/pikark.com\/en\/product\/poltroni-nadia\/"]}]},{"@type":"BreadcrumbList","@id":"https:\/\/pikark.com\/en\/product\/poltroni-nadia\/#breadcrumb","itemListElement":[{"@type":"ListItem","position":1,"name":"Home","item":"https:\/\/pikark.com\/"},{"@type":"ListItem","position":2,"name":"Shop","item":"https:\/\/pikark.com\/en\/shop\/"},{"@type":"ListItem","position":3,"name":"Nadia Chair"}]},{"@type":"WebSite","@id":"https:\/\/pikark.com\/#website","url":"https:\/\/pikark.com\/","name":"Pikark","description":"Explore inspiring projects and find the right architects, brand &amp; manufacturers!","publisher":{"@id":"https:\/\/pikark.com\/#organization"},"potentialAction":[{"@type":"SearchAction","target":{"@type":"EntryPoint","urlTemplate":"https:\/\/pikark.com\/?s={search_term_string}"},"query-input":"required name=search_term_string"}],"inLanguage":"en-US"},{"@type":"Organization","@id":"https:\/\/pikark.com\/#organization","name":"Pikark","url":"https:\/\/pikark.com\/","logo":{"@type":"ImageObject","inLanguage":"en-US","@id":"https:\/\/pikark.com\/#\/schema\/logo\/image\/","url":"https:\/\/pikark.com\/wp-content\/uploads\/2020\/12\/LOGO_PIKARK-01-1.png","contentUrl":"https:\/\/pikark.com\/wp-content\/uploads\/2020\/12\/LOGO_PIKARK-01-1.png","width":2362,"height":2362,"caption":"Pikark"},"image":{"@id":"https:\/\/pikark.com\/#\/schema\/logo\/image\/"},"sameAs":["https:\/\/www.facebook.com\/pikark.al","https:\/\/www.instagram.com\/pik.ark\/"]}]}},"_links":{"self":[{"href":"https:\/\/pikark.com\/en\/wp-json\/wp\/v2\/product\/26111"}],"collection":[{"href":"https:\/\/pikark.com\/en\/wp-json\/wp\/v2\/product"}],"about":[{"href":"https:\/\/pikark.com\/en\/wp-json\/wp\/v2\/types\/product"}],"replies":[{"embeddable":true,"href":"https:\/\/pikark.com\/en\/wp-json\/wp\/v2\/comments?post=26111"}],"wp:featuredmedia":[{"embeddable":true,"href":"https:\/\/pikark.com\/en\/wp-json\/wp\/v2\/media\/26116"}],"wp:attachment":[{"href":"https:\/\/pikark.com\/en\/wp-json\/wp\/v2\/media?parent=26111"}],"wp:term":[{"taxonomy":"product_cat","embeddable":true,"href":"https:\/\/pikark.com\/en\/wp-json\/wp\/v2\/product_cat?post=26111"},{"taxonomy":"product_tag","embeddable":true,"href":"https:\/\/pikark.com\/en\/wp-json\/wp\/v2\/product_tag?post=26111"}],"curies":[{"name":"wp","href":"https:\/\/api.w.org\/{rel}","templated":true}]}}