{"id":25880,"date":"2021-10-05T12:23:15","date_gmt":"2021-10-05T12:23:15","guid":{"rendered":"http:\/\/pikark.com\/?post_type=product&#038;p=25880"},"modified":"2021-10-05T12:59:42","modified_gmt":"2021-10-05T12:59:42","slug":"pagina-light","status":"publish","type":"product","link":"https:\/\/pikark.com\/en\/product\/pagina-light\/","title":{"rendered":"Pagina Light"},"content":{"rendered":"","protected":false},"excerpt":{"rendered":"<div class=\"oSioSc\">\n<div id=\"tw-target\">\n<div id=\"kAz1tf\" class=\"g9WsWb\">\n<div id=\"tw-target-text-container\" class=\"tw-ta-container F0azHf tw-nfl\" tabindex=\"0\">\n<p id=\"tw-target-text\" class=\"tw-data-text tw-text-large XcVN5d tw-ta\" dir=\"ltr\" data-placeholder=\"Translation\"><span class=\"Y2IQFc\" lang=\"en\">With <a href=\"https:\/\/pikark.com\/members\/abiesse\/store\/\">light<\/a> you can draw, write, imagine stories. Only three elements: a sheet of paper, a pen and an LED. A symbolic gesture, suspended between reality and imagination. A special sheet of paper, equipped with micro suction cups, can be hung on any surface, moved as desired, arranged to create waves and three-dimensional effects. An imaginary page on which to immortalize luminous thoughts. A small <a href=\"https:\/\/www.abiesse.al\/\">LED<\/a> pen completes the idea, inserting itself into the curves of the sheet and creating arabesques of diffused light. Page breaks the fourth wall, ripples the surface creating mobile, living, vibrant geometries. It takes a page of light to tell a story.<\/span><\/p>\n<\/div>\n<\/div>\n<\/div>\n<\/div>\n","protected":false},"featured_media":25881,"comment_status":"open","ping_status":"closed","template":"","meta":[],"product_cat":[648],"product_tag":[878,816,867],"yoast_head":"<!-- This site is optimized with the Yoast SEO plugin v21.7 - https:\/\/yoast.com\/wordpress\/plugins\/seo\/ -->\n<title>Pagina Light - Pikark<\/title>\n<meta name=\"description\" content=\"Me drit\u00eb ju mund t\u00eb vizatoni, shkruani, imagjinoni histori. Vet\u00ebm tre element\u00eb: nj\u00eb flet\u00eb letre, nj\u00eb stilolaps dhe nj\u00eb LED.\" \/>\n<meta name=\"robots\" content=\"index, follow, max-snippet:-1, max-image-preview:large, max-video-preview:-1\" \/>\n<link rel=\"canonical\" href=\"https:\/\/pikark.com\/product\/pagina-light\/\" \/>\n<meta property=\"og:locale\" content=\"en_US\" \/>\n<meta property=\"og:type\" content=\"article\" \/>\n<meta property=\"og:title\" content=\"Pagina Light - Pikark\" \/>\n<meta property=\"og:description\" content=\"Me drit\u00eb ju mund t\u00eb vizatoni, shkruani, imagjinoni histori. Vet\u00ebm tre element\u00eb: nj\u00eb flet\u00eb letre, nj\u00eb stilolaps dhe nj\u00eb LED.\" \/>\n<meta property=\"og:url\" content=\"https:\/\/pikark.com\/product\/pagina-light\/\" \/>\n<meta property=\"og:site_name\" content=\"Pikark\" \/>\n<meta property=\"article:publisher\" content=\"https:\/\/www.facebook.com\/pikark.al\" \/>\n<meta property=\"article:modified_time\" content=\"2021-10-05T12:59:42+00:00\" \/>\n<meta property=\"og:image\" content=\"https:\/\/pikark.com\/wp-content\/uploads\/2021\/10\/pagina-davide-groppi-wall-lamp.jpg\" \/>\n\t<meta property=\"og:image:width\" content=\"688\" \/>\n\t<meta property=\"og:image:height\" content=\"686\" \/>\n\t<meta property=\"og:image:type\" content=\"image\/jpeg\" \/>\n<meta name=\"twitter:card\" content=\"summary_large_image\" \/>\n<script type=\"application\/ld+json\" class=\"yoast-schema-graph\">{\"@context\":\"https:\/\/schema.org\",\"@graph\":[{\"@type\":\"WebPage\",\"@id\":\"https:\/\/pikark.com\/product\/pagina-light\/\",\"url\":\"https:\/\/pikark.com\/product\/pagina-light\/\",\"name\":\"[:sq]Ndri\u00e7uesi Pagina[:en]Pagina Light[:] - Pikark\",\"isPartOf\":{\"@id\":\"https:\/\/pikark.com\/#website\"},\"datePublished\":\"2021-10-05T12:23:15+00:00\",\"dateModified\":\"2021-10-05T12:59:42+00:00\",\"description\":\"Me drit\u00eb ju mund t\u00eb vizatoni, shkruani, imagjinoni histori. Vet\u00ebm tre element\u00eb: nj\u00eb flet\u00eb letre, nj\u00eb stilolaps dhe nj\u00eb LED.\",\"breadcrumb\":{\"@id\":\"https:\/\/pikark.com\/product\/pagina-light\/#breadcrumb\"},\"inLanguage\":\"en-US\",\"potentialAction\":[{\"@type\":\"ReadAction\",\"target\":[\"https:\/\/pikark.com\/product\/pagina-light\/\"]}]},{\"@type\":\"BreadcrumbList\",\"@id\":\"https:\/\/pikark.com\/product\/pagina-light\/#breadcrumb\",\"itemListElement\":[{\"@type\":\"ListItem\",\"position\":1,\"name\":\"Home\",\"item\":\"https:\/\/pikark.com\/\"},{\"@type\":\"ListItem\",\"position\":2,\"name\":\"Shop\",\"item\":\"https:\/\/pikark.com\/en\/shop\/\"},{\"@type\":\"ListItem\",\"position\":3,\"name\":\"Ndri\u00e7uesi Pagina\"}]},{\"@type\":\"WebSite\",\"@id\":\"https:\/\/pikark.com\/#website\",\"url\":\"https:\/\/pikark.com\/\",\"name\":\"Pikark\",\"description\":\"Explore inspiring projects and find the right architects, brand &amp; manufacturers!\",\"publisher\":{\"@id\":\"https:\/\/pikark.com\/#organization\"},\"potentialAction\":[{\"@type\":\"SearchAction\",\"target\":{\"@type\":\"EntryPoint\",\"urlTemplate\":\"https:\/\/pikark.com\/?s={search_term_string}\"},\"query-input\":\"required name=search_term_string\"}],\"inLanguage\":\"en-US\"},{\"@type\":\"Organization\",\"@id\":\"https:\/\/pikark.com\/#organization\",\"name\":\"Pikark\",\"url\":\"https:\/\/pikark.com\/\",\"logo\":{\"@type\":\"ImageObject\",\"inLanguage\":\"en-US\",\"@id\":\"https:\/\/pikark.com\/#\/schema\/logo\/image\/\",\"url\":\"https:\/\/pikark.com\/wp-content\/uploads\/2020\/12\/LOGO_PIKARK-01-1.png\",\"contentUrl\":\"https:\/\/pikark.com\/wp-content\/uploads\/2020\/12\/LOGO_PIKARK-01-1.png\",\"width\":2362,\"height\":2362,\"caption\":\"Pikark\"},\"image\":{\"@id\":\"https:\/\/pikark.com\/#\/schema\/logo\/image\/\"},\"sameAs\":[\"https:\/\/www.facebook.com\/pikark.al\",\"https:\/\/www.instagram.com\/pik.ark\/\"]}]}<\/script>\n<!-- \/ Yoast SEO plugin. -->","yoast_head_json":{"title":"Pagina Light - Pikark","description":"Me drit\u00eb ju mund t\u00eb vizatoni, shkruani, imagjinoni histori. Vet\u00ebm tre element\u00eb: nj\u00eb flet\u00eb letre, nj\u00eb stilolaps dhe nj\u00eb LED.","robots":{"index":"index","follow":"follow","max-snippet":"max-snippet:-1","max-image-preview":"max-image-preview:large","max-video-preview":"max-video-preview:-1"},"canonical":"https:\/\/pikark.com\/product\/pagina-light\/","og_locale":"en_US","og_type":"article","og_title":"Pagina Light - Pikark","og_description":"Me drit\u00eb ju mund t\u00eb vizatoni, shkruani, imagjinoni histori. Vet\u00ebm tre element\u00eb: nj\u00eb flet\u00eb letre, nj\u00eb stilolaps dhe nj\u00eb LED.","og_url":"https:\/\/pikark.com\/product\/pagina-light\/","og_site_name":"Pikark","article_publisher":"https:\/\/www.facebook.com\/pikark.al","article_modified_time":"2021-10-05T12:59:42+00:00","og_image":[{"width":688,"height":686,"url":"https:\/\/pikark.com\/wp-content\/uploads\/2021\/10\/pagina-davide-groppi-wall-lamp.jpg","type":"image\/jpeg"}],"twitter_card":"summary_large_image","schema":{"@context":"https:\/\/schema.org","@graph":[{"@type":"WebPage","@id":"https:\/\/pikark.com\/product\/pagina-light\/","url":"https:\/\/pikark.com\/product\/pagina-light\/","name":"[:sq]Ndri\u00e7uesi Pagina[:en]Pagina Light[:] - Pikark","isPartOf":{"@id":"https:\/\/pikark.com\/#website"},"datePublished":"2021-10-05T12:23:15+00:00","dateModified":"2021-10-05T12:59:42+00:00","description":"Me drit\u00eb ju mund t\u00eb vizatoni, shkruani, imagjinoni histori. Vet\u00ebm tre element\u00eb: nj\u00eb flet\u00eb letre, nj\u00eb stilolaps dhe nj\u00eb LED.","breadcrumb":{"@id":"https:\/\/pikark.com\/product\/pagina-light\/#breadcrumb"},"inLanguage":"en-US","potentialAction":[{"@type":"ReadAction","target":["https:\/\/pikark.com\/product\/pagina-light\/"]}]},{"@type":"BreadcrumbList","@id":"https:\/\/pikark.com\/product\/pagina-light\/#breadcrumb","itemListElement":[{"@type":"ListItem","position":1,"name":"Home","item":"https:\/\/pikark.com\/"},{"@type":"ListItem","position":2,"name":"Shop","item":"https:\/\/pikark.com\/en\/shop\/"},{"@type":"ListItem","position":3,"name":"Ndri\u00e7uesi Pagina"}]},{"@type":"WebSite","@id":"https:\/\/pikark.com\/#website","url":"https:\/\/pikark.com\/","name":"Pikark","description":"Explore inspiring projects and find the right architects, brand &amp; manufacturers!","publisher":{"@id":"https:\/\/pikark.com\/#organization"},"potentialAction":[{"@type":"SearchAction","target":{"@type":"EntryPoint","urlTemplate":"https:\/\/pikark.com\/?s={search_term_string}"},"query-input":"required name=search_term_string"}],"inLanguage":"en-US"},{"@type":"Organization","@id":"https:\/\/pikark.com\/#organization","name":"Pikark","url":"https:\/\/pikark.com\/","logo":{"@type":"ImageObject","inLanguage":"en-US","@id":"https:\/\/pikark.com\/#\/schema\/logo\/image\/","url":"https:\/\/pikark.com\/wp-content\/uploads\/2020\/12\/LOGO_PIKARK-01-1.png","contentUrl":"https:\/\/pikark.com\/wp-content\/uploads\/2020\/12\/LOGO_PIKARK-01-1.png","width":2362,"height":2362,"caption":"Pikark"},"image":{"@id":"https:\/\/pikark.com\/#\/schema\/logo\/image\/"},"sameAs":["https:\/\/www.facebook.com\/pikark.al","https:\/\/www.instagram.com\/pik.ark\/"]}]}},"_links":{"self":[{"href":"https:\/\/pikark.com\/en\/wp-json\/wp\/v2\/product\/25880"}],"collection":[{"href":"https:\/\/pikark.com\/en\/wp-json\/wp\/v2\/product"}],"about":[{"href":"https:\/\/pikark.com\/en\/wp-json\/wp\/v2\/types\/product"}],"replies":[{"embeddable":true,"href":"https:\/\/pikark.com\/en\/wp-json\/wp\/v2\/comments?post=25880"}],"wp:featuredmedia":[{"embeddable":true,"href":"https:\/\/pikark.com\/en\/wp-json\/wp\/v2\/media\/25881"}],"wp:attachment":[{"href":"https:\/\/pikark.com\/en\/wp-json\/wp\/v2\/media?parent=25880"}],"wp:term":[{"taxonomy":"product_cat","embeddable":true,"href":"https:\/\/pikark.com\/en\/wp-json\/wp\/v2\/product_cat?post=25880"},{"taxonomy":"product_tag","embeddable":true,"href":"https:\/\/pikark.com\/en\/wp-json\/wp\/v2\/product_tag?post=25880"}],"curies":[{"name":"wp","href":"https:\/\/api.w.org\/{rel}","templated":true}]}}