{"id":25569,"date":"2021-09-01T11:34:10","date_gmt":"2021-09-01T11:34:10","guid":{"rendered":"http:\/\/pikark.com\/?post_type=product&#038;p=25569"},"modified":"2021-09-01T11:34:10","modified_gmt":"2021-09-01T11:34:10","slug":"nirvana-sofa","status":"publish","type":"product","link":"https:\/\/pikark.com\/en\/product\/nirvana-sofa\/","title":{"rendered":"Nirvana Sofa"},"content":{"rendered":"","protected":false},"excerpt":{"rendered":"<div id=\"tw-target-text-container\" class=\"tw-ta-container F0azHf tw-nfl\" tabindex=\"0\">\n<p id=\"tw-target-text\" class=\"tw-data-text tw-text-large XcVN5d tw-ta\" dir=\"ltr\" data-placeholder=\"Translation\"><span class=\"Y2IQFc\" lang=\"en\">The <a href=\"https:\/\/pikark.com\/members\/almex-contract-furniture\/store\/\">Nirvana sofa<\/a> has a walnut wood structure. <a href=\"https:\/\/almex.al\/\">Customizable<\/a> eco-leather or textile upholstery.<\/span><\/p>\n<\/div>\n<div id=\"tw-target-rmn-container\" class=\"tw-target-rmn tw-ta-container F0azHf tw-nfl\">\n<pre id=\"tw-target-rmn\" class=\"tw-data-placeholder tw-text-small tw-ta\" dir=\"ltr\" data-placeholder=\"\"><\/pre>\n<\/div>\n","protected":false},"featured_media":25570,"comment_status":"open","ping_status":"closed","template":"","meta":[],"product_cat":[640,639],"product_tag":[822,655],"yoast_head":"<!-- This site is optimized with the Yoast SEO plugin v21.7 - https:\/\/yoast.com\/wordpress\/plugins\/seo\/ -->\n<title>Nirvana Sofa - Pikark<\/title>\n<meta name=\"description\" content=\"Divani Nirvana ka nj\u00eb struktur\u00eb drru ngjyr\u00eb arre. Tapiceria e personalizueshme prej l\u00ebkure ekologjike ose tekstil.\" \/>\n<meta name=\"robots\" content=\"index, follow, max-snippet:-1, max-image-preview:large, max-video-preview:-1\" \/>\n<link rel=\"canonical\" href=\"https:\/\/pikark.com\/en\/product\/nirvana-sofa\/\" \/>\n<meta property=\"og:locale\" content=\"en_US\" \/>\n<meta property=\"og:type\" content=\"article\" \/>\n<meta property=\"og:title\" content=\"Nirvana Sofa - Pikark\" \/>\n<meta property=\"og:description\" content=\"Divani Nirvana ka nj\u00eb struktur\u00eb drru ngjyr\u00eb arre. Tapiceria e personalizueshme prej l\u00ebkure ekologjike ose tekstil.\" \/>\n<meta property=\"og:url\" content=\"https:\/\/pikark.com\/en\/product\/nirvana-sofa\/\" \/>\n<meta property=\"og:site_name\" content=\"Pikark\" \/>\n<meta property=\"article:publisher\" content=\"https:\/\/www.facebook.com\/pikark.al\" \/>\n<meta property=\"og:image\" content=\"https:\/\/pikark.com\/wp-content\/uploads\/2021\/09\/index4.jpg\" \/>\n\t<meta property=\"og:image:width\" content=\"1061\" \/>\n\t<meta property=\"og:image:height\" content=\"1416\" \/>\n\t<meta property=\"og:image:type\" content=\"image\/jpeg\" \/>\n<meta name=\"twitter:card\" content=\"summary_large_image\" \/>\n<script type=\"application\/ld+json\" class=\"yoast-schema-graph\">{\"@context\":\"https:\/\/schema.org\",\"@graph\":[{\"@type\":\"WebPage\",\"@id\":\"https:\/\/pikark.com\/en\/product\/nirvana-sofa\/\",\"url\":\"https:\/\/pikark.com\/en\/product\/nirvana-sofa\/\",\"name\":\"[:sq]Divani Nirvana[:en]Nirvana Sofa[:] - Pikark\",\"isPartOf\":{\"@id\":\"https:\/\/pikark.com\/#website\"},\"datePublished\":\"2021-09-01T11:34:10+00:00\",\"dateModified\":\"2021-09-01T11:34:10+00:00\",\"description\":\"Divani Nirvana ka nj\u00eb struktur\u00eb drru ngjyr\u00eb arre. Tapiceria e personalizueshme prej l\u00ebkure ekologjike ose tekstil.\",\"breadcrumb\":{\"@id\":\"https:\/\/pikark.com\/en\/product\/nirvana-sofa\/#breadcrumb\"},\"inLanguage\":\"en-US\",\"potentialAction\":[{\"@type\":\"ReadAction\",\"target\":[\"https:\/\/pikark.com\/en\/product\/nirvana-sofa\/\"]}]},{\"@type\":\"BreadcrumbList\",\"@id\":\"https:\/\/pikark.com\/en\/product\/nirvana-sofa\/#breadcrumb\",\"itemListElement\":[{\"@type\":\"ListItem\",\"position\":1,\"name\":\"Home\",\"item\":\"https:\/\/pikark.com\/\"},{\"@type\":\"ListItem\",\"position\":2,\"name\":\"Shop\",\"item\":\"https:\/\/pikark.com\/en\/shop\/\"},{\"@type\":\"ListItem\",\"position\":3,\"name\":\"Nirvana Sofa\"}]},{\"@type\":\"WebSite\",\"@id\":\"https:\/\/pikark.com\/#website\",\"url\":\"https:\/\/pikark.com\/\",\"name\":\"Pikark\",\"description\":\"Explore inspiring projects and find the right architects, brand &amp; manufacturers!\",\"publisher\":{\"@id\":\"https:\/\/pikark.com\/#organization\"},\"potentialAction\":[{\"@type\":\"SearchAction\",\"target\":{\"@type\":\"EntryPoint\",\"urlTemplate\":\"https:\/\/pikark.com\/?s={search_term_string}\"},\"query-input\":\"required name=search_term_string\"}],\"inLanguage\":\"en-US\"},{\"@type\":\"Organization\",\"@id\":\"https:\/\/pikark.com\/#organization\",\"name\":\"Pikark\",\"url\":\"https:\/\/pikark.com\/\",\"logo\":{\"@type\":\"ImageObject\",\"inLanguage\":\"en-US\",\"@id\":\"https:\/\/pikark.com\/#\/schema\/logo\/image\/\",\"url\":\"https:\/\/pikark.com\/wp-content\/uploads\/2020\/12\/LOGO_PIKARK-01-1.png\",\"contentUrl\":\"https:\/\/pikark.com\/wp-content\/uploads\/2020\/12\/LOGO_PIKARK-01-1.png\",\"width\":2362,\"height\":2362,\"caption\":\"Pikark\"},\"image\":{\"@id\":\"https:\/\/pikark.com\/#\/schema\/logo\/image\/\"},\"sameAs\":[\"https:\/\/www.facebook.com\/pikark.al\",\"https:\/\/www.instagram.com\/pik.ark\/\"]}]}<\/script>\n<!-- \/ Yoast SEO plugin. -->","yoast_head_json":{"title":"Nirvana Sofa - Pikark","description":"Divani Nirvana ka nj\u00eb struktur\u00eb drru ngjyr\u00eb arre. Tapiceria e personalizueshme prej l\u00ebkure ekologjike ose tekstil.","robots":{"index":"index","follow":"follow","max-snippet":"max-snippet:-1","max-image-preview":"max-image-preview:large","max-video-preview":"max-video-preview:-1"},"canonical":"https:\/\/pikark.com\/en\/product\/nirvana-sofa\/","og_locale":"en_US","og_type":"article","og_title":"Nirvana Sofa - Pikark","og_description":"Divani Nirvana ka nj\u00eb struktur\u00eb drru ngjyr\u00eb arre. Tapiceria e personalizueshme prej l\u00ebkure ekologjike ose tekstil.","og_url":"https:\/\/pikark.com\/en\/product\/nirvana-sofa\/","og_site_name":"Pikark","article_publisher":"https:\/\/www.facebook.com\/pikark.al","og_image":[{"width":1061,"height":1416,"url":"https:\/\/pikark.com\/wp-content\/uploads\/2021\/09\/index4.jpg","type":"image\/jpeg"}],"twitter_card":"summary_large_image","schema":{"@context":"https:\/\/schema.org","@graph":[{"@type":"WebPage","@id":"https:\/\/pikark.com\/en\/product\/nirvana-sofa\/","url":"https:\/\/pikark.com\/en\/product\/nirvana-sofa\/","name":"[:sq]Divani Nirvana[:en]Nirvana Sofa[:] - Pikark","isPartOf":{"@id":"https:\/\/pikark.com\/#website"},"datePublished":"2021-09-01T11:34:10+00:00","dateModified":"2021-09-01T11:34:10+00:00","description":"Divani Nirvana ka nj\u00eb struktur\u00eb drru ngjyr\u00eb arre. Tapiceria e personalizueshme prej l\u00ebkure ekologjike ose tekstil.","breadcrumb":{"@id":"https:\/\/pikark.com\/en\/product\/nirvana-sofa\/#breadcrumb"},"inLanguage":"en-US","potentialAction":[{"@type":"ReadAction","target":["https:\/\/pikark.com\/en\/product\/nirvana-sofa\/"]}]},{"@type":"BreadcrumbList","@id":"https:\/\/pikark.com\/en\/product\/nirvana-sofa\/#breadcrumb","itemListElement":[{"@type":"ListItem","position":1,"name":"Home","item":"https:\/\/pikark.com\/"},{"@type":"ListItem","position":2,"name":"Shop","item":"https:\/\/pikark.com\/en\/shop\/"},{"@type":"ListItem","position":3,"name":"Nirvana Sofa"}]},{"@type":"WebSite","@id":"https:\/\/pikark.com\/#website","url":"https:\/\/pikark.com\/","name":"Pikark","description":"Explore inspiring projects and find the right architects, brand &amp; manufacturers!","publisher":{"@id":"https:\/\/pikark.com\/#organization"},"potentialAction":[{"@type":"SearchAction","target":{"@type":"EntryPoint","urlTemplate":"https:\/\/pikark.com\/?s={search_term_string}"},"query-input":"required name=search_term_string"}],"inLanguage":"en-US"},{"@type":"Organization","@id":"https:\/\/pikark.com\/#organization","name":"Pikark","url":"https:\/\/pikark.com\/","logo":{"@type":"ImageObject","inLanguage":"en-US","@id":"https:\/\/pikark.com\/#\/schema\/logo\/image\/","url":"https:\/\/pikark.com\/wp-content\/uploads\/2020\/12\/LOGO_PIKARK-01-1.png","contentUrl":"https:\/\/pikark.com\/wp-content\/uploads\/2020\/12\/LOGO_PIKARK-01-1.png","width":2362,"height":2362,"caption":"Pikark"},"image":{"@id":"https:\/\/pikark.com\/#\/schema\/logo\/image\/"},"sameAs":["https:\/\/www.facebook.com\/pikark.al","https:\/\/www.instagram.com\/pik.ark\/"]}]}},"_links":{"self":[{"href":"https:\/\/pikark.com\/en\/wp-json\/wp\/v2\/product\/25569"}],"collection":[{"href":"https:\/\/pikark.com\/en\/wp-json\/wp\/v2\/product"}],"about":[{"href":"https:\/\/pikark.com\/en\/wp-json\/wp\/v2\/types\/product"}],"replies":[{"embeddable":true,"href":"https:\/\/pikark.com\/en\/wp-json\/wp\/v2\/comments?post=25569"}],"wp:featuredmedia":[{"embeddable":true,"href":"https:\/\/pikark.com\/en\/wp-json\/wp\/v2\/media\/25570"}],"wp:attachment":[{"href":"https:\/\/pikark.com\/en\/wp-json\/wp\/v2\/media?parent=25569"}],"wp:term":[{"taxonomy":"product_cat","embeddable":true,"href":"https:\/\/pikark.com\/en\/wp-json\/wp\/v2\/product_cat?post=25569"},{"taxonomy":"product_tag","embeddable":true,"href":"https:\/\/pikark.com\/en\/wp-json\/wp\/v2\/product_tag?post=25569"}],"curies":[{"name":"wp","href":"https:\/\/api.w.org\/{rel}","templated":true}]}}