{"id":25556,"date":"2021-08-30T08:48:51","date_gmt":"2021-08-30T08:48:51","guid":{"rendered":"http:\/\/pikark.com\/?post_type=product&#038;p=25556"},"modified":"2024-10-25T07:04:40","modified_gmt":"2024-10-25T07:04:40","slug":"tetatet-lamp","status":"publish","type":"product","link":"https:\/\/pikark.com\/en\/product\/tetatet-lamp\/","title":{"rendered":"Tet a Tet Fl\u00fbte Lamp"},"content":{"rendered":"","protected":false},"excerpt":{"rendered":"<div class=\"current markeddown hide-on-edit js-desc js-show-with-desc\" dir=\"auto\">\n<p dir=\"auto\"><a href=\"https:\/\/pikark.com\/members\/abiesse\/store\/\">Table lamp<\/a> with transparent stem and magnetic fixing.<\/p>\n<p dir=\"auto\">This is an evolution of the TeTaTeT lamp. We have put into use a rechargeable Lithium battery that allows the support column of the lamp to be practically \u201cinvisible\u201d. The head of the lamp, where the battery is located, is lightweight and appears to be floating in air. The effect is innovative and magical. The support column is made of methacrylate.<br \/>\nThe <a href=\"https:\/\/www.abiesse.al\/\">TeTaTeT<\/a> Fl\u00fbte lamp fits perfectly with an elegant \u201cmis en place\u201d, bestowing beauty and spontaneity to any table.<\/p>\n<\/div>\n","protected":false},"featured_media":25557,"comment_status":"open","ping_status":"closed","template":"","meta":[],"product_cat":[648,669],"product_tag":[878,816],"yoast_head":"<!-- This site is optimized with the Yoast SEO plugin v21.7 - https:\/\/yoast.com\/wordpress\/plugins\/seo\/ -->\n<title>Tet a Tet Fl\u00fbte Lamp - Pikark<\/title>\n<meta name=\"description\" content=\"Table lamp with transparent stem and magnetic fixing.This is an evolution of our TeTaTeT lamp. We have put into use a rechargeable\" \/>\n<meta name=\"robots\" content=\"index, follow, max-snippet:-1, max-image-preview:large, max-video-preview:-1\" \/>\n<link rel=\"canonical\" href=\"https:\/\/pikark.com\/product\/tetatet-lamp\/\" \/>\n<meta property=\"og:locale\" content=\"en_US\" \/>\n<meta property=\"og:type\" content=\"article\" \/>\n<meta property=\"og:title\" content=\"Tet a Tet Fl\u00fbte Lamp - Pikark\" \/>\n<meta property=\"og:description\" content=\"Table lamp with transparent stem and magnetic fixing.This is an evolution of our TeTaTeT lamp. We have put into use a rechargeable\" \/>\n<meta property=\"og:url\" content=\"https:\/\/pikark.com\/product\/tetatet-lamp\/\" \/>\n<meta property=\"og:site_name\" content=\"Pikark\" \/>\n<meta property=\"article:publisher\" content=\"https:\/\/www.facebook.com\/pikark.al\" \/>\n<meta property=\"article:modified_time\" content=\"2024-10-25T07:04:40+00:00\" \/>\n<meta property=\"og:image\" content=\"https:\/\/pikark.com\/wp-content\/uploads\/2021\/08\/1-7.jpg\" \/>\n\t<meta property=\"og:image:width\" content=\"1080\" \/>\n\t<meta property=\"og:image:height\" content=\"1080\" \/>\n\t<meta property=\"og:image:type\" content=\"image\/jpeg\" \/>\n<meta name=\"twitter:card\" content=\"summary_large_image\" \/>\n<script type=\"application\/ld+json\" class=\"yoast-schema-graph\">{\"@context\":\"https:\/\/schema.org\",\"@graph\":[{\"@type\":\"WebPage\",\"@id\":\"https:\/\/pikark.com\/product\/tetatet-lamp\/\",\"url\":\"https:\/\/pikark.com\/product\/tetatet-lamp\/\",\"name\":\"[:sq]Ndri\u00e7uesi Tet a Tet Fl\u00fbte[:en]Tet a Tet Fl\u00fbte Lamp[:] - Pikark\",\"isPartOf\":{\"@id\":\"https:\/\/pikark.com\/#website\"},\"datePublished\":\"2021-08-30T08:48:51+00:00\",\"dateModified\":\"2024-10-25T07:04:40+00:00\",\"description\":\"Table lamp with transparent stem and magnetic fixing.This is an evolution of our TeTaTeT lamp. We have put into use a rechargeable\",\"breadcrumb\":{\"@id\":\"https:\/\/pikark.com\/product\/tetatet-lamp\/#breadcrumb\"},\"inLanguage\":\"en-US\",\"potentialAction\":[{\"@type\":\"ReadAction\",\"target\":[\"https:\/\/pikark.com\/product\/tetatet-lamp\/\"]}]},{\"@type\":\"BreadcrumbList\",\"@id\":\"https:\/\/pikark.com\/product\/tetatet-lamp\/#breadcrumb\",\"itemListElement\":[{\"@type\":\"ListItem\",\"position\":1,\"name\":\"Home\",\"item\":\"https:\/\/pikark.com\/\"},{\"@type\":\"ListItem\",\"position\":2,\"name\":\"Shop\",\"item\":\"https:\/\/pikark.com\/en\/shop\/\"},{\"@type\":\"ListItem\",\"position\":3,\"name\":\"Ndri\u00e7uesi Tet a Tet Fl\u00fbte\"}]},{\"@type\":\"WebSite\",\"@id\":\"https:\/\/pikark.com\/#website\",\"url\":\"https:\/\/pikark.com\/\",\"name\":\"Pikark\",\"description\":\"Explore inspiring projects and find the right architects, brand &amp; manufacturers!\",\"publisher\":{\"@id\":\"https:\/\/pikark.com\/#organization\"},\"potentialAction\":[{\"@type\":\"SearchAction\",\"target\":{\"@type\":\"EntryPoint\",\"urlTemplate\":\"https:\/\/pikark.com\/?s={search_term_string}\"},\"query-input\":\"required name=search_term_string\"}],\"inLanguage\":\"en-US\"},{\"@type\":\"Organization\",\"@id\":\"https:\/\/pikark.com\/#organization\",\"name\":\"Pikark\",\"url\":\"https:\/\/pikark.com\/\",\"logo\":{\"@type\":\"ImageObject\",\"inLanguage\":\"en-US\",\"@id\":\"https:\/\/pikark.com\/#\/schema\/logo\/image\/\",\"url\":\"https:\/\/pikark.com\/wp-content\/uploads\/2020\/12\/LOGO_PIKARK-01-1.png\",\"contentUrl\":\"https:\/\/pikark.com\/wp-content\/uploads\/2020\/12\/LOGO_PIKARK-01-1.png\",\"width\":2362,\"height\":2362,\"caption\":\"Pikark\"},\"image\":{\"@id\":\"https:\/\/pikark.com\/#\/schema\/logo\/image\/\"},\"sameAs\":[\"https:\/\/www.facebook.com\/pikark.al\",\"https:\/\/www.instagram.com\/pik.ark\/\"]}]}<\/script>\n<!-- \/ Yoast SEO plugin. -->","yoast_head_json":{"title":"Tet a Tet Fl\u00fbte Lamp - Pikark","description":"Table lamp with transparent stem and magnetic fixing.This is an evolution of our TeTaTeT lamp. We have put into use a rechargeable","robots":{"index":"index","follow":"follow","max-snippet":"max-snippet:-1","max-image-preview":"max-image-preview:large","max-video-preview":"max-video-preview:-1"},"canonical":"https:\/\/pikark.com\/product\/tetatet-lamp\/","og_locale":"en_US","og_type":"article","og_title":"Tet a Tet Fl\u00fbte Lamp - Pikark","og_description":"Table lamp with transparent stem and magnetic fixing.This is an evolution of our TeTaTeT lamp. We have put into use a rechargeable","og_url":"https:\/\/pikark.com\/product\/tetatet-lamp\/","og_site_name":"Pikark","article_publisher":"https:\/\/www.facebook.com\/pikark.al","article_modified_time":"2024-10-25T07:04:40+00:00","og_image":[{"width":1080,"height":1080,"url":"https:\/\/pikark.com\/wp-content\/uploads\/2021\/08\/1-7.jpg","type":"image\/jpeg"}],"twitter_card":"summary_large_image","schema":{"@context":"https:\/\/schema.org","@graph":[{"@type":"WebPage","@id":"https:\/\/pikark.com\/product\/tetatet-lamp\/","url":"https:\/\/pikark.com\/product\/tetatet-lamp\/","name":"[:sq]Ndri\u00e7uesi Tet a Tet Fl\u00fbte[:en]Tet a Tet Fl\u00fbte Lamp[:] - Pikark","isPartOf":{"@id":"https:\/\/pikark.com\/#website"},"datePublished":"2021-08-30T08:48:51+00:00","dateModified":"2024-10-25T07:04:40+00:00","description":"Table lamp with transparent stem and magnetic fixing.This is an evolution of our TeTaTeT lamp. We have put into use a rechargeable","breadcrumb":{"@id":"https:\/\/pikark.com\/product\/tetatet-lamp\/#breadcrumb"},"inLanguage":"en-US","potentialAction":[{"@type":"ReadAction","target":["https:\/\/pikark.com\/product\/tetatet-lamp\/"]}]},{"@type":"BreadcrumbList","@id":"https:\/\/pikark.com\/product\/tetatet-lamp\/#breadcrumb","itemListElement":[{"@type":"ListItem","position":1,"name":"Home","item":"https:\/\/pikark.com\/"},{"@type":"ListItem","position":2,"name":"Shop","item":"https:\/\/pikark.com\/en\/shop\/"},{"@type":"ListItem","position":3,"name":"Ndri\u00e7uesi Tet a Tet Fl\u00fbte"}]},{"@type":"WebSite","@id":"https:\/\/pikark.com\/#website","url":"https:\/\/pikark.com\/","name":"Pikark","description":"Explore inspiring projects and find the right architects, brand &amp; manufacturers!","publisher":{"@id":"https:\/\/pikark.com\/#organization"},"potentialAction":[{"@type":"SearchAction","target":{"@type":"EntryPoint","urlTemplate":"https:\/\/pikark.com\/?s={search_term_string}"},"query-input":"required name=search_term_string"}],"inLanguage":"en-US"},{"@type":"Organization","@id":"https:\/\/pikark.com\/#organization","name":"Pikark","url":"https:\/\/pikark.com\/","logo":{"@type":"ImageObject","inLanguage":"en-US","@id":"https:\/\/pikark.com\/#\/schema\/logo\/image\/","url":"https:\/\/pikark.com\/wp-content\/uploads\/2020\/12\/LOGO_PIKARK-01-1.png","contentUrl":"https:\/\/pikark.com\/wp-content\/uploads\/2020\/12\/LOGO_PIKARK-01-1.png","width":2362,"height":2362,"caption":"Pikark"},"image":{"@id":"https:\/\/pikark.com\/#\/schema\/logo\/image\/"},"sameAs":["https:\/\/www.facebook.com\/pikark.al","https:\/\/www.instagram.com\/pik.ark\/"]}]}},"_links":{"self":[{"href":"https:\/\/pikark.com\/en\/wp-json\/wp\/v2\/product\/25556"}],"collection":[{"href":"https:\/\/pikark.com\/en\/wp-json\/wp\/v2\/product"}],"about":[{"href":"https:\/\/pikark.com\/en\/wp-json\/wp\/v2\/types\/product"}],"replies":[{"embeddable":true,"href":"https:\/\/pikark.com\/en\/wp-json\/wp\/v2\/comments?post=25556"}],"wp:featuredmedia":[{"embeddable":true,"href":"https:\/\/pikark.com\/en\/wp-json\/wp\/v2\/media\/25557"}],"wp:attachment":[{"href":"https:\/\/pikark.com\/en\/wp-json\/wp\/v2\/media?parent=25556"}],"wp:term":[{"taxonomy":"product_cat","embeddable":true,"href":"https:\/\/pikark.com\/en\/wp-json\/wp\/v2\/product_cat?post=25556"},{"taxonomy":"product_tag","embeddable":true,"href":"https:\/\/pikark.com\/en\/wp-json\/wp\/v2\/product_tag?post=25556"}],"curies":[{"name":"wp","href":"https:\/\/api.w.org\/{rel}","templated":true}]}}