{"id":25425,"date":"2021-08-23T10:01:06","date_gmt":"2021-08-23T10:01:06","guid":{"rendered":"http:\/\/pikark.com\/?post_type=product&#038;p=25425"},"modified":"2021-08-23T10:18:43","modified_gmt":"2021-08-23T10:18:43","slug":"ndricuesi-i-tavolines-panthela","status":"publish","type":"product","link":"https:\/\/pikark.com\/en\/product\/ndricuesi-i-tavolines-panthela\/","title":{"rendered":"The Panthela table lamp"},"content":{"rendered":"","protected":false},"excerpt":{"rendered":"<p>In 1971, <strong><a href=\"https:\/\/www.abiesse.al\/\">Panthella<\/a> <\/strong>was originally developed by Danish architect Verner Panton and has since been recognised as one of his most popular design icons. With its non-glaring light and soft geometric mushroom silhouette, <strong><a href=\"https:\/\/pikark.com\/en\/members\/abiesse\/store\/\">Panthella<\/a> <\/strong>continues to serve as a beautiful example of Panton&#8217;s brilliant sense of atmespheric illumination and timelessly appealing design that captivates spaces.<\/p>\n","protected":false},"featured_media":25426,"comment_status":"open","ping_status":"closed","template":"","meta":[],"product_cat":[648,669],"product_tag":[878,841,866,816],"yoast_head":"<!-- This site is optimized with the Yoast SEO plugin v21.7 - https:\/\/yoast.com\/wordpress\/plugins\/seo\/ -->\n<title>The Panthela table lamp - Pikark<\/title>\n<meta name=\"description\" content=\"N\u00eb 1971, Panthella u krijua fillimisht nga arkitekti danez Verner Panton dhe q\u00eb at\u00ebher\u00eb \u00ebsht\u00eb njohur si nj\u00eb nga ikonat e tij m\u00eb t\u00eb\" \/>\n<meta name=\"robots\" content=\"index, follow, max-snippet:-1, max-image-preview:large, max-video-preview:-1\" \/>\n<link rel=\"canonical\" href=\"https:\/\/pikark.com\/en\/product\/ndricuesi-i-tavolines-panthela\/\" \/>\n<meta property=\"og:locale\" content=\"en_US\" \/>\n<meta property=\"og:type\" content=\"article\" \/>\n<meta property=\"og:title\" content=\"The Panthela table lamp - Pikark\" \/>\n<meta property=\"og:description\" content=\"N\u00eb 1971, Panthella u krijua fillimisht nga arkitekti danez Verner Panton dhe q\u00eb at\u00ebher\u00eb \u00ebsht\u00eb njohur si nj\u00eb nga ikonat e tij m\u00eb t\u00eb\" \/>\n<meta property=\"og:url\" content=\"https:\/\/pikark.com\/en\/product\/ndricuesi-i-tavolines-panthela\/\" \/>\n<meta property=\"og:site_name\" content=\"Pikark\" \/>\n<meta property=\"article:publisher\" content=\"https:\/\/www.facebook.com\/pikark.al\" \/>\n<meta property=\"article:modified_time\" content=\"2021-08-23T10:18:43+00:00\" \/>\n<meta property=\"og:image\" content=\"https:\/\/pikark.com\/wp-content\/uploads\/2021\/08\/tryry.jpg\" \/>\n\t<meta property=\"og:image:width\" content=\"1280\" \/>\n\t<meta property=\"og:image:height\" content=\"912\" \/>\n\t<meta property=\"og:image:type\" content=\"image\/jpeg\" \/>\n<meta name=\"twitter:card\" content=\"summary_large_image\" \/>\n<script type=\"application\/ld+json\" class=\"yoast-schema-graph\">{\"@context\":\"https:\/\/schema.org\",\"@graph\":[{\"@type\":\"WebPage\",\"@id\":\"https:\/\/pikark.com\/en\/product\/ndricuesi-i-tavolines-panthela\/\",\"url\":\"https:\/\/pikark.com\/en\/product\/ndricuesi-i-tavolines-panthela\/\",\"name\":\"[:sq]Ndri\u00e7uesi i tavolin\u00ebs Panthela[:en]The Panthela table lamp[:] - Pikark\",\"isPartOf\":{\"@id\":\"https:\/\/pikark.com\/#website\"},\"datePublished\":\"2021-08-23T10:01:06+00:00\",\"dateModified\":\"2021-08-23T10:18:43+00:00\",\"description\":\"N\u00eb 1971, Panthella u krijua fillimisht nga arkitekti danez Verner Panton dhe q\u00eb at\u00ebher\u00eb \u00ebsht\u00eb njohur si nj\u00eb nga ikonat e tij m\u00eb t\u00eb\",\"breadcrumb\":{\"@id\":\"https:\/\/pikark.com\/en\/product\/ndricuesi-i-tavolines-panthela\/#breadcrumb\"},\"inLanguage\":\"en-US\",\"potentialAction\":[{\"@type\":\"ReadAction\",\"target\":[\"https:\/\/pikark.com\/en\/product\/ndricuesi-i-tavolines-panthela\/\"]}]},{\"@type\":\"BreadcrumbList\",\"@id\":\"https:\/\/pikark.com\/en\/product\/ndricuesi-i-tavolines-panthela\/#breadcrumb\",\"itemListElement\":[{\"@type\":\"ListItem\",\"position\":1,\"name\":\"Home\",\"item\":\"https:\/\/pikark.com\/\"},{\"@type\":\"ListItem\",\"position\":2,\"name\":\"Shop\",\"item\":\"https:\/\/pikark.com\/en\/shop\/\"},{\"@type\":\"ListItem\",\"position\":3,\"name\":\"The Panthela table lamp\"}]},{\"@type\":\"WebSite\",\"@id\":\"https:\/\/pikark.com\/#website\",\"url\":\"https:\/\/pikark.com\/\",\"name\":\"Pikark\",\"description\":\"Explore inspiring projects and find the right architects, brand &amp; manufacturers!\",\"publisher\":{\"@id\":\"https:\/\/pikark.com\/#organization\"},\"potentialAction\":[{\"@type\":\"SearchAction\",\"target\":{\"@type\":\"EntryPoint\",\"urlTemplate\":\"https:\/\/pikark.com\/?s={search_term_string}\"},\"query-input\":\"required name=search_term_string\"}],\"inLanguage\":\"en-US\"},{\"@type\":\"Organization\",\"@id\":\"https:\/\/pikark.com\/#organization\",\"name\":\"Pikark\",\"url\":\"https:\/\/pikark.com\/\",\"logo\":{\"@type\":\"ImageObject\",\"inLanguage\":\"en-US\",\"@id\":\"https:\/\/pikark.com\/#\/schema\/logo\/image\/\",\"url\":\"https:\/\/pikark.com\/wp-content\/uploads\/2020\/12\/LOGO_PIKARK-01-1.png\",\"contentUrl\":\"https:\/\/pikark.com\/wp-content\/uploads\/2020\/12\/LOGO_PIKARK-01-1.png\",\"width\":2362,\"height\":2362,\"caption\":\"Pikark\"},\"image\":{\"@id\":\"https:\/\/pikark.com\/#\/schema\/logo\/image\/\"},\"sameAs\":[\"https:\/\/www.facebook.com\/pikark.al\",\"https:\/\/www.instagram.com\/pik.ark\/\"]}]}<\/script>\n<!-- \/ Yoast SEO plugin. -->","yoast_head_json":{"title":"The Panthela table lamp - Pikark","description":"N\u00eb 1971, Panthella u krijua fillimisht nga arkitekti danez Verner Panton dhe q\u00eb at\u00ebher\u00eb \u00ebsht\u00eb njohur si nj\u00eb nga ikonat e tij m\u00eb t\u00eb","robots":{"index":"index","follow":"follow","max-snippet":"max-snippet:-1","max-image-preview":"max-image-preview:large","max-video-preview":"max-video-preview:-1"},"canonical":"https:\/\/pikark.com\/en\/product\/ndricuesi-i-tavolines-panthela\/","og_locale":"en_US","og_type":"article","og_title":"The Panthela table lamp - Pikark","og_description":"N\u00eb 1971, Panthella u krijua fillimisht nga arkitekti danez Verner Panton dhe q\u00eb at\u00ebher\u00eb \u00ebsht\u00eb njohur si nj\u00eb nga ikonat e tij m\u00eb t\u00eb","og_url":"https:\/\/pikark.com\/en\/product\/ndricuesi-i-tavolines-panthela\/","og_site_name":"Pikark","article_publisher":"https:\/\/www.facebook.com\/pikark.al","article_modified_time":"2021-08-23T10:18:43+00:00","og_image":[{"width":1280,"height":912,"url":"https:\/\/pikark.com\/wp-content\/uploads\/2021\/08\/tryry.jpg","type":"image\/jpeg"}],"twitter_card":"summary_large_image","schema":{"@context":"https:\/\/schema.org","@graph":[{"@type":"WebPage","@id":"https:\/\/pikark.com\/en\/product\/ndricuesi-i-tavolines-panthela\/","url":"https:\/\/pikark.com\/en\/product\/ndricuesi-i-tavolines-panthela\/","name":"[:sq]Ndri\u00e7uesi i tavolin\u00ebs Panthela[:en]The Panthela table lamp[:] - Pikark","isPartOf":{"@id":"https:\/\/pikark.com\/#website"},"datePublished":"2021-08-23T10:01:06+00:00","dateModified":"2021-08-23T10:18:43+00:00","description":"N\u00eb 1971, Panthella u krijua fillimisht nga arkitekti danez Verner Panton dhe q\u00eb at\u00ebher\u00eb \u00ebsht\u00eb njohur si nj\u00eb nga ikonat e tij m\u00eb t\u00eb","breadcrumb":{"@id":"https:\/\/pikark.com\/en\/product\/ndricuesi-i-tavolines-panthela\/#breadcrumb"},"inLanguage":"en-US","potentialAction":[{"@type":"ReadAction","target":["https:\/\/pikark.com\/en\/product\/ndricuesi-i-tavolines-panthela\/"]}]},{"@type":"BreadcrumbList","@id":"https:\/\/pikark.com\/en\/product\/ndricuesi-i-tavolines-panthela\/#breadcrumb","itemListElement":[{"@type":"ListItem","position":1,"name":"Home","item":"https:\/\/pikark.com\/"},{"@type":"ListItem","position":2,"name":"Shop","item":"https:\/\/pikark.com\/en\/shop\/"},{"@type":"ListItem","position":3,"name":"The Panthela table lamp"}]},{"@type":"WebSite","@id":"https:\/\/pikark.com\/#website","url":"https:\/\/pikark.com\/","name":"Pikark","description":"Explore inspiring projects and find the right architects, brand &amp; manufacturers!","publisher":{"@id":"https:\/\/pikark.com\/#organization"},"potentialAction":[{"@type":"SearchAction","target":{"@type":"EntryPoint","urlTemplate":"https:\/\/pikark.com\/?s={search_term_string}"},"query-input":"required name=search_term_string"}],"inLanguage":"en-US"},{"@type":"Organization","@id":"https:\/\/pikark.com\/#organization","name":"Pikark","url":"https:\/\/pikark.com\/","logo":{"@type":"ImageObject","inLanguage":"en-US","@id":"https:\/\/pikark.com\/#\/schema\/logo\/image\/","url":"https:\/\/pikark.com\/wp-content\/uploads\/2020\/12\/LOGO_PIKARK-01-1.png","contentUrl":"https:\/\/pikark.com\/wp-content\/uploads\/2020\/12\/LOGO_PIKARK-01-1.png","width":2362,"height":2362,"caption":"Pikark"},"image":{"@id":"https:\/\/pikark.com\/#\/schema\/logo\/image\/"},"sameAs":["https:\/\/www.facebook.com\/pikark.al","https:\/\/www.instagram.com\/pik.ark\/"]}]}},"_links":{"self":[{"href":"https:\/\/pikark.com\/en\/wp-json\/wp\/v2\/product\/25425"}],"collection":[{"href":"https:\/\/pikark.com\/en\/wp-json\/wp\/v2\/product"}],"about":[{"href":"https:\/\/pikark.com\/en\/wp-json\/wp\/v2\/types\/product"}],"replies":[{"embeddable":true,"href":"https:\/\/pikark.com\/en\/wp-json\/wp\/v2\/comments?post=25425"}],"wp:featuredmedia":[{"embeddable":true,"href":"https:\/\/pikark.com\/en\/wp-json\/wp\/v2\/media\/25426"}],"wp:attachment":[{"href":"https:\/\/pikark.com\/en\/wp-json\/wp\/v2\/media?parent=25425"}],"wp:term":[{"taxonomy":"product_cat","embeddable":true,"href":"https:\/\/pikark.com\/en\/wp-json\/wp\/v2\/product_cat?post=25425"},{"taxonomy":"product_tag","embeddable":true,"href":"https:\/\/pikark.com\/en\/wp-json\/wp\/v2\/product_tag?post=25425"}],"curies":[{"name":"wp","href":"https:\/\/api.w.org\/{rel}","templated":true}]}}