{"id":24888,"date":"2021-07-06T12:51:45","date_gmt":"2021-07-06T12:51:45","guid":{"rendered":"https:\/\/pikark.com\/?post_type=product&#038;p=24888"},"modified":"2024-11-08T14:33:21","modified_gmt":"2024-11-08T14:33:21","slug":"sistem-fasade-comfort-m3","status":"publish","type":"product","link":"https:\/\/pikark.com\/en\/product\/sistem-fasade-comfort-m3\/","title":{"rendered":"Curtain Wall System COMFORT M3"},"content":{"rendered":"<p><a href=\"https:\/\/www.alumil.com\/albania\/homeowners\">M3<\/a> is a thermal insulated system for semi-structural curtain walls with hanging frames (stick type) for faster installation<\/p>\n<p><a href=\"https:\/\/pikark.com\/?s=alumil\"> Advantages<\/a> Seamless Design Satisfactory, Energy Efficiency Increased, Comfort level Increased of security level, Enhancement of Natural Light, Guaranteed performance quality in terms of air- water permeability, wind pressure as well as the Uf, Increased static and functionality in extreme natural phenomena, Vast alternatives in custom solutions tailor made to the building, Ease of use with electric motion.<\/p>","protected":false},"excerpt":{"rendered":"<p>Sistem fasade COMFORT M3 p\u00ebr montim m\u00eb t\u00eb shpejt Curtain Wall System COMFORT M3 for higher execution speed<\/p>\n","protected":false},"featured_media":25019,"comment_status":"open","ping_status":"closed","template":"","meta":[],"product_cat":[721],"product_tag":[805,850,848],"yoast_head":"<!-- This site is optimized with the Yoast SEO plugin v21.7 - https:\/\/yoast.com\/wordpress\/plugins\/seo\/ -->\n<title>Curtain Wall System COMFORT M3 - Pikark<\/title>\n<meta name=\"description\" content=\"M3 is a thermal insulated system for semi-structural curtain walls with hanging frames (stick type) for faster installation\" \/>\n<meta name=\"robots\" content=\"index, follow, max-snippet:-1, max-image-preview:large, max-video-preview:-1\" \/>\n<link rel=\"canonical\" href=\"https:\/\/pikark.com\/product\/sistem-fasade-comfort-m3\/\" \/>\n<meta property=\"og:locale\" content=\"en_US\" \/>\n<meta property=\"og:type\" content=\"article\" \/>\n<meta property=\"og:title\" content=\"Curtain Wall System COMFORT M3 - Pikark\" \/>\n<meta property=\"og:description\" content=\"M3 is a thermal insulated system for semi-structural curtain walls with hanging frames (stick type) for faster installation\" \/>\n<meta property=\"og:url\" content=\"https:\/\/pikark.com\/product\/sistem-fasade-comfort-m3\/\" \/>\n<meta property=\"og:site_name\" content=\"Pikark\" \/>\n<meta property=\"article:publisher\" content=\"https:\/\/www.facebook.com\/pikark.al\" \/>\n<meta property=\"article:modified_time\" content=\"2024-11-08T14:33:21+00:00\" \/>\n<meta property=\"og:image\" content=\"https:\/\/pikark.com\/wp-content\/uploads\/2021\/07\/Untitled-design1-1.png\" \/>\n\t<meta property=\"og:image:width\" content=\"1080\" \/>\n\t<meta property=\"og:image:height\" content=\"1080\" \/>\n\t<meta property=\"og:image:type\" content=\"image\/png\" \/>\n<meta name=\"twitter:card\" content=\"summary_large_image\" \/>\n<meta name=\"twitter:label1\" content=\"Est. reading time\" \/>\n\t<meta name=\"twitter:data1\" content=\"1 minute\" \/>\n<script type=\"application\/ld+json\" class=\"yoast-schema-graph\">{\"@context\":\"https:\/\/schema.org\",\"@graph\":[{\"@type\":\"WebPage\",\"@id\":\"https:\/\/pikark.com\/product\/sistem-fasade-comfort-m3\/\",\"url\":\"https:\/\/pikark.com\/product\/sistem-fasade-comfort-m3\/\",\"name\":\"[:sq]Sistem fasade COMFORT M3[:en]Curtain Wall System COMFORT M3[:] - Pikark\",\"isPartOf\":{\"@id\":\"https:\/\/pikark.com\/#website\"},\"datePublished\":\"2021-07-06T12:51:45+00:00\",\"dateModified\":\"2024-11-08T14:33:21+00:00\",\"description\":\"M3 is a thermal insulated system for semi-structural curtain walls with hanging frames (stick type) for faster installation\",\"breadcrumb\":{\"@id\":\"https:\/\/pikark.com\/product\/sistem-fasade-comfort-m3\/#breadcrumb\"},\"inLanguage\":\"en-US\",\"potentialAction\":[{\"@type\":\"ReadAction\",\"target\":[\"https:\/\/pikark.com\/product\/sistem-fasade-comfort-m3\/\"]}]},{\"@type\":\"BreadcrumbList\",\"@id\":\"https:\/\/pikark.com\/product\/sistem-fasade-comfort-m3\/#breadcrumb\",\"itemListElement\":[{\"@type\":\"ListItem\",\"position\":1,\"name\":\"Home\",\"item\":\"https:\/\/pikark.com\/\"},{\"@type\":\"ListItem\",\"position\":2,\"name\":\"Shop\",\"item\":\"https:\/\/pikark.com\/en\/shop\/\"},{\"@type\":\"ListItem\",\"position\":3,\"name\":\"Sistem fasade COMFORT M3\"}]},{\"@type\":\"WebSite\",\"@id\":\"https:\/\/pikark.com\/#website\",\"url\":\"https:\/\/pikark.com\/\",\"name\":\"Pikark\",\"description\":\"Explore inspiring projects and find the right architects, brand &amp; manufacturers!\",\"publisher\":{\"@id\":\"https:\/\/pikark.com\/#organization\"},\"potentialAction\":[{\"@type\":\"SearchAction\",\"target\":{\"@type\":\"EntryPoint\",\"urlTemplate\":\"https:\/\/pikark.com\/?s={search_term_string}\"},\"query-input\":\"required name=search_term_string\"}],\"inLanguage\":\"en-US\"},{\"@type\":\"Organization\",\"@id\":\"https:\/\/pikark.com\/#organization\",\"name\":\"Pikark\",\"url\":\"https:\/\/pikark.com\/\",\"logo\":{\"@type\":\"ImageObject\",\"inLanguage\":\"en-US\",\"@id\":\"https:\/\/pikark.com\/#\/schema\/logo\/image\/\",\"url\":\"https:\/\/pikark.com\/wp-content\/uploads\/2020\/12\/LOGO_PIKARK-01-1.png\",\"contentUrl\":\"https:\/\/pikark.com\/wp-content\/uploads\/2020\/12\/LOGO_PIKARK-01-1.png\",\"width\":2362,\"height\":2362,\"caption\":\"Pikark\"},\"image\":{\"@id\":\"https:\/\/pikark.com\/#\/schema\/logo\/image\/\"},\"sameAs\":[\"https:\/\/www.facebook.com\/pikark.al\",\"https:\/\/www.instagram.com\/pik.ark\/\"]}]}<\/script>\n<!-- \/ Yoast SEO plugin. -->","yoast_head_json":{"title":"Curtain Wall System COMFORT M3 - Pikark","description":"M3 is a thermal insulated system for semi-structural curtain walls with hanging frames (stick type) for faster installation","robots":{"index":"index","follow":"follow","max-snippet":"max-snippet:-1","max-image-preview":"max-image-preview:large","max-video-preview":"max-video-preview:-1"},"canonical":"https:\/\/pikark.com\/product\/sistem-fasade-comfort-m3\/","og_locale":"en_US","og_type":"article","og_title":"Curtain Wall System COMFORT M3 - Pikark","og_description":"M3 is a thermal insulated system for semi-structural curtain walls with hanging frames (stick type) for faster installation","og_url":"https:\/\/pikark.com\/product\/sistem-fasade-comfort-m3\/","og_site_name":"Pikark","article_publisher":"https:\/\/www.facebook.com\/pikark.al","article_modified_time":"2024-11-08T14:33:21+00:00","og_image":[{"width":1080,"height":1080,"url":"https:\/\/pikark.com\/wp-content\/uploads\/2021\/07\/Untitled-design1-1.png","type":"image\/png"}],"twitter_card":"summary_large_image","twitter_misc":{"Est. reading time":"1 minute"},"schema":{"@context":"https:\/\/schema.org","@graph":[{"@type":"WebPage","@id":"https:\/\/pikark.com\/product\/sistem-fasade-comfort-m3\/","url":"https:\/\/pikark.com\/product\/sistem-fasade-comfort-m3\/","name":"[:sq]Sistem fasade COMFORT M3[:en]Curtain Wall System COMFORT M3[:] - Pikark","isPartOf":{"@id":"https:\/\/pikark.com\/#website"},"datePublished":"2021-07-06T12:51:45+00:00","dateModified":"2024-11-08T14:33:21+00:00","description":"M3 is a thermal insulated system for semi-structural curtain walls with hanging frames (stick type) for faster installation","breadcrumb":{"@id":"https:\/\/pikark.com\/product\/sistem-fasade-comfort-m3\/#breadcrumb"},"inLanguage":"en-US","potentialAction":[{"@type":"ReadAction","target":["https:\/\/pikark.com\/product\/sistem-fasade-comfort-m3\/"]}]},{"@type":"BreadcrumbList","@id":"https:\/\/pikark.com\/product\/sistem-fasade-comfort-m3\/#breadcrumb","itemListElement":[{"@type":"ListItem","position":1,"name":"Home","item":"https:\/\/pikark.com\/"},{"@type":"ListItem","position":2,"name":"Shop","item":"https:\/\/pikark.com\/en\/shop\/"},{"@type":"ListItem","position":3,"name":"Sistem fasade COMFORT M3"}]},{"@type":"WebSite","@id":"https:\/\/pikark.com\/#website","url":"https:\/\/pikark.com\/","name":"Pikark","description":"Explore inspiring projects and find the right architects, brand &amp; manufacturers!","publisher":{"@id":"https:\/\/pikark.com\/#organization"},"potentialAction":[{"@type":"SearchAction","target":{"@type":"EntryPoint","urlTemplate":"https:\/\/pikark.com\/?s={search_term_string}"},"query-input":"required name=search_term_string"}],"inLanguage":"en-US"},{"@type":"Organization","@id":"https:\/\/pikark.com\/#organization","name":"Pikark","url":"https:\/\/pikark.com\/","logo":{"@type":"ImageObject","inLanguage":"en-US","@id":"https:\/\/pikark.com\/#\/schema\/logo\/image\/","url":"https:\/\/pikark.com\/wp-content\/uploads\/2020\/12\/LOGO_PIKARK-01-1.png","contentUrl":"https:\/\/pikark.com\/wp-content\/uploads\/2020\/12\/LOGO_PIKARK-01-1.png","width":2362,"height":2362,"caption":"Pikark"},"image":{"@id":"https:\/\/pikark.com\/#\/schema\/logo\/image\/"},"sameAs":["https:\/\/www.facebook.com\/pikark.al","https:\/\/www.instagram.com\/pik.ark\/"]}]}},"_links":{"self":[{"href":"https:\/\/pikark.com\/en\/wp-json\/wp\/v2\/product\/24888"}],"collection":[{"href":"https:\/\/pikark.com\/en\/wp-json\/wp\/v2\/product"}],"about":[{"href":"https:\/\/pikark.com\/en\/wp-json\/wp\/v2\/types\/product"}],"replies":[{"embeddable":true,"href":"https:\/\/pikark.com\/en\/wp-json\/wp\/v2\/comments?post=24888"}],"wp:featuredmedia":[{"embeddable":true,"href":"https:\/\/pikark.com\/en\/wp-json\/wp\/v2\/media\/25019"}],"wp:attachment":[{"href":"https:\/\/pikark.com\/en\/wp-json\/wp\/v2\/media?parent=24888"}],"wp:term":[{"taxonomy":"product_cat","embeddable":true,"href":"https:\/\/pikark.com\/en\/wp-json\/wp\/v2\/product_cat?post=24888"},{"taxonomy":"product_tag","embeddable":true,"href":"https:\/\/pikark.com\/en\/wp-json\/wp\/v2\/product_tag?post=24888"}],"curies":[{"name":"wp","href":"https:\/\/api.w.org\/{rel}","templated":true}]}}