{"id":24816,"date":"2021-07-01T09:41:02","date_gmt":"2021-07-01T09:41:02","guid":{"rendered":"http:\/\/pikark.com\/?post_type=product&#038;p=24816"},"modified":"2026-02-06T18:55:23","modified_gmt":"2026-02-06T18:55:23","slug":"poltroni-ambit","status":"publish","type":"product","link":"https:\/\/pikark.com\/en\/product\/poltroni-ambit\/","title":{"rendered":"Ambit Armchair"},"content":{"rendered":"","protected":false},"excerpt":{"rendered":"<p>Engineered to meet different design needs, <a href=\"https:\/\/almex.al\/\">Ambit<\/a> is a new customizable seating system, thanks to the presence of multiple modules available in different heights and sizes. Ideal for decorating collective spaces, waiting and welcoming places.<\/p>\n<p><a href=\"https:\/\/pikark.com\/?s=almex\">Ambit<\/a> is an open, eclectic and sensorial system of chairs. The system was conceived for different collective contexts with multiple possibilities in terms of combinations \u2013 be it lengthwise of upwards &#8211; for either the centre of a room or along a wall. The proportions, as well as the chromatic and tactile relations between the fabrics of its parts characterise it and give it an identity, marked by lightness and serenity.<\/p>\n","protected":false},"featured_media":24817,"comment_status":"open","ping_status":"closed","template":"","meta":[],"product_cat":[656,641],"product_tag":[822,658,657,832,868,844,867,848],"yoast_head":"<!-- This site is optimized with the Yoast SEO plugin v21.7 - https:\/\/yoast.com\/wordpress\/plugins\/seo\/ -->\n<title>Ambit Armchair - Pikark<\/title>\n<meta name=\"description\" content=\"Prodhuar p\u00ebr t\u00eb p\u00ebrmbushur nevoja t\u00eb ndryshme t\u00eb dizajnit, Ambit \u00ebsht\u00eb nj\u00eb sistem i ri i ul\u00ebseve t\u00eb personalizuesh\u00ebm, n\u00eb saj\u00eb t\u00eb p\u00ebrb\u00ebrjes\" \/>\n<meta name=\"robots\" content=\"index, follow, max-snippet:-1, max-image-preview:large, max-video-preview:-1\" \/>\n<link rel=\"canonical\" href=\"https:\/\/pikark.com\/product\/poltroni-ambit\/\" \/>\n<meta property=\"og:locale\" content=\"en_US\" \/>\n<meta property=\"og:type\" content=\"article\" \/>\n<meta property=\"og:title\" content=\"Ambit Armchair - Pikark\" \/>\n<meta property=\"og:description\" content=\"Prodhuar p\u00ebr t\u00eb p\u00ebrmbushur nevoja t\u00eb ndryshme t\u00eb dizajnit, Ambit \u00ebsht\u00eb nj\u00eb sistem i ri i ul\u00ebseve t\u00eb personalizuesh\u00ebm, n\u00eb saj\u00eb t\u00eb p\u00ebrb\u00ebrjes\" \/>\n<meta property=\"og:url\" content=\"https:\/\/pikark.com\/product\/poltroni-ambit\/\" \/>\n<meta property=\"og:site_name\" content=\"Pikark\" \/>\n<meta property=\"article:publisher\" content=\"https:\/\/www.facebook.com\/pikark.al\" \/>\n<meta property=\"article:modified_time\" content=\"2026-02-06T18:55:23+00:00\" \/>\n<meta property=\"og:image\" content=\"https:\/\/pikark.com\/wp-content\/uploads\/2021\/07\/39df7178511bcac79496867f9074bac7.png\" \/>\n\t<meta property=\"og:image:width\" content=\"1203\" \/>\n\t<meta property=\"og:image:height\" content=\"645\" \/>\n\t<meta property=\"og:image:type\" content=\"image\/png\" \/>\n<meta name=\"twitter:card\" content=\"summary_large_image\" \/>\n<script type=\"application\/ld+json\" class=\"yoast-schema-graph\">{\"@context\":\"https:\/\/schema.org\",\"@graph\":[{\"@type\":\"WebPage\",\"@id\":\"https:\/\/pikark.com\/product\/poltroni-ambit\/\",\"url\":\"https:\/\/pikark.com\/product\/poltroni-ambit\/\",\"name\":\"[:sq]Poltroni Ambit[:en]Ambit Armchair[:] - Pikark\",\"isPartOf\":{\"@id\":\"https:\/\/pikark.com\/#website\"},\"datePublished\":\"2021-07-01T09:41:02+00:00\",\"dateModified\":\"2026-02-06T18:55:23+00:00\",\"description\":\"Prodhuar p\u00ebr t\u00eb p\u00ebrmbushur nevoja t\u00eb ndryshme t\u00eb dizajnit, Ambit \u00ebsht\u00eb nj\u00eb sistem i ri i ul\u00ebseve t\u00eb personalizuesh\u00ebm, n\u00eb saj\u00eb t\u00eb p\u00ebrb\u00ebrjes\",\"breadcrumb\":{\"@id\":\"https:\/\/pikark.com\/product\/poltroni-ambit\/#breadcrumb\"},\"inLanguage\":\"en-US\",\"potentialAction\":[{\"@type\":\"ReadAction\",\"target\":[\"https:\/\/pikark.com\/product\/poltroni-ambit\/\"]}]},{\"@type\":\"BreadcrumbList\",\"@id\":\"https:\/\/pikark.com\/product\/poltroni-ambit\/#breadcrumb\",\"itemListElement\":[{\"@type\":\"ListItem\",\"position\":1,\"name\":\"Home\",\"item\":\"https:\/\/pikark.com\/\"},{\"@type\":\"ListItem\",\"position\":2,\"name\":\"Shop\",\"item\":\"https:\/\/pikark.com\/en\/shop\/\"},{\"@type\":\"ListItem\",\"position\":3,\"name\":\"Poltroni Ambit\"}]},{\"@type\":\"WebSite\",\"@id\":\"https:\/\/pikark.com\/#website\",\"url\":\"https:\/\/pikark.com\/\",\"name\":\"Pikark\",\"description\":\"Explore inspiring projects and find the right architects, brand &amp; manufacturers!\",\"publisher\":{\"@id\":\"https:\/\/pikark.com\/#organization\"},\"potentialAction\":[{\"@type\":\"SearchAction\",\"target\":{\"@type\":\"EntryPoint\",\"urlTemplate\":\"https:\/\/pikark.com\/?s={search_term_string}\"},\"query-input\":\"required name=search_term_string\"}],\"inLanguage\":\"en-US\"},{\"@type\":\"Organization\",\"@id\":\"https:\/\/pikark.com\/#organization\",\"name\":\"Pikark\",\"url\":\"https:\/\/pikark.com\/\",\"logo\":{\"@type\":\"ImageObject\",\"inLanguage\":\"en-US\",\"@id\":\"https:\/\/pikark.com\/#\/schema\/logo\/image\/\",\"url\":\"https:\/\/pikark.com\/wp-content\/uploads\/2020\/12\/LOGO_PIKARK-01-1.png\",\"contentUrl\":\"https:\/\/pikark.com\/wp-content\/uploads\/2020\/12\/LOGO_PIKARK-01-1.png\",\"width\":2362,\"height\":2362,\"caption\":\"Pikark\"},\"image\":{\"@id\":\"https:\/\/pikark.com\/#\/schema\/logo\/image\/\"},\"sameAs\":[\"https:\/\/www.facebook.com\/pikark.al\",\"https:\/\/www.instagram.com\/pik.ark\/\"]}]}<\/script>\n<!-- \/ Yoast SEO plugin. -->","yoast_head_json":{"title":"Ambit Armchair - Pikark","description":"Prodhuar p\u00ebr t\u00eb p\u00ebrmbushur nevoja t\u00eb ndryshme t\u00eb dizajnit, Ambit \u00ebsht\u00eb nj\u00eb sistem i ri i ul\u00ebseve t\u00eb personalizuesh\u00ebm, n\u00eb saj\u00eb t\u00eb p\u00ebrb\u00ebrjes","robots":{"index":"index","follow":"follow","max-snippet":"max-snippet:-1","max-image-preview":"max-image-preview:large","max-video-preview":"max-video-preview:-1"},"canonical":"https:\/\/pikark.com\/product\/poltroni-ambit\/","og_locale":"en_US","og_type":"article","og_title":"Ambit Armchair - Pikark","og_description":"Prodhuar p\u00ebr t\u00eb p\u00ebrmbushur nevoja t\u00eb ndryshme t\u00eb dizajnit, Ambit \u00ebsht\u00eb nj\u00eb sistem i ri i ul\u00ebseve t\u00eb personalizuesh\u00ebm, n\u00eb saj\u00eb t\u00eb p\u00ebrb\u00ebrjes","og_url":"https:\/\/pikark.com\/product\/poltroni-ambit\/","og_site_name":"Pikark","article_publisher":"https:\/\/www.facebook.com\/pikark.al","article_modified_time":"2026-02-06T18:55:23+00:00","og_image":[{"width":1203,"height":645,"url":"https:\/\/pikark.com\/wp-content\/uploads\/2021\/07\/39df7178511bcac79496867f9074bac7.png","type":"image\/png"}],"twitter_card":"summary_large_image","schema":{"@context":"https:\/\/schema.org","@graph":[{"@type":"WebPage","@id":"https:\/\/pikark.com\/product\/poltroni-ambit\/","url":"https:\/\/pikark.com\/product\/poltroni-ambit\/","name":"[:sq]Poltroni Ambit[:en]Ambit Armchair[:] - Pikark","isPartOf":{"@id":"https:\/\/pikark.com\/#website"},"datePublished":"2021-07-01T09:41:02+00:00","dateModified":"2026-02-06T18:55:23+00:00","description":"Prodhuar p\u00ebr t\u00eb p\u00ebrmbushur nevoja t\u00eb ndryshme t\u00eb dizajnit, Ambit \u00ebsht\u00eb nj\u00eb sistem i ri i ul\u00ebseve t\u00eb personalizuesh\u00ebm, n\u00eb saj\u00eb t\u00eb p\u00ebrb\u00ebrjes","breadcrumb":{"@id":"https:\/\/pikark.com\/product\/poltroni-ambit\/#breadcrumb"},"inLanguage":"en-US","potentialAction":[{"@type":"ReadAction","target":["https:\/\/pikark.com\/product\/poltroni-ambit\/"]}]},{"@type":"BreadcrumbList","@id":"https:\/\/pikark.com\/product\/poltroni-ambit\/#breadcrumb","itemListElement":[{"@type":"ListItem","position":1,"name":"Home","item":"https:\/\/pikark.com\/"},{"@type":"ListItem","position":2,"name":"Shop","item":"https:\/\/pikark.com\/en\/shop\/"},{"@type":"ListItem","position":3,"name":"Poltroni Ambit"}]},{"@type":"WebSite","@id":"https:\/\/pikark.com\/#website","url":"https:\/\/pikark.com\/","name":"Pikark","description":"Explore inspiring projects and find the right architects, brand &amp; manufacturers!","publisher":{"@id":"https:\/\/pikark.com\/#organization"},"potentialAction":[{"@type":"SearchAction","target":{"@type":"EntryPoint","urlTemplate":"https:\/\/pikark.com\/?s={search_term_string}"},"query-input":"required name=search_term_string"}],"inLanguage":"en-US"},{"@type":"Organization","@id":"https:\/\/pikark.com\/#organization","name":"Pikark","url":"https:\/\/pikark.com\/","logo":{"@type":"ImageObject","inLanguage":"en-US","@id":"https:\/\/pikark.com\/#\/schema\/logo\/image\/","url":"https:\/\/pikark.com\/wp-content\/uploads\/2020\/12\/LOGO_PIKARK-01-1.png","contentUrl":"https:\/\/pikark.com\/wp-content\/uploads\/2020\/12\/LOGO_PIKARK-01-1.png","width":2362,"height":2362,"caption":"Pikark"},"image":{"@id":"https:\/\/pikark.com\/#\/schema\/logo\/image\/"},"sameAs":["https:\/\/www.facebook.com\/pikark.al","https:\/\/www.instagram.com\/pik.ark\/"]}]}},"_links":{"self":[{"href":"https:\/\/pikark.com\/en\/wp-json\/wp\/v2\/product\/24816"}],"collection":[{"href":"https:\/\/pikark.com\/en\/wp-json\/wp\/v2\/product"}],"about":[{"href":"https:\/\/pikark.com\/en\/wp-json\/wp\/v2\/types\/product"}],"replies":[{"embeddable":true,"href":"https:\/\/pikark.com\/en\/wp-json\/wp\/v2\/comments?post=24816"}],"wp:featuredmedia":[{"embeddable":true,"href":"https:\/\/pikark.com\/en\/wp-json\/wp\/v2\/media\/24817"}],"wp:attachment":[{"href":"https:\/\/pikark.com\/en\/wp-json\/wp\/v2\/media?parent=24816"}],"wp:term":[{"taxonomy":"product_cat","embeddable":true,"href":"https:\/\/pikark.com\/en\/wp-json\/wp\/v2\/product_cat?post=24816"},{"taxonomy":"product_tag","embeddable":true,"href":"https:\/\/pikark.com\/en\/wp-json\/wp\/v2\/product_tag?post=24816"}],"curies":[{"name":"wp","href":"https:\/\/api.w.org\/{rel}","templated":true}]}}