{"id":24692,"date":"2021-06-23T10:46:26","date_gmt":"2021-06-23T10:46:26","guid":{"rendered":"https:\/\/pikark.com\/en\/?post_type=product&#038;p=24692"},"modified":"2021-06-24T11:55:11","modified_gmt":"2021-06-24T11:55:11","slug":"veshje-muri-barkodi-smartia-m7000","status":"publish","type":"product","link":"https:\/\/pikark.com\/en\/product\/veshje-muri-barkodi-smartia-m7000\/","title":{"rendered":"SMARTIA M7000 Barcode Cladding"},"content":{"rendered":"<p><a href=\"https:\/\/pikark.com\/en\/?s=alumil\">SMARTIA M7000<\/a> Barcode Cladding is the ideal series for modern wall-cladding constructions, applied both at exterior and interior and upgrading overall aesthetics and energy levels. Undoubtedly, this is an astonishingly useful tool for architects to design impressive constructions and cover, in a unique style, large surfaces of commercial &amp; office buildings, modern residences, etc. Advantages Modern, differentiating aesthetics, which lead the architectural trends. Unlimited customization, thanks to profiles\u2019 range, color choices and the combinations with LED lighting, perforation and synthetic wood (<a href=\"https:\/\/www.alumil.com\/albania\/homeowners\">Woodalux<\/a>\u00ae). Top sturdiness and capability to cover whole buildings. Allows and protects the insulative materials. Corrosion resistance, thanks to the durability of aluminium and its surface treatment. Allows complex technical applications, i.e., cladding with curtain walls, windows, entrance doors.<\/p>","protected":false},"excerpt":{"rendered":"<p>Veshje Muri Barkodi SMARTIA M7000<\/p>\n","protected":false},"featured_media":24688,"comment_status":"open","ping_status":"closed","template":"","meta":[],"product_cat":[705,721],"product_tag":[805,863,823],"yoast_head":"<!-- This site is optimized with the Yoast SEO plugin v21.7 - https:\/\/yoast.com\/wordpress\/plugins\/seo\/ -->\n<title>SMARTIA M7000 Barcode Cladding - Pikark<\/title>\n<meta name=\"description\" content=\"Veshja e Murit Barkod SMARTIA M7000 \u00ebsht\u00eb seria ideale p\u00ebr nd\u00ebrtime moderne, veshjen e murit, e aplikuar si brenda dhe jasht\u00eb\" \/>\n<meta name=\"robots\" content=\"index, follow, max-snippet:-1, max-image-preview:large, max-video-preview:-1\" \/>\n<link rel=\"canonical\" href=\"https:\/\/pikark.com\/en\/product\/veshje-muri-barkodi-smartia-m7000\/\" \/>\n<meta property=\"og:locale\" content=\"en_US\" \/>\n<meta property=\"og:type\" content=\"article\" \/>\n<meta property=\"og:title\" content=\"SMARTIA M7000 Barcode Cladding - Pikark\" \/>\n<meta property=\"og:description\" content=\"Veshja e Murit Barkod SMARTIA M7000 \u00ebsht\u00eb seria ideale p\u00ebr nd\u00ebrtime moderne, veshjen e murit, e aplikuar si brenda dhe jasht\u00eb\" \/>\n<meta property=\"og:url\" content=\"https:\/\/pikark.com\/en\/product\/veshje-muri-barkodi-smartia-m7000\/\" \/>\n<meta property=\"og:site_name\" content=\"Pikark\" \/>\n<meta property=\"article:publisher\" content=\"https:\/\/www.facebook.com\/pikark.al\" \/>\n<meta property=\"article:modified_time\" content=\"2021-06-24T11:55:11+00:00\" \/>\n<meta property=\"og:image\" content=\"https:\/\/pikark.com\/wp-content\/uploads\/2021\/06\/clading-m7000.jpg\" \/>\n\t<meta property=\"og:image:width\" content=\"620\" \/>\n\t<meta property=\"og:image:height\" content=\"380\" \/>\n\t<meta property=\"og:image:type\" content=\"image\/jpeg\" \/>\n<meta name=\"twitter:card\" content=\"summary_large_image\" \/>\n<meta name=\"twitter:label1\" content=\"Est. reading time\" \/>\n\t<meta name=\"twitter:data1\" content=\"1 minute\" \/>\n<script type=\"application\/ld+json\" class=\"yoast-schema-graph\">{\"@context\":\"https:\/\/schema.org\",\"@graph\":[{\"@type\":\"WebPage\",\"@id\":\"https:\/\/pikark.com\/en\/product\/veshje-muri-barkodi-smartia-m7000\/\",\"url\":\"https:\/\/pikark.com\/en\/product\/veshje-muri-barkodi-smartia-m7000\/\",\"name\":\"[:sq]Veshje Muri Barkodi SMARTIA M7000[:en]SMARTIA M7000 Barcode Cladding[:] - Pikark\",\"isPartOf\":{\"@id\":\"https:\/\/pikark.com\/#website\"},\"datePublished\":\"2021-06-23T10:46:26+00:00\",\"dateModified\":\"2021-06-24T11:55:11+00:00\",\"description\":\"Veshja e Murit Barkod SMARTIA M7000 \u00ebsht\u00eb seria ideale p\u00ebr nd\u00ebrtime moderne, veshjen e murit, e aplikuar si brenda dhe jasht\u00eb\",\"breadcrumb\":{\"@id\":\"https:\/\/pikark.com\/en\/product\/veshje-muri-barkodi-smartia-m7000\/#breadcrumb\"},\"inLanguage\":\"en-US\",\"potentialAction\":[{\"@type\":\"ReadAction\",\"target\":[\"https:\/\/pikark.com\/en\/product\/veshje-muri-barkodi-smartia-m7000\/\"]}]},{\"@type\":\"BreadcrumbList\",\"@id\":\"https:\/\/pikark.com\/en\/product\/veshje-muri-barkodi-smartia-m7000\/#breadcrumb\",\"itemListElement\":[{\"@type\":\"ListItem\",\"position\":1,\"name\":\"Home\",\"item\":\"https:\/\/pikark.com\/\"},{\"@type\":\"ListItem\",\"position\":2,\"name\":\"Shop\",\"item\":\"https:\/\/pikark.com\/en\/shop\/\"},{\"@type\":\"ListItem\",\"position\":3,\"name\":\"SMARTIA M7000 Barcode Cladding\"}]},{\"@type\":\"WebSite\",\"@id\":\"https:\/\/pikark.com\/#website\",\"url\":\"https:\/\/pikark.com\/\",\"name\":\"Pikark\",\"description\":\"Explore inspiring projects and find the right architects, brand &amp; manufacturers!\",\"publisher\":{\"@id\":\"https:\/\/pikark.com\/#organization\"},\"potentialAction\":[{\"@type\":\"SearchAction\",\"target\":{\"@type\":\"EntryPoint\",\"urlTemplate\":\"https:\/\/pikark.com\/?s={search_term_string}\"},\"query-input\":\"required name=search_term_string\"}],\"inLanguage\":\"en-US\"},{\"@type\":\"Organization\",\"@id\":\"https:\/\/pikark.com\/#organization\",\"name\":\"Pikark\",\"url\":\"https:\/\/pikark.com\/\",\"logo\":{\"@type\":\"ImageObject\",\"inLanguage\":\"en-US\",\"@id\":\"https:\/\/pikark.com\/#\/schema\/logo\/image\/\",\"url\":\"https:\/\/pikark.com\/wp-content\/uploads\/2020\/12\/LOGO_PIKARK-01-1.png\",\"contentUrl\":\"https:\/\/pikark.com\/wp-content\/uploads\/2020\/12\/LOGO_PIKARK-01-1.png\",\"width\":2362,\"height\":2362,\"caption\":\"Pikark\"},\"image\":{\"@id\":\"https:\/\/pikark.com\/#\/schema\/logo\/image\/\"},\"sameAs\":[\"https:\/\/www.facebook.com\/pikark.al\",\"https:\/\/www.instagram.com\/pik.ark\/\"]}]}<\/script>\n<!-- \/ Yoast SEO plugin. -->","yoast_head_json":{"title":"SMARTIA M7000 Barcode Cladding - Pikark","description":"Veshja e Murit Barkod SMARTIA M7000 \u00ebsht\u00eb seria ideale p\u00ebr nd\u00ebrtime moderne, veshjen e murit, e aplikuar si brenda dhe jasht\u00eb","robots":{"index":"index","follow":"follow","max-snippet":"max-snippet:-1","max-image-preview":"max-image-preview:large","max-video-preview":"max-video-preview:-1"},"canonical":"https:\/\/pikark.com\/en\/product\/veshje-muri-barkodi-smartia-m7000\/","og_locale":"en_US","og_type":"article","og_title":"SMARTIA M7000 Barcode Cladding - Pikark","og_description":"Veshja e Murit Barkod SMARTIA M7000 \u00ebsht\u00eb seria ideale p\u00ebr nd\u00ebrtime moderne, veshjen e murit, e aplikuar si brenda dhe jasht\u00eb","og_url":"https:\/\/pikark.com\/en\/product\/veshje-muri-barkodi-smartia-m7000\/","og_site_name":"Pikark","article_publisher":"https:\/\/www.facebook.com\/pikark.al","article_modified_time":"2021-06-24T11:55:11+00:00","og_image":[{"width":620,"height":380,"url":"https:\/\/pikark.com\/wp-content\/uploads\/2021\/06\/clading-m7000.jpg","type":"image\/jpeg"}],"twitter_card":"summary_large_image","twitter_misc":{"Est. reading time":"1 minute"},"schema":{"@context":"https:\/\/schema.org","@graph":[{"@type":"WebPage","@id":"https:\/\/pikark.com\/en\/product\/veshje-muri-barkodi-smartia-m7000\/","url":"https:\/\/pikark.com\/en\/product\/veshje-muri-barkodi-smartia-m7000\/","name":"[:sq]Veshje Muri Barkodi SMARTIA M7000[:en]SMARTIA M7000 Barcode Cladding[:] - Pikark","isPartOf":{"@id":"https:\/\/pikark.com\/#website"},"datePublished":"2021-06-23T10:46:26+00:00","dateModified":"2021-06-24T11:55:11+00:00","description":"Veshja e Murit Barkod SMARTIA M7000 \u00ebsht\u00eb seria ideale p\u00ebr nd\u00ebrtime moderne, veshjen e murit, e aplikuar si brenda dhe jasht\u00eb","breadcrumb":{"@id":"https:\/\/pikark.com\/en\/product\/veshje-muri-barkodi-smartia-m7000\/#breadcrumb"},"inLanguage":"en-US","potentialAction":[{"@type":"ReadAction","target":["https:\/\/pikark.com\/en\/product\/veshje-muri-barkodi-smartia-m7000\/"]}]},{"@type":"BreadcrumbList","@id":"https:\/\/pikark.com\/en\/product\/veshje-muri-barkodi-smartia-m7000\/#breadcrumb","itemListElement":[{"@type":"ListItem","position":1,"name":"Home","item":"https:\/\/pikark.com\/"},{"@type":"ListItem","position":2,"name":"Shop","item":"https:\/\/pikark.com\/en\/shop\/"},{"@type":"ListItem","position":3,"name":"SMARTIA M7000 Barcode Cladding"}]},{"@type":"WebSite","@id":"https:\/\/pikark.com\/#website","url":"https:\/\/pikark.com\/","name":"Pikark","description":"Explore inspiring projects and find the right architects, brand &amp; manufacturers!","publisher":{"@id":"https:\/\/pikark.com\/#organization"},"potentialAction":[{"@type":"SearchAction","target":{"@type":"EntryPoint","urlTemplate":"https:\/\/pikark.com\/?s={search_term_string}"},"query-input":"required name=search_term_string"}],"inLanguage":"en-US"},{"@type":"Organization","@id":"https:\/\/pikark.com\/#organization","name":"Pikark","url":"https:\/\/pikark.com\/","logo":{"@type":"ImageObject","inLanguage":"en-US","@id":"https:\/\/pikark.com\/#\/schema\/logo\/image\/","url":"https:\/\/pikark.com\/wp-content\/uploads\/2020\/12\/LOGO_PIKARK-01-1.png","contentUrl":"https:\/\/pikark.com\/wp-content\/uploads\/2020\/12\/LOGO_PIKARK-01-1.png","width":2362,"height":2362,"caption":"Pikark"},"image":{"@id":"https:\/\/pikark.com\/#\/schema\/logo\/image\/"},"sameAs":["https:\/\/www.facebook.com\/pikark.al","https:\/\/www.instagram.com\/pik.ark\/"]}]}},"_links":{"self":[{"href":"https:\/\/pikark.com\/en\/wp-json\/wp\/v2\/product\/24692"}],"collection":[{"href":"https:\/\/pikark.com\/en\/wp-json\/wp\/v2\/product"}],"about":[{"href":"https:\/\/pikark.com\/en\/wp-json\/wp\/v2\/types\/product"}],"replies":[{"embeddable":true,"href":"https:\/\/pikark.com\/en\/wp-json\/wp\/v2\/comments?post=24692"}],"wp:featuredmedia":[{"embeddable":true,"href":"https:\/\/pikark.com\/en\/wp-json\/wp\/v2\/media\/24688"}],"wp:attachment":[{"href":"https:\/\/pikark.com\/en\/wp-json\/wp\/v2\/media?parent=24692"}],"wp:term":[{"taxonomy":"product_cat","embeddable":true,"href":"https:\/\/pikark.com\/en\/wp-json\/wp\/v2\/product_cat?post=24692"},{"taxonomy":"product_tag","embeddable":true,"href":"https:\/\/pikark.com\/en\/wp-json\/wp\/v2\/product_tag?post=24692"}],"curies":[{"name":"wp","href":"https:\/\/api.w.org\/{rel}","templated":true}]}}