{"id":24583,"date":"2021-06-16T08:58:02","date_gmt":"2021-06-16T08:58:02","guid":{"rendered":"https:\/\/pikark.com\/en\/?post_type=product&#038;p=24583"},"modified":"2021-06-18T08:51:12","modified_gmt":"2021-06-18T08:51:12","slug":"sistemi-me-rreshqitje-smartia-m630-phos","status":"publish","type":"product","link":"https:\/\/pikark.com\/en\/product\/sistemi-me-rreshqitje-smartia-m630-phos\/","title":{"rendered":"Minimal Sliding insulated system SMARTIA M630 PHOS"},"content":{"rendered":"<p>The sliding system <a href=\"https:\/\/pikark.com\/?s=alumil\">SMARTIA M630 PHOS<\/a> offers a minimal touch in contemporary residences combining minimal design with high thermal performance. Following the \u201cless is more\u201d philosophy, all <a href=\"https:\/\/www.alumil.com\/albania\/homeowners\/products?gclid=CjwKCAjwiLGGBhAqEiwAgq3q_tEsJrA7orkbIPcmQqiT9Vhk_EpM8WvyWTJZRd2FBcotx6u9syDP1BoC7bAQAvD_BwE\">aluminium profiles<\/a> can be hidden into the wall providing a total sense of comfort with top functionality and enhanced safety. Advantages Enhanced natural light thanks to the system&#8217;s minimal design and the wide glazing surfaces High energy saving thanks to the exceptional thermal performance Exceptional sound insulation Ease of access ideal for children, the elders and people with special needs Wide variety of typologies Special hotels solutions Maximum ease of use and high functionality Exceptional quality with certified performance.<\/p>\n<p>&nbsp;<\/p>","protected":false},"excerpt":{"rendered":"<p>Minimal Sliding insulated system SMARTIA M630 PHOS<\/p>\n","protected":false},"featured_media":24579,"comment_status":"open","ping_status":"closed","template":"","meta":[],"product_cat":[715],"product_tag":[805,807,808],"yoast_head":"<!-- This site is optimized with the Yoast SEO plugin v21.7 - https:\/\/yoast.com\/wordpress\/plugins\/seo\/ -->\n<title>Minimal Sliding insulated system SMARTIA M630 PHOS - Pikark<\/title>\n<meta name=\"description\" content=\"Sistemi me rr\u00ebshqitje SMARTIA M630 PHOS ofron nj\u00eb kontakt minimal n\u00eb rezidencat bashk\u00ebkohore duke kombinuar dizajnin minimal me performance\" \/>\n<meta name=\"robots\" content=\"index, follow, max-snippet:-1, max-image-preview:large, max-video-preview:-1\" \/>\n<link rel=\"canonical\" href=\"https:\/\/pikark.com\/en\/product\/sistemi-me-rreshqitje-smartia-m630-phos\/\" \/>\n<meta property=\"og:locale\" content=\"en_US\" \/>\n<meta property=\"og:type\" content=\"article\" \/>\n<meta property=\"og:title\" content=\"Minimal Sliding insulated system SMARTIA M630 PHOS - Pikark\" \/>\n<meta property=\"og:description\" content=\"Sistemi me rr\u00ebshqitje SMARTIA M630 PHOS ofron nj\u00eb kontakt minimal n\u00eb rezidencat bashk\u00ebkohore duke kombinuar dizajnin minimal me performance\" \/>\n<meta property=\"og:url\" content=\"https:\/\/pikark.com\/en\/product\/sistemi-me-rreshqitje-smartia-m630-phos\/\" \/>\n<meta property=\"og:site_name\" content=\"Pikark\" \/>\n<meta property=\"article:publisher\" content=\"https:\/\/www.facebook.com\/pikark.al\" \/>\n<meta property=\"article:modified_time\" content=\"2021-06-18T08:51:12+00:00\" \/>\n<meta property=\"og:image\" content=\"https:\/\/pikark.com\/wp-content\/uploads\/2021\/06\/4-min.png\" \/>\n\t<meta property=\"og:image:width\" content=\"620\" \/>\n\t<meta property=\"og:image:height\" content=\"380\" \/>\n\t<meta property=\"og:image:type\" content=\"image\/png\" \/>\n<meta name=\"twitter:card\" content=\"summary_large_image\" \/>\n<meta name=\"twitter:label1\" content=\"Est. reading time\" \/>\n\t<meta name=\"twitter:data1\" content=\"1 minute\" \/>\n<script type=\"application\/ld+json\" class=\"yoast-schema-graph\">{\"@context\":\"https:\/\/schema.org\",\"@graph\":[{\"@type\":\"WebPage\",\"@id\":\"https:\/\/pikark.com\/en\/product\/sistemi-me-rreshqitje-smartia-m630-phos\/\",\"url\":\"https:\/\/pikark.com\/en\/product\/sistemi-me-rreshqitje-smartia-m630-phos\/\",\"name\":\"[:sq]Sistemi me rr\u00ebshqitje SMARTIA M630 PHOS[:en]Minimal Sliding insulated system SMARTIA M630 PHOS[:] - Pikark\",\"isPartOf\":{\"@id\":\"https:\/\/pikark.com\/#website\"},\"datePublished\":\"2021-06-16T08:58:02+00:00\",\"dateModified\":\"2021-06-18T08:51:12+00:00\",\"description\":\"Sistemi me rr\u00ebshqitje SMARTIA M630 PHOS ofron nj\u00eb kontakt minimal n\u00eb rezidencat bashk\u00ebkohore duke kombinuar dizajnin minimal me performance\",\"breadcrumb\":{\"@id\":\"https:\/\/pikark.com\/en\/product\/sistemi-me-rreshqitje-smartia-m630-phos\/#breadcrumb\"},\"inLanguage\":\"en-US\",\"potentialAction\":[{\"@type\":\"ReadAction\",\"target\":[\"https:\/\/pikark.com\/en\/product\/sistemi-me-rreshqitje-smartia-m630-phos\/\"]}]},{\"@type\":\"BreadcrumbList\",\"@id\":\"https:\/\/pikark.com\/en\/product\/sistemi-me-rreshqitje-smartia-m630-phos\/#breadcrumb\",\"itemListElement\":[{\"@type\":\"ListItem\",\"position\":1,\"name\":\"Home\",\"item\":\"https:\/\/pikark.com\/\"},{\"@type\":\"ListItem\",\"position\":2,\"name\":\"Shop\",\"item\":\"https:\/\/pikark.com\/en\/shop\/\"},{\"@type\":\"ListItem\",\"position\":3,\"name\":\"Minimal Sliding insulated system SMARTIA M630 PHOS\"}]},{\"@type\":\"WebSite\",\"@id\":\"https:\/\/pikark.com\/#website\",\"url\":\"https:\/\/pikark.com\/\",\"name\":\"Pikark\",\"description\":\"Explore inspiring projects and find the right architects, brand &amp; manufacturers!\",\"publisher\":{\"@id\":\"https:\/\/pikark.com\/#organization\"},\"potentialAction\":[{\"@type\":\"SearchAction\",\"target\":{\"@type\":\"EntryPoint\",\"urlTemplate\":\"https:\/\/pikark.com\/?s={search_term_string}\"},\"query-input\":\"required name=search_term_string\"}],\"inLanguage\":\"en-US\"},{\"@type\":\"Organization\",\"@id\":\"https:\/\/pikark.com\/#organization\",\"name\":\"Pikark\",\"url\":\"https:\/\/pikark.com\/\",\"logo\":{\"@type\":\"ImageObject\",\"inLanguage\":\"en-US\",\"@id\":\"https:\/\/pikark.com\/#\/schema\/logo\/image\/\",\"url\":\"https:\/\/pikark.com\/wp-content\/uploads\/2020\/12\/LOGO_PIKARK-01-1.png\",\"contentUrl\":\"https:\/\/pikark.com\/wp-content\/uploads\/2020\/12\/LOGO_PIKARK-01-1.png\",\"width\":2362,\"height\":2362,\"caption\":\"Pikark\"},\"image\":{\"@id\":\"https:\/\/pikark.com\/#\/schema\/logo\/image\/\"},\"sameAs\":[\"https:\/\/www.facebook.com\/pikark.al\",\"https:\/\/www.instagram.com\/pik.ark\/\"]}]}<\/script>\n<!-- \/ Yoast SEO plugin. -->","yoast_head_json":{"title":"Minimal Sliding insulated system SMARTIA M630 PHOS - Pikark","description":"Sistemi me rr\u00ebshqitje SMARTIA M630 PHOS ofron nj\u00eb kontakt minimal n\u00eb rezidencat bashk\u00ebkohore duke kombinuar dizajnin minimal me performance","robots":{"index":"index","follow":"follow","max-snippet":"max-snippet:-1","max-image-preview":"max-image-preview:large","max-video-preview":"max-video-preview:-1"},"canonical":"https:\/\/pikark.com\/en\/product\/sistemi-me-rreshqitje-smartia-m630-phos\/","og_locale":"en_US","og_type":"article","og_title":"Minimal Sliding insulated system SMARTIA M630 PHOS - Pikark","og_description":"Sistemi me rr\u00ebshqitje SMARTIA M630 PHOS ofron nj\u00eb kontakt minimal n\u00eb rezidencat bashk\u00ebkohore duke kombinuar dizajnin minimal me performance","og_url":"https:\/\/pikark.com\/en\/product\/sistemi-me-rreshqitje-smartia-m630-phos\/","og_site_name":"Pikark","article_publisher":"https:\/\/www.facebook.com\/pikark.al","article_modified_time":"2021-06-18T08:51:12+00:00","og_image":[{"width":620,"height":380,"url":"https:\/\/pikark.com\/wp-content\/uploads\/2021\/06\/4-min.png","type":"image\/png"}],"twitter_card":"summary_large_image","twitter_misc":{"Est. reading time":"1 minute"},"schema":{"@context":"https:\/\/schema.org","@graph":[{"@type":"WebPage","@id":"https:\/\/pikark.com\/en\/product\/sistemi-me-rreshqitje-smartia-m630-phos\/","url":"https:\/\/pikark.com\/en\/product\/sistemi-me-rreshqitje-smartia-m630-phos\/","name":"[:sq]Sistemi me rr\u00ebshqitje SMARTIA M630 PHOS[:en]Minimal Sliding insulated system SMARTIA M630 PHOS[:] - Pikark","isPartOf":{"@id":"https:\/\/pikark.com\/#website"},"datePublished":"2021-06-16T08:58:02+00:00","dateModified":"2021-06-18T08:51:12+00:00","description":"Sistemi me rr\u00ebshqitje SMARTIA M630 PHOS ofron nj\u00eb kontakt minimal n\u00eb rezidencat bashk\u00ebkohore duke kombinuar dizajnin minimal me performance","breadcrumb":{"@id":"https:\/\/pikark.com\/en\/product\/sistemi-me-rreshqitje-smartia-m630-phos\/#breadcrumb"},"inLanguage":"en-US","potentialAction":[{"@type":"ReadAction","target":["https:\/\/pikark.com\/en\/product\/sistemi-me-rreshqitje-smartia-m630-phos\/"]}]},{"@type":"BreadcrumbList","@id":"https:\/\/pikark.com\/en\/product\/sistemi-me-rreshqitje-smartia-m630-phos\/#breadcrumb","itemListElement":[{"@type":"ListItem","position":1,"name":"Home","item":"https:\/\/pikark.com\/"},{"@type":"ListItem","position":2,"name":"Shop","item":"https:\/\/pikark.com\/en\/shop\/"},{"@type":"ListItem","position":3,"name":"Minimal Sliding insulated system SMARTIA M630 PHOS"}]},{"@type":"WebSite","@id":"https:\/\/pikark.com\/#website","url":"https:\/\/pikark.com\/","name":"Pikark","description":"Explore inspiring projects and find the right architects, brand &amp; manufacturers!","publisher":{"@id":"https:\/\/pikark.com\/#organization"},"potentialAction":[{"@type":"SearchAction","target":{"@type":"EntryPoint","urlTemplate":"https:\/\/pikark.com\/?s={search_term_string}"},"query-input":"required name=search_term_string"}],"inLanguage":"en-US"},{"@type":"Organization","@id":"https:\/\/pikark.com\/#organization","name":"Pikark","url":"https:\/\/pikark.com\/","logo":{"@type":"ImageObject","inLanguage":"en-US","@id":"https:\/\/pikark.com\/#\/schema\/logo\/image\/","url":"https:\/\/pikark.com\/wp-content\/uploads\/2020\/12\/LOGO_PIKARK-01-1.png","contentUrl":"https:\/\/pikark.com\/wp-content\/uploads\/2020\/12\/LOGO_PIKARK-01-1.png","width":2362,"height":2362,"caption":"Pikark"},"image":{"@id":"https:\/\/pikark.com\/#\/schema\/logo\/image\/"},"sameAs":["https:\/\/www.facebook.com\/pikark.al","https:\/\/www.instagram.com\/pik.ark\/"]}]}},"_links":{"self":[{"href":"https:\/\/pikark.com\/en\/wp-json\/wp\/v2\/product\/24583"}],"collection":[{"href":"https:\/\/pikark.com\/en\/wp-json\/wp\/v2\/product"}],"about":[{"href":"https:\/\/pikark.com\/en\/wp-json\/wp\/v2\/types\/product"}],"replies":[{"embeddable":true,"href":"https:\/\/pikark.com\/en\/wp-json\/wp\/v2\/comments?post=24583"}],"wp:featuredmedia":[{"embeddable":true,"href":"https:\/\/pikark.com\/en\/wp-json\/wp\/v2\/media\/24579"}],"wp:attachment":[{"href":"https:\/\/pikark.com\/en\/wp-json\/wp\/v2\/media?parent=24583"}],"wp:term":[{"taxonomy":"product_cat","embeddable":true,"href":"https:\/\/pikark.com\/en\/wp-json\/wp\/v2\/product_cat?post=24583"},{"taxonomy":"product_tag","embeddable":true,"href":"https:\/\/pikark.com\/en\/wp-json\/wp\/v2\/product_tag?post=24583"}],"curies":[{"name":"wp","href":"https:\/\/api.w.org\/{rel}","templated":true}]}}