{"id":24526,"date":"2021-06-14T14:51:44","date_gmt":"2021-06-14T14:51:44","guid":{"rendered":"https:\/\/pikark.com\/?post_type=product&#038;p=24526"},"modified":"2023-02-13T08:11:16","modified_gmt":"2023-02-13T08:11:16","slug":"brooklyn-round-ndricues-abiesse","status":"publish","type":"product","link":"https:\/\/pikark.com\/en\/product\/brooklyn-round-ndricues-abiesse\/","title":{"rendered":"Brooklyn Round"},"content":{"rendered":"","protected":false},"excerpt":{"rendered":"<p><a href=\"https:\/\/pikark.com\/?s=abiesse\">The Brooklyn Round<\/a> is a luminaire that comes in two different diameter sizes, 1 and 1.95m. It is a hanging luminaire made of curved aluminum with opal polycarbonate screen. The light source is made of LED module with direct light. This luminaire is ideal for offices, halls, living spaces and large spaces.<\/p>\n","protected":false},"featured_media":24527,"comment_status":"open","ping_status":"closed","template":"","meta":[],"product_cat":[648,649,650],"product_tag":[850,866,816,844,848],"yoast_head":"<!-- This site is optimized with the Yoast SEO plugin v21.7 - https:\/\/yoast.com\/wordpress\/plugins\/seo\/ -->\n<title>Brooklyn Round - Pikark<\/title>\n<meta name=\"description\" content=\"Brooklyn Round \u00ebsht\u00eb nj\u00eb ndri\u00e7ues q\u00eb vjen me dy madh\u00ebsi t\u00eb ndryshme diametrale, p\u00ebrkat\u00ebsisht 1 dhe 1.95m. Eshte ndricues i varur\" \/>\n<meta name=\"robots\" content=\"index, follow, max-snippet:-1, max-image-preview:large, max-video-preview:-1\" \/>\n<link rel=\"canonical\" href=\"https:\/\/pikark.com\/product\/brooklyn-round-ndricues-abiesse\/\" \/>\n<meta property=\"og:locale\" content=\"en_US\" \/>\n<meta property=\"og:type\" content=\"article\" \/>\n<meta property=\"og:title\" content=\"Brooklyn Round - Pikark\" \/>\n<meta property=\"og:description\" content=\"Brooklyn Round \u00ebsht\u00eb nj\u00eb ndri\u00e7ues q\u00eb vjen me dy madh\u00ebsi t\u00eb ndryshme diametrale, p\u00ebrkat\u00ebsisht 1 dhe 1.95m. Eshte ndricues i varur\" \/>\n<meta property=\"og:url\" content=\"https:\/\/pikark.com\/product\/brooklyn-round-ndricues-abiesse\/\" \/>\n<meta property=\"og:site_name\" content=\"Pikark\" \/>\n<meta property=\"article:publisher\" content=\"https:\/\/www.facebook.com\/pikark.al\" \/>\n<meta property=\"article:modified_time\" content=\"2023-02-13T08:11:16+00:00\" \/>\n<meta property=\"og:image\" content=\"https:\/\/pikark.com\/wp-content\/uploads\/2021\/06\/1-9.jpg\" \/>\n\t<meta property=\"og:image:width\" content=\"1080\" \/>\n\t<meta property=\"og:image:height\" content=\"1080\" \/>\n\t<meta property=\"og:image:type\" content=\"image\/jpeg\" \/>\n<meta name=\"twitter:card\" content=\"summary_large_image\" \/>\n<script type=\"application\/ld+json\" class=\"yoast-schema-graph\">{\"@context\":\"https:\/\/schema.org\",\"@graph\":[{\"@type\":\"WebPage\",\"@id\":\"https:\/\/pikark.com\/product\/brooklyn-round-ndricues-abiesse\/\",\"url\":\"https:\/\/pikark.com\/product\/brooklyn-round-ndricues-abiesse\/\",\"name\":\"Brooklyn Round - Pikark\",\"isPartOf\":{\"@id\":\"https:\/\/pikark.com\/#website\"},\"datePublished\":\"2021-06-14T14:51:44+00:00\",\"dateModified\":\"2023-02-13T08:11:16+00:00\",\"description\":\"Brooklyn Round \u00ebsht\u00eb nj\u00eb ndri\u00e7ues q\u00eb vjen me dy madh\u00ebsi t\u00eb ndryshme diametrale, p\u00ebrkat\u00ebsisht 1 dhe 1.95m. Eshte ndricues i varur\",\"breadcrumb\":{\"@id\":\"https:\/\/pikark.com\/product\/brooklyn-round-ndricues-abiesse\/#breadcrumb\"},\"inLanguage\":\"en-US\",\"potentialAction\":[{\"@type\":\"ReadAction\",\"target\":[\"https:\/\/pikark.com\/product\/brooklyn-round-ndricues-abiesse\/\"]}]},{\"@type\":\"BreadcrumbList\",\"@id\":\"https:\/\/pikark.com\/product\/brooklyn-round-ndricues-abiesse\/#breadcrumb\",\"itemListElement\":[{\"@type\":\"ListItem\",\"position\":1,\"name\":\"Home\",\"item\":\"https:\/\/pikark.com\/\"},{\"@type\":\"ListItem\",\"position\":2,\"name\":\"Shop\",\"item\":\"https:\/\/pikark.com\/en\/shop\/\"},{\"@type\":\"ListItem\",\"position\":3,\"name\":\"Brooklyn Round\"}]},{\"@type\":\"WebSite\",\"@id\":\"https:\/\/pikark.com\/#website\",\"url\":\"https:\/\/pikark.com\/\",\"name\":\"Pikark\",\"description\":\"Explore inspiring projects and find the right architects, brand &amp; manufacturers!\",\"publisher\":{\"@id\":\"https:\/\/pikark.com\/#organization\"},\"potentialAction\":[{\"@type\":\"SearchAction\",\"target\":{\"@type\":\"EntryPoint\",\"urlTemplate\":\"https:\/\/pikark.com\/?s={search_term_string}\"},\"query-input\":\"required name=search_term_string\"}],\"inLanguage\":\"en-US\"},{\"@type\":\"Organization\",\"@id\":\"https:\/\/pikark.com\/#organization\",\"name\":\"Pikark\",\"url\":\"https:\/\/pikark.com\/\",\"logo\":{\"@type\":\"ImageObject\",\"inLanguage\":\"en-US\",\"@id\":\"https:\/\/pikark.com\/#\/schema\/logo\/image\/\",\"url\":\"https:\/\/pikark.com\/wp-content\/uploads\/2020\/12\/LOGO_PIKARK-01-1.png\",\"contentUrl\":\"https:\/\/pikark.com\/wp-content\/uploads\/2020\/12\/LOGO_PIKARK-01-1.png\",\"width\":2362,\"height\":2362,\"caption\":\"Pikark\"},\"image\":{\"@id\":\"https:\/\/pikark.com\/#\/schema\/logo\/image\/\"},\"sameAs\":[\"https:\/\/www.facebook.com\/pikark.al\",\"https:\/\/www.instagram.com\/pik.ark\/\"]}]}<\/script>\n<!-- \/ Yoast SEO plugin. -->","yoast_head_json":{"title":"Brooklyn Round - Pikark","description":"Brooklyn Round \u00ebsht\u00eb nj\u00eb ndri\u00e7ues q\u00eb vjen me dy madh\u00ebsi t\u00eb ndryshme diametrale, p\u00ebrkat\u00ebsisht 1 dhe 1.95m. Eshte ndricues i varur","robots":{"index":"index","follow":"follow","max-snippet":"max-snippet:-1","max-image-preview":"max-image-preview:large","max-video-preview":"max-video-preview:-1"},"canonical":"https:\/\/pikark.com\/product\/brooklyn-round-ndricues-abiesse\/","og_locale":"en_US","og_type":"article","og_title":"Brooklyn Round - Pikark","og_description":"Brooklyn Round \u00ebsht\u00eb nj\u00eb ndri\u00e7ues q\u00eb vjen me dy madh\u00ebsi t\u00eb ndryshme diametrale, p\u00ebrkat\u00ebsisht 1 dhe 1.95m. Eshte ndricues i varur","og_url":"https:\/\/pikark.com\/product\/brooklyn-round-ndricues-abiesse\/","og_site_name":"Pikark","article_publisher":"https:\/\/www.facebook.com\/pikark.al","article_modified_time":"2023-02-13T08:11:16+00:00","og_image":[{"width":1080,"height":1080,"url":"https:\/\/pikark.com\/wp-content\/uploads\/2021\/06\/1-9.jpg","type":"image\/jpeg"}],"twitter_card":"summary_large_image","schema":{"@context":"https:\/\/schema.org","@graph":[{"@type":"WebPage","@id":"https:\/\/pikark.com\/product\/brooklyn-round-ndricues-abiesse\/","url":"https:\/\/pikark.com\/product\/brooklyn-round-ndricues-abiesse\/","name":"Brooklyn Round - Pikark","isPartOf":{"@id":"https:\/\/pikark.com\/#website"},"datePublished":"2021-06-14T14:51:44+00:00","dateModified":"2023-02-13T08:11:16+00:00","description":"Brooklyn Round \u00ebsht\u00eb nj\u00eb ndri\u00e7ues q\u00eb vjen me dy madh\u00ebsi t\u00eb ndryshme diametrale, p\u00ebrkat\u00ebsisht 1 dhe 1.95m. Eshte ndricues i varur","breadcrumb":{"@id":"https:\/\/pikark.com\/product\/brooklyn-round-ndricues-abiesse\/#breadcrumb"},"inLanguage":"en-US","potentialAction":[{"@type":"ReadAction","target":["https:\/\/pikark.com\/product\/brooklyn-round-ndricues-abiesse\/"]}]},{"@type":"BreadcrumbList","@id":"https:\/\/pikark.com\/product\/brooklyn-round-ndricues-abiesse\/#breadcrumb","itemListElement":[{"@type":"ListItem","position":1,"name":"Home","item":"https:\/\/pikark.com\/"},{"@type":"ListItem","position":2,"name":"Shop","item":"https:\/\/pikark.com\/en\/shop\/"},{"@type":"ListItem","position":3,"name":"Brooklyn Round"}]},{"@type":"WebSite","@id":"https:\/\/pikark.com\/#website","url":"https:\/\/pikark.com\/","name":"Pikark","description":"Explore inspiring projects and find the right architects, brand &amp; manufacturers!","publisher":{"@id":"https:\/\/pikark.com\/#organization"},"potentialAction":[{"@type":"SearchAction","target":{"@type":"EntryPoint","urlTemplate":"https:\/\/pikark.com\/?s={search_term_string}"},"query-input":"required name=search_term_string"}],"inLanguage":"en-US"},{"@type":"Organization","@id":"https:\/\/pikark.com\/#organization","name":"Pikark","url":"https:\/\/pikark.com\/","logo":{"@type":"ImageObject","inLanguage":"en-US","@id":"https:\/\/pikark.com\/#\/schema\/logo\/image\/","url":"https:\/\/pikark.com\/wp-content\/uploads\/2020\/12\/LOGO_PIKARK-01-1.png","contentUrl":"https:\/\/pikark.com\/wp-content\/uploads\/2020\/12\/LOGO_PIKARK-01-1.png","width":2362,"height":2362,"caption":"Pikark"},"image":{"@id":"https:\/\/pikark.com\/#\/schema\/logo\/image\/"},"sameAs":["https:\/\/www.facebook.com\/pikark.al","https:\/\/www.instagram.com\/pik.ark\/"]}]}},"_links":{"self":[{"href":"https:\/\/pikark.com\/en\/wp-json\/wp\/v2\/product\/24526"}],"collection":[{"href":"https:\/\/pikark.com\/en\/wp-json\/wp\/v2\/product"}],"about":[{"href":"https:\/\/pikark.com\/en\/wp-json\/wp\/v2\/types\/product"}],"replies":[{"embeddable":true,"href":"https:\/\/pikark.com\/en\/wp-json\/wp\/v2\/comments?post=24526"}],"wp:featuredmedia":[{"embeddable":true,"href":"https:\/\/pikark.com\/en\/wp-json\/wp\/v2\/media\/24527"}],"wp:attachment":[{"href":"https:\/\/pikark.com\/en\/wp-json\/wp\/v2\/media?parent=24526"}],"wp:term":[{"taxonomy":"product_cat","embeddable":true,"href":"https:\/\/pikark.com\/en\/wp-json\/wp\/v2\/product_cat?post=24526"},{"taxonomy":"product_tag","embeddable":true,"href":"https:\/\/pikark.com\/en\/wp-json\/wp\/v2\/product_tag?post=24526"}],"curies":[{"name":"wp","href":"https:\/\/api.w.org\/{rel}","templated":true}]}}