{"id":24450,"date":"2022-10-25T11:11:55","date_gmt":"2022-10-25T11:11:55","guid":{"rendered":"https:\/\/pikark.com\/?post_type=product&#038;p=24450"},"modified":"2022-10-26T08:50:37","modified_gmt":"2022-10-26T08:50:37","slug":"smartia-m35-sistem-i-ri-fasade","status":"publish","type":"product","link":"https:\/\/pikark.com\/en\/product\/smartia-m35-sistem-i-ri-fasade\/","title":{"rendered":"SMARTIA M35: A new facade system with an exceptional performance!"},"content":{"rendered":"<p><\/p>\n<div id=\"tw-target-text-container\" class=\"tw-ta-container hide-focus-ring tw-nfl\" tabindex=\"0\">\n<p id=\"tw-target-text\" class=\"tw-data-text tw-text-large XcVN5d tw-ta\" dir=\"ltr\" data-placeholder=\"Translation\"><span class=\"Y2IQFc\" lang=\"en\">Modern architecture trends promote minimal, simple lines, natural light in interiors and high performance levels. SMARTIA M35 is a modern facade system that combines all of the above, enabling numerous options for different projects.<\/span><\/p>\n<p id=\"tw-target-text\" class=\"tw-data-text tw-text-large XcVN5d tw-ta\" dir=\"ltr\" data-placeholder=\"Translation\"><span class=\"Y2IQFc\" lang=\"en\">The superiority of the M35 lies in its exceptional flexibility and minimal design. Practically, it is a system with only 35 mm visible aluminum width. This fact makes it an extraordinary solution for projects with such a prerequisite, e.g., hotel lobbies, museum facades, exhibition spaces, shop windows and buildings that require a transparent facade in general.<\/span><\/p>\n<\/div>\n<div id=\"tw-target-text-container\" class=\"tw-ta-container hide-focus-ring tw-nfl\" tabindex=\"0\">\n<p id=\"tw-target-text\" class=\"tw-data-text tw-text-large XcVN5d tw-ta\" dir=\"ltr\" data-placeholder=\"Translation\"><span class=\"Y2IQFc\" lang=\"en\">In addition to design, the M35 also stands out for its performance. The thermal insulation levels of the system are very high, fully covering the needs of each project. Similarly, the performance in terms of water and air descriptors is also excellent, providing a safe environment, in any atmospheric conditions. Finally, a fa\u00e7ade system is required for exceptional static performance. In this sense, the M35 proves that its minimal design can be perfectly combined with static durability, being an excellent option for buildings that require elegance and durability.<\/span><\/p>\n<\/div>\n<div id=\"tw-target-text-container\" class=\"tw-ta-container hide-focus-ring tw-nfl\" tabindex=\"0\">\n<p id=\"tw-target-text\" class=\"tw-data-text tw-text-large XcVN5d tw-ta\" dir=\"ltr\" data-placeholder=\"Translation\"><span class=\"Y2IQFc\" lang=\"en\">Nowadays, ambitious architectural constructions have raised the level for any new project. The same thing happened with the need for high power performance. The SMARTIA M35 was created to meet these requirements and to improve buildings not only aesthetically, but also in terms of thermal insulation, static durability and air \/ water descriptivity. This high quality system from ALUMIL, seems to check out all the boxes!<\/span><\/p>\n<\/div>\n<p><\/p>","protected":false},"excerpt":{"rendered":"<p><span class=\"Y2IQFc\" lang=\"en\">The superiority of the <strong><a href=\"https:\/\/www.alumil.com\/albania\/homeowners\">M35<\/a> <\/strong>lies in its exceptional flexibility and minimal design. Practically, it is a system with only 35 mm visible <a href=\"https:\/\/pikark.com\/en\/members\/alumil\/\">aluminum<\/a> width. This fact makes it an extraordinary solution for projects with such a prerequisite, e.g., hotel lobbies, museum facades, exhibition spaces, shop windows and buildings that require a transparent facade in general.<\/span><\/p>\n","protected":false},"featured_media":24451,"comment_status":"open","ping_status":"closed","template":"","meta":[],"product_cat":[721],"product_tag":[805,863,850,848],"yoast_head":"<!-- This site is optimized with the Yoast SEO plugin v21.7 - https:\/\/yoast.com\/wordpress\/plugins\/seo\/ -->\n<title>SMARTIA M35: A new facade system with an exceptional performance! - Pikark<\/title>\n<meta name=\"description\" content=\"SMARTIA M35\u00a0\u00ebsht\u00eb nj\u00eb sistem fasade moderne q\u00eb kombinon t\u00eb gjitha sa m\u00eb lart\u00eb, duke mund\u00ebsuar opsione t\u00eb shumta p\u00ebr projekte t\u00eb ndryshme.\" \/>\n<meta name=\"robots\" content=\"index, follow, max-snippet:-1, max-image-preview:large, max-video-preview:-1\" \/>\n<link rel=\"canonical\" href=\"https:\/\/pikark.com\/product\/smartia-m35-sistem-i-ri-fasade\/\" \/>\n<meta property=\"og:locale\" content=\"en_US\" \/>\n<meta property=\"og:type\" content=\"article\" \/>\n<meta property=\"og:title\" content=\"SMARTIA M35: A new facade system with an exceptional performance! - Pikark\" \/>\n<meta property=\"og:description\" content=\"SMARTIA M35\u00a0\u00ebsht\u00eb nj\u00eb sistem fasade moderne q\u00eb kombinon t\u00eb gjitha sa m\u00eb lart\u00eb, duke mund\u00ebsuar opsione t\u00eb shumta p\u00ebr projekte t\u00eb ndryshme.\" \/>\n<meta property=\"og:url\" content=\"https:\/\/pikark.com\/product\/smartia-m35-sistem-i-ri-fasade\/\" \/>\n<meta property=\"og:site_name\" content=\"Pikark\" \/>\n<meta property=\"article:publisher\" content=\"https:\/\/www.facebook.com\/pikark.al\" \/>\n<meta property=\"article:modified_time\" content=\"2022-10-26T08:50:37+00:00\" \/>\n<meta property=\"og:image\" content=\"https:\/\/pikark.com\/wp-content\/uploads\/2021\/06\/m35-glass-view.jpg\" \/>\n\t<meta property=\"og:image:width\" content=\"882\" \/>\n\t<meta property=\"og:image:height\" content=\"496\" \/>\n\t<meta property=\"og:image:type\" content=\"image\/jpeg\" \/>\n<meta name=\"twitter:card\" content=\"summary_large_image\" \/>\n<meta name=\"twitter:label1\" content=\"Est. reading time\" \/>\n\t<meta name=\"twitter:data1\" content=\"2 minutes\" \/>\n<script type=\"application\/ld+json\" class=\"yoast-schema-graph\">{\"@context\":\"https:\/\/schema.org\",\"@graph\":[{\"@type\":\"WebPage\",\"@id\":\"https:\/\/pikark.com\/product\/smartia-m35-sistem-i-ri-fasade\/\",\"url\":\"https:\/\/pikark.com\/product\/smartia-m35-sistem-i-ri-fasade\/\",\"name\":\"[:sq]SMARTIA M35: Nj\u00eb sistem i ri fasade me nj\u00eb performanc\u00eb t\u00eb jasht\u00ebzakonshme![:en]SMARTIA M35: A new facade system with an exceptional performance![:] - Pikark\",\"isPartOf\":{\"@id\":\"https:\/\/pikark.com\/#website\"},\"datePublished\":\"2022-10-25T11:11:55+00:00\",\"dateModified\":\"2022-10-26T08:50:37+00:00\",\"description\":\"SMARTIA M35\u00a0\u00ebsht\u00eb nj\u00eb sistem fasade moderne q\u00eb kombinon t\u00eb gjitha sa m\u00eb lart\u00eb, duke mund\u00ebsuar opsione t\u00eb shumta p\u00ebr projekte t\u00eb ndryshme.\",\"breadcrumb\":{\"@id\":\"https:\/\/pikark.com\/product\/smartia-m35-sistem-i-ri-fasade\/#breadcrumb\"},\"inLanguage\":\"en-US\",\"potentialAction\":[{\"@type\":\"ReadAction\",\"target\":[\"https:\/\/pikark.com\/product\/smartia-m35-sistem-i-ri-fasade\/\"]}]},{\"@type\":\"BreadcrumbList\",\"@id\":\"https:\/\/pikark.com\/product\/smartia-m35-sistem-i-ri-fasade\/#breadcrumb\",\"itemListElement\":[{\"@type\":\"ListItem\",\"position\":1,\"name\":\"Home\",\"item\":\"https:\/\/pikark.com\/\"},{\"@type\":\"ListItem\",\"position\":2,\"name\":\"Shop\",\"item\":\"https:\/\/pikark.com\/en\/shop\/\"},{\"@type\":\"ListItem\",\"position\":3,\"name\":\"SMARTIA M35: Nj\u00eb sistem i ri fasade me nj\u00eb performanc\u00eb t\u00eb jasht\u00ebzakonshme!\"}]},{\"@type\":\"WebSite\",\"@id\":\"https:\/\/pikark.com\/#website\",\"url\":\"https:\/\/pikark.com\/\",\"name\":\"Pikark\",\"description\":\"Explore inspiring projects and find the right architects, brand &amp; manufacturers!\",\"publisher\":{\"@id\":\"https:\/\/pikark.com\/#organization\"},\"potentialAction\":[{\"@type\":\"SearchAction\",\"target\":{\"@type\":\"EntryPoint\",\"urlTemplate\":\"https:\/\/pikark.com\/?s={search_term_string}\"},\"query-input\":\"required name=search_term_string\"}],\"inLanguage\":\"en-US\"},{\"@type\":\"Organization\",\"@id\":\"https:\/\/pikark.com\/#organization\",\"name\":\"Pikark\",\"url\":\"https:\/\/pikark.com\/\",\"logo\":{\"@type\":\"ImageObject\",\"inLanguage\":\"en-US\",\"@id\":\"https:\/\/pikark.com\/#\/schema\/logo\/image\/\",\"url\":\"https:\/\/pikark.com\/wp-content\/uploads\/2020\/12\/LOGO_PIKARK-01-1.png\",\"contentUrl\":\"https:\/\/pikark.com\/wp-content\/uploads\/2020\/12\/LOGO_PIKARK-01-1.png\",\"width\":2362,\"height\":2362,\"caption\":\"Pikark\"},\"image\":{\"@id\":\"https:\/\/pikark.com\/#\/schema\/logo\/image\/\"},\"sameAs\":[\"https:\/\/www.facebook.com\/pikark.al\",\"https:\/\/www.instagram.com\/pik.ark\/\"]}]}<\/script>\n<!-- \/ Yoast SEO plugin. -->","yoast_head_json":{"title":"SMARTIA M35: A new facade system with an exceptional performance! - Pikark","description":"SMARTIA M35\u00a0\u00ebsht\u00eb nj\u00eb sistem fasade moderne q\u00eb kombinon t\u00eb gjitha sa m\u00eb lart\u00eb, duke mund\u00ebsuar opsione t\u00eb shumta p\u00ebr projekte t\u00eb ndryshme.","robots":{"index":"index","follow":"follow","max-snippet":"max-snippet:-1","max-image-preview":"max-image-preview:large","max-video-preview":"max-video-preview:-1"},"canonical":"https:\/\/pikark.com\/product\/smartia-m35-sistem-i-ri-fasade\/","og_locale":"en_US","og_type":"article","og_title":"SMARTIA M35: A new facade system with an exceptional performance! - Pikark","og_description":"SMARTIA M35\u00a0\u00ebsht\u00eb nj\u00eb sistem fasade moderne q\u00eb kombinon t\u00eb gjitha sa m\u00eb lart\u00eb, duke mund\u00ebsuar opsione t\u00eb shumta p\u00ebr projekte t\u00eb ndryshme.","og_url":"https:\/\/pikark.com\/product\/smartia-m35-sistem-i-ri-fasade\/","og_site_name":"Pikark","article_publisher":"https:\/\/www.facebook.com\/pikark.al","article_modified_time":"2022-10-26T08:50:37+00:00","og_image":[{"width":882,"height":496,"url":"https:\/\/pikark.com\/wp-content\/uploads\/2021\/06\/m35-glass-view.jpg","type":"image\/jpeg"}],"twitter_card":"summary_large_image","twitter_misc":{"Est. reading time":"2 minutes"},"schema":{"@context":"https:\/\/schema.org","@graph":[{"@type":"WebPage","@id":"https:\/\/pikark.com\/product\/smartia-m35-sistem-i-ri-fasade\/","url":"https:\/\/pikark.com\/product\/smartia-m35-sistem-i-ri-fasade\/","name":"[:sq]SMARTIA M35: Nj\u00eb sistem i ri fasade me nj\u00eb performanc\u00eb t\u00eb jasht\u00ebzakonshme![:en]SMARTIA M35: A new facade system with an exceptional performance![:] - Pikark","isPartOf":{"@id":"https:\/\/pikark.com\/#website"},"datePublished":"2022-10-25T11:11:55+00:00","dateModified":"2022-10-26T08:50:37+00:00","description":"SMARTIA M35\u00a0\u00ebsht\u00eb nj\u00eb sistem fasade moderne q\u00eb kombinon t\u00eb gjitha sa m\u00eb lart\u00eb, duke mund\u00ebsuar opsione t\u00eb shumta p\u00ebr projekte t\u00eb ndryshme.","breadcrumb":{"@id":"https:\/\/pikark.com\/product\/smartia-m35-sistem-i-ri-fasade\/#breadcrumb"},"inLanguage":"en-US","potentialAction":[{"@type":"ReadAction","target":["https:\/\/pikark.com\/product\/smartia-m35-sistem-i-ri-fasade\/"]}]},{"@type":"BreadcrumbList","@id":"https:\/\/pikark.com\/product\/smartia-m35-sistem-i-ri-fasade\/#breadcrumb","itemListElement":[{"@type":"ListItem","position":1,"name":"Home","item":"https:\/\/pikark.com\/"},{"@type":"ListItem","position":2,"name":"Shop","item":"https:\/\/pikark.com\/en\/shop\/"},{"@type":"ListItem","position":3,"name":"SMARTIA M35: Nj\u00eb sistem i ri fasade me nj\u00eb performanc\u00eb t\u00eb jasht\u00ebzakonshme!"}]},{"@type":"WebSite","@id":"https:\/\/pikark.com\/#website","url":"https:\/\/pikark.com\/","name":"Pikark","description":"Explore inspiring projects and find the right architects, brand &amp; manufacturers!","publisher":{"@id":"https:\/\/pikark.com\/#organization"},"potentialAction":[{"@type":"SearchAction","target":{"@type":"EntryPoint","urlTemplate":"https:\/\/pikark.com\/?s={search_term_string}"},"query-input":"required name=search_term_string"}],"inLanguage":"en-US"},{"@type":"Organization","@id":"https:\/\/pikark.com\/#organization","name":"Pikark","url":"https:\/\/pikark.com\/","logo":{"@type":"ImageObject","inLanguage":"en-US","@id":"https:\/\/pikark.com\/#\/schema\/logo\/image\/","url":"https:\/\/pikark.com\/wp-content\/uploads\/2020\/12\/LOGO_PIKARK-01-1.png","contentUrl":"https:\/\/pikark.com\/wp-content\/uploads\/2020\/12\/LOGO_PIKARK-01-1.png","width":2362,"height":2362,"caption":"Pikark"},"image":{"@id":"https:\/\/pikark.com\/#\/schema\/logo\/image\/"},"sameAs":["https:\/\/www.facebook.com\/pikark.al","https:\/\/www.instagram.com\/pik.ark\/"]}]}},"_links":{"self":[{"href":"https:\/\/pikark.com\/en\/wp-json\/wp\/v2\/product\/24450"}],"collection":[{"href":"https:\/\/pikark.com\/en\/wp-json\/wp\/v2\/product"}],"about":[{"href":"https:\/\/pikark.com\/en\/wp-json\/wp\/v2\/types\/product"}],"replies":[{"embeddable":true,"href":"https:\/\/pikark.com\/en\/wp-json\/wp\/v2\/comments?post=24450"}],"wp:featuredmedia":[{"embeddable":true,"href":"https:\/\/pikark.com\/en\/wp-json\/wp\/v2\/media\/24451"}],"wp:attachment":[{"href":"https:\/\/pikark.com\/en\/wp-json\/wp\/v2\/media?parent=24450"}],"wp:term":[{"taxonomy":"product_cat","embeddable":true,"href":"https:\/\/pikark.com\/en\/wp-json\/wp\/v2\/product_cat?post=24450"},{"taxonomy":"product_tag","embeddable":true,"href":"https:\/\/pikark.com\/en\/wp-json\/wp\/v2\/product_tag?post=24450"}],"curies":[{"name":"wp","href":"https:\/\/api.w.org\/{rel}","templated":true}]}}