{"id":24434,"date":"2021-06-04T14:25:59","date_gmt":"2021-06-04T14:25:59","guid":{"rendered":"https:\/\/pikark.com\/?post_type=product&#038;p=24434"},"modified":"2023-02-15T09:25:38","modified_gmt":"2023-02-15T09:25:38","slug":"perde-canvas","status":"publish","type":"product","link":"https:\/\/pikark.com\/en\/product\/perde-canvas\/","title":{"rendered":"Canvas curtain from DAGE Perde"},"content":{"rendered":"","protected":false},"excerpt":{"rendered":"<p><a href=\"https:\/\/pikark.com\/en\/listing\/shtepi-pushimi-me-dage-perde\/\">Canvas<\/a> comes <span class=\"Y2IQFc\" lang=\"en\">with a weaving of fibers as complicated as it is special, which differentiates it from other curtains composed of bamboo material. As for quality, there is nothing to discuss. The &#8220;Melton&#8221; curtain stands next to her as an ideal companion.<\/span><\/p>\n<p><span class=\"Y2IQFc\" lang=\"en\"> Officially certified with three main features: <\/span><\/p>\n<p><span class=\"Y2IQFc\" lang=\"en\">Anti-allergic<\/span><\/p>\n<p><span class=\"Y2IQFc\" lang=\"en\"> Anti-bacterial<\/span><\/p>\n<p><span class=\"Y2IQFc\" lang=\"en\"> No need for ironing<\/span><\/p>\n","protected":false},"featured_media":24437,"comment_status":"open","ping_status":"closed","template":"","meta":[],"product_cat":[709],"product_tag":[875,846,876,850,847,848],"yoast_head":"<!-- This site is optimized with the Yoast SEO plugin v21.7 - https:\/\/yoast.com\/wordpress\/plugins\/seo\/ -->\n<title>Canvas curtain from DAGE Perde - Pikark<\/title>\n<meta name=\"description\" content=\"Canvas vjen me nj\u00eb thurje t\u00eb fibrave sa t\u00eb komplikuar, aq edhe t\u00eb ve\u00e7ant\u00eb. Perdja an\u00ebsore Melton q\u00ebndron p\u00ebrkrah saj si nj\u00eb shoq\u00ebruese ideale.\" \/>\n<meta name=\"robots\" content=\"index, follow, max-snippet:-1, max-image-preview:large, max-video-preview:-1\" \/>\n<link rel=\"canonical\" href=\"https:\/\/pikark.com\/product\/perde-canvas\/\" \/>\n<meta property=\"og:locale\" content=\"en_US\" \/>\n<meta property=\"og:type\" content=\"article\" \/>\n<meta property=\"og:title\" content=\"Canvas curtain from DAGE Perde - Pikark\" \/>\n<meta property=\"og:description\" content=\"Canvas vjen me nj\u00eb thurje t\u00eb fibrave sa t\u00eb komplikuar, aq edhe t\u00eb ve\u00e7ant\u00eb. Perdja an\u00ebsore Melton q\u00ebndron p\u00ebrkrah saj si nj\u00eb shoq\u00ebruese ideale.\" \/>\n<meta property=\"og:url\" content=\"https:\/\/pikark.com\/product\/perde-canvas\/\" \/>\n<meta property=\"og:site_name\" content=\"Pikark\" \/>\n<meta property=\"article:publisher\" content=\"https:\/\/www.facebook.com\/pikark.al\" \/>\n<meta property=\"article:modified_time\" content=\"2023-02-15T09:25:38+00:00\" \/>\n<meta property=\"og:image\" content=\"https:\/\/pikark.com\/wp-content\/uploads\/2021\/06\/WhatsApp_Image_2021-06-03_at_3.52.47_PM.jpeg.jpg\" \/>\n\t<meta property=\"og:image:width\" content=\"1066\" \/>\n\t<meta property=\"og:image:height\" content=\"1600\" \/>\n\t<meta property=\"og:image:type\" content=\"image\/jpeg\" \/>\n<meta name=\"twitter:card\" content=\"summary_large_image\" \/>\n<script type=\"application\/ld+json\" class=\"yoast-schema-graph\">{\"@context\":\"https:\/\/schema.org\",\"@graph\":[{\"@type\":\"WebPage\",\"@id\":\"https:\/\/pikark.com\/product\/perde-canvas\/\",\"url\":\"https:\/\/pikark.com\/product\/perde-canvas\/\",\"name\":\"[:sq]Perde Canvas nga DAGE Perde[:en]Canvas curtain from DAGE Perde[:] - Pikark\",\"isPartOf\":{\"@id\":\"https:\/\/pikark.com\/#website\"},\"datePublished\":\"2021-06-04T14:25:59+00:00\",\"dateModified\":\"2023-02-15T09:25:38+00:00\",\"description\":\"Canvas vjen me nj\u00eb thurje t\u00eb fibrave sa t\u00eb komplikuar, aq edhe t\u00eb ve\u00e7ant\u00eb. Perdja an\u00ebsore Melton q\u00ebndron p\u00ebrkrah saj si nj\u00eb shoq\u00ebruese ideale.\",\"breadcrumb\":{\"@id\":\"https:\/\/pikark.com\/product\/perde-canvas\/#breadcrumb\"},\"inLanguage\":\"en-US\",\"potentialAction\":[{\"@type\":\"ReadAction\",\"target\":[\"https:\/\/pikark.com\/product\/perde-canvas\/\"]}]},{\"@type\":\"BreadcrumbList\",\"@id\":\"https:\/\/pikark.com\/product\/perde-canvas\/#breadcrumb\",\"itemListElement\":[{\"@type\":\"ListItem\",\"position\":1,\"name\":\"Home\",\"item\":\"https:\/\/pikark.com\/\"},{\"@type\":\"ListItem\",\"position\":2,\"name\":\"Shop\",\"item\":\"https:\/\/pikark.com\/en\/shop\/\"},{\"@type\":\"ListItem\",\"position\":3,\"name\":\"Perde Canvas nga DAGE Perde\"}]},{\"@type\":\"WebSite\",\"@id\":\"https:\/\/pikark.com\/#website\",\"url\":\"https:\/\/pikark.com\/\",\"name\":\"Pikark\",\"description\":\"Explore inspiring projects and find the right architects, brand &amp; manufacturers!\",\"publisher\":{\"@id\":\"https:\/\/pikark.com\/#organization\"},\"potentialAction\":[{\"@type\":\"SearchAction\",\"target\":{\"@type\":\"EntryPoint\",\"urlTemplate\":\"https:\/\/pikark.com\/?s={search_term_string}\"},\"query-input\":\"required name=search_term_string\"}],\"inLanguage\":\"en-US\"},{\"@type\":\"Organization\",\"@id\":\"https:\/\/pikark.com\/#organization\",\"name\":\"Pikark\",\"url\":\"https:\/\/pikark.com\/\",\"logo\":{\"@type\":\"ImageObject\",\"inLanguage\":\"en-US\",\"@id\":\"https:\/\/pikark.com\/#\/schema\/logo\/image\/\",\"url\":\"https:\/\/pikark.com\/wp-content\/uploads\/2020\/12\/LOGO_PIKARK-01-1.png\",\"contentUrl\":\"https:\/\/pikark.com\/wp-content\/uploads\/2020\/12\/LOGO_PIKARK-01-1.png\",\"width\":2362,\"height\":2362,\"caption\":\"Pikark\"},\"image\":{\"@id\":\"https:\/\/pikark.com\/#\/schema\/logo\/image\/\"},\"sameAs\":[\"https:\/\/www.facebook.com\/pikark.al\",\"https:\/\/www.instagram.com\/pik.ark\/\"]}]}<\/script>\n<!-- \/ Yoast SEO plugin. -->","yoast_head_json":{"title":"Canvas curtain from DAGE Perde - Pikark","description":"Canvas vjen me nj\u00eb thurje t\u00eb fibrave sa t\u00eb komplikuar, aq edhe t\u00eb ve\u00e7ant\u00eb. Perdja an\u00ebsore Melton q\u00ebndron p\u00ebrkrah saj si nj\u00eb shoq\u00ebruese ideale.","robots":{"index":"index","follow":"follow","max-snippet":"max-snippet:-1","max-image-preview":"max-image-preview:large","max-video-preview":"max-video-preview:-1"},"canonical":"https:\/\/pikark.com\/product\/perde-canvas\/","og_locale":"en_US","og_type":"article","og_title":"Canvas curtain from DAGE Perde - Pikark","og_description":"Canvas vjen me nj\u00eb thurje t\u00eb fibrave sa t\u00eb komplikuar, aq edhe t\u00eb ve\u00e7ant\u00eb. Perdja an\u00ebsore Melton q\u00ebndron p\u00ebrkrah saj si nj\u00eb shoq\u00ebruese ideale.","og_url":"https:\/\/pikark.com\/product\/perde-canvas\/","og_site_name":"Pikark","article_publisher":"https:\/\/www.facebook.com\/pikark.al","article_modified_time":"2023-02-15T09:25:38+00:00","og_image":[{"width":1066,"height":1600,"url":"https:\/\/pikark.com\/wp-content\/uploads\/2021\/06\/WhatsApp_Image_2021-06-03_at_3.52.47_PM.jpeg.jpg","type":"image\/jpeg"}],"twitter_card":"summary_large_image","schema":{"@context":"https:\/\/schema.org","@graph":[{"@type":"WebPage","@id":"https:\/\/pikark.com\/product\/perde-canvas\/","url":"https:\/\/pikark.com\/product\/perde-canvas\/","name":"[:sq]Perde Canvas nga DAGE Perde[:en]Canvas curtain from DAGE Perde[:] - Pikark","isPartOf":{"@id":"https:\/\/pikark.com\/#website"},"datePublished":"2021-06-04T14:25:59+00:00","dateModified":"2023-02-15T09:25:38+00:00","description":"Canvas vjen me nj\u00eb thurje t\u00eb fibrave sa t\u00eb komplikuar, aq edhe t\u00eb ve\u00e7ant\u00eb. Perdja an\u00ebsore Melton q\u00ebndron p\u00ebrkrah saj si nj\u00eb shoq\u00ebruese ideale.","breadcrumb":{"@id":"https:\/\/pikark.com\/product\/perde-canvas\/#breadcrumb"},"inLanguage":"en-US","potentialAction":[{"@type":"ReadAction","target":["https:\/\/pikark.com\/product\/perde-canvas\/"]}]},{"@type":"BreadcrumbList","@id":"https:\/\/pikark.com\/product\/perde-canvas\/#breadcrumb","itemListElement":[{"@type":"ListItem","position":1,"name":"Home","item":"https:\/\/pikark.com\/"},{"@type":"ListItem","position":2,"name":"Shop","item":"https:\/\/pikark.com\/en\/shop\/"},{"@type":"ListItem","position":3,"name":"Perde Canvas nga DAGE Perde"}]},{"@type":"WebSite","@id":"https:\/\/pikark.com\/#website","url":"https:\/\/pikark.com\/","name":"Pikark","description":"Explore inspiring projects and find the right architects, brand &amp; manufacturers!","publisher":{"@id":"https:\/\/pikark.com\/#organization"},"potentialAction":[{"@type":"SearchAction","target":{"@type":"EntryPoint","urlTemplate":"https:\/\/pikark.com\/?s={search_term_string}"},"query-input":"required name=search_term_string"}],"inLanguage":"en-US"},{"@type":"Organization","@id":"https:\/\/pikark.com\/#organization","name":"Pikark","url":"https:\/\/pikark.com\/","logo":{"@type":"ImageObject","inLanguage":"en-US","@id":"https:\/\/pikark.com\/#\/schema\/logo\/image\/","url":"https:\/\/pikark.com\/wp-content\/uploads\/2020\/12\/LOGO_PIKARK-01-1.png","contentUrl":"https:\/\/pikark.com\/wp-content\/uploads\/2020\/12\/LOGO_PIKARK-01-1.png","width":2362,"height":2362,"caption":"Pikark"},"image":{"@id":"https:\/\/pikark.com\/#\/schema\/logo\/image\/"},"sameAs":["https:\/\/www.facebook.com\/pikark.al","https:\/\/www.instagram.com\/pik.ark\/"]}]}},"_links":{"self":[{"href":"https:\/\/pikark.com\/en\/wp-json\/wp\/v2\/product\/24434"}],"collection":[{"href":"https:\/\/pikark.com\/en\/wp-json\/wp\/v2\/product"}],"about":[{"href":"https:\/\/pikark.com\/en\/wp-json\/wp\/v2\/types\/product"}],"replies":[{"embeddable":true,"href":"https:\/\/pikark.com\/en\/wp-json\/wp\/v2\/comments?post=24434"}],"wp:featuredmedia":[{"embeddable":true,"href":"https:\/\/pikark.com\/en\/wp-json\/wp\/v2\/media\/24437"}],"wp:attachment":[{"href":"https:\/\/pikark.com\/en\/wp-json\/wp\/v2\/media?parent=24434"}],"wp:term":[{"taxonomy":"product_cat","embeddable":true,"href":"https:\/\/pikark.com\/en\/wp-json\/wp\/v2\/product_cat?post=24434"},{"taxonomy":"product_tag","embeddable":true,"href":"https:\/\/pikark.com\/en\/wp-json\/wp\/v2\/product_tag?post=24434"}],"curies":[{"name":"wp","href":"https:\/\/api.w.org\/{rel}","templated":true}]}}