{"id":24354,"date":"2021-06-02T15:28:15","date_gmt":"2021-06-02T15:28:15","guid":{"rendered":"https:\/\/pikark.com\/?post_type=product&#038;p=24354"},"modified":"2021-06-02T15:28:15","modified_gmt":"2021-06-02T15:28:15","slug":"poltrona-lusso","status":"publish","type":"product","link":"https:\/\/pikark.com\/en\/product\/poltrona-lusso\/","title":{"rendered":"Lusso Armchair"},"content":{"rendered":"","protected":false},"excerpt":{"rendered":"<p><span class=\"JsGRdQ\">We are in the right season to choose the right products for your hotels and tourist spaces! <\/span><span class=\"JsGRdQ\">The color, the ease of use and above all the convenience offered by Lusso Armchair. <\/span><span class=\"JsGRdQ\">Lusso is a chair that would fit quite well for interiors, hotels and cruise ship.<\/span><\/p>\n","protected":false},"featured_media":24358,"comment_status":"open","ping_status":"closed","template":"","meta":[],"product_cat":[641],"product_tag":[822,658,825,850,868],"yoast_head":"<!-- This site is optimized with the Yoast SEO plugin v21.7 - https:\/\/yoast.com\/wordpress\/plugins\/seo\/ -->\n<title>Lusso Armchair - Pikark<\/title>\n<meta name=\"description\" content=\"Lusso \u00ebsht\u00eb nj\u00eb karrige q\u00eb do p\u00ebrshtatej mjaft mir\u00eb p\u00ebr ambjentet e brendshme, hotele dhe kro\u00e7iera.\" \/>\n<meta name=\"robots\" content=\"index, follow, max-snippet:-1, max-image-preview:large, max-video-preview:-1\" \/>\n<link rel=\"canonical\" href=\"https:\/\/pikark.com\/product\/poltrona-lusso\/\" \/>\n<meta property=\"og:locale\" content=\"en_US\" \/>\n<meta property=\"og:type\" content=\"article\" \/>\n<meta property=\"og:title\" content=\"Lusso Armchair - Pikark\" \/>\n<meta property=\"og:description\" content=\"Lusso \u00ebsht\u00eb nj\u00eb karrige q\u00eb do p\u00ebrshtatej mjaft mir\u00eb p\u00ebr ambjentet e brendshme, hotele dhe kro\u00e7iera.\" \/>\n<meta property=\"og:url\" content=\"https:\/\/pikark.com\/product\/poltrona-lusso\/\" \/>\n<meta property=\"og:site_name\" content=\"Pikark\" \/>\n<meta property=\"article:publisher\" content=\"https:\/\/www.facebook.com\/pikark.al\" \/>\n<meta property=\"og:image\" content=\"https:\/\/pikark.com\/wp-content\/uploads\/2021\/06\/4-3.jpg\" \/>\n\t<meta property=\"og:image:width\" content=\"1920\" \/>\n\t<meta property=\"og:image:height\" content=\"1920\" \/>\n\t<meta property=\"og:image:type\" content=\"image\/jpeg\" \/>\n<meta name=\"twitter:card\" content=\"summary_large_image\" \/>\n<script type=\"application\/ld+json\" class=\"yoast-schema-graph\">{\"@context\":\"https:\/\/schema.org\",\"@graph\":[{\"@type\":\"WebPage\",\"@id\":\"https:\/\/pikark.com\/product\/poltrona-lusso\/\",\"url\":\"https:\/\/pikark.com\/product\/poltrona-lusso\/\",\"name\":\"[:sq]Poltrona Lusso[:en]Lusso Armchair[:] - Pikark\",\"isPartOf\":{\"@id\":\"https:\/\/pikark.com\/#website\"},\"datePublished\":\"2021-06-02T15:28:15+00:00\",\"dateModified\":\"2021-06-02T15:28:15+00:00\",\"description\":\"Lusso \u00ebsht\u00eb nj\u00eb karrige q\u00eb do p\u00ebrshtatej mjaft mir\u00eb p\u00ebr ambjentet e brendshme, hotele dhe kro\u00e7iera.\",\"breadcrumb\":{\"@id\":\"https:\/\/pikark.com\/product\/poltrona-lusso\/#breadcrumb\"},\"inLanguage\":\"en-US\",\"potentialAction\":[{\"@type\":\"ReadAction\",\"target\":[\"https:\/\/pikark.com\/product\/poltrona-lusso\/\"]}]},{\"@type\":\"BreadcrumbList\",\"@id\":\"https:\/\/pikark.com\/product\/poltrona-lusso\/#breadcrumb\",\"itemListElement\":[{\"@type\":\"ListItem\",\"position\":1,\"name\":\"Home\",\"item\":\"https:\/\/pikark.com\/\"},{\"@type\":\"ListItem\",\"position\":2,\"name\":\"Shop\",\"item\":\"https:\/\/pikark.com\/en\/shop\/\"},{\"@type\":\"ListItem\",\"position\":3,\"name\":\"Poltrona Lusso\"}]},{\"@type\":\"WebSite\",\"@id\":\"https:\/\/pikark.com\/#website\",\"url\":\"https:\/\/pikark.com\/\",\"name\":\"Pikark\",\"description\":\"Explore inspiring projects and find the right architects, brand &amp; manufacturers!\",\"publisher\":{\"@id\":\"https:\/\/pikark.com\/#organization\"},\"potentialAction\":[{\"@type\":\"SearchAction\",\"target\":{\"@type\":\"EntryPoint\",\"urlTemplate\":\"https:\/\/pikark.com\/?s={search_term_string}\"},\"query-input\":\"required name=search_term_string\"}],\"inLanguage\":\"en-US\"},{\"@type\":\"Organization\",\"@id\":\"https:\/\/pikark.com\/#organization\",\"name\":\"Pikark\",\"url\":\"https:\/\/pikark.com\/\",\"logo\":{\"@type\":\"ImageObject\",\"inLanguage\":\"en-US\",\"@id\":\"https:\/\/pikark.com\/#\/schema\/logo\/image\/\",\"url\":\"https:\/\/pikark.com\/wp-content\/uploads\/2020\/12\/LOGO_PIKARK-01-1.png\",\"contentUrl\":\"https:\/\/pikark.com\/wp-content\/uploads\/2020\/12\/LOGO_PIKARK-01-1.png\",\"width\":2362,\"height\":2362,\"caption\":\"Pikark\"},\"image\":{\"@id\":\"https:\/\/pikark.com\/#\/schema\/logo\/image\/\"},\"sameAs\":[\"https:\/\/www.facebook.com\/pikark.al\",\"https:\/\/www.instagram.com\/pik.ark\/\"]}]}<\/script>\n<!-- \/ Yoast SEO plugin. -->","yoast_head_json":{"title":"Lusso Armchair - Pikark","description":"Lusso \u00ebsht\u00eb nj\u00eb karrige q\u00eb do p\u00ebrshtatej mjaft mir\u00eb p\u00ebr ambjentet e brendshme, hotele dhe kro\u00e7iera.","robots":{"index":"index","follow":"follow","max-snippet":"max-snippet:-1","max-image-preview":"max-image-preview:large","max-video-preview":"max-video-preview:-1"},"canonical":"https:\/\/pikark.com\/product\/poltrona-lusso\/","og_locale":"en_US","og_type":"article","og_title":"Lusso Armchair - Pikark","og_description":"Lusso \u00ebsht\u00eb nj\u00eb karrige q\u00eb do p\u00ebrshtatej mjaft mir\u00eb p\u00ebr ambjentet e brendshme, hotele dhe kro\u00e7iera.","og_url":"https:\/\/pikark.com\/product\/poltrona-lusso\/","og_site_name":"Pikark","article_publisher":"https:\/\/www.facebook.com\/pikark.al","og_image":[{"width":1920,"height":1920,"url":"https:\/\/pikark.com\/wp-content\/uploads\/2021\/06\/4-3.jpg","type":"image\/jpeg"}],"twitter_card":"summary_large_image","schema":{"@context":"https:\/\/schema.org","@graph":[{"@type":"WebPage","@id":"https:\/\/pikark.com\/product\/poltrona-lusso\/","url":"https:\/\/pikark.com\/product\/poltrona-lusso\/","name":"[:sq]Poltrona Lusso[:en]Lusso Armchair[:] - Pikark","isPartOf":{"@id":"https:\/\/pikark.com\/#website"},"datePublished":"2021-06-02T15:28:15+00:00","dateModified":"2021-06-02T15:28:15+00:00","description":"Lusso \u00ebsht\u00eb nj\u00eb karrige q\u00eb do p\u00ebrshtatej mjaft mir\u00eb p\u00ebr ambjentet e brendshme, hotele dhe kro\u00e7iera.","breadcrumb":{"@id":"https:\/\/pikark.com\/product\/poltrona-lusso\/#breadcrumb"},"inLanguage":"en-US","potentialAction":[{"@type":"ReadAction","target":["https:\/\/pikark.com\/product\/poltrona-lusso\/"]}]},{"@type":"BreadcrumbList","@id":"https:\/\/pikark.com\/product\/poltrona-lusso\/#breadcrumb","itemListElement":[{"@type":"ListItem","position":1,"name":"Home","item":"https:\/\/pikark.com\/"},{"@type":"ListItem","position":2,"name":"Shop","item":"https:\/\/pikark.com\/en\/shop\/"},{"@type":"ListItem","position":3,"name":"Poltrona Lusso"}]},{"@type":"WebSite","@id":"https:\/\/pikark.com\/#website","url":"https:\/\/pikark.com\/","name":"Pikark","description":"Explore inspiring projects and find the right architects, brand &amp; manufacturers!","publisher":{"@id":"https:\/\/pikark.com\/#organization"},"potentialAction":[{"@type":"SearchAction","target":{"@type":"EntryPoint","urlTemplate":"https:\/\/pikark.com\/?s={search_term_string}"},"query-input":"required name=search_term_string"}],"inLanguage":"en-US"},{"@type":"Organization","@id":"https:\/\/pikark.com\/#organization","name":"Pikark","url":"https:\/\/pikark.com\/","logo":{"@type":"ImageObject","inLanguage":"en-US","@id":"https:\/\/pikark.com\/#\/schema\/logo\/image\/","url":"https:\/\/pikark.com\/wp-content\/uploads\/2020\/12\/LOGO_PIKARK-01-1.png","contentUrl":"https:\/\/pikark.com\/wp-content\/uploads\/2020\/12\/LOGO_PIKARK-01-1.png","width":2362,"height":2362,"caption":"Pikark"},"image":{"@id":"https:\/\/pikark.com\/#\/schema\/logo\/image\/"},"sameAs":["https:\/\/www.facebook.com\/pikark.al","https:\/\/www.instagram.com\/pik.ark\/"]}]}},"_links":{"self":[{"href":"https:\/\/pikark.com\/en\/wp-json\/wp\/v2\/product\/24354"}],"collection":[{"href":"https:\/\/pikark.com\/en\/wp-json\/wp\/v2\/product"}],"about":[{"href":"https:\/\/pikark.com\/en\/wp-json\/wp\/v2\/types\/product"}],"replies":[{"embeddable":true,"href":"https:\/\/pikark.com\/en\/wp-json\/wp\/v2\/comments?post=24354"}],"wp:featuredmedia":[{"embeddable":true,"href":"https:\/\/pikark.com\/en\/wp-json\/wp\/v2\/media\/24358"}],"wp:attachment":[{"href":"https:\/\/pikark.com\/en\/wp-json\/wp\/v2\/media?parent=24354"}],"wp:term":[{"taxonomy":"product_cat","embeddable":true,"href":"https:\/\/pikark.com\/en\/wp-json\/wp\/v2\/product_cat?post=24354"},{"taxonomy":"product_tag","embeddable":true,"href":"https:\/\/pikark.com\/en\/wp-json\/wp\/v2\/product_tag?post=24354"}],"curies":[{"name":"wp","href":"https:\/\/api.w.org\/{rel}","templated":true}]}}