{"id":24282,"date":"2021-05-31T11:07:23","date_gmt":"2021-05-31T11:07:23","guid":{"rendered":"https:\/\/pikark.com\/?post_type=product&#038;p=24282"},"modified":"2021-05-31T11:09:45","modified_gmt":"2021-05-31T11:09:45","slug":"cresta","status":"publish","type":"product","link":"https:\/\/pikark.com\/en\/product\/cresta\/","title":{"rendered":"Cresta"},"content":{"rendered":"<p>Cresta is a lounge <a href=\"https:\/\/pikark.com\/en\/product\/nora\/\">armchair<\/a>, designed for your comfort, for your offices or homes by <a href=\"https:\/\/almex.al\/\">Almex Furniture!\u00a0<\/a> Lounge means to relax and relax is exactly what this armchair offers.<br \/>\nRefined details and welcoming shapes are the distinguishing features of the Cresta armchair. Made in walnut wood structure harmoniously combined with the seated in textile, comes altogether with its proper cushion for a higher comfort. Thanks to the elegance of the design, it is suitable for a variety of projects typology!<\/p>","protected":false},"excerpt":{"rendered":"<p>Cresta is a lounge armchair, designed for your comfort, for your offices or homes by Almex Furniture!\u00a0 Lounge means to relax and relax is exactly what this armchair offers. Refined details and welcoming shapes are the distinguishing features of the Cresta armchair. Made in walnut wood structure harmoniously combined with the seated in textile, comes [&hellip;]<\/p>\n","protected":false},"featured_media":24283,"comment_status":"open","ping_status":"closed","template":"","meta":[],"product_cat":[641],"product_tag":[822,658,871,866,865,869,868,867,870],"yoast_head":"<!-- This site is optimized with the Yoast SEO plugin v21.7 - https:\/\/yoast.com\/wordpress\/plugins\/seo\/ -->\n<title>Cresta - Pikark<\/title>\n<meta name=\"description\" content=\"Poltrona Cresta nga Almex Furniture Detajet e rafinuar dhe forma mik\u00ebprit\u00ebse jan\u00eb tiparet dalluese t\u00eb poltron\u00ebs Cresta nga Almex Furniture!\" \/>\n<meta name=\"robots\" content=\"index, follow, max-snippet:-1, max-image-preview:large, max-video-preview:-1\" \/>\n<link rel=\"canonical\" href=\"https:\/\/pikark.com\/en\/product\/cresta\/\" \/>\n<meta property=\"og:locale\" content=\"en_US\" \/>\n<meta property=\"og:type\" content=\"article\" \/>\n<meta property=\"og:title\" content=\"Cresta - Pikark\" \/>\n<meta property=\"og:description\" content=\"Poltrona Cresta nga Almex Furniture Detajet e rafinuar dhe forma mik\u00ebprit\u00ebse jan\u00eb tiparet dalluese t\u00eb poltron\u00ebs Cresta nga Almex Furniture!\" \/>\n<meta property=\"og:url\" content=\"https:\/\/pikark.com\/en\/product\/cresta\/\" \/>\n<meta property=\"og:site_name\" content=\"Pikark\" \/>\n<meta property=\"article:publisher\" content=\"https:\/\/www.facebook.com\/pikark.al\" \/>\n<meta property=\"article:modified_time\" content=\"2021-05-31T11:09:45+00:00\" \/>\n<meta property=\"og:image\" content=\"https:\/\/pikark.com\/wp-content\/uploads\/2021\/05\/2-3.jpg\" \/>\n\t<meta property=\"og:image:width\" content=\"1920\" \/>\n\t<meta property=\"og:image:height\" content=\"1920\" \/>\n\t<meta property=\"og:image:type\" content=\"image\/jpeg\" \/>\n<meta name=\"twitter:card\" content=\"summary_large_image\" \/>\n<meta name=\"twitter:label1\" content=\"Est. reading time\" \/>\n\t<meta name=\"twitter:data1\" content=\"1 minute\" \/>\n<script type=\"application\/ld+json\" class=\"yoast-schema-graph\">{\"@context\":\"https:\/\/schema.org\",\"@graph\":[{\"@type\":\"WebPage\",\"@id\":\"https:\/\/pikark.com\/en\/product\/cresta\/\",\"url\":\"https:\/\/pikark.com\/en\/product\/cresta\/\",\"name\":\"Cresta - Pikark\",\"isPartOf\":{\"@id\":\"https:\/\/pikark.com\/#website\"},\"datePublished\":\"2021-05-31T11:07:23+00:00\",\"dateModified\":\"2021-05-31T11:09:45+00:00\",\"description\":\"Poltrona Cresta nga Almex Furniture Detajet e rafinuar dhe forma mik\u00ebprit\u00ebse jan\u00eb tiparet dalluese t\u00eb poltron\u00ebs Cresta nga Almex Furniture!\",\"breadcrumb\":{\"@id\":\"https:\/\/pikark.com\/en\/product\/cresta\/#breadcrumb\"},\"inLanguage\":\"en-US\",\"potentialAction\":[{\"@type\":\"ReadAction\",\"target\":[\"https:\/\/pikark.com\/en\/product\/cresta\/\"]}]},{\"@type\":\"BreadcrumbList\",\"@id\":\"https:\/\/pikark.com\/en\/product\/cresta\/#breadcrumb\",\"itemListElement\":[{\"@type\":\"ListItem\",\"position\":1,\"name\":\"Home\",\"item\":\"https:\/\/pikark.com\/\"},{\"@type\":\"ListItem\",\"position\":2,\"name\":\"Shop\",\"item\":\"https:\/\/pikark.com\/en\/shop\/\"},{\"@type\":\"ListItem\",\"position\":3,\"name\":\"Cresta\"}]},{\"@type\":\"WebSite\",\"@id\":\"https:\/\/pikark.com\/#website\",\"url\":\"https:\/\/pikark.com\/\",\"name\":\"Pikark\",\"description\":\"Explore inspiring projects and find the right architects, brand &amp; manufacturers!\",\"publisher\":{\"@id\":\"https:\/\/pikark.com\/#organization\"},\"potentialAction\":[{\"@type\":\"SearchAction\",\"target\":{\"@type\":\"EntryPoint\",\"urlTemplate\":\"https:\/\/pikark.com\/?s={search_term_string}\"},\"query-input\":\"required name=search_term_string\"}],\"inLanguage\":\"en-US\"},{\"@type\":\"Organization\",\"@id\":\"https:\/\/pikark.com\/#organization\",\"name\":\"Pikark\",\"url\":\"https:\/\/pikark.com\/\",\"logo\":{\"@type\":\"ImageObject\",\"inLanguage\":\"en-US\",\"@id\":\"https:\/\/pikark.com\/#\/schema\/logo\/image\/\",\"url\":\"https:\/\/pikark.com\/wp-content\/uploads\/2020\/12\/LOGO_PIKARK-01-1.png\",\"contentUrl\":\"https:\/\/pikark.com\/wp-content\/uploads\/2020\/12\/LOGO_PIKARK-01-1.png\",\"width\":2362,\"height\":2362,\"caption\":\"Pikark\"},\"image\":{\"@id\":\"https:\/\/pikark.com\/#\/schema\/logo\/image\/\"},\"sameAs\":[\"https:\/\/www.facebook.com\/pikark.al\",\"https:\/\/www.instagram.com\/pik.ark\/\"]}]}<\/script>\n<!-- \/ Yoast SEO plugin. -->","yoast_head_json":{"title":"Cresta - Pikark","description":"Poltrona Cresta nga Almex Furniture Detajet e rafinuar dhe forma mik\u00ebprit\u00ebse jan\u00eb tiparet dalluese t\u00eb poltron\u00ebs Cresta nga Almex Furniture!","robots":{"index":"index","follow":"follow","max-snippet":"max-snippet:-1","max-image-preview":"max-image-preview:large","max-video-preview":"max-video-preview:-1"},"canonical":"https:\/\/pikark.com\/en\/product\/cresta\/","og_locale":"en_US","og_type":"article","og_title":"Cresta - Pikark","og_description":"Poltrona Cresta nga Almex Furniture Detajet e rafinuar dhe forma mik\u00ebprit\u00ebse jan\u00eb tiparet dalluese t\u00eb poltron\u00ebs Cresta nga Almex Furniture!","og_url":"https:\/\/pikark.com\/en\/product\/cresta\/","og_site_name":"Pikark","article_publisher":"https:\/\/www.facebook.com\/pikark.al","article_modified_time":"2021-05-31T11:09:45+00:00","og_image":[{"width":1920,"height":1920,"url":"https:\/\/pikark.com\/wp-content\/uploads\/2021\/05\/2-3.jpg","type":"image\/jpeg"}],"twitter_card":"summary_large_image","twitter_misc":{"Est. reading time":"1 minute"},"schema":{"@context":"https:\/\/schema.org","@graph":[{"@type":"WebPage","@id":"https:\/\/pikark.com\/en\/product\/cresta\/","url":"https:\/\/pikark.com\/en\/product\/cresta\/","name":"Cresta - Pikark","isPartOf":{"@id":"https:\/\/pikark.com\/#website"},"datePublished":"2021-05-31T11:07:23+00:00","dateModified":"2021-05-31T11:09:45+00:00","description":"Poltrona Cresta nga Almex Furniture Detajet e rafinuar dhe forma mik\u00ebprit\u00ebse jan\u00eb tiparet dalluese t\u00eb poltron\u00ebs Cresta nga Almex Furniture!","breadcrumb":{"@id":"https:\/\/pikark.com\/en\/product\/cresta\/#breadcrumb"},"inLanguage":"en-US","potentialAction":[{"@type":"ReadAction","target":["https:\/\/pikark.com\/en\/product\/cresta\/"]}]},{"@type":"BreadcrumbList","@id":"https:\/\/pikark.com\/en\/product\/cresta\/#breadcrumb","itemListElement":[{"@type":"ListItem","position":1,"name":"Home","item":"https:\/\/pikark.com\/"},{"@type":"ListItem","position":2,"name":"Shop","item":"https:\/\/pikark.com\/en\/shop\/"},{"@type":"ListItem","position":3,"name":"Cresta"}]},{"@type":"WebSite","@id":"https:\/\/pikark.com\/#website","url":"https:\/\/pikark.com\/","name":"Pikark","description":"Explore inspiring projects and find the right architects, brand &amp; manufacturers!","publisher":{"@id":"https:\/\/pikark.com\/#organization"},"potentialAction":[{"@type":"SearchAction","target":{"@type":"EntryPoint","urlTemplate":"https:\/\/pikark.com\/?s={search_term_string}"},"query-input":"required name=search_term_string"}],"inLanguage":"en-US"},{"@type":"Organization","@id":"https:\/\/pikark.com\/#organization","name":"Pikark","url":"https:\/\/pikark.com\/","logo":{"@type":"ImageObject","inLanguage":"en-US","@id":"https:\/\/pikark.com\/#\/schema\/logo\/image\/","url":"https:\/\/pikark.com\/wp-content\/uploads\/2020\/12\/LOGO_PIKARK-01-1.png","contentUrl":"https:\/\/pikark.com\/wp-content\/uploads\/2020\/12\/LOGO_PIKARK-01-1.png","width":2362,"height":2362,"caption":"Pikark"},"image":{"@id":"https:\/\/pikark.com\/#\/schema\/logo\/image\/"},"sameAs":["https:\/\/www.facebook.com\/pikark.al","https:\/\/www.instagram.com\/pik.ark\/"]}]}},"_links":{"self":[{"href":"https:\/\/pikark.com\/en\/wp-json\/wp\/v2\/product\/24282"}],"collection":[{"href":"https:\/\/pikark.com\/en\/wp-json\/wp\/v2\/product"}],"about":[{"href":"https:\/\/pikark.com\/en\/wp-json\/wp\/v2\/types\/product"}],"replies":[{"embeddable":true,"href":"https:\/\/pikark.com\/en\/wp-json\/wp\/v2\/comments?post=24282"}],"wp:featuredmedia":[{"embeddable":true,"href":"https:\/\/pikark.com\/en\/wp-json\/wp\/v2\/media\/24283"}],"wp:attachment":[{"href":"https:\/\/pikark.com\/en\/wp-json\/wp\/v2\/media?parent=24282"}],"wp:term":[{"taxonomy":"product_cat","embeddable":true,"href":"https:\/\/pikark.com\/en\/wp-json\/wp\/v2\/product_cat?post=24282"},{"taxonomy":"product_tag","embeddable":true,"href":"https:\/\/pikark.com\/en\/wp-json\/wp\/v2\/product_tag?post=24282"}],"curies":[{"name":"wp","href":"https:\/\/api.w.org\/{rel}","templated":true}]}}