{"id":24094,"date":"2021-05-24T09:54:59","date_gmt":"2021-05-24T09:54:59","guid":{"rendered":"https:\/\/pikark.com\/?post_type=product&#038;p=24094"},"modified":"2021-05-24T10:17:54","modified_gmt":"2021-05-24T10:17:54","slug":"shezlloni-alfa-almex-furniture","status":"publish","type":"product","link":"https:\/\/pikark.com\/en\/product\/shezlloni-alfa-almex-furniture\/","title":{"rendered":"Alfa Sunlounge &#8211; Almex Furniture"},"content":{"rendered":"<p>The Alfa Sunlounger from <a href=\"https:\/\/pikark.com\/business\/almex\/\">Almex Contract Furniture<\/a>, is an elegantly designed lounge chairs in an original shape that ensures the utmost comfort. Alfa Sunlounger with armrests with a tubular resin frame and breathable synthetic fabric. A modern sun lounger with simple lines, also ideal for contract use: swimming pool, garden, sea and beach.<\/p>","protected":false},"excerpt":{"rendered":"<p>Italian made from a high quality polypropylene resin that is UV resistant and manufactured with a process that respects the environment. It can be used both for exterior and interior decor<\/p>\n","protected":false},"featured_media":24095,"comment_status":"open","ping_status":"closed","template":"","meta":[],"product_cat":[697,851],"product_tag":[822,855,857,823,856,853,854,852,858],"yoast_head":"<!-- This site is optimized with the Yoast SEO plugin v21.7 - https:\/\/yoast.com\/wordpress\/plugins\/seo\/ -->\n<title>Alfa Sunlounge - Almex Furniture - Pikark<\/title>\n<meta name=\"description\" content=\"Alfa Sunlounger nga Almex Contract Furniture, \u00ebsht\u00eb nj\u00eb karrige dielli e dizajnuar n\u00eb m\u00ebnyr\u00eb elegante n\u00eb nj\u00eb form\u00eb origjinale q\u00eb siguron rehati maksimal.\" \/>\n<meta name=\"robots\" content=\"index, follow, max-snippet:-1, max-image-preview:large, max-video-preview:-1\" \/>\n<link rel=\"canonical\" href=\"https:\/\/pikark.com\/product\/shezlloni-alfa-almex-furniture\/\" \/>\n<meta property=\"og:locale\" content=\"en_US\" \/>\n<meta property=\"og:type\" content=\"article\" \/>\n<meta property=\"og:title\" content=\"Alfa Sunlounge - Almex Furniture - Pikark\" \/>\n<meta property=\"og:description\" content=\"Alfa Sunlounger nga Almex Contract Furniture, \u00ebsht\u00eb nj\u00eb karrige dielli e dizajnuar n\u00eb m\u00ebnyr\u00eb elegante n\u00eb nj\u00eb form\u00eb origjinale q\u00eb siguron rehati maksimal.\" \/>\n<meta property=\"og:url\" content=\"https:\/\/pikark.com\/product\/shezlloni-alfa-almex-furniture\/\" \/>\n<meta property=\"og:site_name\" content=\"Pikark\" \/>\n<meta property=\"article:publisher\" content=\"https:\/\/www.facebook.com\/pikark.al\" \/>\n<meta property=\"article:modified_time\" content=\"2021-05-24T10:17:54+00:00\" \/>\n<meta property=\"og:image\" content=\"https:\/\/pikark.com\/wp-content\/uploads\/2021\/05\/1-2.jpg\" \/>\n\t<meta property=\"og:image:width\" content=\"1080\" \/>\n\t<meta property=\"og:image:height\" content=\"1080\" \/>\n\t<meta property=\"og:image:type\" content=\"image\/jpeg\" \/>\n<meta name=\"twitter:card\" content=\"summary_large_image\" \/>\n<meta name=\"twitter:label1\" content=\"Est. reading time\" \/>\n\t<meta name=\"twitter:data1\" content=\"1 minute\" \/>\n<script type=\"application\/ld+json\" class=\"yoast-schema-graph\">{\"@context\":\"https:\/\/schema.org\",\"@graph\":[{\"@type\":\"WebPage\",\"@id\":\"https:\/\/pikark.com\/product\/shezlloni-alfa-almex-furniture\/\",\"url\":\"https:\/\/pikark.com\/product\/shezlloni-alfa-almex-furniture\/\",\"name\":\"[:sq]Shezlloni Alfa - Almex Furniture[:en]Alfa Sunlounge - Almex Furniture[:] - Pikark\",\"isPartOf\":{\"@id\":\"https:\/\/pikark.com\/#website\"},\"datePublished\":\"2021-05-24T09:54:59+00:00\",\"dateModified\":\"2021-05-24T10:17:54+00:00\",\"description\":\"Alfa Sunlounger nga Almex Contract Furniture, \u00ebsht\u00eb nj\u00eb karrige dielli e dizajnuar n\u00eb m\u00ebnyr\u00eb elegante n\u00eb nj\u00eb form\u00eb origjinale q\u00eb siguron rehati maksimal.\",\"breadcrumb\":{\"@id\":\"https:\/\/pikark.com\/product\/shezlloni-alfa-almex-furniture\/#breadcrumb\"},\"inLanguage\":\"en-US\",\"potentialAction\":[{\"@type\":\"ReadAction\",\"target\":[\"https:\/\/pikark.com\/product\/shezlloni-alfa-almex-furniture\/\"]}]},{\"@type\":\"BreadcrumbList\",\"@id\":\"https:\/\/pikark.com\/product\/shezlloni-alfa-almex-furniture\/#breadcrumb\",\"itemListElement\":[{\"@type\":\"ListItem\",\"position\":1,\"name\":\"Home\",\"item\":\"https:\/\/pikark.com\/\"},{\"@type\":\"ListItem\",\"position\":2,\"name\":\"Shop\",\"item\":\"https:\/\/pikark.com\/en\/shop\/\"},{\"@type\":\"ListItem\",\"position\":3,\"name\":\"Shezlloni Alfa &#8211; Almex Furniture\"}]},{\"@type\":\"WebSite\",\"@id\":\"https:\/\/pikark.com\/#website\",\"url\":\"https:\/\/pikark.com\/\",\"name\":\"Pikark\",\"description\":\"Explore inspiring projects and find the right architects, brand &amp; manufacturers!\",\"publisher\":{\"@id\":\"https:\/\/pikark.com\/#organization\"},\"potentialAction\":[{\"@type\":\"SearchAction\",\"target\":{\"@type\":\"EntryPoint\",\"urlTemplate\":\"https:\/\/pikark.com\/?s={search_term_string}\"},\"query-input\":\"required name=search_term_string\"}],\"inLanguage\":\"en-US\"},{\"@type\":\"Organization\",\"@id\":\"https:\/\/pikark.com\/#organization\",\"name\":\"Pikark\",\"url\":\"https:\/\/pikark.com\/\",\"logo\":{\"@type\":\"ImageObject\",\"inLanguage\":\"en-US\",\"@id\":\"https:\/\/pikark.com\/#\/schema\/logo\/image\/\",\"url\":\"https:\/\/pikark.com\/wp-content\/uploads\/2020\/12\/LOGO_PIKARK-01-1.png\",\"contentUrl\":\"https:\/\/pikark.com\/wp-content\/uploads\/2020\/12\/LOGO_PIKARK-01-1.png\",\"width\":2362,\"height\":2362,\"caption\":\"Pikark\"},\"image\":{\"@id\":\"https:\/\/pikark.com\/#\/schema\/logo\/image\/\"},\"sameAs\":[\"https:\/\/www.facebook.com\/pikark.al\",\"https:\/\/www.instagram.com\/pik.ark\/\"]}]}<\/script>\n<!-- \/ Yoast SEO plugin. -->","yoast_head_json":{"title":"Alfa Sunlounge - Almex Furniture - Pikark","description":"Alfa Sunlounger nga Almex Contract Furniture, \u00ebsht\u00eb nj\u00eb karrige dielli e dizajnuar n\u00eb m\u00ebnyr\u00eb elegante n\u00eb nj\u00eb form\u00eb origjinale q\u00eb siguron rehati maksimal.","robots":{"index":"index","follow":"follow","max-snippet":"max-snippet:-1","max-image-preview":"max-image-preview:large","max-video-preview":"max-video-preview:-1"},"canonical":"https:\/\/pikark.com\/product\/shezlloni-alfa-almex-furniture\/","og_locale":"en_US","og_type":"article","og_title":"Alfa Sunlounge - Almex Furniture - Pikark","og_description":"Alfa Sunlounger nga Almex Contract Furniture, \u00ebsht\u00eb nj\u00eb karrige dielli e dizajnuar n\u00eb m\u00ebnyr\u00eb elegante n\u00eb nj\u00eb form\u00eb origjinale q\u00eb siguron rehati maksimal.","og_url":"https:\/\/pikark.com\/product\/shezlloni-alfa-almex-furniture\/","og_site_name":"Pikark","article_publisher":"https:\/\/www.facebook.com\/pikark.al","article_modified_time":"2021-05-24T10:17:54+00:00","og_image":[{"width":1080,"height":1080,"url":"https:\/\/pikark.com\/wp-content\/uploads\/2021\/05\/1-2.jpg","type":"image\/jpeg"}],"twitter_card":"summary_large_image","twitter_misc":{"Est. reading time":"1 minute"},"schema":{"@context":"https:\/\/schema.org","@graph":[{"@type":"WebPage","@id":"https:\/\/pikark.com\/product\/shezlloni-alfa-almex-furniture\/","url":"https:\/\/pikark.com\/product\/shezlloni-alfa-almex-furniture\/","name":"[:sq]Shezlloni Alfa - Almex Furniture[:en]Alfa Sunlounge - Almex Furniture[:] - Pikark","isPartOf":{"@id":"https:\/\/pikark.com\/#website"},"datePublished":"2021-05-24T09:54:59+00:00","dateModified":"2021-05-24T10:17:54+00:00","description":"Alfa Sunlounger nga Almex Contract Furniture, \u00ebsht\u00eb nj\u00eb karrige dielli e dizajnuar n\u00eb m\u00ebnyr\u00eb elegante n\u00eb nj\u00eb form\u00eb origjinale q\u00eb siguron rehati maksimal.","breadcrumb":{"@id":"https:\/\/pikark.com\/product\/shezlloni-alfa-almex-furniture\/#breadcrumb"},"inLanguage":"en-US","potentialAction":[{"@type":"ReadAction","target":["https:\/\/pikark.com\/product\/shezlloni-alfa-almex-furniture\/"]}]},{"@type":"BreadcrumbList","@id":"https:\/\/pikark.com\/product\/shezlloni-alfa-almex-furniture\/#breadcrumb","itemListElement":[{"@type":"ListItem","position":1,"name":"Home","item":"https:\/\/pikark.com\/"},{"@type":"ListItem","position":2,"name":"Shop","item":"https:\/\/pikark.com\/en\/shop\/"},{"@type":"ListItem","position":3,"name":"Shezlloni Alfa &#8211; Almex Furniture"}]},{"@type":"WebSite","@id":"https:\/\/pikark.com\/#website","url":"https:\/\/pikark.com\/","name":"Pikark","description":"Explore inspiring projects and find the right architects, brand &amp; manufacturers!","publisher":{"@id":"https:\/\/pikark.com\/#organization"},"potentialAction":[{"@type":"SearchAction","target":{"@type":"EntryPoint","urlTemplate":"https:\/\/pikark.com\/?s={search_term_string}"},"query-input":"required name=search_term_string"}],"inLanguage":"en-US"},{"@type":"Organization","@id":"https:\/\/pikark.com\/#organization","name":"Pikark","url":"https:\/\/pikark.com\/","logo":{"@type":"ImageObject","inLanguage":"en-US","@id":"https:\/\/pikark.com\/#\/schema\/logo\/image\/","url":"https:\/\/pikark.com\/wp-content\/uploads\/2020\/12\/LOGO_PIKARK-01-1.png","contentUrl":"https:\/\/pikark.com\/wp-content\/uploads\/2020\/12\/LOGO_PIKARK-01-1.png","width":2362,"height":2362,"caption":"Pikark"},"image":{"@id":"https:\/\/pikark.com\/#\/schema\/logo\/image\/"},"sameAs":["https:\/\/www.facebook.com\/pikark.al","https:\/\/www.instagram.com\/pik.ark\/"]}]}},"_links":{"self":[{"href":"https:\/\/pikark.com\/en\/wp-json\/wp\/v2\/product\/24094"}],"collection":[{"href":"https:\/\/pikark.com\/en\/wp-json\/wp\/v2\/product"}],"about":[{"href":"https:\/\/pikark.com\/en\/wp-json\/wp\/v2\/types\/product"}],"replies":[{"embeddable":true,"href":"https:\/\/pikark.com\/en\/wp-json\/wp\/v2\/comments?post=24094"}],"wp:featuredmedia":[{"embeddable":true,"href":"https:\/\/pikark.com\/en\/wp-json\/wp\/v2\/media\/24095"}],"wp:attachment":[{"href":"https:\/\/pikark.com\/en\/wp-json\/wp\/v2\/media?parent=24094"}],"wp:term":[{"taxonomy":"product_cat","embeddable":true,"href":"https:\/\/pikark.com\/en\/wp-json\/wp\/v2\/product_cat?post=24094"},{"taxonomy":"product_tag","embeddable":true,"href":"https:\/\/pikark.com\/en\/wp-json\/wp\/v2\/product_tag?post=24094"}],"curies":[{"name":"wp","href":"https:\/\/api.w.org\/{rel}","templated":true}]}}