{"id":24043,"date":"2021-05-21T07:50:38","date_gmt":"2021-05-21T07:50:38","guid":{"rendered":"https:\/\/pikark.com\/?post_type=product&#038;p=24043"},"modified":"2021-05-21T12:23:59","modified_gmt":"2021-05-21T12:23:59","slug":"comfort-m850-rrjeta-mbrojtese-kunder-insekteve","status":"publish","type":"product","link":"https:\/\/pikark.com\/en\/product\/comfort-m850-rrjeta-mbrojtese-kunder-insekteve\/","title":{"rendered":"COMFORT M850 Rrjeta mbrojt\u00ebse kund\u00ebr insekteve"},"content":{"rendered":"<p>Sistemi COMFORT \u039c850 p\u00ebr rrjeta mbrojt\u00ebse kund\u00ebr insekteve \u00ebsht\u00eb dizenjuar p\u00ebr t\u00eb ofruar p\u00ebrshtatshm\u00ebri dhe integrim tek sistemet tona t\u00eb dritareve, me rr\u00ebshqitje dhe me hapje, me zgjidhje t\u00eb ndryshme, p.sh. pjes\u00eb fikse, me mentesha dhe me rr\u00ebshqitje. Fleksibiliteti q\u00eb ato realizojn\u00eb \u00ebsht\u00eb mjaft i madh p\u00ebr ar\u00ebsye edhe t\u00eb vet\u00eb dizenjimit t\u00eb tyre inxhinierik. Avantazhet Integrohen tek sistemet me rr\u00ebshqitje dhe me mentesha. Zgjidhje me konstruksion fiks, me mentesha dhe me rr\u00ebshqitje Instalim i leht\u00eb Kan\u00eb mund\u00ebsi p\u00ebr t&#8217;u vendosur n\u00eb hap\u00ebsira me dimensione t\u00eb m\u00ebdha Eleganc\u00eb me pamje vizive mjaft t\u00eb reduktuara Operim me leht\u00ebsi dhe funksionalitet me jet\u00eb-gjat\u00ebsi t\u00eb madhe<\/p>\n","protected":false},"excerpt":{"rendered":"<p>COMFORT M850 Rrjeta mbrojt\u00ebse kund\u00ebr insekteve<\/p>\n","protected":false},"featured_media":24041,"comment_status":"open","ping_status":"closed","template":"","meta":[],"product_cat":[715],"product_tag":[805,806,807,808],"yoast_head":"<!-- This site is optimized with the Yoast SEO plugin v21.7 - https:\/\/yoast.com\/wordpress\/plugins\/seo\/ -->\n<title>COMFORT M850 Rrjeta mbrojt\u00ebse kund\u00ebr insekteve - Pikark<\/title>\n<meta name=\"robots\" content=\"index, follow, max-snippet:-1, max-image-preview:large, max-video-preview:-1\" \/>\n<link rel=\"canonical\" href=\"https:\/\/pikark.com\/en\/product\/comfort-m850-rrjeta-mbrojtese-kunder-insekteve\/\" \/>\n<meta property=\"og:locale\" content=\"en_US\" \/>\n<meta property=\"og:type\" content=\"article\" \/>\n<meta property=\"og:title\" content=\"COMFORT M850 Rrjeta mbrojt\u00ebse kund\u00ebr insekteve - Pikark\" \/>\n<meta property=\"og:description\" content=\"COMFORT M850 Rrjeta mbrojt\u00ebse kund\u00ebr insekteve\" \/>\n<meta property=\"og:url\" content=\"https:\/\/pikark.com\/en\/product\/comfort-m850-rrjeta-mbrojtese-kunder-insekteve\/\" \/>\n<meta property=\"og:site_name\" content=\"Pikark\" \/>\n<meta property=\"article:publisher\" content=\"https:\/\/www.facebook.com\/pikark.al\" \/>\n<meta property=\"article:modified_time\" content=\"2021-05-21T12:23:59+00:00\" \/>\n<meta property=\"og:image\" content=\"https:\/\/pikark.com\/wp-content\/uploads\/2021\/05\/adobestock_167185957.jpg\" \/>\n\t<meta property=\"og:image:width\" content=\"620\" \/>\n\t<meta property=\"og:image:height\" content=\"380\" \/>\n\t<meta property=\"og:image:type\" content=\"image\/jpeg\" \/>\n<meta name=\"twitter:card\" content=\"summary_large_image\" \/>\n<meta name=\"twitter:label1\" content=\"Est. reading time\" \/>\n\t<meta name=\"twitter:data1\" content=\"1 minute\" \/>\n<script type=\"application\/ld+json\" class=\"yoast-schema-graph\">{\"@context\":\"https:\/\/schema.org\",\"@graph\":[{\"@type\":\"WebPage\",\"@id\":\"https:\/\/pikark.com\/en\/product\/comfort-m850-rrjeta-mbrojtese-kunder-insekteve\/\",\"url\":\"https:\/\/pikark.com\/en\/product\/comfort-m850-rrjeta-mbrojtese-kunder-insekteve\/\",\"name\":\"COMFORT M850 Rrjeta mbrojt\u00ebse kund\u00ebr insekteve - Pikark\",\"isPartOf\":{\"@id\":\"https:\/\/pikark.com\/#website\"},\"datePublished\":\"2021-05-21T07:50:38+00:00\",\"dateModified\":\"2021-05-21T12:23:59+00:00\",\"breadcrumb\":{\"@id\":\"https:\/\/pikark.com\/en\/product\/comfort-m850-rrjeta-mbrojtese-kunder-insekteve\/#breadcrumb\"},\"inLanguage\":\"en-US\",\"potentialAction\":[{\"@type\":\"ReadAction\",\"target\":[\"https:\/\/pikark.com\/en\/product\/comfort-m850-rrjeta-mbrojtese-kunder-insekteve\/\"]}]},{\"@type\":\"BreadcrumbList\",\"@id\":\"https:\/\/pikark.com\/en\/product\/comfort-m850-rrjeta-mbrojtese-kunder-insekteve\/#breadcrumb\",\"itemListElement\":[{\"@type\":\"ListItem\",\"position\":1,\"name\":\"Home\",\"item\":\"https:\/\/pikark.com\/\"},{\"@type\":\"ListItem\",\"position\":2,\"name\":\"Shop\",\"item\":\"https:\/\/pikark.com\/en\/shop\/\"},{\"@type\":\"ListItem\",\"position\":3,\"name\":\"COMFORT M850 Rrjeta mbrojt\u00ebse kund\u00ebr insekteve\"}]},{\"@type\":\"WebSite\",\"@id\":\"https:\/\/pikark.com\/#website\",\"url\":\"https:\/\/pikark.com\/\",\"name\":\"Pikark\",\"description\":\"Explore inspiring projects and find the right architects, brand &amp; manufacturers!\",\"publisher\":{\"@id\":\"https:\/\/pikark.com\/#organization\"},\"potentialAction\":[{\"@type\":\"SearchAction\",\"target\":{\"@type\":\"EntryPoint\",\"urlTemplate\":\"https:\/\/pikark.com\/?s={search_term_string}\"},\"query-input\":\"required name=search_term_string\"}],\"inLanguage\":\"en-US\"},{\"@type\":\"Organization\",\"@id\":\"https:\/\/pikark.com\/#organization\",\"name\":\"Pikark\",\"url\":\"https:\/\/pikark.com\/\",\"logo\":{\"@type\":\"ImageObject\",\"inLanguage\":\"en-US\",\"@id\":\"https:\/\/pikark.com\/#\/schema\/logo\/image\/\",\"url\":\"https:\/\/pikark.com\/wp-content\/uploads\/2020\/12\/LOGO_PIKARK-01-1.png\",\"contentUrl\":\"https:\/\/pikark.com\/wp-content\/uploads\/2020\/12\/LOGO_PIKARK-01-1.png\",\"width\":2362,\"height\":2362,\"caption\":\"Pikark\"},\"image\":{\"@id\":\"https:\/\/pikark.com\/#\/schema\/logo\/image\/\"},\"sameAs\":[\"https:\/\/www.facebook.com\/pikark.al\",\"https:\/\/www.instagram.com\/pik.ark\/\"]}]}<\/script>\n<!-- \/ Yoast SEO plugin. -->","yoast_head_json":{"title":"COMFORT M850 Rrjeta mbrojt\u00ebse kund\u00ebr insekteve - Pikark","robots":{"index":"index","follow":"follow","max-snippet":"max-snippet:-1","max-image-preview":"max-image-preview:large","max-video-preview":"max-video-preview:-1"},"canonical":"https:\/\/pikark.com\/en\/product\/comfort-m850-rrjeta-mbrojtese-kunder-insekteve\/","og_locale":"en_US","og_type":"article","og_title":"COMFORT M850 Rrjeta mbrojt\u00ebse kund\u00ebr insekteve - Pikark","og_description":"COMFORT M850 Rrjeta mbrojt\u00ebse kund\u00ebr insekteve","og_url":"https:\/\/pikark.com\/en\/product\/comfort-m850-rrjeta-mbrojtese-kunder-insekteve\/","og_site_name":"Pikark","article_publisher":"https:\/\/www.facebook.com\/pikark.al","article_modified_time":"2021-05-21T12:23:59+00:00","og_image":[{"width":620,"height":380,"url":"https:\/\/pikark.com\/wp-content\/uploads\/2021\/05\/adobestock_167185957.jpg","type":"image\/jpeg"}],"twitter_card":"summary_large_image","twitter_misc":{"Est. reading time":"1 minute"},"schema":{"@context":"https:\/\/schema.org","@graph":[{"@type":"WebPage","@id":"https:\/\/pikark.com\/en\/product\/comfort-m850-rrjeta-mbrojtese-kunder-insekteve\/","url":"https:\/\/pikark.com\/en\/product\/comfort-m850-rrjeta-mbrojtese-kunder-insekteve\/","name":"COMFORT M850 Rrjeta mbrojt\u00ebse kund\u00ebr insekteve - Pikark","isPartOf":{"@id":"https:\/\/pikark.com\/#website"},"datePublished":"2021-05-21T07:50:38+00:00","dateModified":"2021-05-21T12:23:59+00:00","breadcrumb":{"@id":"https:\/\/pikark.com\/en\/product\/comfort-m850-rrjeta-mbrojtese-kunder-insekteve\/#breadcrumb"},"inLanguage":"en-US","potentialAction":[{"@type":"ReadAction","target":["https:\/\/pikark.com\/en\/product\/comfort-m850-rrjeta-mbrojtese-kunder-insekteve\/"]}]},{"@type":"BreadcrumbList","@id":"https:\/\/pikark.com\/en\/product\/comfort-m850-rrjeta-mbrojtese-kunder-insekteve\/#breadcrumb","itemListElement":[{"@type":"ListItem","position":1,"name":"Home","item":"https:\/\/pikark.com\/"},{"@type":"ListItem","position":2,"name":"Shop","item":"https:\/\/pikark.com\/en\/shop\/"},{"@type":"ListItem","position":3,"name":"COMFORT M850 Rrjeta mbrojt\u00ebse kund\u00ebr insekteve"}]},{"@type":"WebSite","@id":"https:\/\/pikark.com\/#website","url":"https:\/\/pikark.com\/","name":"Pikark","description":"Explore inspiring projects and find the right architects, brand &amp; manufacturers!","publisher":{"@id":"https:\/\/pikark.com\/#organization"},"potentialAction":[{"@type":"SearchAction","target":{"@type":"EntryPoint","urlTemplate":"https:\/\/pikark.com\/?s={search_term_string}"},"query-input":"required name=search_term_string"}],"inLanguage":"en-US"},{"@type":"Organization","@id":"https:\/\/pikark.com\/#organization","name":"Pikark","url":"https:\/\/pikark.com\/","logo":{"@type":"ImageObject","inLanguage":"en-US","@id":"https:\/\/pikark.com\/#\/schema\/logo\/image\/","url":"https:\/\/pikark.com\/wp-content\/uploads\/2020\/12\/LOGO_PIKARK-01-1.png","contentUrl":"https:\/\/pikark.com\/wp-content\/uploads\/2020\/12\/LOGO_PIKARK-01-1.png","width":2362,"height":2362,"caption":"Pikark"},"image":{"@id":"https:\/\/pikark.com\/#\/schema\/logo\/image\/"},"sameAs":["https:\/\/www.facebook.com\/pikark.al","https:\/\/www.instagram.com\/pik.ark\/"]}]}},"_links":{"self":[{"href":"https:\/\/pikark.com\/en\/wp-json\/wp\/v2\/product\/24043"}],"collection":[{"href":"https:\/\/pikark.com\/en\/wp-json\/wp\/v2\/product"}],"about":[{"href":"https:\/\/pikark.com\/en\/wp-json\/wp\/v2\/types\/product"}],"replies":[{"embeddable":true,"href":"https:\/\/pikark.com\/en\/wp-json\/wp\/v2\/comments?post=24043"}],"wp:featuredmedia":[{"embeddable":true,"href":"https:\/\/pikark.com\/en\/wp-json\/wp\/v2\/media\/24041"}],"wp:attachment":[{"href":"https:\/\/pikark.com\/en\/wp-json\/wp\/v2\/media?parent=24043"}],"wp:term":[{"taxonomy":"product_cat","embeddable":true,"href":"https:\/\/pikark.com\/en\/wp-json\/wp\/v2\/product_cat?post=24043"},{"taxonomy":"product_tag","embeddable":true,"href":"https:\/\/pikark.com\/en\/wp-json\/wp\/v2\/product_tag?post=24043"}],"curies":[{"name":"wp","href":"https:\/\/api.w.org\/{rel}","templated":true}]}}