{"id":23875,"date":"2021-05-10T13:20:50","date_gmt":"2021-05-10T13:20:50","guid":{"rendered":"https:\/\/pikark.com\/?post_type=product&#038;p=23875"},"modified":"2024-03-16T23:25:51","modified_gmt":"2024-03-16T23:25:51","slug":"grila-persiane-smartia-m5300","status":"publish","type":"product","link":"https:\/\/pikark.com\/en\/product\/grila-persiane-smartia-m5300\/","title":{"rendered":"Grila Persiane SMARTIA M5300"},"content":{"rendered":"<p>SMARTIA M5300 \u00ebsht\u00eb nj\u00eb sistem grilash me hapje, t\u00eb dizenjuara p\u00ebr instalim t\u00eb jasht\u00ebm. Dizajn minimal ose dizajn tradicional. I p\u00ebrshtatsh\u00ebm p\u00ebr rinovimet dhe ideal p\u00ebr vendbanimet tradicionale ose hotele, sht\u00ebpit\u00eb nj\u00eb kat\u00ebshe kur eshte e d\u00ebshirueshme t\u00eb mbahet dizenjimi i linj\u00ebs minimale Avantazhet Dizajni minimal dhe mentesha t\u00eb fshehura I leht\u00eb p\u00ebr tu instaluar jasht\u00eb, pa akses nga dhoma e br\u00ebndshme Aft\u00ebsia p\u00ebr t\u00eb integruar profilet mbush\u00ebse rrotullues me mekaniz\u00ebm 25 dhe 35mm Aft\u00ebsia p\u00ebr t\u00eb instaluar dizajnin tradicional t\u00eb mbylljes Aft\u00ebsia p\u00ebr t\u00eb ventiluar, dhe n\u00eb t\u00eb nj\u00ebjt\u00ebn koh\u00eb mbrojtja nga rita dhe krijimin nj\u00eb hap\u00ebsire t\u00eb sigurt\u00eb dhe izolimi pamor\u00eb nga mjedisi i jasht\u00ebm<\/p>\n","protected":false},"excerpt":{"rendered":"<p>Grila Persiane SMARTIA M5300<\/p>\n","protected":false},"featured_media":23874,"comment_status":"open","ping_status":"closed","template":"","meta":[],"product_cat":[763,715,709,831],"product_tag":[805,806,807,808],"yoast_head":"<!-- This site is optimized with the Yoast SEO plugin v21.7 - https:\/\/yoast.com\/wordpress\/plugins\/seo\/ -->\n<title>Grila Persiane SMARTIA M5300 - Pikark<\/title>\n<meta name=\"robots\" content=\"index, follow, max-snippet:-1, max-image-preview:large, max-video-preview:-1\" \/>\n<link rel=\"canonical\" href=\"https:\/\/pikark.com\/en\/product\/grila-persiane-smartia-m5300\/\" \/>\n<meta property=\"og:locale\" content=\"en_US\" \/>\n<meta property=\"og:type\" content=\"article\" \/>\n<meta property=\"og:title\" content=\"Grila Persiane SMARTIA M5300 - Pikark\" \/>\n<meta property=\"og:description\" content=\"Grila Persiane SMARTIA M5300\" \/>\n<meta property=\"og:url\" content=\"https:\/\/pikark.com\/en\/product\/grila-persiane-smartia-m5300\/\" \/>\n<meta property=\"og:site_name\" content=\"Pikark\" \/>\n<meta property=\"article:publisher\" content=\"https:\/\/www.facebook.com\/pikark.al\" \/>\n<meta property=\"article:modified_time\" content=\"2024-03-16T23:25:51+00:00\" \/>\n<meta property=\"og:image\" content=\"https:\/\/pikark.com\/wp-content\/uploads\/2021\/05\/m5300.jpg\" \/>\n\t<meta property=\"og:image:width\" content=\"620\" \/>\n\t<meta property=\"og:image:height\" content=\"380\" \/>\n\t<meta property=\"og:image:type\" content=\"image\/jpeg\" \/>\n<meta name=\"twitter:card\" content=\"summary_large_image\" \/>\n<meta name=\"twitter:label1\" content=\"Est. reading time\" \/>\n\t<meta name=\"twitter:data1\" content=\"1 minute\" \/>\n<script type=\"application\/ld+json\" class=\"yoast-schema-graph\">{\"@context\":\"https:\/\/schema.org\",\"@graph\":[{\"@type\":\"WebPage\",\"@id\":\"https:\/\/pikark.com\/en\/product\/grila-persiane-smartia-m5300\/\",\"url\":\"https:\/\/pikark.com\/en\/product\/grila-persiane-smartia-m5300\/\",\"name\":\"Grila Persiane SMARTIA M5300 - Pikark\",\"isPartOf\":{\"@id\":\"https:\/\/pikark.com\/#website\"},\"datePublished\":\"2021-05-10T13:20:50+00:00\",\"dateModified\":\"2024-03-16T23:25:51+00:00\",\"breadcrumb\":{\"@id\":\"https:\/\/pikark.com\/en\/product\/grila-persiane-smartia-m5300\/#breadcrumb\"},\"inLanguage\":\"en-US\",\"potentialAction\":[{\"@type\":\"ReadAction\",\"target\":[\"https:\/\/pikark.com\/en\/product\/grila-persiane-smartia-m5300\/\"]}]},{\"@type\":\"BreadcrumbList\",\"@id\":\"https:\/\/pikark.com\/en\/product\/grila-persiane-smartia-m5300\/#breadcrumb\",\"itemListElement\":[{\"@type\":\"ListItem\",\"position\":1,\"name\":\"Home\",\"item\":\"https:\/\/pikark.com\/\"},{\"@type\":\"ListItem\",\"position\":2,\"name\":\"Shop\",\"item\":\"https:\/\/pikark.com\/en\/shop\/\"},{\"@type\":\"ListItem\",\"position\":3,\"name\":\"Grila Persiane SMARTIA M5300\"}]},{\"@type\":\"WebSite\",\"@id\":\"https:\/\/pikark.com\/#website\",\"url\":\"https:\/\/pikark.com\/\",\"name\":\"Pikark\",\"description\":\"Explore inspiring projects and find the right architects, brand &amp; manufacturers!\",\"publisher\":{\"@id\":\"https:\/\/pikark.com\/#organization\"},\"potentialAction\":[{\"@type\":\"SearchAction\",\"target\":{\"@type\":\"EntryPoint\",\"urlTemplate\":\"https:\/\/pikark.com\/?s={search_term_string}\"},\"query-input\":\"required name=search_term_string\"}],\"inLanguage\":\"en-US\"},{\"@type\":\"Organization\",\"@id\":\"https:\/\/pikark.com\/#organization\",\"name\":\"Pikark\",\"url\":\"https:\/\/pikark.com\/\",\"logo\":{\"@type\":\"ImageObject\",\"inLanguage\":\"en-US\",\"@id\":\"https:\/\/pikark.com\/#\/schema\/logo\/image\/\",\"url\":\"https:\/\/pikark.com\/wp-content\/uploads\/2020\/12\/LOGO_PIKARK-01-1.png\",\"contentUrl\":\"https:\/\/pikark.com\/wp-content\/uploads\/2020\/12\/LOGO_PIKARK-01-1.png\",\"width\":2362,\"height\":2362,\"caption\":\"Pikark\"},\"image\":{\"@id\":\"https:\/\/pikark.com\/#\/schema\/logo\/image\/\"},\"sameAs\":[\"https:\/\/www.facebook.com\/pikark.al\",\"https:\/\/www.instagram.com\/pik.ark\/\"]}]}<\/script>\n<!-- \/ Yoast SEO plugin. -->","yoast_head_json":{"title":"Grila Persiane SMARTIA M5300 - Pikark","robots":{"index":"index","follow":"follow","max-snippet":"max-snippet:-1","max-image-preview":"max-image-preview:large","max-video-preview":"max-video-preview:-1"},"canonical":"https:\/\/pikark.com\/en\/product\/grila-persiane-smartia-m5300\/","og_locale":"en_US","og_type":"article","og_title":"Grila Persiane SMARTIA M5300 - Pikark","og_description":"Grila Persiane SMARTIA M5300","og_url":"https:\/\/pikark.com\/en\/product\/grila-persiane-smartia-m5300\/","og_site_name":"Pikark","article_publisher":"https:\/\/www.facebook.com\/pikark.al","article_modified_time":"2024-03-16T23:25:51+00:00","og_image":[{"width":620,"height":380,"url":"https:\/\/pikark.com\/wp-content\/uploads\/2021\/05\/m5300.jpg","type":"image\/jpeg"}],"twitter_card":"summary_large_image","twitter_misc":{"Est. reading time":"1 minute"},"schema":{"@context":"https:\/\/schema.org","@graph":[{"@type":"WebPage","@id":"https:\/\/pikark.com\/en\/product\/grila-persiane-smartia-m5300\/","url":"https:\/\/pikark.com\/en\/product\/grila-persiane-smartia-m5300\/","name":"Grila Persiane SMARTIA M5300 - Pikark","isPartOf":{"@id":"https:\/\/pikark.com\/#website"},"datePublished":"2021-05-10T13:20:50+00:00","dateModified":"2024-03-16T23:25:51+00:00","breadcrumb":{"@id":"https:\/\/pikark.com\/en\/product\/grila-persiane-smartia-m5300\/#breadcrumb"},"inLanguage":"en-US","potentialAction":[{"@type":"ReadAction","target":["https:\/\/pikark.com\/en\/product\/grila-persiane-smartia-m5300\/"]}]},{"@type":"BreadcrumbList","@id":"https:\/\/pikark.com\/en\/product\/grila-persiane-smartia-m5300\/#breadcrumb","itemListElement":[{"@type":"ListItem","position":1,"name":"Home","item":"https:\/\/pikark.com\/"},{"@type":"ListItem","position":2,"name":"Shop","item":"https:\/\/pikark.com\/en\/shop\/"},{"@type":"ListItem","position":3,"name":"Grila Persiane SMARTIA M5300"}]},{"@type":"WebSite","@id":"https:\/\/pikark.com\/#website","url":"https:\/\/pikark.com\/","name":"Pikark","description":"Explore inspiring projects and find the right architects, brand &amp; manufacturers!","publisher":{"@id":"https:\/\/pikark.com\/#organization"},"potentialAction":[{"@type":"SearchAction","target":{"@type":"EntryPoint","urlTemplate":"https:\/\/pikark.com\/?s={search_term_string}"},"query-input":"required name=search_term_string"}],"inLanguage":"en-US"},{"@type":"Organization","@id":"https:\/\/pikark.com\/#organization","name":"Pikark","url":"https:\/\/pikark.com\/","logo":{"@type":"ImageObject","inLanguage":"en-US","@id":"https:\/\/pikark.com\/#\/schema\/logo\/image\/","url":"https:\/\/pikark.com\/wp-content\/uploads\/2020\/12\/LOGO_PIKARK-01-1.png","contentUrl":"https:\/\/pikark.com\/wp-content\/uploads\/2020\/12\/LOGO_PIKARK-01-1.png","width":2362,"height":2362,"caption":"Pikark"},"image":{"@id":"https:\/\/pikark.com\/#\/schema\/logo\/image\/"},"sameAs":["https:\/\/www.facebook.com\/pikark.al","https:\/\/www.instagram.com\/pik.ark\/"]}]}},"_links":{"self":[{"href":"https:\/\/pikark.com\/en\/wp-json\/wp\/v2\/product\/23875"}],"collection":[{"href":"https:\/\/pikark.com\/en\/wp-json\/wp\/v2\/product"}],"about":[{"href":"https:\/\/pikark.com\/en\/wp-json\/wp\/v2\/types\/product"}],"replies":[{"embeddable":true,"href":"https:\/\/pikark.com\/en\/wp-json\/wp\/v2\/comments?post=23875"}],"wp:featuredmedia":[{"embeddable":true,"href":"https:\/\/pikark.com\/en\/wp-json\/wp\/v2\/media\/23874"}],"wp:attachment":[{"href":"https:\/\/pikark.com\/en\/wp-json\/wp\/v2\/media?parent=23875"}],"wp:term":[{"taxonomy":"product_cat","embeddable":true,"href":"https:\/\/pikark.com\/en\/wp-json\/wp\/v2\/product_cat?post=23875"},{"taxonomy":"product_tag","embeddable":true,"href":"https:\/\/pikark.com\/en\/wp-json\/wp\/v2\/product_tag?post=23875"}],"curies":[{"name":"wp","href":"https:\/\/api.w.org\/{rel}","templated":true}]}}