{"id":23849,"date":"2021-05-10T10:07:53","date_gmt":"2021-05-10T10:07:53","guid":{"rendered":"https:\/\/pikark.com\/?post_type=product&#038;p=23849"},"modified":"2024-03-16T22:59:25","modified_gmt":"2024-03-16T22:59:25","slug":"little-queen-of-love","status":"publish","type":"product","link":"https:\/\/pikark.com\/en\/product\/little-queen-of-love\/","title":{"rendered":"Little Queen of Love"},"content":{"rendered":"<p>Little Queen of Love is the smaller model of the iconic Queen of Love <a href=\"https:\/\/pikark.com\/en\/product\/buddy\/\">armchair.<\/a> The small armchair is ideal to kids and to small areas. Little Queen of Love by Almex \u00a0keeps the same richness of details of the bigger one, but with small dimensions.<\/p>\n<p>The baroque style of its shapes and the pop style of polyethylene make Little Queen of Love a small star in every room it occupies, for both contract and homes. Resistant and colorful, Little Queen of Love is ideal to indoor and outdoor.<\/p>","protected":false},"excerpt":{"rendered":"<p class=\"qtranxs-available-languages-message qtranxs-available-languages-message-en\">Sorry, this entry is only available in <a href=\"https:\/\/pikark.com\/sq\/wp-json\/wp\/v2\/product\/23849\" class=\"qtranxs-available-language-link qtranxs-available-language-link-sq\" title=\"Shqip\">Albanian<\/a>.<\/p>\n","protected":false},"featured_media":23850,"comment_status":"open","ping_status":"closed","template":"","meta":[],"product_cat":[641],"product_tag":[822,658,841,842],"yoast_head":"<!-- This site is optimized with the Yoast SEO plugin v21.7 - https:\/\/yoast.com\/wordpress\/plugins\/seo\/ -->\n<title>Little Queen of Love - Pikark<\/title>\n<meta name=\"description\" content=\"Mbret\u00ebresha e Vog\u00ebl e Dashuris\u00eb \u00ebsht\u00eb modeli m\u00eb i vog\u00ebl i kolltukut ikonik Little Queen of Love armchair Kolltuku i vog\u00ebl \u00ebsht\u00eb ideal p\u00ebr f\u00ebmij\u00ebt dhe p\u00ebr zona t\u00eb vogla.\" \/>\n<meta name=\"robots\" content=\"index, follow, max-snippet:-1, max-image-preview:large, max-video-preview:-1\" \/>\n<link rel=\"canonical\" href=\"https:\/\/pikark.com\/product\/little-queen-of-love\/\" \/>\n<meta property=\"og:locale\" content=\"en_US\" \/>\n<meta property=\"og:type\" content=\"article\" \/>\n<meta property=\"og:title\" content=\"Little Queen of Love - Pikark\" \/>\n<meta property=\"og:description\" content=\"Mbret\u00ebresha e Vog\u00ebl e Dashuris\u00eb \u00ebsht\u00eb modeli m\u00eb i vog\u00ebl i kolltukut ikonik Little Queen of Love armchair Kolltuku i vog\u00ebl \u00ebsht\u00eb ideal p\u00ebr f\u00ebmij\u00ebt dhe p\u00ebr zona t\u00eb vogla.\" \/>\n<meta property=\"og:url\" content=\"https:\/\/pikark.com\/product\/little-queen-of-love\/\" \/>\n<meta property=\"og:site_name\" content=\"Pikark\" \/>\n<meta property=\"article:publisher\" content=\"https:\/\/www.facebook.com\/pikark.al\" \/>\n<meta property=\"article:modified_time\" content=\"2024-03-16T22:59:25+00:00\" \/>\n<meta property=\"og:image\" content=\"https:\/\/pikark.com\/wp-content\/uploads\/2021\/05\/1-1.png\" \/>\n\t<meta property=\"og:image:width\" content=\"1080\" \/>\n\t<meta property=\"og:image:height\" content=\"1080\" \/>\n\t<meta property=\"og:image:type\" content=\"image\/png\" \/>\n<meta name=\"twitter:card\" content=\"summary_large_image\" \/>\n<meta name=\"twitter:label1\" content=\"Est. reading time\" \/>\n\t<meta name=\"twitter:data1\" content=\"1 minute\" \/>\n<script type=\"application\/ld+json\" class=\"yoast-schema-graph\">{\"@context\":\"https:\/\/schema.org\",\"@graph\":[{\"@type\":\"WebPage\",\"@id\":\"https:\/\/pikark.com\/product\/little-queen-of-love\/\",\"url\":\"https:\/\/pikark.com\/product\/little-queen-of-love\/\",\"name\":\"Little Queen of Love - Pikark\",\"isPartOf\":{\"@id\":\"https:\/\/pikark.com\/#website\"},\"datePublished\":\"2021-05-10T10:07:53+00:00\",\"dateModified\":\"2024-03-16T22:59:25+00:00\",\"description\":\"Mbret\u00ebresha e Vog\u00ebl e Dashuris\u00eb \u00ebsht\u00eb modeli m\u00eb i vog\u00ebl i kolltukut ikonik Little Queen of Love armchair Kolltuku i vog\u00ebl \u00ebsht\u00eb ideal p\u00ebr f\u00ebmij\u00ebt dhe p\u00ebr zona t\u00eb vogla.\",\"breadcrumb\":{\"@id\":\"https:\/\/pikark.com\/product\/little-queen-of-love\/#breadcrumb\"},\"inLanguage\":\"en-US\",\"potentialAction\":[{\"@type\":\"ReadAction\",\"target\":[\"https:\/\/pikark.com\/product\/little-queen-of-love\/\"]}]},{\"@type\":\"BreadcrumbList\",\"@id\":\"https:\/\/pikark.com\/product\/little-queen-of-love\/#breadcrumb\",\"itemListElement\":[{\"@type\":\"ListItem\",\"position\":1,\"name\":\"Home\",\"item\":\"https:\/\/pikark.com\/\"},{\"@type\":\"ListItem\",\"position\":2,\"name\":\"Shop\",\"item\":\"https:\/\/pikark.com\/en\/shop\/\"},{\"@type\":\"ListItem\",\"position\":3,\"name\":\"Little Queen of Love\"}]},{\"@type\":\"WebSite\",\"@id\":\"https:\/\/pikark.com\/#website\",\"url\":\"https:\/\/pikark.com\/\",\"name\":\"Pikark\",\"description\":\"Explore inspiring projects and find the right architects, brand &amp; manufacturers!\",\"publisher\":{\"@id\":\"https:\/\/pikark.com\/#organization\"},\"potentialAction\":[{\"@type\":\"SearchAction\",\"target\":{\"@type\":\"EntryPoint\",\"urlTemplate\":\"https:\/\/pikark.com\/?s={search_term_string}\"},\"query-input\":\"required name=search_term_string\"}],\"inLanguage\":\"en-US\"},{\"@type\":\"Organization\",\"@id\":\"https:\/\/pikark.com\/#organization\",\"name\":\"Pikark\",\"url\":\"https:\/\/pikark.com\/\",\"logo\":{\"@type\":\"ImageObject\",\"inLanguage\":\"en-US\",\"@id\":\"https:\/\/pikark.com\/#\/schema\/logo\/image\/\",\"url\":\"https:\/\/pikark.com\/wp-content\/uploads\/2020\/12\/LOGO_PIKARK-01-1.png\",\"contentUrl\":\"https:\/\/pikark.com\/wp-content\/uploads\/2020\/12\/LOGO_PIKARK-01-1.png\",\"width\":2362,\"height\":2362,\"caption\":\"Pikark\"},\"image\":{\"@id\":\"https:\/\/pikark.com\/#\/schema\/logo\/image\/\"},\"sameAs\":[\"https:\/\/www.facebook.com\/pikark.al\",\"https:\/\/www.instagram.com\/pik.ark\/\"]}]}<\/script>\n<!-- \/ Yoast SEO plugin. -->","yoast_head_json":{"title":"Little Queen of Love - Pikark","description":"Mbret\u00ebresha e Vog\u00ebl e Dashuris\u00eb \u00ebsht\u00eb modeli m\u00eb i vog\u00ebl i kolltukut ikonik Little Queen of Love armchair Kolltuku i vog\u00ebl \u00ebsht\u00eb ideal p\u00ebr f\u00ebmij\u00ebt dhe p\u00ebr zona t\u00eb vogla.","robots":{"index":"index","follow":"follow","max-snippet":"max-snippet:-1","max-image-preview":"max-image-preview:large","max-video-preview":"max-video-preview:-1"},"canonical":"https:\/\/pikark.com\/product\/little-queen-of-love\/","og_locale":"en_US","og_type":"article","og_title":"Little Queen of Love - Pikark","og_description":"Mbret\u00ebresha e Vog\u00ebl e Dashuris\u00eb \u00ebsht\u00eb modeli m\u00eb i vog\u00ebl i kolltukut ikonik Little Queen of Love armchair Kolltuku i vog\u00ebl \u00ebsht\u00eb ideal p\u00ebr f\u00ebmij\u00ebt dhe p\u00ebr zona t\u00eb vogla.","og_url":"https:\/\/pikark.com\/product\/little-queen-of-love\/","og_site_name":"Pikark","article_publisher":"https:\/\/www.facebook.com\/pikark.al","article_modified_time":"2024-03-16T22:59:25+00:00","og_image":[{"width":1080,"height":1080,"url":"https:\/\/pikark.com\/wp-content\/uploads\/2021\/05\/1-1.png","type":"image\/png"}],"twitter_card":"summary_large_image","twitter_misc":{"Est. reading time":"1 minute"},"schema":{"@context":"https:\/\/schema.org","@graph":[{"@type":"WebPage","@id":"https:\/\/pikark.com\/product\/little-queen-of-love\/","url":"https:\/\/pikark.com\/product\/little-queen-of-love\/","name":"Little Queen of Love - Pikark","isPartOf":{"@id":"https:\/\/pikark.com\/#website"},"datePublished":"2021-05-10T10:07:53+00:00","dateModified":"2024-03-16T22:59:25+00:00","description":"Mbret\u00ebresha e Vog\u00ebl e Dashuris\u00eb \u00ebsht\u00eb modeli m\u00eb i vog\u00ebl i kolltukut ikonik Little Queen of Love armchair Kolltuku i vog\u00ebl \u00ebsht\u00eb ideal p\u00ebr f\u00ebmij\u00ebt dhe p\u00ebr zona t\u00eb vogla.","breadcrumb":{"@id":"https:\/\/pikark.com\/product\/little-queen-of-love\/#breadcrumb"},"inLanguage":"en-US","potentialAction":[{"@type":"ReadAction","target":["https:\/\/pikark.com\/product\/little-queen-of-love\/"]}]},{"@type":"BreadcrumbList","@id":"https:\/\/pikark.com\/product\/little-queen-of-love\/#breadcrumb","itemListElement":[{"@type":"ListItem","position":1,"name":"Home","item":"https:\/\/pikark.com\/"},{"@type":"ListItem","position":2,"name":"Shop","item":"https:\/\/pikark.com\/en\/shop\/"},{"@type":"ListItem","position":3,"name":"Little Queen of Love"}]},{"@type":"WebSite","@id":"https:\/\/pikark.com\/#website","url":"https:\/\/pikark.com\/","name":"Pikark","description":"Explore inspiring projects and find the right architects, brand &amp; manufacturers!","publisher":{"@id":"https:\/\/pikark.com\/#organization"},"potentialAction":[{"@type":"SearchAction","target":{"@type":"EntryPoint","urlTemplate":"https:\/\/pikark.com\/?s={search_term_string}"},"query-input":"required name=search_term_string"}],"inLanguage":"en-US"},{"@type":"Organization","@id":"https:\/\/pikark.com\/#organization","name":"Pikark","url":"https:\/\/pikark.com\/","logo":{"@type":"ImageObject","inLanguage":"en-US","@id":"https:\/\/pikark.com\/#\/schema\/logo\/image\/","url":"https:\/\/pikark.com\/wp-content\/uploads\/2020\/12\/LOGO_PIKARK-01-1.png","contentUrl":"https:\/\/pikark.com\/wp-content\/uploads\/2020\/12\/LOGO_PIKARK-01-1.png","width":2362,"height":2362,"caption":"Pikark"},"image":{"@id":"https:\/\/pikark.com\/#\/schema\/logo\/image\/"},"sameAs":["https:\/\/www.facebook.com\/pikark.al","https:\/\/www.instagram.com\/pik.ark\/"]}]}},"_links":{"self":[{"href":"https:\/\/pikark.com\/en\/wp-json\/wp\/v2\/product\/23849"}],"collection":[{"href":"https:\/\/pikark.com\/en\/wp-json\/wp\/v2\/product"}],"about":[{"href":"https:\/\/pikark.com\/en\/wp-json\/wp\/v2\/types\/product"}],"replies":[{"embeddable":true,"href":"https:\/\/pikark.com\/en\/wp-json\/wp\/v2\/comments?post=23849"}],"wp:featuredmedia":[{"embeddable":true,"href":"https:\/\/pikark.com\/en\/wp-json\/wp\/v2\/media\/23850"}],"wp:attachment":[{"href":"https:\/\/pikark.com\/en\/wp-json\/wp\/v2\/media?parent=23849"}],"wp:term":[{"taxonomy":"product_cat","embeddable":true,"href":"https:\/\/pikark.com\/en\/wp-json\/wp\/v2\/product_cat?post=23849"},{"taxonomy":"product_tag","embeddable":true,"href":"https:\/\/pikark.com\/en\/wp-json\/wp\/v2\/product_tag?post=23849"}],"curies":[{"name":"wp","href":"https:\/\/api.w.org\/{rel}","templated":true}]}}