{"id":23815,"date":"2021-05-06T10:43:44","date_gmt":"2021-05-06T10:43:44","guid":{"rendered":"https:\/\/pikark.com\/?post_type=product&#038;p=23815"},"modified":"2021-05-21T12:37:41","modified_gmt":"2021-05-21T12:37:41","slug":"sistem-hijezues-smartia-m5600","status":"publish","type":"product","link":"https:\/\/pikark.com\/en\/product\/sistem-hijezues-smartia-m5600\/","title":{"rendered":"Sistem Hij\u00ebzues SMARTIA M5600"},"content":{"rendered":"<p>SMARTIA M5600 \u00ebsht\u00eb nj\u00eb sistem arkitektural q\u00eb p\u00ebrdor flet\u00eb alumini (louvre) me dizenjo n\u00eb form\u00eb elipsi, p\u00ebr t\u00eb kontrolluar hij\u00ebzimin si edhe ndri\u00e7imin natyral t\u00eb nd\u00ebrtesave. Sistemi p\u00ebrb\u00ebhet nga konstruksion suporti solid si edhe nj\u00eb gam\u00eb mjaft e gjer\u00eb flet\u00ebsh hij\u00ebzimi (louvre) q\u00eb kan\u00eb p\u00ebr q\u00ebllim t\u00eb mbulojn\u00eb t\u00eb gjitha nevojat e nd\u00ebrtimit. Avantazhet Diapazon mjaft i gjer\u00eb zgjidhjesh nga 100mm deri 800mm, teke dhe t\u00eb p\u00ebrb\u00ebra, t\u00eb sheshta dhe bosh nga brenda, t\u00eb fiksuara dhe t\u00eb regjistrueshme Fleta (louver) 300mm vjen vet\u00ebm n\u00eb versionin teke, jo e p\u00ebrb\u00ebr\u00eb Kursim energjie dhe p\u00ebrmir\u00ebsim i pamjes estetike Instalim i leht\u00eb dhe i shpejt\u00eb i konstruksionit n\u00eb form\u00eb kornize suportuese<\/p>\n","protected":false},"excerpt":{"rendered":"<p>Sistem Hij\u00ebzues SMARTIA M5600<\/p>\n","protected":false},"featured_media":23808,"comment_status":"open","ping_status":"closed","template":"","meta":[],"product_cat":[715,831],"product_tag":[805,806,807,808],"yoast_head":"<!-- This site is optimized with the Yoast SEO plugin v21.7 - https:\/\/yoast.com\/wordpress\/plugins\/seo\/ -->\n<title>Sistem Hij\u00ebzues SMARTIA M5600 - Pikark<\/title>\n<meta name=\"robots\" content=\"index, follow, max-snippet:-1, max-image-preview:large, max-video-preview:-1\" \/>\n<link rel=\"canonical\" href=\"https:\/\/pikark.com\/en\/product\/sistem-hijezues-smartia-m5600\/\" \/>\n<meta property=\"og:locale\" content=\"en_US\" \/>\n<meta property=\"og:type\" content=\"article\" \/>\n<meta property=\"og:title\" content=\"Sistem Hij\u00ebzues SMARTIA M5600 - Pikark\" \/>\n<meta property=\"og:description\" content=\"Sistem Hij\u00ebzues SMARTIA M5600\" \/>\n<meta property=\"og:url\" content=\"https:\/\/pikark.com\/en\/product\/sistem-hijezues-smartia-m5600\/\" \/>\n<meta property=\"og:site_name\" content=\"Pikark\" \/>\n<meta property=\"article:publisher\" content=\"https:\/\/www.facebook.com\/pikark.al\" \/>\n<meta property=\"article:modified_time\" content=\"2021-05-21T12:37:41+00:00\" \/>\n<meta property=\"og:image\" content=\"https:\/\/pikark.com\/wp-content\/uploads\/2021\/05\/m5600-img_3610.jpg\" \/>\n\t<meta property=\"og:image:width\" content=\"620\" \/>\n\t<meta property=\"og:image:height\" content=\"380\" \/>\n\t<meta property=\"og:image:type\" content=\"image\/jpeg\" \/>\n<meta name=\"twitter:card\" content=\"summary_large_image\" \/>\n<meta name=\"twitter:label1\" content=\"Est. reading time\" \/>\n\t<meta name=\"twitter:data1\" content=\"1 minute\" \/>\n<script type=\"application\/ld+json\" class=\"yoast-schema-graph\">{\"@context\":\"https:\/\/schema.org\",\"@graph\":[{\"@type\":\"WebPage\",\"@id\":\"https:\/\/pikark.com\/en\/product\/sistem-hijezues-smartia-m5600\/\",\"url\":\"https:\/\/pikark.com\/en\/product\/sistem-hijezues-smartia-m5600\/\",\"name\":\"Sistem Hij\u00ebzues SMARTIA M5600 - Pikark\",\"isPartOf\":{\"@id\":\"https:\/\/pikark.com\/#website\"},\"datePublished\":\"2021-05-06T10:43:44+00:00\",\"dateModified\":\"2021-05-21T12:37:41+00:00\",\"breadcrumb\":{\"@id\":\"https:\/\/pikark.com\/en\/product\/sistem-hijezues-smartia-m5600\/#breadcrumb\"},\"inLanguage\":\"en-US\",\"potentialAction\":[{\"@type\":\"ReadAction\",\"target\":[\"https:\/\/pikark.com\/en\/product\/sistem-hijezues-smartia-m5600\/\"]}]},{\"@type\":\"BreadcrumbList\",\"@id\":\"https:\/\/pikark.com\/en\/product\/sistem-hijezues-smartia-m5600\/#breadcrumb\",\"itemListElement\":[{\"@type\":\"ListItem\",\"position\":1,\"name\":\"Home\",\"item\":\"https:\/\/pikark.com\/\"},{\"@type\":\"ListItem\",\"position\":2,\"name\":\"Shop\",\"item\":\"https:\/\/pikark.com\/en\/shop\/\"},{\"@type\":\"ListItem\",\"position\":3,\"name\":\"Sistem Hij\u00ebzues SMARTIA M5600\"}]},{\"@type\":\"WebSite\",\"@id\":\"https:\/\/pikark.com\/#website\",\"url\":\"https:\/\/pikark.com\/\",\"name\":\"Pikark\",\"description\":\"Explore inspiring projects and find the right architects, brand &amp; manufacturers!\",\"publisher\":{\"@id\":\"https:\/\/pikark.com\/#organization\"},\"potentialAction\":[{\"@type\":\"SearchAction\",\"target\":{\"@type\":\"EntryPoint\",\"urlTemplate\":\"https:\/\/pikark.com\/?s={search_term_string}\"},\"query-input\":\"required name=search_term_string\"}],\"inLanguage\":\"en-US\"},{\"@type\":\"Organization\",\"@id\":\"https:\/\/pikark.com\/#organization\",\"name\":\"Pikark\",\"url\":\"https:\/\/pikark.com\/\",\"logo\":{\"@type\":\"ImageObject\",\"inLanguage\":\"en-US\",\"@id\":\"https:\/\/pikark.com\/#\/schema\/logo\/image\/\",\"url\":\"https:\/\/pikark.com\/wp-content\/uploads\/2020\/12\/LOGO_PIKARK-01-1.png\",\"contentUrl\":\"https:\/\/pikark.com\/wp-content\/uploads\/2020\/12\/LOGO_PIKARK-01-1.png\",\"width\":2362,\"height\":2362,\"caption\":\"Pikark\"},\"image\":{\"@id\":\"https:\/\/pikark.com\/#\/schema\/logo\/image\/\"},\"sameAs\":[\"https:\/\/www.facebook.com\/pikark.al\",\"https:\/\/www.instagram.com\/pik.ark\/\"]}]}<\/script>\n<!-- \/ Yoast SEO plugin. -->","yoast_head_json":{"title":"Sistem Hij\u00ebzues SMARTIA M5600 - Pikark","robots":{"index":"index","follow":"follow","max-snippet":"max-snippet:-1","max-image-preview":"max-image-preview:large","max-video-preview":"max-video-preview:-1"},"canonical":"https:\/\/pikark.com\/en\/product\/sistem-hijezues-smartia-m5600\/","og_locale":"en_US","og_type":"article","og_title":"Sistem Hij\u00ebzues SMARTIA M5600 - Pikark","og_description":"Sistem Hij\u00ebzues SMARTIA M5600","og_url":"https:\/\/pikark.com\/en\/product\/sistem-hijezues-smartia-m5600\/","og_site_name":"Pikark","article_publisher":"https:\/\/www.facebook.com\/pikark.al","article_modified_time":"2021-05-21T12:37:41+00:00","og_image":[{"width":620,"height":380,"url":"https:\/\/pikark.com\/wp-content\/uploads\/2021\/05\/m5600-img_3610.jpg","type":"image\/jpeg"}],"twitter_card":"summary_large_image","twitter_misc":{"Est. reading time":"1 minute"},"schema":{"@context":"https:\/\/schema.org","@graph":[{"@type":"WebPage","@id":"https:\/\/pikark.com\/en\/product\/sistem-hijezues-smartia-m5600\/","url":"https:\/\/pikark.com\/en\/product\/sistem-hijezues-smartia-m5600\/","name":"Sistem Hij\u00ebzues SMARTIA M5600 - Pikark","isPartOf":{"@id":"https:\/\/pikark.com\/#website"},"datePublished":"2021-05-06T10:43:44+00:00","dateModified":"2021-05-21T12:37:41+00:00","breadcrumb":{"@id":"https:\/\/pikark.com\/en\/product\/sistem-hijezues-smartia-m5600\/#breadcrumb"},"inLanguage":"en-US","potentialAction":[{"@type":"ReadAction","target":["https:\/\/pikark.com\/en\/product\/sistem-hijezues-smartia-m5600\/"]}]},{"@type":"BreadcrumbList","@id":"https:\/\/pikark.com\/en\/product\/sistem-hijezues-smartia-m5600\/#breadcrumb","itemListElement":[{"@type":"ListItem","position":1,"name":"Home","item":"https:\/\/pikark.com\/"},{"@type":"ListItem","position":2,"name":"Shop","item":"https:\/\/pikark.com\/en\/shop\/"},{"@type":"ListItem","position":3,"name":"Sistem Hij\u00ebzues SMARTIA M5600"}]},{"@type":"WebSite","@id":"https:\/\/pikark.com\/#website","url":"https:\/\/pikark.com\/","name":"Pikark","description":"Explore inspiring projects and find the right architects, brand &amp; manufacturers!","publisher":{"@id":"https:\/\/pikark.com\/#organization"},"potentialAction":[{"@type":"SearchAction","target":{"@type":"EntryPoint","urlTemplate":"https:\/\/pikark.com\/?s={search_term_string}"},"query-input":"required name=search_term_string"}],"inLanguage":"en-US"},{"@type":"Organization","@id":"https:\/\/pikark.com\/#organization","name":"Pikark","url":"https:\/\/pikark.com\/","logo":{"@type":"ImageObject","inLanguage":"en-US","@id":"https:\/\/pikark.com\/#\/schema\/logo\/image\/","url":"https:\/\/pikark.com\/wp-content\/uploads\/2020\/12\/LOGO_PIKARK-01-1.png","contentUrl":"https:\/\/pikark.com\/wp-content\/uploads\/2020\/12\/LOGO_PIKARK-01-1.png","width":2362,"height":2362,"caption":"Pikark"},"image":{"@id":"https:\/\/pikark.com\/#\/schema\/logo\/image\/"},"sameAs":["https:\/\/www.facebook.com\/pikark.al","https:\/\/www.instagram.com\/pik.ark\/"]}]}},"_links":{"self":[{"href":"https:\/\/pikark.com\/en\/wp-json\/wp\/v2\/product\/23815"}],"collection":[{"href":"https:\/\/pikark.com\/en\/wp-json\/wp\/v2\/product"}],"about":[{"href":"https:\/\/pikark.com\/en\/wp-json\/wp\/v2\/types\/product"}],"replies":[{"embeddable":true,"href":"https:\/\/pikark.com\/en\/wp-json\/wp\/v2\/comments?post=23815"}],"wp:featuredmedia":[{"embeddable":true,"href":"https:\/\/pikark.com\/en\/wp-json\/wp\/v2\/media\/23808"}],"wp:attachment":[{"href":"https:\/\/pikark.com\/en\/wp-json\/wp\/v2\/media?parent=23815"}],"wp:term":[{"taxonomy":"product_cat","embeddable":true,"href":"https:\/\/pikark.com\/en\/wp-json\/wp\/v2\/product_cat?post=23815"},{"taxonomy":"product_tag","embeddable":true,"href":"https:\/\/pikark.com\/en\/wp-json\/wp\/v2\/product_tag?post=23815"}],"curies":[{"name":"wp","href":"https:\/\/api.w.org\/{rel}","templated":true}]}}