{"id":23807,"date":"2021-05-06T10:25:07","date_gmt":"2021-05-06T10:25:07","guid":{"rendered":"https:\/\/pikark.com\/?post_type=product&#038;p=23807"},"modified":"2021-05-21T12:36:35","modified_gmt":"2021-05-21T12:36:35","slug":"grila-persiane-smartia-m9300","status":"publish","type":"product","link":"https:\/\/pikark.com\/en\/product\/grila-persiane-smartia-m9300\/","title":{"rendered":"Grila Persiane SMARTIA M9300"},"content":{"rendered":"<p>SMARTIA M9300 \u00ebsht\u00eb nj\u00eb sistem grile i varur, i cili \u00ebsht\u00eb projektuar p\u00ebr instalim t\u00eb jasht\u00ebm, me dizajnin tradicional ose minimal. Me nj\u00eb shum\u00ebllojshm\u00ebri t\u00eb gjer\u00eb zgjidhjesh, t\u00eb p\u00ebrshtatshme p\u00ebr rinovime dhe ideale p\u00ebr vendbanime tradicionale ose nj\u00ebsi hoteliere-sht\u00ebpizash druri, pasi \u00ebsht\u00eb e d\u00ebshirueshme p\u00ebr t\u00eb mbajtur stilin tradicional. Avantazhet Shum\u00ebllojshm\u00ebri e zgjidhjeve (profile mbush\u00ebse, kanate 25mm dhe 35mm, korniza t\u00eb unifikuara ose t\u00eb ndryshueshme, profilet n\u00eb nj\u00eb plan ose jo) I leht\u00eb p\u00ebr t\\&#8217;u instaluar, kur korniza e kapak\u00ebve \u00ebsht\u00eb individual dhe instaluar jasht\u00eb, pa akses n\u00eb dhom\u00ebn e brendshme Aft\u00ebsia p\u00ebr t\u00eb integruar profilet mbush\u00ebse rrotulluese me mekaniz\u00ebm prej 25mm dhe 35mm Aft\u00ebsia p\u00ebr t\u00eb instaluar dizajnin tradicional t\u00eb mbylljes Aft\u00ebsia p\u00ebr t\u00eb ajrosur, dhe n\u00eb t\u00eb nj\u00ebjt\u00ebn koh\u00eb mbrojtje nga drita dhe krijimi i nj\u00eb hapsire t\u00eb sigurt\u00eb dhe izolimit pamor nga mjedisi i jasht\u00ebm<\/p>\n","protected":false},"excerpt":{"rendered":"<p>Grila Persiane SMARTIA M9300<\/p>\n","protected":false},"featured_media":23804,"comment_status":"open","ping_status":"closed","template":"","meta":[],"product_cat":[715,709,831],"product_tag":[805,806,807,808],"yoast_head":"<!-- This site is optimized with the Yoast SEO plugin v21.7 - https:\/\/yoast.com\/wordpress\/plugins\/seo\/ -->\n<title>Grila Persiane SMARTIA M9300 - Pikark<\/title>\n<meta name=\"robots\" content=\"index, follow, max-snippet:-1, max-image-preview:large, max-video-preview:-1\" \/>\n<link rel=\"canonical\" href=\"https:\/\/pikark.com\/product\/grila-persiane-smartia-m9300\/\" \/>\n<meta property=\"og:locale\" content=\"en_US\" \/>\n<meta property=\"og:type\" content=\"article\" \/>\n<meta property=\"og:title\" content=\"Grila Persiane SMARTIA M9300 - Pikark\" \/>\n<meta property=\"og:description\" content=\"Grila Persiane SMARTIA M9300\" \/>\n<meta property=\"og:url\" content=\"https:\/\/pikark.com\/product\/grila-persiane-smartia-m9300\/\" \/>\n<meta property=\"og:site_name\" content=\"Pikark\" \/>\n<meta property=\"article:publisher\" content=\"https:\/\/www.facebook.com\/pikark.al\" \/>\n<meta property=\"article:modified_time\" content=\"2021-05-21T12:36:35+00:00\" \/>\n<meta property=\"og:image\" content=\"https:\/\/pikark.com\/wp-content\/uploads\/2021\/05\/grila-persiane.jpeg\" \/>\n\t<meta property=\"og:image:width\" content=\"300\" \/>\n\t<meta property=\"og:image:height\" content=\"180\" \/>\n\t<meta property=\"og:image:type\" content=\"image\/jpeg\" \/>\n<meta name=\"twitter:card\" content=\"summary_large_image\" \/>\n<meta name=\"twitter:label1\" content=\"Est. reading time\" \/>\n\t<meta name=\"twitter:data1\" content=\"1 minute\" \/>\n<script type=\"application\/ld+json\" class=\"yoast-schema-graph\">{\"@context\":\"https:\/\/schema.org\",\"@graph\":[{\"@type\":\"WebPage\",\"@id\":\"https:\/\/pikark.com\/product\/grila-persiane-smartia-m9300\/\",\"url\":\"https:\/\/pikark.com\/product\/grila-persiane-smartia-m9300\/\",\"name\":\"Grila Persiane SMARTIA M9300 - Pikark\",\"isPartOf\":{\"@id\":\"https:\/\/pikark.com\/#website\"},\"datePublished\":\"2021-05-06T10:25:07+00:00\",\"dateModified\":\"2021-05-21T12:36:35+00:00\",\"breadcrumb\":{\"@id\":\"https:\/\/pikark.com\/product\/grila-persiane-smartia-m9300\/#breadcrumb\"},\"inLanguage\":\"en-US\",\"potentialAction\":[{\"@type\":\"ReadAction\",\"target\":[\"https:\/\/pikark.com\/product\/grila-persiane-smartia-m9300\/\"]}]},{\"@type\":\"BreadcrumbList\",\"@id\":\"https:\/\/pikark.com\/product\/grila-persiane-smartia-m9300\/#breadcrumb\",\"itemListElement\":[{\"@type\":\"ListItem\",\"position\":1,\"name\":\"Home\",\"item\":\"https:\/\/pikark.com\/\"},{\"@type\":\"ListItem\",\"position\":2,\"name\":\"Shop\",\"item\":\"https:\/\/pikark.com\/en\/shop\/\"},{\"@type\":\"ListItem\",\"position\":3,\"name\":\"Grila Persiane SMARTIA M9300\"}]},{\"@type\":\"WebSite\",\"@id\":\"https:\/\/pikark.com\/#website\",\"url\":\"https:\/\/pikark.com\/\",\"name\":\"Pikark\",\"description\":\"Explore inspiring projects and find the right architects, brand &amp; manufacturers!\",\"publisher\":{\"@id\":\"https:\/\/pikark.com\/#organization\"},\"potentialAction\":[{\"@type\":\"SearchAction\",\"target\":{\"@type\":\"EntryPoint\",\"urlTemplate\":\"https:\/\/pikark.com\/?s={search_term_string}\"},\"query-input\":\"required name=search_term_string\"}],\"inLanguage\":\"en-US\"},{\"@type\":\"Organization\",\"@id\":\"https:\/\/pikark.com\/#organization\",\"name\":\"Pikark\",\"url\":\"https:\/\/pikark.com\/\",\"logo\":{\"@type\":\"ImageObject\",\"inLanguage\":\"en-US\",\"@id\":\"https:\/\/pikark.com\/#\/schema\/logo\/image\/\",\"url\":\"https:\/\/pikark.com\/wp-content\/uploads\/2020\/12\/LOGO_PIKARK-01-1.png\",\"contentUrl\":\"https:\/\/pikark.com\/wp-content\/uploads\/2020\/12\/LOGO_PIKARK-01-1.png\",\"width\":2362,\"height\":2362,\"caption\":\"Pikark\"},\"image\":{\"@id\":\"https:\/\/pikark.com\/#\/schema\/logo\/image\/\"},\"sameAs\":[\"https:\/\/www.facebook.com\/pikark.al\",\"https:\/\/www.instagram.com\/pik.ark\/\"]}]}<\/script>\n<!-- \/ Yoast SEO plugin. -->","yoast_head_json":{"title":"Grila Persiane SMARTIA M9300 - Pikark","robots":{"index":"index","follow":"follow","max-snippet":"max-snippet:-1","max-image-preview":"max-image-preview:large","max-video-preview":"max-video-preview:-1"},"canonical":"https:\/\/pikark.com\/product\/grila-persiane-smartia-m9300\/","og_locale":"en_US","og_type":"article","og_title":"Grila Persiane SMARTIA M9300 - Pikark","og_description":"Grila Persiane SMARTIA M9300","og_url":"https:\/\/pikark.com\/product\/grila-persiane-smartia-m9300\/","og_site_name":"Pikark","article_publisher":"https:\/\/www.facebook.com\/pikark.al","article_modified_time":"2021-05-21T12:36:35+00:00","og_image":[{"width":300,"height":180,"url":"https:\/\/pikark.com\/wp-content\/uploads\/2021\/05\/grila-persiane.jpeg","type":"image\/jpeg"}],"twitter_card":"summary_large_image","twitter_misc":{"Est. reading time":"1 minute"},"schema":{"@context":"https:\/\/schema.org","@graph":[{"@type":"WebPage","@id":"https:\/\/pikark.com\/product\/grila-persiane-smartia-m9300\/","url":"https:\/\/pikark.com\/product\/grila-persiane-smartia-m9300\/","name":"Grila Persiane SMARTIA M9300 - Pikark","isPartOf":{"@id":"https:\/\/pikark.com\/#website"},"datePublished":"2021-05-06T10:25:07+00:00","dateModified":"2021-05-21T12:36:35+00:00","breadcrumb":{"@id":"https:\/\/pikark.com\/product\/grila-persiane-smartia-m9300\/#breadcrumb"},"inLanguage":"en-US","potentialAction":[{"@type":"ReadAction","target":["https:\/\/pikark.com\/product\/grila-persiane-smartia-m9300\/"]}]},{"@type":"BreadcrumbList","@id":"https:\/\/pikark.com\/product\/grila-persiane-smartia-m9300\/#breadcrumb","itemListElement":[{"@type":"ListItem","position":1,"name":"Home","item":"https:\/\/pikark.com\/"},{"@type":"ListItem","position":2,"name":"Shop","item":"https:\/\/pikark.com\/en\/shop\/"},{"@type":"ListItem","position":3,"name":"Grila Persiane SMARTIA M9300"}]},{"@type":"WebSite","@id":"https:\/\/pikark.com\/#website","url":"https:\/\/pikark.com\/","name":"Pikark","description":"Explore inspiring projects and find the right architects, brand &amp; manufacturers!","publisher":{"@id":"https:\/\/pikark.com\/#organization"},"potentialAction":[{"@type":"SearchAction","target":{"@type":"EntryPoint","urlTemplate":"https:\/\/pikark.com\/?s={search_term_string}"},"query-input":"required name=search_term_string"}],"inLanguage":"en-US"},{"@type":"Organization","@id":"https:\/\/pikark.com\/#organization","name":"Pikark","url":"https:\/\/pikark.com\/","logo":{"@type":"ImageObject","inLanguage":"en-US","@id":"https:\/\/pikark.com\/#\/schema\/logo\/image\/","url":"https:\/\/pikark.com\/wp-content\/uploads\/2020\/12\/LOGO_PIKARK-01-1.png","contentUrl":"https:\/\/pikark.com\/wp-content\/uploads\/2020\/12\/LOGO_PIKARK-01-1.png","width":2362,"height":2362,"caption":"Pikark"},"image":{"@id":"https:\/\/pikark.com\/#\/schema\/logo\/image\/"},"sameAs":["https:\/\/www.facebook.com\/pikark.al","https:\/\/www.instagram.com\/pik.ark\/"]}]}},"_links":{"self":[{"href":"https:\/\/pikark.com\/en\/wp-json\/wp\/v2\/product\/23807"}],"collection":[{"href":"https:\/\/pikark.com\/en\/wp-json\/wp\/v2\/product"}],"about":[{"href":"https:\/\/pikark.com\/en\/wp-json\/wp\/v2\/types\/product"}],"replies":[{"embeddable":true,"href":"https:\/\/pikark.com\/en\/wp-json\/wp\/v2\/comments?post=23807"}],"wp:featuredmedia":[{"embeddable":true,"href":"https:\/\/pikark.com\/en\/wp-json\/wp\/v2\/media\/23804"}],"wp:attachment":[{"href":"https:\/\/pikark.com\/en\/wp-json\/wp\/v2\/media?parent=23807"}],"wp:term":[{"taxonomy":"product_cat","embeddable":true,"href":"https:\/\/pikark.com\/en\/wp-json\/wp\/v2\/product_cat?post=23807"},{"taxonomy":"product_tag","embeddable":true,"href":"https:\/\/pikark.com\/en\/wp-json\/wp\/v2\/product_tag?post=23807"}],"curies":[{"name":"wp","href":"https:\/\/api.w.org\/{rel}","templated":true}]}}