{"id":23803,"date":"2021-05-06T10:13:01","date_gmt":"2021-05-06T10:13:01","guid":{"rendered":"https:\/\/pikark.com\/?post_type=product&#038;p=23803"},"modified":"2021-05-21T12:34:41","modified_gmt":"2021-05-21T12:34:41","slug":"grila-te-izoluara-termikisht-smartia-s13600","status":"publish","type":"product","link":"https:\/\/pikark.com\/en\/product\/grila-te-izoluara-termikisht-smartia-s13600\/","title":{"rendered":"Grila t\u00eb izoluara termikisht SMARTIA S13600"},"content":{"rendered":"<p>Kuti termike t\u00eb izoluara termikisht p\u00ebr performanc\u00eb t\u00eb jashtzakonshme me nj\u00eb dimension t\u00eb vet\u00ebm 26x32cm. Zgjidhja e vetme ne treg p\u00ebr p\u00ebrmasa t\u00eb m\u00ebdha. Avantazhet Izolim termik i lart\u00eb p\u00ebr kursim energjie Profil me shum\u00eb dhoma dhe i p\u00ebrforcuar p\u00ebr t\u00eb mbuluar hap\u00ebsira te m\u00ebdha Nivel sigurie shum\u00eb i lart\u00eb Unik p\u00ebr sistemet e m\u00ebdha rr\u00ebshqit\u00ebse dhe ve\u00e7an\u00ebrisht tipologjit\u00eb me shum\u00eb kanate Reduktim i lart\u00eb i zhurm\u00ebs Absolute minimale, sidomos n\u00eb an\u00ebn e brendshme nga ku kapak\u00ebt an\u00ebsor nuk jan\u00eb t\u00eb dukshme<\/p>\n","protected":false},"excerpt":{"rendered":"<p>Grila t\u00eb izoluara termikisht SMARTIA S13600<\/p>\n","protected":false},"featured_media":23801,"comment_status":"open","ping_status":"closed","template":"","meta":[],"product_cat":[715,709,831],"product_tag":[805,806],"yoast_head":"<!-- This site is optimized with the Yoast SEO plugin v21.7 - https:\/\/yoast.com\/wordpress\/plugins\/seo\/ -->\n<title>Grila t\u00eb izoluara termikisht SMARTIA S13600 - Pikark<\/title>\n<meta name=\"robots\" content=\"index, follow, max-snippet:-1, max-image-preview:large, max-video-preview:-1\" \/>\n<link rel=\"canonical\" href=\"https:\/\/pikark.com\/en\/product\/grila-te-izoluara-termikisht-smartia-s13600\/\" \/>\n<meta property=\"og:locale\" content=\"en_US\" \/>\n<meta property=\"og:type\" content=\"article\" \/>\n<meta property=\"og:title\" content=\"Grila t\u00eb izoluara termikisht SMARTIA S13600 - Pikark\" \/>\n<meta property=\"og:description\" content=\"Grila t\u00eb izoluara termikisht SMARTIA S13600\" \/>\n<meta property=\"og:url\" content=\"https:\/\/pikark.com\/en\/product\/grila-te-izoluara-termikisht-smartia-s13600\/\" \/>\n<meta property=\"og:site_name\" content=\"Pikark\" \/>\n<meta property=\"article:publisher\" content=\"https:\/\/www.facebook.com\/pikark.al\" \/>\n<meta property=\"article:modified_time\" content=\"2021-05-21T12:34:41+00:00\" \/>\n<meta property=\"og:image\" content=\"https:\/\/pikark.com\/wp-content\/uploads\/2021\/05\/s13600_m13600.jpg\" \/>\n\t<meta property=\"og:image:width\" content=\"147\" \/>\n\t<meta property=\"og:image:height\" content=\"180\" \/>\n\t<meta property=\"og:image:type\" content=\"image\/jpeg\" \/>\n<meta name=\"twitter:card\" content=\"summary_large_image\" \/>\n<meta name=\"twitter:label1\" content=\"Est. reading time\" \/>\n\t<meta name=\"twitter:data1\" content=\"1 minute\" \/>\n<script type=\"application\/ld+json\" class=\"yoast-schema-graph\">{\"@context\":\"https:\/\/schema.org\",\"@graph\":[{\"@type\":\"WebPage\",\"@id\":\"https:\/\/pikark.com\/en\/product\/grila-te-izoluara-termikisht-smartia-s13600\/\",\"url\":\"https:\/\/pikark.com\/en\/product\/grila-te-izoluara-termikisht-smartia-s13600\/\",\"name\":\"Grila t\u00eb izoluara termikisht SMARTIA S13600 - Pikark\",\"isPartOf\":{\"@id\":\"https:\/\/pikark.com\/#website\"},\"datePublished\":\"2021-05-06T10:13:01+00:00\",\"dateModified\":\"2021-05-21T12:34:41+00:00\",\"breadcrumb\":{\"@id\":\"https:\/\/pikark.com\/en\/product\/grila-te-izoluara-termikisht-smartia-s13600\/#breadcrumb\"},\"inLanguage\":\"en-US\",\"potentialAction\":[{\"@type\":\"ReadAction\",\"target\":[\"https:\/\/pikark.com\/en\/product\/grila-te-izoluara-termikisht-smartia-s13600\/\"]}]},{\"@type\":\"BreadcrumbList\",\"@id\":\"https:\/\/pikark.com\/en\/product\/grila-te-izoluara-termikisht-smartia-s13600\/#breadcrumb\",\"itemListElement\":[{\"@type\":\"ListItem\",\"position\":1,\"name\":\"Home\",\"item\":\"https:\/\/pikark.com\/\"},{\"@type\":\"ListItem\",\"position\":2,\"name\":\"Shop\",\"item\":\"https:\/\/pikark.com\/en\/shop\/\"},{\"@type\":\"ListItem\",\"position\":3,\"name\":\"Grila t\u00eb izoluara termikisht SMARTIA S13600\"}]},{\"@type\":\"WebSite\",\"@id\":\"https:\/\/pikark.com\/#website\",\"url\":\"https:\/\/pikark.com\/\",\"name\":\"Pikark\",\"description\":\"Explore inspiring projects and find the right architects, brand &amp; manufacturers!\",\"publisher\":{\"@id\":\"https:\/\/pikark.com\/#organization\"},\"potentialAction\":[{\"@type\":\"SearchAction\",\"target\":{\"@type\":\"EntryPoint\",\"urlTemplate\":\"https:\/\/pikark.com\/?s={search_term_string}\"},\"query-input\":\"required name=search_term_string\"}],\"inLanguage\":\"en-US\"},{\"@type\":\"Organization\",\"@id\":\"https:\/\/pikark.com\/#organization\",\"name\":\"Pikark\",\"url\":\"https:\/\/pikark.com\/\",\"logo\":{\"@type\":\"ImageObject\",\"inLanguage\":\"en-US\",\"@id\":\"https:\/\/pikark.com\/#\/schema\/logo\/image\/\",\"url\":\"https:\/\/pikark.com\/wp-content\/uploads\/2020\/12\/LOGO_PIKARK-01-1.png\",\"contentUrl\":\"https:\/\/pikark.com\/wp-content\/uploads\/2020\/12\/LOGO_PIKARK-01-1.png\",\"width\":2362,\"height\":2362,\"caption\":\"Pikark\"},\"image\":{\"@id\":\"https:\/\/pikark.com\/#\/schema\/logo\/image\/\"},\"sameAs\":[\"https:\/\/www.facebook.com\/pikark.al\",\"https:\/\/www.instagram.com\/pik.ark\/\"]}]}<\/script>\n<!-- \/ Yoast SEO plugin. -->","yoast_head_json":{"title":"Grila t\u00eb izoluara termikisht SMARTIA S13600 - Pikark","robots":{"index":"index","follow":"follow","max-snippet":"max-snippet:-1","max-image-preview":"max-image-preview:large","max-video-preview":"max-video-preview:-1"},"canonical":"https:\/\/pikark.com\/en\/product\/grila-te-izoluara-termikisht-smartia-s13600\/","og_locale":"en_US","og_type":"article","og_title":"Grila t\u00eb izoluara termikisht SMARTIA S13600 - Pikark","og_description":"Grila t\u00eb izoluara termikisht SMARTIA S13600","og_url":"https:\/\/pikark.com\/en\/product\/grila-te-izoluara-termikisht-smartia-s13600\/","og_site_name":"Pikark","article_publisher":"https:\/\/www.facebook.com\/pikark.al","article_modified_time":"2021-05-21T12:34:41+00:00","og_image":[{"width":147,"height":180,"url":"https:\/\/pikark.com\/wp-content\/uploads\/2021\/05\/s13600_m13600.jpg","type":"image\/jpeg"}],"twitter_card":"summary_large_image","twitter_misc":{"Est. reading time":"1 minute"},"schema":{"@context":"https:\/\/schema.org","@graph":[{"@type":"WebPage","@id":"https:\/\/pikark.com\/en\/product\/grila-te-izoluara-termikisht-smartia-s13600\/","url":"https:\/\/pikark.com\/en\/product\/grila-te-izoluara-termikisht-smartia-s13600\/","name":"Grila t\u00eb izoluara termikisht SMARTIA S13600 - Pikark","isPartOf":{"@id":"https:\/\/pikark.com\/#website"},"datePublished":"2021-05-06T10:13:01+00:00","dateModified":"2021-05-21T12:34:41+00:00","breadcrumb":{"@id":"https:\/\/pikark.com\/en\/product\/grila-te-izoluara-termikisht-smartia-s13600\/#breadcrumb"},"inLanguage":"en-US","potentialAction":[{"@type":"ReadAction","target":["https:\/\/pikark.com\/en\/product\/grila-te-izoluara-termikisht-smartia-s13600\/"]}]},{"@type":"BreadcrumbList","@id":"https:\/\/pikark.com\/en\/product\/grila-te-izoluara-termikisht-smartia-s13600\/#breadcrumb","itemListElement":[{"@type":"ListItem","position":1,"name":"Home","item":"https:\/\/pikark.com\/"},{"@type":"ListItem","position":2,"name":"Shop","item":"https:\/\/pikark.com\/en\/shop\/"},{"@type":"ListItem","position":3,"name":"Grila t\u00eb izoluara termikisht SMARTIA S13600"}]},{"@type":"WebSite","@id":"https:\/\/pikark.com\/#website","url":"https:\/\/pikark.com\/","name":"Pikark","description":"Explore inspiring projects and find the right architects, brand &amp; manufacturers!","publisher":{"@id":"https:\/\/pikark.com\/#organization"},"potentialAction":[{"@type":"SearchAction","target":{"@type":"EntryPoint","urlTemplate":"https:\/\/pikark.com\/?s={search_term_string}"},"query-input":"required name=search_term_string"}],"inLanguage":"en-US"},{"@type":"Organization","@id":"https:\/\/pikark.com\/#organization","name":"Pikark","url":"https:\/\/pikark.com\/","logo":{"@type":"ImageObject","inLanguage":"en-US","@id":"https:\/\/pikark.com\/#\/schema\/logo\/image\/","url":"https:\/\/pikark.com\/wp-content\/uploads\/2020\/12\/LOGO_PIKARK-01-1.png","contentUrl":"https:\/\/pikark.com\/wp-content\/uploads\/2020\/12\/LOGO_PIKARK-01-1.png","width":2362,"height":2362,"caption":"Pikark"},"image":{"@id":"https:\/\/pikark.com\/#\/schema\/logo\/image\/"},"sameAs":["https:\/\/www.facebook.com\/pikark.al","https:\/\/www.instagram.com\/pik.ark\/"]}]}},"_links":{"self":[{"href":"https:\/\/pikark.com\/en\/wp-json\/wp\/v2\/product\/23803"}],"collection":[{"href":"https:\/\/pikark.com\/en\/wp-json\/wp\/v2\/product"}],"about":[{"href":"https:\/\/pikark.com\/en\/wp-json\/wp\/v2\/types\/product"}],"replies":[{"embeddable":true,"href":"https:\/\/pikark.com\/en\/wp-json\/wp\/v2\/comments?post=23803"}],"wp:featuredmedia":[{"embeddable":true,"href":"https:\/\/pikark.com\/en\/wp-json\/wp\/v2\/media\/23801"}],"wp:attachment":[{"href":"https:\/\/pikark.com\/en\/wp-json\/wp\/v2\/media?parent=23803"}],"wp:term":[{"taxonomy":"product_cat","embeddable":true,"href":"https:\/\/pikark.com\/en\/wp-json\/wp\/v2\/product_cat?post=23803"},{"taxonomy":"product_tag","embeddable":true,"href":"https:\/\/pikark.com\/en\/wp-json\/wp\/v2\/product_tag?post=23803"}],"curies":[{"name":"wp","href":"https:\/\/api.w.org\/{rel}","templated":true}]}}