{"id":23629,"date":"2021-06-19T12:49:58","date_gmt":"2021-06-19T12:49:58","guid":{"rendered":"https:\/\/pikark.com\/?post_type=product&#038;p=23629"},"modified":"2025-09-29T09:39:13","modified_gmt":"2025-09-29T09:39:13","slug":"kangjella-xhami-smartia-m8200","status":"publish","type":"product","link":"https:\/\/pikark.com\/en\/product\/kangjella-xhami-smartia-m8200\/","title":{"rendered":"Kangjella xhami SMARTIA M8200"},"content":{"rendered":"<p><\/p>\n<div class=\"alumil-list\">\n<ul class=\"\">\n<li class=\"\">\n<p id=\"tw-target-text\" class=\"tw-data-text tw-text-large tw-ta\" dir=\"ltr\" data-placeholder=\"Translation\"><span class=\"Y2IQFc\" lang=\"en\">Extreme durability due to continuous profiles <\/span><\/p>\n<\/li>\n<li class=\"\">\n<p id=\"tw-target-text\" class=\"tw-data-text tw-text-large tw-ta\" dir=\"ltr\" data-placeholder=\"Translation\"><span class=\"Y2IQFc\" lang=\"en\"> Ease and speed to install Large length construction without any problems for the glass <\/span><\/p>\n<\/li>\n<li class=\"\">\n<p id=\"tw-target-text\" class=\"tw-data-text tw-text-large tw-ta\" dir=\"ltr\" data-placeholder=\"Translation\"><span class=\"Y2IQFc\" lang=\"en\">Wide variety in terms of placement, glass thickness, sills and surface treatment <\/span><\/p>\n<\/li>\n<li class=\"\">\n<p id=\"tw-target-text\" class=\"tw-data-text tw-text-large tw-ta\" dir=\"ltr\" data-placeholder=\"Translation\"><span class=\"Y2IQFc\" lang=\"en\"> High quality in terms of design and production<\/span><\/p>\n<\/li>\n<\/ul>\n<\/div>\n<p><\/p>","protected":false},"excerpt":{"rendered":"<div id=\"tw-target-text-container\" class=\"tw-ta-container F0azHf tw-nfl\" tabindex=\"0\">\n<p id=\"tw-target-text\" class=\"tw-data-text tw-text-large tw-ta\" dir=\"ltr\" data-placeholder=\"Translation\"><span class=\"Y2IQFc\" lang=\"en\">Support system for glass railings with modern look and high durability. Continuous profiles without taf, leave the visual field free and offer a sense of luxurious freedom. Advantages Extreme durability due to continuous profiles Ease and speed to install Large length construction without any problems for the glass Wide variety in terms of placement, glass thickness, sills and surface treatment High quality in terms of design and production.<\/span><\/p>\n<\/div>\n","protected":false},"featured_media":23623,"comment_status":"open","ping_status":"closed","template":"","meta":[],"product_cat":[715],"product_tag":[805,806],"yoast_head":"<!-- This site is optimized with the Yoast SEO plugin v21.7 - https:\/\/yoast.com\/wordpress\/plugins\/seo\/ -->\n<title>Kangjella xhami SMARTIA M8200 - Pikark<\/title>\n<meta name=\"description\" content=\"Sistem mb\u00ebshtetes per kangjellat prej xhami me pamje moderne dhe q\u00ebndrueshm\u00ebri t\u00eb lart\u00eb. Profilet e vazhdueshme pa taf, e l\u00ebn\u00eb fush\u00ebn vizuale\" \/>\n<meta name=\"robots\" content=\"index, follow, max-snippet:-1, max-image-preview:large, max-video-preview:-1\" \/>\n<link rel=\"canonical\" href=\"https:\/\/pikark.com\/en\/product\/kangjella-xhami-smartia-m8200\/\" \/>\n<meta property=\"og:locale\" content=\"en_US\" \/>\n<meta property=\"og:type\" content=\"article\" \/>\n<meta property=\"og:title\" content=\"Kangjella xhami SMARTIA M8200 - Pikark\" \/>\n<meta property=\"og:description\" content=\"Sistem mb\u00ebshtetes per kangjellat prej xhami me pamje moderne dhe q\u00ebndrueshm\u00ebri t\u00eb lart\u00eb. Profilet e vazhdueshme pa taf, e l\u00ebn\u00eb fush\u00ebn vizuale\" \/>\n<meta property=\"og:url\" content=\"https:\/\/pikark.com\/en\/product\/kangjella-xhami-smartia-m8200\/\" \/>\n<meta property=\"og:site_name\" content=\"Pikark\" \/>\n<meta property=\"article:publisher\" content=\"https:\/\/www.facebook.com\/pikark.al\" \/>\n<meta property=\"article:modified_time\" content=\"2025-09-29T09:39:13+00:00\" \/>\n<meta property=\"og:image\" content=\"https:\/\/pikark.com\/wp-content\/uploads\/2021\/04\/M8200-3.jpg\" \/>\n\t<meta property=\"og:image:width\" content=\"300\" \/>\n\t<meta property=\"og:image:height\" content=\"180\" \/>\n\t<meta property=\"og:image:type\" content=\"image\/jpeg\" \/>\n<meta name=\"twitter:card\" content=\"summary_large_image\" \/>\n<meta name=\"twitter:label1\" content=\"Est. reading time\" \/>\n\t<meta name=\"twitter:data1\" content=\"1 minute\" \/>\n<script type=\"application\/ld+json\" class=\"yoast-schema-graph\">{\"@context\":\"https:\/\/schema.org\",\"@graph\":[{\"@type\":\"WebPage\",\"@id\":\"https:\/\/pikark.com\/en\/product\/kangjella-xhami-smartia-m8200\/\",\"url\":\"https:\/\/pikark.com\/en\/product\/kangjella-xhami-smartia-m8200\/\",\"name\":\"Kangjella xhami SMARTIA M8200 - Pikark\",\"isPartOf\":{\"@id\":\"https:\/\/pikark.com\/#website\"},\"datePublished\":\"2021-06-19T12:49:58+00:00\",\"dateModified\":\"2025-09-29T09:39:13+00:00\",\"description\":\"Sistem mb\u00ebshtetes per kangjellat prej xhami me pamje moderne dhe q\u00ebndrueshm\u00ebri t\u00eb lart\u00eb. Profilet e vazhdueshme pa taf, e l\u00ebn\u00eb fush\u00ebn vizuale\",\"breadcrumb\":{\"@id\":\"https:\/\/pikark.com\/en\/product\/kangjella-xhami-smartia-m8200\/#breadcrumb\"},\"inLanguage\":\"en-US\",\"potentialAction\":[{\"@type\":\"ReadAction\",\"target\":[\"https:\/\/pikark.com\/en\/product\/kangjella-xhami-smartia-m8200\/\"]}]},{\"@type\":\"BreadcrumbList\",\"@id\":\"https:\/\/pikark.com\/en\/product\/kangjella-xhami-smartia-m8200\/#breadcrumb\",\"itemListElement\":[{\"@type\":\"ListItem\",\"position\":1,\"name\":\"Home\",\"item\":\"https:\/\/pikark.com\/\"},{\"@type\":\"ListItem\",\"position\":2,\"name\":\"Shop\",\"item\":\"https:\/\/pikark.com\/en\/shop\/\"},{\"@type\":\"ListItem\",\"position\":3,\"name\":\"Kangjella xhami SMARTIA M8200\"}]},{\"@type\":\"WebSite\",\"@id\":\"https:\/\/pikark.com\/#website\",\"url\":\"https:\/\/pikark.com\/\",\"name\":\"Pikark\",\"description\":\"Explore inspiring projects and find the right architects, brand &amp; manufacturers!\",\"publisher\":{\"@id\":\"https:\/\/pikark.com\/#organization\"},\"potentialAction\":[{\"@type\":\"SearchAction\",\"target\":{\"@type\":\"EntryPoint\",\"urlTemplate\":\"https:\/\/pikark.com\/?s={search_term_string}\"},\"query-input\":\"required name=search_term_string\"}],\"inLanguage\":\"en-US\"},{\"@type\":\"Organization\",\"@id\":\"https:\/\/pikark.com\/#organization\",\"name\":\"Pikark\",\"url\":\"https:\/\/pikark.com\/\",\"logo\":{\"@type\":\"ImageObject\",\"inLanguage\":\"en-US\",\"@id\":\"https:\/\/pikark.com\/#\/schema\/logo\/image\/\",\"url\":\"https:\/\/pikark.com\/wp-content\/uploads\/2020\/12\/LOGO_PIKARK-01-1.png\",\"contentUrl\":\"https:\/\/pikark.com\/wp-content\/uploads\/2020\/12\/LOGO_PIKARK-01-1.png\",\"width\":2362,\"height\":2362,\"caption\":\"Pikark\"},\"image\":{\"@id\":\"https:\/\/pikark.com\/#\/schema\/logo\/image\/\"},\"sameAs\":[\"https:\/\/www.facebook.com\/pikark.al\",\"https:\/\/www.instagram.com\/pik.ark\/\"]}]}<\/script>\n<!-- \/ Yoast SEO plugin. -->","yoast_head_json":{"title":"Kangjella xhami SMARTIA M8200 - Pikark","description":"Sistem mb\u00ebshtetes per kangjellat prej xhami me pamje moderne dhe q\u00ebndrueshm\u00ebri t\u00eb lart\u00eb. Profilet e vazhdueshme pa taf, e l\u00ebn\u00eb fush\u00ebn vizuale","robots":{"index":"index","follow":"follow","max-snippet":"max-snippet:-1","max-image-preview":"max-image-preview:large","max-video-preview":"max-video-preview:-1"},"canonical":"https:\/\/pikark.com\/en\/product\/kangjella-xhami-smartia-m8200\/","og_locale":"en_US","og_type":"article","og_title":"Kangjella xhami SMARTIA M8200 - Pikark","og_description":"Sistem mb\u00ebshtetes per kangjellat prej xhami me pamje moderne dhe q\u00ebndrueshm\u00ebri t\u00eb lart\u00eb. Profilet e vazhdueshme pa taf, e l\u00ebn\u00eb fush\u00ebn vizuale","og_url":"https:\/\/pikark.com\/en\/product\/kangjella-xhami-smartia-m8200\/","og_site_name":"Pikark","article_publisher":"https:\/\/www.facebook.com\/pikark.al","article_modified_time":"2025-09-29T09:39:13+00:00","og_image":[{"width":300,"height":180,"url":"https:\/\/pikark.com\/wp-content\/uploads\/2021\/04\/M8200-3.jpg","type":"image\/jpeg"}],"twitter_card":"summary_large_image","twitter_misc":{"Est. reading time":"1 minute"},"schema":{"@context":"https:\/\/schema.org","@graph":[{"@type":"WebPage","@id":"https:\/\/pikark.com\/en\/product\/kangjella-xhami-smartia-m8200\/","url":"https:\/\/pikark.com\/en\/product\/kangjella-xhami-smartia-m8200\/","name":"Kangjella xhami SMARTIA M8200 - Pikark","isPartOf":{"@id":"https:\/\/pikark.com\/#website"},"datePublished":"2021-06-19T12:49:58+00:00","dateModified":"2025-09-29T09:39:13+00:00","description":"Sistem mb\u00ebshtetes per kangjellat prej xhami me pamje moderne dhe q\u00ebndrueshm\u00ebri t\u00eb lart\u00eb. Profilet e vazhdueshme pa taf, e l\u00ebn\u00eb fush\u00ebn vizuale","breadcrumb":{"@id":"https:\/\/pikark.com\/en\/product\/kangjella-xhami-smartia-m8200\/#breadcrumb"},"inLanguage":"en-US","potentialAction":[{"@type":"ReadAction","target":["https:\/\/pikark.com\/en\/product\/kangjella-xhami-smartia-m8200\/"]}]},{"@type":"BreadcrumbList","@id":"https:\/\/pikark.com\/en\/product\/kangjella-xhami-smartia-m8200\/#breadcrumb","itemListElement":[{"@type":"ListItem","position":1,"name":"Home","item":"https:\/\/pikark.com\/"},{"@type":"ListItem","position":2,"name":"Shop","item":"https:\/\/pikark.com\/en\/shop\/"},{"@type":"ListItem","position":3,"name":"Kangjella xhami SMARTIA M8200"}]},{"@type":"WebSite","@id":"https:\/\/pikark.com\/#website","url":"https:\/\/pikark.com\/","name":"Pikark","description":"Explore inspiring projects and find the right architects, brand &amp; manufacturers!","publisher":{"@id":"https:\/\/pikark.com\/#organization"},"potentialAction":[{"@type":"SearchAction","target":{"@type":"EntryPoint","urlTemplate":"https:\/\/pikark.com\/?s={search_term_string}"},"query-input":"required name=search_term_string"}],"inLanguage":"en-US"},{"@type":"Organization","@id":"https:\/\/pikark.com\/#organization","name":"Pikark","url":"https:\/\/pikark.com\/","logo":{"@type":"ImageObject","inLanguage":"en-US","@id":"https:\/\/pikark.com\/#\/schema\/logo\/image\/","url":"https:\/\/pikark.com\/wp-content\/uploads\/2020\/12\/LOGO_PIKARK-01-1.png","contentUrl":"https:\/\/pikark.com\/wp-content\/uploads\/2020\/12\/LOGO_PIKARK-01-1.png","width":2362,"height":2362,"caption":"Pikark"},"image":{"@id":"https:\/\/pikark.com\/#\/schema\/logo\/image\/"},"sameAs":["https:\/\/www.facebook.com\/pikark.al","https:\/\/www.instagram.com\/pik.ark\/"]}]}},"_links":{"self":[{"href":"https:\/\/pikark.com\/en\/wp-json\/wp\/v2\/product\/23629"}],"collection":[{"href":"https:\/\/pikark.com\/en\/wp-json\/wp\/v2\/product"}],"about":[{"href":"https:\/\/pikark.com\/en\/wp-json\/wp\/v2\/types\/product"}],"replies":[{"embeddable":true,"href":"https:\/\/pikark.com\/en\/wp-json\/wp\/v2\/comments?post=23629"}],"wp:featuredmedia":[{"embeddable":true,"href":"https:\/\/pikark.com\/en\/wp-json\/wp\/v2\/media\/23623"}],"wp:attachment":[{"href":"https:\/\/pikark.com\/en\/wp-json\/wp\/v2\/media?parent=23629"}],"wp:term":[{"taxonomy":"product_cat","embeddable":true,"href":"https:\/\/pikark.com\/en\/wp-json\/wp\/v2\/product_cat?post=23629"},{"taxonomy":"product_tag","embeddable":true,"href":"https:\/\/pikark.com\/en\/wp-json\/wp\/v2\/product_tag?post=23629"}],"curies":[{"name":"wp","href":"https:\/\/api.w.org\/{rel}","templated":true}]}}