{"id":23540,"date":"2021-04-26T13:40:28","date_gmt":"2021-04-26T13:40:28","guid":{"rendered":"https:\/\/pikark.com\/?post_type=product&#038;p=23540"},"modified":"2021-04-28T13:22:39","modified_gmt":"2021-04-28T13:22:39","slug":"sistem-fiks-pergola-smartia-pg120f","status":"publish","type":"product","link":"https:\/\/pikark.com\/en\/product\/sistem-fiks-pergola-smartia-pg120f\/","title":{"rendered":"Sistem Fiks Pergola SMARTIA PG120F"},"content":{"rendered":"<p>Nj\u00eb sistem komplet pergola me flet\u00eb(louver) fikse p\u00ebr hij\u00ebzim t\u00eb p\u00ebrshtatsh\u00ebm dhe p\u00ebr t\u00eb theksuar pamjen estetike t\u00eb ambientit p\u00ebrreth. Karakterizohet nga nj\u00eb gam\u00eb e gjer\u00eb zgjidhjesh elegante t\u00eb cilat kategorizohen n\u00eb tre (3) modele kryesore, \\&#8221;minimale Creta\\&#8221;, \\&#8221;moderne Corfu\\&#8221; dhe \\&#8221;tradicionale Naxos\\&#8221;. Avantazhet Varietet mjaft i gjer\u00eb zgjidhjesh konkurruese t\u00eb cilat mbulojn\u00eb \u00e7do nevoj\u00eb Konstruksione elegante me dizenjo minimale me linja t\u00eb qarta dhe nyjet bashkuese t\u00eb fshehura Q\u00ebndrueshm\u00ebri ekstreme q\u00eb i reziston ngarkesave t\u00eb m\u00ebdha t\u00eb er\u00ebs si edhe l\u00ebkundjeve t\u00eb ndryshme, gj\u00eb e cila lejon konstruktimin e dimensioneve mjaft t\u00eb m\u00ebdha deri n\u00eb 4.8&#215;6.0m. Mund\u00ebson struktura komplekse si rezultat i m\u00ebnyr\u00ebs s\u00eb bashkimit t\u00eb traversave me kolonat Pjesa m\u00eb e madhe e konstruksionit para fabrikohet dhe p\u00ebr k\u00ebt\u00eb arsye instalimi \u00ebsht\u00eb i leht\u00eb dhe shum\u00eb i shpejt\u00eb P\u00ebrpunimi sip\u00ebrfaq\u00ebsor me cil\u00ebsi t\u00eb lart\u00eb p\u00ebr arsye t\u00eb procesit t\u00eb para-anodizimit si edhe faktit se t\u00eb gjitha pjes\u00ebt bashkuese jan\u00eb prodhuar prej alumini t\u00eb ekstruduar.<\/p>\n","protected":false},"excerpt":{"rendered":"<p>Sistem Fiks Pergola SMARTIA PG120F<\/p>\n","protected":false},"featured_media":23541,"comment_status":"open","ping_status":"closed","template":"","meta":[],"product_cat":[831],"product_tag":[805,806,823,826],"yoast_head":"<!-- This site is optimized with the Yoast SEO plugin v21.7 - https:\/\/yoast.com\/wordpress\/plugins\/seo\/ -->\n<title>Sistem Fiks Pergola SMARTIA PG120F - Pikark<\/title>\n<meta name=\"robots\" content=\"index, follow, max-snippet:-1, max-image-preview:large, max-video-preview:-1\" \/>\n<link rel=\"canonical\" href=\"https:\/\/pikark.com\/en\/product\/sistem-fiks-pergola-smartia-pg120f\/\" \/>\n<meta property=\"og:locale\" content=\"en_US\" \/>\n<meta property=\"og:type\" content=\"article\" \/>\n<meta property=\"og:title\" content=\"Sistem Fiks Pergola SMARTIA PG120F - Pikark\" \/>\n<meta property=\"og:description\" content=\"Sistem Fiks Pergola SMARTIA PG120F\" \/>\n<meta property=\"og:url\" content=\"https:\/\/pikark.com\/en\/product\/sistem-fiks-pergola-smartia-pg120f\/\" \/>\n<meta property=\"og:site_name\" content=\"Pikark\" \/>\n<meta property=\"article:publisher\" content=\"https:\/\/www.facebook.com\/pikark.al\" \/>\n<meta property=\"article:modified_time\" content=\"2021-04-28T13:22:39+00:00\" \/>\n<meta property=\"og:image\" content=\"https:\/\/pikark.com\/wp-content\/uploads\/2021\/04\/pergola-kos-882x496-2.jpg\" \/>\n\t<meta property=\"og:image:width\" content=\"882\" \/>\n\t<meta property=\"og:image:height\" content=\"496\" \/>\n\t<meta property=\"og:image:type\" content=\"image\/jpeg\" \/>\n<meta name=\"twitter:card\" content=\"summary_large_image\" \/>\n<meta name=\"twitter:label1\" content=\"Est. reading time\" \/>\n\t<meta name=\"twitter:data1\" content=\"1 minute\" \/>\n<script type=\"application\/ld+json\" class=\"yoast-schema-graph\">{\"@context\":\"https:\/\/schema.org\",\"@graph\":[{\"@type\":\"WebPage\",\"@id\":\"https:\/\/pikark.com\/en\/product\/sistem-fiks-pergola-smartia-pg120f\/\",\"url\":\"https:\/\/pikark.com\/en\/product\/sistem-fiks-pergola-smartia-pg120f\/\",\"name\":\"Sistem Fiks Pergola SMARTIA PG120F - Pikark\",\"isPartOf\":{\"@id\":\"https:\/\/pikark.com\/#website\"},\"datePublished\":\"2021-04-26T13:40:28+00:00\",\"dateModified\":\"2021-04-28T13:22:39+00:00\",\"breadcrumb\":{\"@id\":\"https:\/\/pikark.com\/en\/product\/sistem-fiks-pergola-smartia-pg120f\/#breadcrumb\"},\"inLanguage\":\"en-US\",\"potentialAction\":[{\"@type\":\"ReadAction\",\"target\":[\"https:\/\/pikark.com\/en\/product\/sistem-fiks-pergola-smartia-pg120f\/\"]}]},{\"@type\":\"BreadcrumbList\",\"@id\":\"https:\/\/pikark.com\/en\/product\/sistem-fiks-pergola-smartia-pg120f\/#breadcrumb\",\"itemListElement\":[{\"@type\":\"ListItem\",\"position\":1,\"name\":\"Home\",\"item\":\"https:\/\/pikark.com\/\"},{\"@type\":\"ListItem\",\"position\":2,\"name\":\"Shop\",\"item\":\"https:\/\/pikark.com\/en\/shop\/\"},{\"@type\":\"ListItem\",\"position\":3,\"name\":\"Sistem Fiks Pergola SMARTIA PG120F\"}]},{\"@type\":\"WebSite\",\"@id\":\"https:\/\/pikark.com\/#website\",\"url\":\"https:\/\/pikark.com\/\",\"name\":\"Pikark\",\"description\":\"Explore inspiring projects and find the right architects, brand &amp; manufacturers!\",\"publisher\":{\"@id\":\"https:\/\/pikark.com\/#organization\"},\"potentialAction\":[{\"@type\":\"SearchAction\",\"target\":{\"@type\":\"EntryPoint\",\"urlTemplate\":\"https:\/\/pikark.com\/?s={search_term_string}\"},\"query-input\":\"required name=search_term_string\"}],\"inLanguage\":\"en-US\"},{\"@type\":\"Organization\",\"@id\":\"https:\/\/pikark.com\/#organization\",\"name\":\"Pikark\",\"url\":\"https:\/\/pikark.com\/\",\"logo\":{\"@type\":\"ImageObject\",\"inLanguage\":\"en-US\",\"@id\":\"https:\/\/pikark.com\/#\/schema\/logo\/image\/\",\"url\":\"https:\/\/pikark.com\/wp-content\/uploads\/2020\/12\/LOGO_PIKARK-01-1.png\",\"contentUrl\":\"https:\/\/pikark.com\/wp-content\/uploads\/2020\/12\/LOGO_PIKARK-01-1.png\",\"width\":2362,\"height\":2362,\"caption\":\"Pikark\"},\"image\":{\"@id\":\"https:\/\/pikark.com\/#\/schema\/logo\/image\/\"},\"sameAs\":[\"https:\/\/www.facebook.com\/pikark.al\",\"https:\/\/www.instagram.com\/pik.ark\/\"]}]}<\/script>\n<!-- \/ Yoast SEO plugin. -->","yoast_head_json":{"title":"Sistem Fiks Pergola SMARTIA PG120F - Pikark","robots":{"index":"index","follow":"follow","max-snippet":"max-snippet:-1","max-image-preview":"max-image-preview:large","max-video-preview":"max-video-preview:-1"},"canonical":"https:\/\/pikark.com\/en\/product\/sistem-fiks-pergola-smartia-pg120f\/","og_locale":"en_US","og_type":"article","og_title":"Sistem Fiks Pergola SMARTIA PG120F - Pikark","og_description":"Sistem Fiks Pergola SMARTIA PG120F","og_url":"https:\/\/pikark.com\/en\/product\/sistem-fiks-pergola-smartia-pg120f\/","og_site_name":"Pikark","article_publisher":"https:\/\/www.facebook.com\/pikark.al","article_modified_time":"2021-04-28T13:22:39+00:00","og_image":[{"width":882,"height":496,"url":"https:\/\/pikark.com\/wp-content\/uploads\/2021\/04\/pergola-kos-882x496-2.jpg","type":"image\/jpeg"}],"twitter_card":"summary_large_image","twitter_misc":{"Est. reading time":"1 minute"},"schema":{"@context":"https:\/\/schema.org","@graph":[{"@type":"WebPage","@id":"https:\/\/pikark.com\/en\/product\/sistem-fiks-pergola-smartia-pg120f\/","url":"https:\/\/pikark.com\/en\/product\/sistem-fiks-pergola-smartia-pg120f\/","name":"Sistem Fiks Pergola SMARTIA PG120F - Pikark","isPartOf":{"@id":"https:\/\/pikark.com\/#website"},"datePublished":"2021-04-26T13:40:28+00:00","dateModified":"2021-04-28T13:22:39+00:00","breadcrumb":{"@id":"https:\/\/pikark.com\/en\/product\/sistem-fiks-pergola-smartia-pg120f\/#breadcrumb"},"inLanguage":"en-US","potentialAction":[{"@type":"ReadAction","target":["https:\/\/pikark.com\/en\/product\/sistem-fiks-pergola-smartia-pg120f\/"]}]},{"@type":"BreadcrumbList","@id":"https:\/\/pikark.com\/en\/product\/sistem-fiks-pergola-smartia-pg120f\/#breadcrumb","itemListElement":[{"@type":"ListItem","position":1,"name":"Home","item":"https:\/\/pikark.com\/"},{"@type":"ListItem","position":2,"name":"Shop","item":"https:\/\/pikark.com\/en\/shop\/"},{"@type":"ListItem","position":3,"name":"Sistem Fiks Pergola SMARTIA PG120F"}]},{"@type":"WebSite","@id":"https:\/\/pikark.com\/#website","url":"https:\/\/pikark.com\/","name":"Pikark","description":"Explore inspiring projects and find the right architects, brand &amp; manufacturers!","publisher":{"@id":"https:\/\/pikark.com\/#organization"},"potentialAction":[{"@type":"SearchAction","target":{"@type":"EntryPoint","urlTemplate":"https:\/\/pikark.com\/?s={search_term_string}"},"query-input":"required name=search_term_string"}],"inLanguage":"en-US"},{"@type":"Organization","@id":"https:\/\/pikark.com\/#organization","name":"Pikark","url":"https:\/\/pikark.com\/","logo":{"@type":"ImageObject","inLanguage":"en-US","@id":"https:\/\/pikark.com\/#\/schema\/logo\/image\/","url":"https:\/\/pikark.com\/wp-content\/uploads\/2020\/12\/LOGO_PIKARK-01-1.png","contentUrl":"https:\/\/pikark.com\/wp-content\/uploads\/2020\/12\/LOGO_PIKARK-01-1.png","width":2362,"height":2362,"caption":"Pikark"},"image":{"@id":"https:\/\/pikark.com\/#\/schema\/logo\/image\/"},"sameAs":["https:\/\/www.facebook.com\/pikark.al","https:\/\/www.instagram.com\/pik.ark\/"]}]}},"_links":{"self":[{"href":"https:\/\/pikark.com\/en\/wp-json\/wp\/v2\/product\/23540"}],"collection":[{"href":"https:\/\/pikark.com\/en\/wp-json\/wp\/v2\/product"}],"about":[{"href":"https:\/\/pikark.com\/en\/wp-json\/wp\/v2\/types\/product"}],"replies":[{"embeddable":true,"href":"https:\/\/pikark.com\/en\/wp-json\/wp\/v2\/comments?post=23540"}],"wp:featuredmedia":[{"embeddable":true,"href":"https:\/\/pikark.com\/en\/wp-json\/wp\/v2\/media\/23541"}],"wp:attachment":[{"href":"https:\/\/pikark.com\/en\/wp-json\/wp\/v2\/media?parent=23540"}],"wp:term":[{"taxonomy":"product_cat","embeddable":true,"href":"https:\/\/pikark.com\/en\/wp-json\/wp\/v2\/product_cat?post=23540"},{"taxonomy":"product_tag","embeddable":true,"href":"https:\/\/pikark.com\/en\/wp-json\/wp\/v2\/product_tag?post=23540"}],"curies":[{"name":"wp","href":"https:\/\/api.w.org\/{rel}","templated":true}]}}