{"id":23430,"date":"2021-04-21T14:18:12","date_gmt":"2021-04-21T14:18:12","guid":{"rendered":"https:\/\/pikark.com\/?post_type=product&#038;p=23430"},"modified":"2021-04-28T13:21:55","modified_gmt":"2021-04-28T13:21:55","slug":"flete-polikarbonati-smartia-m4000","status":"publish","type":"product","link":"https:\/\/pikark.com\/en\/product\/flete-polikarbonati-smartia-m4000\/","title":{"rendered":"Flet\u00eb Polikarbonati SMARTIA M4000"},"content":{"rendered":"<p>Sistemi polikarbonat i SMARTIA M4000 ofron nj\u00eb shum\u00ebllojshm\u00ebri t\u00eb gjer\u00eb t\u00eb flet\u00ebve t\u00eb polikarbonatit, t\u00eb zbraz\u00ebta dhe t\u00eb ngurta, me korniz\u00ebn e nevojshme t\u00eb aluminit. Ideal p\u00ebr atriumet, mbulesa me xham, mbulesa parkingjesh, ndar\u00ebse t\u00eb brendshme, dritare, sera, kulme rr\u00ebshqit\u00ebs dhe pengesat e zhurm\u00ebs, etj. Avantazhet E disponueshme n\u00eb dy lloje baz\u00eb (t\u00eb dhom\u00ebzuara dhe t\u00eb ngurta) n\u00eb trash\u00ebsi, ngjyra dhe numri i dhomave. M\u00eb i p\u00ebrshtatsh\u00ebm se materialet e tjera tradicionale, si\u00e7 \u00ebsht\u00eb qelqi. T\u00eb lehta, fleksib\u00ebl, pothuajse t\u00eb pathyeshme, t\u00eb izoluara, transparente ndaj drit\u00ebs, i pap\u00ebrshkuesh\u00ebm nga z\u00ebri dhe mbrojt\u00ebse nga rrezet ultra violet. Pastrohen leht\u00eb pasi pluhuri v\u00ebshtir\u00eb se mund t\u00eb grumbullohet mbi to. Ofrohet n\u00eb dimensione t\u00eb ndryshme, standarde dhe t\u00eb personalizuara.<\/p>\n","protected":false},"excerpt":{"rendered":"<p>Flet\u00eb Polikarbonati SMARTIA M4000<\/p>\n","protected":false},"featured_media":23422,"comment_status":"open","ping_status":"closed","template":"","meta":[],"product_cat":[715,797],"product_tag":[805,806,788],"yoast_head":"<!-- This site is optimized with the Yoast SEO plugin v21.7 - https:\/\/yoast.com\/wordpress\/plugins\/seo\/ -->\n<title>Flet\u00eb Polikarbonati SMARTIA M4000 - Pikark<\/title>\n<meta name=\"robots\" content=\"index, follow, max-snippet:-1, max-image-preview:large, max-video-preview:-1\" \/>\n<link rel=\"canonical\" href=\"https:\/\/pikark.com\/product\/flete-polikarbonati-smartia-m4000\/\" \/>\n<meta property=\"og:locale\" content=\"en_US\" \/>\n<meta property=\"og:type\" content=\"article\" \/>\n<meta property=\"og:title\" content=\"Flet\u00eb Polikarbonati SMARTIA M4000 - Pikark\" \/>\n<meta property=\"og:description\" content=\"Flet\u00eb Polikarbonati SMARTIA M4000\" \/>\n<meta property=\"og:url\" content=\"https:\/\/pikark.com\/product\/flete-polikarbonati-smartia-m4000\/\" \/>\n<meta property=\"og:site_name\" content=\"Pikark\" \/>\n<meta property=\"article:publisher\" content=\"https:\/\/www.facebook.com\/pikark.al\" \/>\n<meta property=\"article:modified_time\" content=\"2021-04-28T13:21:55+00:00\" \/>\n<meta property=\"og:image\" content=\"https:\/\/pikark.com\/wp-content\/uploads\/2021\/04\/flete-polikarbonat-4.jpg\" \/>\n\t<meta property=\"og:image:width\" content=\"882\" \/>\n\t<meta property=\"og:image:height\" content=\"496\" \/>\n\t<meta property=\"og:image:type\" content=\"image\/jpeg\" \/>\n<meta name=\"twitter:card\" content=\"summary_large_image\" \/>\n<meta name=\"twitter:label1\" content=\"Est. reading time\" \/>\n\t<meta name=\"twitter:data1\" content=\"1 minute\" \/>\n<script type=\"application\/ld+json\" class=\"yoast-schema-graph\">{\"@context\":\"https:\/\/schema.org\",\"@graph\":[{\"@type\":\"WebPage\",\"@id\":\"https:\/\/pikark.com\/product\/flete-polikarbonati-smartia-m4000\/\",\"url\":\"https:\/\/pikark.com\/product\/flete-polikarbonati-smartia-m4000\/\",\"name\":\"Flet\u00eb Polikarbonati SMARTIA M4000 - Pikark\",\"isPartOf\":{\"@id\":\"https:\/\/pikark.com\/#website\"},\"datePublished\":\"2021-04-21T14:18:12+00:00\",\"dateModified\":\"2021-04-28T13:21:55+00:00\",\"breadcrumb\":{\"@id\":\"https:\/\/pikark.com\/product\/flete-polikarbonati-smartia-m4000\/#breadcrumb\"},\"inLanguage\":\"en-US\",\"potentialAction\":[{\"@type\":\"ReadAction\",\"target\":[\"https:\/\/pikark.com\/product\/flete-polikarbonati-smartia-m4000\/\"]}]},{\"@type\":\"BreadcrumbList\",\"@id\":\"https:\/\/pikark.com\/product\/flete-polikarbonati-smartia-m4000\/#breadcrumb\",\"itemListElement\":[{\"@type\":\"ListItem\",\"position\":1,\"name\":\"Home\",\"item\":\"https:\/\/pikark.com\/\"},{\"@type\":\"ListItem\",\"position\":2,\"name\":\"Shop\",\"item\":\"https:\/\/pikark.com\/en\/shop\/\"},{\"@type\":\"ListItem\",\"position\":3,\"name\":\"Flet\u00eb Polikarbonati SMARTIA M4000\"}]},{\"@type\":\"WebSite\",\"@id\":\"https:\/\/pikark.com\/#website\",\"url\":\"https:\/\/pikark.com\/\",\"name\":\"Pikark\",\"description\":\"Explore inspiring projects and find the right architects, brand &amp; manufacturers!\",\"publisher\":{\"@id\":\"https:\/\/pikark.com\/#organization\"},\"potentialAction\":[{\"@type\":\"SearchAction\",\"target\":{\"@type\":\"EntryPoint\",\"urlTemplate\":\"https:\/\/pikark.com\/?s={search_term_string}\"},\"query-input\":\"required name=search_term_string\"}],\"inLanguage\":\"en-US\"},{\"@type\":\"Organization\",\"@id\":\"https:\/\/pikark.com\/#organization\",\"name\":\"Pikark\",\"url\":\"https:\/\/pikark.com\/\",\"logo\":{\"@type\":\"ImageObject\",\"inLanguage\":\"en-US\",\"@id\":\"https:\/\/pikark.com\/#\/schema\/logo\/image\/\",\"url\":\"https:\/\/pikark.com\/wp-content\/uploads\/2020\/12\/LOGO_PIKARK-01-1.png\",\"contentUrl\":\"https:\/\/pikark.com\/wp-content\/uploads\/2020\/12\/LOGO_PIKARK-01-1.png\",\"width\":2362,\"height\":2362,\"caption\":\"Pikark\"},\"image\":{\"@id\":\"https:\/\/pikark.com\/#\/schema\/logo\/image\/\"},\"sameAs\":[\"https:\/\/www.facebook.com\/pikark.al\",\"https:\/\/www.instagram.com\/pik.ark\/\"]}]}<\/script>\n<!-- \/ Yoast SEO plugin. -->","yoast_head_json":{"title":"Flet\u00eb Polikarbonati SMARTIA M4000 - Pikark","robots":{"index":"index","follow":"follow","max-snippet":"max-snippet:-1","max-image-preview":"max-image-preview:large","max-video-preview":"max-video-preview:-1"},"canonical":"https:\/\/pikark.com\/product\/flete-polikarbonati-smartia-m4000\/","og_locale":"en_US","og_type":"article","og_title":"Flet\u00eb Polikarbonati SMARTIA M4000 - Pikark","og_description":"Flet\u00eb Polikarbonati SMARTIA M4000","og_url":"https:\/\/pikark.com\/product\/flete-polikarbonati-smartia-m4000\/","og_site_name":"Pikark","article_publisher":"https:\/\/www.facebook.com\/pikark.al","article_modified_time":"2021-04-28T13:21:55+00:00","og_image":[{"width":882,"height":496,"url":"https:\/\/pikark.com\/wp-content\/uploads\/2021\/04\/flete-polikarbonat-4.jpg","type":"image\/jpeg"}],"twitter_card":"summary_large_image","twitter_misc":{"Est. reading time":"1 minute"},"schema":{"@context":"https:\/\/schema.org","@graph":[{"@type":"WebPage","@id":"https:\/\/pikark.com\/product\/flete-polikarbonati-smartia-m4000\/","url":"https:\/\/pikark.com\/product\/flete-polikarbonati-smartia-m4000\/","name":"Flet\u00eb Polikarbonati SMARTIA M4000 - Pikark","isPartOf":{"@id":"https:\/\/pikark.com\/#website"},"datePublished":"2021-04-21T14:18:12+00:00","dateModified":"2021-04-28T13:21:55+00:00","breadcrumb":{"@id":"https:\/\/pikark.com\/product\/flete-polikarbonati-smartia-m4000\/#breadcrumb"},"inLanguage":"en-US","potentialAction":[{"@type":"ReadAction","target":["https:\/\/pikark.com\/product\/flete-polikarbonati-smartia-m4000\/"]}]},{"@type":"BreadcrumbList","@id":"https:\/\/pikark.com\/product\/flete-polikarbonati-smartia-m4000\/#breadcrumb","itemListElement":[{"@type":"ListItem","position":1,"name":"Home","item":"https:\/\/pikark.com\/"},{"@type":"ListItem","position":2,"name":"Shop","item":"https:\/\/pikark.com\/en\/shop\/"},{"@type":"ListItem","position":3,"name":"Flet\u00eb Polikarbonati SMARTIA M4000"}]},{"@type":"WebSite","@id":"https:\/\/pikark.com\/#website","url":"https:\/\/pikark.com\/","name":"Pikark","description":"Explore inspiring projects and find the right architects, brand &amp; manufacturers!","publisher":{"@id":"https:\/\/pikark.com\/#organization"},"potentialAction":[{"@type":"SearchAction","target":{"@type":"EntryPoint","urlTemplate":"https:\/\/pikark.com\/?s={search_term_string}"},"query-input":"required name=search_term_string"}],"inLanguage":"en-US"},{"@type":"Organization","@id":"https:\/\/pikark.com\/#organization","name":"Pikark","url":"https:\/\/pikark.com\/","logo":{"@type":"ImageObject","inLanguage":"en-US","@id":"https:\/\/pikark.com\/#\/schema\/logo\/image\/","url":"https:\/\/pikark.com\/wp-content\/uploads\/2020\/12\/LOGO_PIKARK-01-1.png","contentUrl":"https:\/\/pikark.com\/wp-content\/uploads\/2020\/12\/LOGO_PIKARK-01-1.png","width":2362,"height":2362,"caption":"Pikark"},"image":{"@id":"https:\/\/pikark.com\/#\/schema\/logo\/image\/"},"sameAs":["https:\/\/www.facebook.com\/pikark.al","https:\/\/www.instagram.com\/pik.ark\/"]}]}},"_links":{"self":[{"href":"https:\/\/pikark.com\/en\/wp-json\/wp\/v2\/product\/23430"}],"collection":[{"href":"https:\/\/pikark.com\/en\/wp-json\/wp\/v2\/product"}],"about":[{"href":"https:\/\/pikark.com\/en\/wp-json\/wp\/v2\/types\/product"}],"replies":[{"embeddable":true,"href":"https:\/\/pikark.com\/en\/wp-json\/wp\/v2\/comments?post=23430"}],"wp:featuredmedia":[{"embeddable":true,"href":"https:\/\/pikark.com\/en\/wp-json\/wp\/v2\/media\/23422"}],"wp:attachment":[{"href":"https:\/\/pikark.com\/en\/wp-json\/wp\/v2\/media?parent=23430"}],"wp:term":[{"taxonomy":"product_cat","embeddable":true,"href":"https:\/\/pikark.com\/en\/wp-json\/wp\/v2\/product_cat?post=23430"},{"taxonomy":"product_tag","embeddable":true,"href":"https:\/\/pikark.com\/en\/wp-json\/wp\/v2\/product_tag?post=23430"}],"curies":[{"name":"wp","href":"https:\/\/api.w.org\/{rel}","templated":true}]}}