{"id":23421,"date":"2022-06-06T14:08:15","date_gmt":"2022-06-06T14:08:15","guid":{"rendered":"https:\/\/pikark.com\/?post_type=product&#038;p=23421"},"modified":"2022-06-07T10:06:37","modified_gmt":"2022-06-07T10:06:37","slug":"kompozit-druri-per-veshje-verande-woodee","status":"publish","type":"product","link":"https:\/\/pikark.com\/en\/product\/kompozit-druri-per-veshje-verande-woodee\/","title":{"rendered":"WOODEE Wood Composite Decking"},"content":{"rendered":"<p><\/p>\n<ul class=\"hover\">\n<li class=\"hover\">Absolute sense of wood<\/li>\n<li class=\"\">25-year warranty<\/li>\n<li class=\"\">Extreme resistance against the weathering effects, wood parasites, chlorine and salty water<\/li>\n<li class=\"\">Solid and extremely robust<\/li>\n<li class=\"\">Top anti-distortion attributes with very low bending risk<\/li>\n<li class=\"\">Walk barefoot without any burning, slipping or splinters injury risk<\/li>\n<li class=\"\">Almost no maintenance (no painting, waterproofing, oiling)<\/li>\n<li class=\"\">Not toxic and friendly to environment<\/li>\n<\/ul>\n<p><\/p>","protected":false},"excerpt":{"rendered":"<p>Top quality wood composite product in solid profiles, ideal for outdoor and indoor decking, wall cladding and fencing applications. With a special recipe (60% wood and 40% polyethylene) and a wide variety of solutions, as well as premium quality and excellent durability, thus accompanied by a 25-year warranty.<\/p>\n","protected":false},"featured_media":23413,"comment_status":"open","ping_status":"closed","template":"","meta":[],"product_cat":[713,714],"product_tag":[805,863,859,823,862,861,860],"yoast_head":"<!-- This site is optimized with the Yoast SEO plugin v21.7 - https:\/\/yoast.com\/wordpress\/plugins\/seo\/ -->\n<title>WOODEE Wood Composite Decking - Pikark<\/title>\n<meta name=\"description\" content=\"Produkt me p\u00ebrb\u00ebrje druri, me cil\u00ebsi t\u00eb lart\u00eb, n\u00eb form\u00ebn e profileve, material ideal p\u00ebr ambiente t\u00eb brendshme apo t\u00eb jashtme si p\u00ebr\" \/>\n<meta name=\"robots\" content=\"index, follow, max-snippet:-1, max-image-preview:large, max-video-preview:-1\" \/>\n<link rel=\"canonical\" href=\"https:\/\/pikark.com\/en\/product\/kompozit-druri-per-veshje-verande-woodee\/\" \/>\n<meta property=\"og:locale\" content=\"en_US\" \/>\n<meta property=\"og:type\" content=\"article\" \/>\n<meta property=\"og:title\" content=\"WOODEE Wood Composite Decking - Pikark\" \/>\n<meta property=\"og:description\" content=\"Produkt me p\u00ebrb\u00ebrje druri, me cil\u00ebsi t\u00eb lart\u00eb, n\u00eb form\u00ebn e profileve, material ideal p\u00ebr ambiente t\u00eb brendshme apo t\u00eb jashtme si p\u00ebr\" \/>\n<meta property=\"og:url\" content=\"https:\/\/pikark.com\/en\/product\/kompozit-druri-per-veshje-verande-woodee\/\" \/>\n<meta property=\"og:site_name\" content=\"Pikark\" \/>\n<meta property=\"article:publisher\" content=\"https:\/\/www.facebook.com\/pikark.al\" \/>\n<meta property=\"article:modified_time\" content=\"2022-06-07T10:06:37+00:00\" \/>\n<meta property=\"og:image\" content=\"https:\/\/pikark.com\/wp-content\/uploads\/2021\/04\/woodee.jpg\" \/>\n\t<meta property=\"og:image:width\" content=\"882\" \/>\n\t<meta property=\"og:image:height\" content=\"496\" \/>\n\t<meta property=\"og:image:type\" content=\"image\/jpeg\" \/>\n<meta name=\"twitter:card\" content=\"summary_large_image\" \/>\n<meta name=\"twitter:label1\" content=\"Est. reading time\" \/>\n\t<meta name=\"twitter:data1\" content=\"1 minute\" \/>\n<script type=\"application\/ld+json\" class=\"yoast-schema-graph\">{\"@context\":\"https:\/\/schema.org\",\"@graph\":[{\"@type\":\"WebPage\",\"@id\":\"https:\/\/pikark.com\/en\/product\/kompozit-druri-per-veshje-verande-woodee\/\",\"url\":\"https:\/\/pikark.com\/en\/product\/kompozit-druri-per-veshje-verande-woodee\/\",\"name\":\"[:sq]Kompozit druri p\u00ebr veshje verande WOODEE[:en]WOODEE Wood Composite Decking[:] - Pikark\",\"isPartOf\":{\"@id\":\"https:\/\/pikark.com\/#website\"},\"datePublished\":\"2022-06-06T14:08:15+00:00\",\"dateModified\":\"2022-06-07T10:06:37+00:00\",\"description\":\"Produkt me p\u00ebrb\u00ebrje druri, me cil\u00ebsi t\u00eb lart\u00eb, n\u00eb form\u00ebn e profileve, material ideal p\u00ebr ambiente t\u00eb brendshme apo t\u00eb jashtme si p\u00ebr\",\"breadcrumb\":{\"@id\":\"https:\/\/pikark.com\/en\/product\/kompozit-druri-per-veshje-verande-woodee\/#breadcrumb\"},\"inLanguage\":\"en-US\",\"potentialAction\":[{\"@type\":\"ReadAction\",\"target\":[\"https:\/\/pikark.com\/en\/product\/kompozit-druri-per-veshje-verande-woodee\/\"]}]},{\"@type\":\"BreadcrumbList\",\"@id\":\"https:\/\/pikark.com\/en\/product\/kompozit-druri-per-veshje-verande-woodee\/#breadcrumb\",\"itemListElement\":[{\"@type\":\"ListItem\",\"position\":1,\"name\":\"Home\",\"item\":\"https:\/\/pikark.com\/\"},{\"@type\":\"ListItem\",\"position\":2,\"name\":\"Shop\",\"item\":\"https:\/\/pikark.com\/en\/shop\/\"},{\"@type\":\"ListItem\",\"position\":3,\"name\":\"WOODEE Wood Composite Decking\"}]},{\"@type\":\"WebSite\",\"@id\":\"https:\/\/pikark.com\/#website\",\"url\":\"https:\/\/pikark.com\/\",\"name\":\"Pikark\",\"description\":\"Explore inspiring projects and find the right architects, brand &amp; manufacturers!\",\"publisher\":{\"@id\":\"https:\/\/pikark.com\/#organization\"},\"potentialAction\":[{\"@type\":\"SearchAction\",\"target\":{\"@type\":\"EntryPoint\",\"urlTemplate\":\"https:\/\/pikark.com\/?s={search_term_string}\"},\"query-input\":\"required name=search_term_string\"}],\"inLanguage\":\"en-US\"},{\"@type\":\"Organization\",\"@id\":\"https:\/\/pikark.com\/#organization\",\"name\":\"Pikark\",\"url\":\"https:\/\/pikark.com\/\",\"logo\":{\"@type\":\"ImageObject\",\"inLanguage\":\"en-US\",\"@id\":\"https:\/\/pikark.com\/#\/schema\/logo\/image\/\",\"url\":\"https:\/\/pikark.com\/wp-content\/uploads\/2020\/12\/LOGO_PIKARK-01-1.png\",\"contentUrl\":\"https:\/\/pikark.com\/wp-content\/uploads\/2020\/12\/LOGO_PIKARK-01-1.png\",\"width\":2362,\"height\":2362,\"caption\":\"Pikark\"},\"image\":{\"@id\":\"https:\/\/pikark.com\/#\/schema\/logo\/image\/\"},\"sameAs\":[\"https:\/\/www.facebook.com\/pikark.al\",\"https:\/\/www.instagram.com\/pik.ark\/\"]}]}<\/script>\n<!-- \/ Yoast SEO plugin. -->","yoast_head_json":{"title":"WOODEE Wood Composite Decking - Pikark","description":"Produkt me p\u00ebrb\u00ebrje druri, me cil\u00ebsi t\u00eb lart\u00eb, n\u00eb form\u00ebn e profileve, material ideal p\u00ebr ambiente t\u00eb brendshme apo t\u00eb jashtme si p\u00ebr","robots":{"index":"index","follow":"follow","max-snippet":"max-snippet:-1","max-image-preview":"max-image-preview:large","max-video-preview":"max-video-preview:-1"},"canonical":"https:\/\/pikark.com\/en\/product\/kompozit-druri-per-veshje-verande-woodee\/","og_locale":"en_US","og_type":"article","og_title":"WOODEE Wood Composite Decking - Pikark","og_description":"Produkt me p\u00ebrb\u00ebrje druri, me cil\u00ebsi t\u00eb lart\u00eb, n\u00eb form\u00ebn e profileve, material ideal p\u00ebr ambiente t\u00eb brendshme apo t\u00eb jashtme si p\u00ebr","og_url":"https:\/\/pikark.com\/en\/product\/kompozit-druri-per-veshje-verande-woodee\/","og_site_name":"Pikark","article_publisher":"https:\/\/www.facebook.com\/pikark.al","article_modified_time":"2022-06-07T10:06:37+00:00","og_image":[{"width":882,"height":496,"url":"https:\/\/pikark.com\/wp-content\/uploads\/2021\/04\/woodee.jpg","type":"image\/jpeg"}],"twitter_card":"summary_large_image","twitter_misc":{"Est. reading time":"1 minute"},"schema":{"@context":"https:\/\/schema.org","@graph":[{"@type":"WebPage","@id":"https:\/\/pikark.com\/en\/product\/kompozit-druri-per-veshje-verande-woodee\/","url":"https:\/\/pikark.com\/en\/product\/kompozit-druri-per-veshje-verande-woodee\/","name":"[:sq]Kompozit druri p\u00ebr veshje verande WOODEE[:en]WOODEE Wood Composite Decking[:] - Pikark","isPartOf":{"@id":"https:\/\/pikark.com\/#website"},"datePublished":"2022-06-06T14:08:15+00:00","dateModified":"2022-06-07T10:06:37+00:00","description":"Produkt me p\u00ebrb\u00ebrje druri, me cil\u00ebsi t\u00eb lart\u00eb, n\u00eb form\u00ebn e profileve, material ideal p\u00ebr ambiente t\u00eb brendshme apo t\u00eb jashtme si p\u00ebr","breadcrumb":{"@id":"https:\/\/pikark.com\/en\/product\/kompozit-druri-per-veshje-verande-woodee\/#breadcrumb"},"inLanguage":"en-US","potentialAction":[{"@type":"ReadAction","target":["https:\/\/pikark.com\/en\/product\/kompozit-druri-per-veshje-verande-woodee\/"]}]},{"@type":"BreadcrumbList","@id":"https:\/\/pikark.com\/en\/product\/kompozit-druri-per-veshje-verande-woodee\/#breadcrumb","itemListElement":[{"@type":"ListItem","position":1,"name":"Home","item":"https:\/\/pikark.com\/"},{"@type":"ListItem","position":2,"name":"Shop","item":"https:\/\/pikark.com\/en\/shop\/"},{"@type":"ListItem","position":3,"name":"WOODEE Wood Composite Decking"}]},{"@type":"WebSite","@id":"https:\/\/pikark.com\/#website","url":"https:\/\/pikark.com\/","name":"Pikark","description":"Explore inspiring projects and find the right architects, brand &amp; manufacturers!","publisher":{"@id":"https:\/\/pikark.com\/#organization"},"potentialAction":[{"@type":"SearchAction","target":{"@type":"EntryPoint","urlTemplate":"https:\/\/pikark.com\/?s={search_term_string}"},"query-input":"required name=search_term_string"}],"inLanguage":"en-US"},{"@type":"Organization","@id":"https:\/\/pikark.com\/#organization","name":"Pikark","url":"https:\/\/pikark.com\/","logo":{"@type":"ImageObject","inLanguage":"en-US","@id":"https:\/\/pikark.com\/#\/schema\/logo\/image\/","url":"https:\/\/pikark.com\/wp-content\/uploads\/2020\/12\/LOGO_PIKARK-01-1.png","contentUrl":"https:\/\/pikark.com\/wp-content\/uploads\/2020\/12\/LOGO_PIKARK-01-1.png","width":2362,"height":2362,"caption":"Pikark"},"image":{"@id":"https:\/\/pikark.com\/#\/schema\/logo\/image\/"},"sameAs":["https:\/\/www.facebook.com\/pikark.al","https:\/\/www.instagram.com\/pik.ark\/"]}]}},"_links":{"self":[{"href":"https:\/\/pikark.com\/en\/wp-json\/wp\/v2\/product\/23421"}],"collection":[{"href":"https:\/\/pikark.com\/en\/wp-json\/wp\/v2\/product"}],"about":[{"href":"https:\/\/pikark.com\/en\/wp-json\/wp\/v2\/types\/product"}],"replies":[{"embeddable":true,"href":"https:\/\/pikark.com\/en\/wp-json\/wp\/v2\/comments?post=23421"}],"wp:featuredmedia":[{"embeddable":true,"href":"https:\/\/pikark.com\/en\/wp-json\/wp\/v2\/media\/23413"}],"wp:attachment":[{"href":"https:\/\/pikark.com\/en\/wp-json\/wp\/v2\/media?parent=23421"}],"wp:term":[{"taxonomy":"product_cat","embeddable":true,"href":"https:\/\/pikark.com\/en\/wp-json\/wp\/v2\/product_cat?post=23421"},{"taxonomy":"product_tag","embeddable":true,"href":"https:\/\/pikark.com\/en\/wp-json\/wp\/v2\/product_tag?post=23421"}],"curies":[{"name":"wp","href":"https:\/\/api.w.org\/{rel}","templated":true}]}}