{"id":23404,"date":"2021-04-21T13:58:07","date_gmt":"2021-04-21T13:58:07","guid":{"rendered":"https:\/\/pikark.com\/?post_type=product&#038;p=23404"},"modified":"2025-11-08T17:15:45","modified_gmt":"2025-11-08T17:15:45","slug":"smartia-p200","status":"publish","type":"product","link":"https:\/\/pikark.com\/en\/product\/smartia-p200\/","title":{"rendered":"Sistem ndar\u00ebs p\u00ebr zyra SMARTIA P200"},"content":{"rendered":"","protected":false},"excerpt":{"rendered":"<p>Nj\u00eb <a href=\"https:\/\/www.alumil.com\/albania\/homeowners\">sistem<\/a> ndar\u00ebs mjaft i dalluesh\u00ebm me linja jasht\u00ebzakonisht elegante dhe estetik\u00eb t\u00eb lart\u00eb. Opsione kanati struktural ose gjys\u00ebm struktural, \u00ebsht\u00eb nj\u00eb <a href=\"https:\/\/pikark.com\/en\/members\/alumil\/store\/\">sistem<\/a> unik i projektuar posa\u00e7\u00ebrisht p\u00ebr t\u00eb ofruar nj\u00eb s\u00ebr\u00eb avantazhesh jasht\u00eb konkurrenc\u00ebs.<\/p>\n<p>&nbsp;<\/p>\n<p>Avantazhet:<\/p>\n<p>Eleganc\u00eb unike, sidomos me versionet strukturale t\u00eb kanatit<\/p>\n<p>Rezultat strukturoral absolut, sidomos me panelin struktural dopjo t\u00eb dyerve Instalim i shpejt\u00eb pasi q\u00eb panelet jan\u00eb t\u00eb varura leht\u00ebsisht me lidh\u00ebsin e fiksuar izolimi i zhurmave, t\u00eb pakt\u00ebn 38 dB<\/p>\n<p>Shum\u00ebllojshm\u00ebri t\u00eb gjer\u00eb t\u00eb tipologjive, duke p\u00ebrfshir\u00eb struktur\u00ebn e kryq\u00ebzuar<\/p>\n<p>Karakteristika dhe zgjidhje shtes\u00eb, t\u00eb tilla si flet\u00eb hij\u00ebzuese me rrotullim elektronik ose me rrotullim manual.<\/p>\n","protected":false},"featured_media":23405,"comment_status":"open","ping_status":"closed","template":"","meta":[],"product_cat":[715,797,718],"product_tag":[805,788],"yoast_head":"<!-- This site is optimized with the Yoast SEO plugin v21.7 - https:\/\/yoast.com\/wordpress\/plugins\/seo\/ -->\n<title>Sistem ndar\u00ebs p\u00ebr zyra SMARTIA P200 - Pikark<\/title>\n<meta name=\"description\" content=\"Nj\u00eb sistem ndar\u00ebs mjaft i dalluesh\u00ebm me linja jasht\u00ebzakonisht elegante dhe estetik\u00eb t\u00eb lart\u00eb. Opsione kanati struktural ose gjy\" \/>\n<meta name=\"robots\" content=\"index, follow, max-snippet:-1, max-image-preview:large, max-video-preview:-1\" \/>\n<link rel=\"canonical\" href=\"https:\/\/pikark.com\/product\/smartia-p200\/\" \/>\n<meta property=\"og:locale\" content=\"en_US\" \/>\n<meta property=\"og:type\" content=\"article\" \/>\n<meta property=\"og:title\" content=\"Sistem ndar\u00ebs p\u00ebr zyra SMARTIA P200 - Pikark\" \/>\n<meta property=\"og:description\" content=\"Nj\u00eb sistem ndar\u00ebs mjaft i dalluesh\u00ebm me linja jasht\u00ebzakonisht elegante dhe estetik\u00eb t\u00eb lart\u00eb. Opsione kanati struktural ose gjy\" \/>\n<meta property=\"og:url\" content=\"https:\/\/pikark.com\/product\/smartia-p200\/\" \/>\n<meta property=\"og:site_name\" content=\"Pikark\" \/>\n<meta property=\"article:publisher\" content=\"https:\/\/www.facebook.com\/pikark.al\" \/>\n<meta property=\"article:modified_time\" content=\"2025-11-08T17:15:45+00:00\" \/>\n<meta property=\"og:image\" content=\"https:\/\/pikark.com\/wp-content\/uploads\/2021\/04\/ndares-zyre-5.jpg\" \/>\n\t<meta property=\"og:image:width\" content=\"620\" \/>\n\t<meta property=\"og:image:height\" content=\"380\" \/>\n\t<meta property=\"og:image:type\" content=\"image\/jpeg\" \/>\n<meta name=\"twitter:card\" content=\"summary_large_image\" \/>\n<script type=\"application\/ld+json\" class=\"yoast-schema-graph\">{\"@context\":\"https:\/\/schema.org\",\"@graph\":[{\"@type\":\"WebPage\",\"@id\":\"https:\/\/pikark.com\/product\/smartia-p200\/\",\"url\":\"https:\/\/pikark.com\/product\/smartia-p200\/\",\"name\":\"Sistem ndar\u00ebs p\u00ebr zyra SMARTIA P200 - Pikark\",\"isPartOf\":{\"@id\":\"https:\/\/pikark.com\/#website\"},\"datePublished\":\"2021-04-21T13:58:07+00:00\",\"dateModified\":\"2025-11-08T17:15:45+00:00\",\"description\":\"Nj\u00eb sistem ndar\u00ebs mjaft i dalluesh\u00ebm me linja jasht\u00ebzakonisht elegante dhe estetik\u00eb t\u00eb lart\u00eb. Opsione kanati struktural ose gjy\",\"breadcrumb\":{\"@id\":\"https:\/\/pikark.com\/product\/smartia-p200\/#breadcrumb\"},\"inLanguage\":\"en-US\",\"potentialAction\":[{\"@type\":\"ReadAction\",\"target\":[\"https:\/\/pikark.com\/product\/smartia-p200\/\"]}]},{\"@type\":\"BreadcrumbList\",\"@id\":\"https:\/\/pikark.com\/product\/smartia-p200\/#breadcrumb\",\"itemListElement\":[{\"@type\":\"ListItem\",\"position\":1,\"name\":\"Home\",\"item\":\"https:\/\/pikark.com\/\"},{\"@type\":\"ListItem\",\"position\":2,\"name\":\"Shop\",\"item\":\"https:\/\/pikark.com\/en\/shop\/\"},{\"@type\":\"ListItem\",\"position\":3,\"name\":\"Sistem ndar\u00ebs p\u00ebr zyra SMARTIA P200\"}]},{\"@type\":\"WebSite\",\"@id\":\"https:\/\/pikark.com\/#website\",\"url\":\"https:\/\/pikark.com\/\",\"name\":\"Pikark\",\"description\":\"Explore inspiring projects and find the right architects, brand &amp; manufacturers!\",\"publisher\":{\"@id\":\"https:\/\/pikark.com\/#organization\"},\"potentialAction\":[{\"@type\":\"SearchAction\",\"target\":{\"@type\":\"EntryPoint\",\"urlTemplate\":\"https:\/\/pikark.com\/?s={search_term_string}\"},\"query-input\":\"required name=search_term_string\"}],\"inLanguage\":\"en-US\"},{\"@type\":\"Organization\",\"@id\":\"https:\/\/pikark.com\/#organization\",\"name\":\"Pikark\",\"url\":\"https:\/\/pikark.com\/\",\"logo\":{\"@type\":\"ImageObject\",\"inLanguage\":\"en-US\",\"@id\":\"https:\/\/pikark.com\/#\/schema\/logo\/image\/\",\"url\":\"https:\/\/pikark.com\/wp-content\/uploads\/2020\/12\/LOGO_PIKARK-01-1.png\",\"contentUrl\":\"https:\/\/pikark.com\/wp-content\/uploads\/2020\/12\/LOGO_PIKARK-01-1.png\",\"width\":2362,\"height\":2362,\"caption\":\"Pikark\"},\"image\":{\"@id\":\"https:\/\/pikark.com\/#\/schema\/logo\/image\/\"},\"sameAs\":[\"https:\/\/www.facebook.com\/pikark.al\",\"https:\/\/www.instagram.com\/pik.ark\/\"]}]}<\/script>\n<!-- \/ Yoast SEO plugin. -->","yoast_head_json":{"title":"Sistem ndar\u00ebs p\u00ebr zyra SMARTIA P200 - Pikark","description":"Nj\u00eb sistem ndar\u00ebs mjaft i dalluesh\u00ebm me linja jasht\u00ebzakonisht elegante dhe estetik\u00eb t\u00eb lart\u00eb. Opsione kanati struktural ose gjy","robots":{"index":"index","follow":"follow","max-snippet":"max-snippet:-1","max-image-preview":"max-image-preview:large","max-video-preview":"max-video-preview:-1"},"canonical":"https:\/\/pikark.com\/product\/smartia-p200\/","og_locale":"en_US","og_type":"article","og_title":"Sistem ndar\u00ebs p\u00ebr zyra SMARTIA P200 - Pikark","og_description":"Nj\u00eb sistem ndar\u00ebs mjaft i dalluesh\u00ebm me linja jasht\u00ebzakonisht elegante dhe estetik\u00eb t\u00eb lart\u00eb. Opsione kanati struktural ose gjy","og_url":"https:\/\/pikark.com\/product\/smartia-p200\/","og_site_name":"Pikark","article_publisher":"https:\/\/www.facebook.com\/pikark.al","article_modified_time":"2025-11-08T17:15:45+00:00","og_image":[{"width":620,"height":380,"url":"https:\/\/pikark.com\/wp-content\/uploads\/2021\/04\/ndares-zyre-5.jpg","type":"image\/jpeg"}],"twitter_card":"summary_large_image","schema":{"@context":"https:\/\/schema.org","@graph":[{"@type":"WebPage","@id":"https:\/\/pikark.com\/product\/smartia-p200\/","url":"https:\/\/pikark.com\/product\/smartia-p200\/","name":"Sistem ndar\u00ebs p\u00ebr zyra SMARTIA P200 - Pikark","isPartOf":{"@id":"https:\/\/pikark.com\/#website"},"datePublished":"2021-04-21T13:58:07+00:00","dateModified":"2025-11-08T17:15:45+00:00","description":"Nj\u00eb sistem ndar\u00ebs mjaft i dalluesh\u00ebm me linja jasht\u00ebzakonisht elegante dhe estetik\u00eb t\u00eb lart\u00eb. Opsione kanati struktural ose gjy","breadcrumb":{"@id":"https:\/\/pikark.com\/product\/smartia-p200\/#breadcrumb"},"inLanguage":"en-US","potentialAction":[{"@type":"ReadAction","target":["https:\/\/pikark.com\/product\/smartia-p200\/"]}]},{"@type":"BreadcrumbList","@id":"https:\/\/pikark.com\/product\/smartia-p200\/#breadcrumb","itemListElement":[{"@type":"ListItem","position":1,"name":"Home","item":"https:\/\/pikark.com\/"},{"@type":"ListItem","position":2,"name":"Shop","item":"https:\/\/pikark.com\/en\/shop\/"},{"@type":"ListItem","position":3,"name":"Sistem ndar\u00ebs p\u00ebr zyra SMARTIA P200"}]},{"@type":"WebSite","@id":"https:\/\/pikark.com\/#website","url":"https:\/\/pikark.com\/","name":"Pikark","description":"Explore inspiring projects and find the right architects, brand &amp; manufacturers!","publisher":{"@id":"https:\/\/pikark.com\/#organization"},"potentialAction":[{"@type":"SearchAction","target":{"@type":"EntryPoint","urlTemplate":"https:\/\/pikark.com\/?s={search_term_string}"},"query-input":"required name=search_term_string"}],"inLanguage":"en-US"},{"@type":"Organization","@id":"https:\/\/pikark.com\/#organization","name":"Pikark","url":"https:\/\/pikark.com\/","logo":{"@type":"ImageObject","inLanguage":"en-US","@id":"https:\/\/pikark.com\/#\/schema\/logo\/image\/","url":"https:\/\/pikark.com\/wp-content\/uploads\/2020\/12\/LOGO_PIKARK-01-1.png","contentUrl":"https:\/\/pikark.com\/wp-content\/uploads\/2020\/12\/LOGO_PIKARK-01-1.png","width":2362,"height":2362,"caption":"Pikark"},"image":{"@id":"https:\/\/pikark.com\/#\/schema\/logo\/image\/"},"sameAs":["https:\/\/www.facebook.com\/pikark.al","https:\/\/www.instagram.com\/pik.ark\/"]}]}},"_links":{"self":[{"href":"https:\/\/pikark.com\/en\/wp-json\/wp\/v2\/product\/23404"}],"collection":[{"href":"https:\/\/pikark.com\/en\/wp-json\/wp\/v2\/product"}],"about":[{"href":"https:\/\/pikark.com\/en\/wp-json\/wp\/v2\/types\/product"}],"replies":[{"embeddable":true,"href":"https:\/\/pikark.com\/en\/wp-json\/wp\/v2\/comments?post=23404"}],"wp:featuredmedia":[{"embeddable":true,"href":"https:\/\/pikark.com\/en\/wp-json\/wp\/v2\/media\/23405"}],"wp:attachment":[{"href":"https:\/\/pikark.com\/en\/wp-json\/wp\/v2\/media?parent=23404"}],"wp:term":[{"taxonomy":"product_cat","embeddable":true,"href":"https:\/\/pikark.com\/en\/wp-json\/wp\/v2\/product_cat?post=23404"},{"taxonomy":"product_tag","embeddable":true,"href":"https:\/\/pikark.com\/en\/wp-json\/wp\/v2\/product_tag?post=23404"}],"curies":[{"name":"wp","href":"https:\/\/api.w.org\/{rel}","templated":true}]}}