{"id":23394,"date":"2021-04-21T13:53:46","date_gmt":"2021-04-21T13:53:46","guid":{"rendered":"https:\/\/pikark.com\/?post_type=product&#038;p=23394"},"modified":"2021-04-28T13:21:25","modified_gmt":"2021-04-28T13:21:25","slug":"v-blocker-ndarese-mbrojtje-kunder-covid-19","status":"publish","type":"product","link":"https:\/\/pikark.com\/en\/product\/v-blocker-ndarese-mbrojtje-kunder-covid-19\/","title":{"rendered":"V-Blocker Ndar\u00ebse Mbrojtje kund\u00ebr COVID-19"},"content":{"rendered":"<p>V-Blocker t\u00eb Alumil ofrojn\u00eb mbrojtjen e nevojshme nga COVID-19 dhe infeksione t\u00eb tjera virale, si pjes\u00eb e legjislacionit t\u00eb synuar p\u00ebr funksionimin e sigurt t\u00eb dyqaneve. Fal\u00eb V-Blocker t\u00eb Alumil, ju mund t\u00eb zvog\u00ebloni distanc\u00ebn midis tavolinave, duke ofruar siguri dhe duke maksimizuar fitimin e biznesit tuaj sipas rrethanave t\u00eb reja. Avantazhet Siguria dhe mbrojtja ndaj Coronavirus-it t\u00eb ri Leht\u00ebsisht i l\u00ebvizsh\u00ebm n\u00eb hap\u00ebsir\u00ebn tuaj Dizajn polimorfik dhe nd\u00ebrtim i fort\u00eb p\u00ebr t\u00eb shmangur aksidentet Cil\u00ebsi dhe q\u00ebndrueshm\u00ebri e shk\u00eblqyeshme e materialeve p\u00ebr p\u00ebrdorim intensiv afatgjat\u00eb P\u00ebrpunim ekonomik plot\u00ebsisht n\u00eb p\u00ebrputhje me legjislacionin aktual t\u00eb sh\u00ebndetit dhe siguris\u00eb Transparenc\u00eb optimale e materialeve ndar\u00ebse t\u00eb cilat ofrojn\u00eb shikueshm\u00ebri me klient\u00ebt dhe drit\u00eb natyrale Dizajn elegant me mund\u00ebsi kombinimesh t\u00eb pakufizuara q\u00eb p\u00ebrmir\u00ebsojn\u00eb estetik\u00ebn e hap\u00ebsir\u00ebs s\u00eb brendshme<\/p>\n","protected":false},"excerpt":{"rendered":"<p>V-Blocker Ndar\u00ebse Mbrojtje kund\u00ebr COVID-19<\/p>\n","protected":false},"featured_media":23393,"comment_status":"open","ping_status":"closed","template":"","meta":[],"product_cat":[797],"product_tag":[805,806],"yoast_head":"<!-- This site is optimized with the Yoast SEO plugin v21.7 - https:\/\/yoast.com\/wordpress\/plugins\/seo\/ -->\n<title>V-Blocker Ndar\u00ebse Mbrojtje kund\u00ebr COVID-19 - Pikark<\/title>\n<meta name=\"robots\" content=\"index, follow, max-snippet:-1, max-image-preview:large, max-video-preview:-1\" \/>\n<link rel=\"canonical\" href=\"https:\/\/pikark.com\/product\/v-blocker-ndarese-mbrojtje-kunder-covid-19\/\" \/>\n<meta property=\"og:locale\" content=\"en_US\" \/>\n<meta property=\"og:type\" content=\"article\" \/>\n<meta property=\"og:title\" content=\"V-Blocker Ndar\u00ebse Mbrojtje kund\u00ebr COVID-19 - Pikark\" \/>\n<meta property=\"og:description\" content=\"V-Blocker Ndar\u00ebse Mbrojtje kund\u00ebr COVID-19\" \/>\n<meta property=\"og:url\" content=\"https:\/\/pikark.com\/product\/v-blocker-ndarese-mbrojtje-kunder-covid-19\/\" \/>\n<meta property=\"og:site_name\" content=\"Pikark\" \/>\n<meta property=\"article:publisher\" content=\"https:\/\/www.facebook.com\/pikark.al\" \/>\n<meta property=\"article:modified_time\" content=\"2021-04-28T13:21:25+00:00\" \/>\n<meta property=\"og:image\" content=\"https:\/\/pikark.com\/wp-content\/uploads\/2021\/04\/covid-cafe-exterior.jpg\" \/>\n\t<meta property=\"og:image:width\" content=\"620\" \/>\n\t<meta property=\"og:image:height\" content=\"380\" \/>\n\t<meta property=\"og:image:type\" content=\"image\/jpeg\" \/>\n<meta name=\"twitter:card\" content=\"summary_large_image\" \/>\n<meta name=\"twitter:label1\" content=\"Est. reading time\" \/>\n\t<meta name=\"twitter:data1\" content=\"1 minute\" \/>\n<script type=\"application\/ld+json\" class=\"yoast-schema-graph\">{\"@context\":\"https:\/\/schema.org\",\"@graph\":[{\"@type\":\"WebPage\",\"@id\":\"https:\/\/pikark.com\/product\/v-blocker-ndarese-mbrojtje-kunder-covid-19\/\",\"url\":\"https:\/\/pikark.com\/product\/v-blocker-ndarese-mbrojtje-kunder-covid-19\/\",\"name\":\"V-Blocker Ndar\u00ebse Mbrojtje kund\u00ebr COVID-19 - Pikark\",\"isPartOf\":{\"@id\":\"https:\/\/pikark.com\/#website\"},\"datePublished\":\"2021-04-21T13:53:46+00:00\",\"dateModified\":\"2021-04-28T13:21:25+00:00\",\"breadcrumb\":{\"@id\":\"https:\/\/pikark.com\/product\/v-blocker-ndarese-mbrojtje-kunder-covid-19\/#breadcrumb\"},\"inLanguage\":\"en-US\",\"potentialAction\":[{\"@type\":\"ReadAction\",\"target\":[\"https:\/\/pikark.com\/product\/v-blocker-ndarese-mbrojtje-kunder-covid-19\/\"]}]},{\"@type\":\"BreadcrumbList\",\"@id\":\"https:\/\/pikark.com\/product\/v-blocker-ndarese-mbrojtje-kunder-covid-19\/#breadcrumb\",\"itemListElement\":[{\"@type\":\"ListItem\",\"position\":1,\"name\":\"Home\",\"item\":\"https:\/\/pikark.com\/\"},{\"@type\":\"ListItem\",\"position\":2,\"name\":\"Shop\",\"item\":\"https:\/\/pikark.com\/en\/shop\/\"},{\"@type\":\"ListItem\",\"position\":3,\"name\":\"V-Blocker Ndar\u00ebse Mbrojtje kund\u00ebr COVID-19\"}]},{\"@type\":\"WebSite\",\"@id\":\"https:\/\/pikark.com\/#website\",\"url\":\"https:\/\/pikark.com\/\",\"name\":\"Pikark\",\"description\":\"Explore inspiring projects and find the right architects, brand &amp; manufacturers!\",\"publisher\":{\"@id\":\"https:\/\/pikark.com\/#organization\"},\"potentialAction\":[{\"@type\":\"SearchAction\",\"target\":{\"@type\":\"EntryPoint\",\"urlTemplate\":\"https:\/\/pikark.com\/?s={search_term_string}\"},\"query-input\":\"required name=search_term_string\"}],\"inLanguage\":\"en-US\"},{\"@type\":\"Organization\",\"@id\":\"https:\/\/pikark.com\/#organization\",\"name\":\"Pikark\",\"url\":\"https:\/\/pikark.com\/\",\"logo\":{\"@type\":\"ImageObject\",\"inLanguage\":\"en-US\",\"@id\":\"https:\/\/pikark.com\/#\/schema\/logo\/image\/\",\"url\":\"https:\/\/pikark.com\/wp-content\/uploads\/2020\/12\/LOGO_PIKARK-01-1.png\",\"contentUrl\":\"https:\/\/pikark.com\/wp-content\/uploads\/2020\/12\/LOGO_PIKARK-01-1.png\",\"width\":2362,\"height\":2362,\"caption\":\"Pikark\"},\"image\":{\"@id\":\"https:\/\/pikark.com\/#\/schema\/logo\/image\/\"},\"sameAs\":[\"https:\/\/www.facebook.com\/pikark.al\",\"https:\/\/www.instagram.com\/pik.ark\/\"]}]}<\/script>\n<!-- \/ Yoast SEO plugin. -->","yoast_head_json":{"title":"V-Blocker Ndar\u00ebse Mbrojtje kund\u00ebr COVID-19 - Pikark","robots":{"index":"index","follow":"follow","max-snippet":"max-snippet:-1","max-image-preview":"max-image-preview:large","max-video-preview":"max-video-preview:-1"},"canonical":"https:\/\/pikark.com\/product\/v-blocker-ndarese-mbrojtje-kunder-covid-19\/","og_locale":"en_US","og_type":"article","og_title":"V-Blocker Ndar\u00ebse Mbrojtje kund\u00ebr COVID-19 - Pikark","og_description":"V-Blocker Ndar\u00ebse Mbrojtje kund\u00ebr COVID-19","og_url":"https:\/\/pikark.com\/product\/v-blocker-ndarese-mbrojtje-kunder-covid-19\/","og_site_name":"Pikark","article_publisher":"https:\/\/www.facebook.com\/pikark.al","article_modified_time":"2021-04-28T13:21:25+00:00","og_image":[{"width":620,"height":380,"url":"https:\/\/pikark.com\/wp-content\/uploads\/2021\/04\/covid-cafe-exterior.jpg","type":"image\/jpeg"}],"twitter_card":"summary_large_image","twitter_misc":{"Est. reading time":"1 minute"},"schema":{"@context":"https:\/\/schema.org","@graph":[{"@type":"WebPage","@id":"https:\/\/pikark.com\/product\/v-blocker-ndarese-mbrojtje-kunder-covid-19\/","url":"https:\/\/pikark.com\/product\/v-blocker-ndarese-mbrojtje-kunder-covid-19\/","name":"V-Blocker Ndar\u00ebse Mbrojtje kund\u00ebr COVID-19 - Pikark","isPartOf":{"@id":"https:\/\/pikark.com\/#website"},"datePublished":"2021-04-21T13:53:46+00:00","dateModified":"2021-04-28T13:21:25+00:00","breadcrumb":{"@id":"https:\/\/pikark.com\/product\/v-blocker-ndarese-mbrojtje-kunder-covid-19\/#breadcrumb"},"inLanguage":"en-US","potentialAction":[{"@type":"ReadAction","target":["https:\/\/pikark.com\/product\/v-blocker-ndarese-mbrojtje-kunder-covid-19\/"]}]},{"@type":"BreadcrumbList","@id":"https:\/\/pikark.com\/product\/v-blocker-ndarese-mbrojtje-kunder-covid-19\/#breadcrumb","itemListElement":[{"@type":"ListItem","position":1,"name":"Home","item":"https:\/\/pikark.com\/"},{"@type":"ListItem","position":2,"name":"Shop","item":"https:\/\/pikark.com\/en\/shop\/"},{"@type":"ListItem","position":3,"name":"V-Blocker Ndar\u00ebse Mbrojtje kund\u00ebr COVID-19"}]},{"@type":"WebSite","@id":"https:\/\/pikark.com\/#website","url":"https:\/\/pikark.com\/","name":"Pikark","description":"Explore inspiring projects and find the right architects, brand &amp; manufacturers!","publisher":{"@id":"https:\/\/pikark.com\/#organization"},"potentialAction":[{"@type":"SearchAction","target":{"@type":"EntryPoint","urlTemplate":"https:\/\/pikark.com\/?s={search_term_string}"},"query-input":"required name=search_term_string"}],"inLanguage":"en-US"},{"@type":"Organization","@id":"https:\/\/pikark.com\/#organization","name":"Pikark","url":"https:\/\/pikark.com\/","logo":{"@type":"ImageObject","inLanguage":"en-US","@id":"https:\/\/pikark.com\/#\/schema\/logo\/image\/","url":"https:\/\/pikark.com\/wp-content\/uploads\/2020\/12\/LOGO_PIKARK-01-1.png","contentUrl":"https:\/\/pikark.com\/wp-content\/uploads\/2020\/12\/LOGO_PIKARK-01-1.png","width":2362,"height":2362,"caption":"Pikark"},"image":{"@id":"https:\/\/pikark.com\/#\/schema\/logo\/image\/"},"sameAs":["https:\/\/www.facebook.com\/pikark.al","https:\/\/www.instagram.com\/pik.ark\/"]}]}},"_links":{"self":[{"href":"https:\/\/pikark.com\/en\/wp-json\/wp\/v2\/product\/23394"}],"collection":[{"href":"https:\/\/pikark.com\/en\/wp-json\/wp\/v2\/product"}],"about":[{"href":"https:\/\/pikark.com\/en\/wp-json\/wp\/v2\/types\/product"}],"replies":[{"embeddable":true,"href":"https:\/\/pikark.com\/en\/wp-json\/wp\/v2\/comments?post=23394"}],"wp:featuredmedia":[{"embeddable":true,"href":"https:\/\/pikark.com\/en\/wp-json\/wp\/v2\/media\/23393"}],"wp:attachment":[{"href":"https:\/\/pikark.com\/en\/wp-json\/wp\/v2\/media?parent=23394"}],"wp:term":[{"taxonomy":"product_cat","embeddable":true,"href":"https:\/\/pikark.com\/en\/wp-json\/wp\/v2\/product_cat?post=23394"},{"taxonomy":"product_tag","embeddable":true,"href":"https:\/\/pikark.com\/en\/wp-json\/wp\/v2\/product_tag?post=23394"}],"curies":[{"name":"wp","href":"https:\/\/api.w.org\/{rel}","templated":true}]}}