{"id":23170,"date":"2022-08-01T09:55:10","date_gmt":"2022-08-01T09:55:10","guid":{"rendered":"https:\/\/pikark.com\/?post_type=product&#038;p=23170"},"modified":"2024-03-17T13:36:55","modified_gmt":"2024-03-17T13:36:55","slug":"sistem-rrethimi-smartia-fc50","status":"publish","type":"product","link":"https:\/\/pikark.com\/en\/product\/sistem-rrethimi-smartia-fc50\/","title":{"rendered":"Sistem Rrethimi SMARTIA FC50"},"content":{"rendered":"<p>Advantages: <span class=\"Y2IQFc\" lang=\"en\">Elegant and minimal design with flat surfaces, straight lines and hidden fixing points<\/span><\/p>\n<div id=\"tw-target-text-container\" class=\"tw-ta-container F0azHf tw-nfl\" tabindex=\"0\">\n<p id=\"tw-target-text\" class=\"tw-data-text tw-text-large tw-ta\" dir=\"ltr\" data-placeholder=\"Translation\"><span class=\"Y2IQFc\" lang=\"en\">Wide variety of solutions<\/span><\/p>\n<\/div>\n<div id=\"tw-target-text-container\" class=\"tw-ta-container F0azHf tw-nfl\" tabindex=\"0\">\n<p id=\"tw-target-text\" class=\"tw-data-text tw-text-large tw-ta\" dir=\"ltr\" data-placeholder=\"Translation\"><span class=\"Y2IQFc\" lang=\"en\">Simple construction and adjustable easel, which guarantee easy and quick assembly<\/span><\/p>\n<\/div>\n<p><\/p>","protected":false},"excerpt":{"rendered":"<p><span class=\"Y2IQFc\" lang=\"en\">A complete enclosure <a href=\"https:\/\/www.alumil.com\/albania\/homeowners\/products\/railings-and-fences\/smartia-fc50-fencing-system\">system<\/a> with a minimal design with a wide variety of shading sheets and gate options, which offers simple solutions for every need and aesthetic. The main <a href=\"https:\/\/pikark.com\/en\/members\/alumil\/store\/\">feature<\/a> is that the horizontal filling profiles are continuously connected to the columns on one side or on both sides.<\/span><\/p>\n","protected":false},"featured_media":23169,"comment_status":"open","ping_status":"closed","template":"","meta":[],"product_cat":[715],"product_tag":[805,806,807],"yoast_head":"<!-- This site is optimized with the Yoast SEO plugin v21.7 - https:\/\/yoast.com\/wordpress\/plugins\/seo\/ -->\n<title>Sistem Rrethimi SMARTIA FC50 - Pikark<\/title>\n<meta name=\"description\" content=\"Nj\u00eb sistem i plot\u00eb rrethimi me dizajn minimal me nj\u00eb shum\u00ebllojshm\u00ebri t\u00eb gjer\u00eb t\u00eb flet\u00ebve t\u00eb hij\u00ebzimit dhe opsion porte, i cili ofron zgjidhje\" \/>\n<meta name=\"robots\" content=\"index, follow, max-snippet:-1, max-image-preview:large, max-video-preview:-1\" \/>\n<link rel=\"canonical\" href=\"https:\/\/pikark.com\/product\/sistem-rrethimi-smartia-fc50\/\" \/>\n<meta property=\"og:locale\" content=\"en_US\" \/>\n<meta property=\"og:type\" content=\"article\" \/>\n<meta property=\"og:title\" content=\"Sistem Rrethimi SMARTIA FC50 - Pikark\" \/>\n<meta property=\"og:description\" content=\"Nj\u00eb sistem i plot\u00eb rrethimi me dizajn minimal me nj\u00eb shum\u00ebllojshm\u00ebri t\u00eb gjer\u00eb t\u00eb flet\u00ebve t\u00eb hij\u00ebzimit dhe opsion porte, i cili ofron zgjidhje\" \/>\n<meta property=\"og:url\" content=\"https:\/\/pikark.com\/product\/sistem-rrethimi-smartia-fc50\/\" \/>\n<meta property=\"og:site_name\" content=\"Pikark\" \/>\n<meta property=\"article:publisher\" content=\"https:\/\/www.facebook.com\/pikark.al\" \/>\n<meta property=\"article:modified_time\" content=\"2024-03-17T13:36:55+00:00\" \/>\n<meta property=\"og:image\" content=\"https:\/\/pikark.com\/wp-content\/uploads\/2021\/04\/h-a_fc50_ultra-hd.jpg\" \/>\n\t<meta property=\"og:image:width\" content=\"620\" \/>\n\t<meta property=\"og:image:height\" content=\"380\" \/>\n\t<meta property=\"og:image:type\" content=\"image\/jpeg\" \/>\n<meta name=\"twitter:card\" content=\"summary_large_image\" \/>\n<meta name=\"twitter:label1\" content=\"Est. reading time\" \/>\n\t<meta name=\"twitter:data1\" content=\"1 minute\" \/>\n<script type=\"application\/ld+json\" class=\"yoast-schema-graph\">{\"@context\":\"https:\/\/schema.org\",\"@graph\":[{\"@type\":\"WebPage\",\"@id\":\"https:\/\/pikark.com\/product\/sistem-rrethimi-smartia-fc50\/\",\"url\":\"https:\/\/pikark.com\/product\/sistem-rrethimi-smartia-fc50\/\",\"name\":\"Sistem Rrethimi SMARTIA FC50 - Pikark\",\"isPartOf\":{\"@id\":\"https:\/\/pikark.com\/#website\"},\"datePublished\":\"2022-08-01T09:55:10+00:00\",\"dateModified\":\"2024-03-17T13:36:55+00:00\",\"description\":\"Nj\u00eb sistem i plot\u00eb rrethimi me dizajn minimal me nj\u00eb shum\u00ebllojshm\u00ebri t\u00eb gjer\u00eb t\u00eb flet\u00ebve t\u00eb hij\u00ebzimit dhe opsion porte, i cili ofron zgjidhje\",\"breadcrumb\":{\"@id\":\"https:\/\/pikark.com\/product\/sistem-rrethimi-smartia-fc50\/#breadcrumb\"},\"inLanguage\":\"en-US\",\"potentialAction\":[{\"@type\":\"ReadAction\",\"target\":[\"https:\/\/pikark.com\/product\/sistem-rrethimi-smartia-fc50\/\"]}]},{\"@type\":\"BreadcrumbList\",\"@id\":\"https:\/\/pikark.com\/product\/sistem-rrethimi-smartia-fc50\/#breadcrumb\",\"itemListElement\":[{\"@type\":\"ListItem\",\"position\":1,\"name\":\"Home\",\"item\":\"https:\/\/pikark.com\/\"},{\"@type\":\"ListItem\",\"position\":2,\"name\":\"Shop\",\"item\":\"https:\/\/pikark.com\/en\/shop\/\"},{\"@type\":\"ListItem\",\"position\":3,\"name\":\"Sistem Rrethimi SMARTIA FC50\"}]},{\"@type\":\"WebSite\",\"@id\":\"https:\/\/pikark.com\/#website\",\"url\":\"https:\/\/pikark.com\/\",\"name\":\"Pikark\",\"description\":\"Explore inspiring projects and find the right architects, brand &amp; manufacturers!\",\"publisher\":{\"@id\":\"https:\/\/pikark.com\/#organization\"},\"potentialAction\":[{\"@type\":\"SearchAction\",\"target\":{\"@type\":\"EntryPoint\",\"urlTemplate\":\"https:\/\/pikark.com\/?s={search_term_string}\"},\"query-input\":\"required name=search_term_string\"}],\"inLanguage\":\"en-US\"},{\"@type\":\"Organization\",\"@id\":\"https:\/\/pikark.com\/#organization\",\"name\":\"Pikark\",\"url\":\"https:\/\/pikark.com\/\",\"logo\":{\"@type\":\"ImageObject\",\"inLanguage\":\"en-US\",\"@id\":\"https:\/\/pikark.com\/#\/schema\/logo\/image\/\",\"url\":\"https:\/\/pikark.com\/wp-content\/uploads\/2020\/12\/LOGO_PIKARK-01-1.png\",\"contentUrl\":\"https:\/\/pikark.com\/wp-content\/uploads\/2020\/12\/LOGO_PIKARK-01-1.png\",\"width\":2362,\"height\":2362,\"caption\":\"Pikark\"},\"image\":{\"@id\":\"https:\/\/pikark.com\/#\/schema\/logo\/image\/\"},\"sameAs\":[\"https:\/\/www.facebook.com\/pikark.al\",\"https:\/\/www.instagram.com\/pik.ark\/\"]}]}<\/script>\n<!-- \/ Yoast SEO plugin. -->","yoast_head_json":{"title":"Sistem Rrethimi SMARTIA FC50 - Pikark","description":"Nj\u00eb sistem i plot\u00eb rrethimi me dizajn minimal me nj\u00eb shum\u00ebllojshm\u00ebri t\u00eb gjer\u00eb t\u00eb flet\u00ebve t\u00eb hij\u00ebzimit dhe opsion porte, i cili ofron zgjidhje","robots":{"index":"index","follow":"follow","max-snippet":"max-snippet:-1","max-image-preview":"max-image-preview:large","max-video-preview":"max-video-preview:-1"},"canonical":"https:\/\/pikark.com\/product\/sistem-rrethimi-smartia-fc50\/","og_locale":"en_US","og_type":"article","og_title":"Sistem Rrethimi SMARTIA FC50 - Pikark","og_description":"Nj\u00eb sistem i plot\u00eb rrethimi me dizajn minimal me nj\u00eb shum\u00ebllojshm\u00ebri t\u00eb gjer\u00eb t\u00eb flet\u00ebve t\u00eb hij\u00ebzimit dhe opsion porte, i cili ofron zgjidhje","og_url":"https:\/\/pikark.com\/product\/sistem-rrethimi-smartia-fc50\/","og_site_name":"Pikark","article_publisher":"https:\/\/www.facebook.com\/pikark.al","article_modified_time":"2024-03-17T13:36:55+00:00","og_image":[{"width":620,"height":380,"url":"https:\/\/pikark.com\/wp-content\/uploads\/2021\/04\/h-a_fc50_ultra-hd.jpg","type":"image\/jpeg"}],"twitter_card":"summary_large_image","twitter_misc":{"Est. reading time":"1 minute"},"schema":{"@context":"https:\/\/schema.org","@graph":[{"@type":"WebPage","@id":"https:\/\/pikark.com\/product\/sistem-rrethimi-smartia-fc50\/","url":"https:\/\/pikark.com\/product\/sistem-rrethimi-smartia-fc50\/","name":"Sistem Rrethimi SMARTIA FC50 - Pikark","isPartOf":{"@id":"https:\/\/pikark.com\/#website"},"datePublished":"2022-08-01T09:55:10+00:00","dateModified":"2024-03-17T13:36:55+00:00","description":"Nj\u00eb sistem i plot\u00eb rrethimi me dizajn minimal me nj\u00eb shum\u00ebllojshm\u00ebri t\u00eb gjer\u00eb t\u00eb flet\u00ebve t\u00eb hij\u00ebzimit dhe opsion porte, i cili ofron zgjidhje","breadcrumb":{"@id":"https:\/\/pikark.com\/product\/sistem-rrethimi-smartia-fc50\/#breadcrumb"},"inLanguage":"en-US","potentialAction":[{"@type":"ReadAction","target":["https:\/\/pikark.com\/product\/sistem-rrethimi-smartia-fc50\/"]}]},{"@type":"BreadcrumbList","@id":"https:\/\/pikark.com\/product\/sistem-rrethimi-smartia-fc50\/#breadcrumb","itemListElement":[{"@type":"ListItem","position":1,"name":"Home","item":"https:\/\/pikark.com\/"},{"@type":"ListItem","position":2,"name":"Shop","item":"https:\/\/pikark.com\/en\/shop\/"},{"@type":"ListItem","position":3,"name":"Sistem Rrethimi SMARTIA FC50"}]},{"@type":"WebSite","@id":"https:\/\/pikark.com\/#website","url":"https:\/\/pikark.com\/","name":"Pikark","description":"Explore inspiring projects and find the right architects, brand &amp; manufacturers!","publisher":{"@id":"https:\/\/pikark.com\/#organization"},"potentialAction":[{"@type":"SearchAction","target":{"@type":"EntryPoint","urlTemplate":"https:\/\/pikark.com\/?s={search_term_string}"},"query-input":"required name=search_term_string"}],"inLanguage":"en-US"},{"@type":"Organization","@id":"https:\/\/pikark.com\/#organization","name":"Pikark","url":"https:\/\/pikark.com\/","logo":{"@type":"ImageObject","inLanguage":"en-US","@id":"https:\/\/pikark.com\/#\/schema\/logo\/image\/","url":"https:\/\/pikark.com\/wp-content\/uploads\/2020\/12\/LOGO_PIKARK-01-1.png","contentUrl":"https:\/\/pikark.com\/wp-content\/uploads\/2020\/12\/LOGO_PIKARK-01-1.png","width":2362,"height":2362,"caption":"Pikark"},"image":{"@id":"https:\/\/pikark.com\/#\/schema\/logo\/image\/"},"sameAs":["https:\/\/www.facebook.com\/pikark.al","https:\/\/www.instagram.com\/pik.ark\/"]}]}},"_links":{"self":[{"href":"https:\/\/pikark.com\/en\/wp-json\/wp\/v2\/product\/23170"}],"collection":[{"href":"https:\/\/pikark.com\/en\/wp-json\/wp\/v2\/product"}],"about":[{"href":"https:\/\/pikark.com\/en\/wp-json\/wp\/v2\/types\/product"}],"replies":[{"embeddable":true,"href":"https:\/\/pikark.com\/en\/wp-json\/wp\/v2\/comments?post=23170"}],"wp:featuredmedia":[{"embeddable":true,"href":"https:\/\/pikark.com\/en\/wp-json\/wp\/v2\/media\/23169"}],"wp:attachment":[{"href":"https:\/\/pikark.com\/en\/wp-json\/wp\/v2\/media?parent=23170"}],"wp:term":[{"taxonomy":"product_cat","embeddable":true,"href":"https:\/\/pikark.com\/en\/wp-json\/wp\/v2\/product_cat?post=23170"},{"taxonomy":"product_tag","embeddable":true,"href":"https:\/\/pikark.com\/en\/wp-json\/wp\/v2\/product_tag?post=23170"}],"curies":[{"name":"wp","href":"https:\/\/api.w.org\/{rel}","templated":true}]}}